{"id":2791,"date":"2019-01-24T22:40:42","date_gmt":"2019-01-24T20:40:42","guid":{"rendered":"https:\/\/beautyinstitute.ee\/?post_type=product&#038;p=2791"},"modified":"2026-04-23T13:17:35","modified_gmt":"2026-04-23T10:17:35","slug":"eye-make-up-remover","status":"publish","type":"product","link":"https:\/\/beautyinstitute.ee\/ru\/toode\/eye-make-up-remover\/","title":{"rendered":"Eye Make Up Remover, 100 Ml"},"content":{"rendered":"<p><strong>\u00d5rn geeljas silmameigi eemaldaja.<\/strong><\/p>\n<p>Eriti kerge, p\u00f5hineb pindaktiivsetel looduslikel ainetel. Emaldab silma meigi p\u00f5hjalikult ja \u00f5rnalt. \u00d5li, seebi ja alkoholi vaba. Silmas\u00f5bralik pH, dermatoloogiliselt testitud, tolerantne geel. Sobib h\u00e4sti ka tundlikele silmadele ja kontaktl\u00e4\u00e4tsede kandjatele. Peale puhastust sobilik kasutada Long Lash Power seerumit, tugev aktiivainetega seerum ripsmetele. Ideaalne kombinatsioon.<\/p>\n<p><strong>Eelised:<\/strong><\/p>\n<ul>\n<li>ei sisalda \u00f5li, seepi ega alkoholi<\/li>\n<li>saab kasutada ka koos ripsmepikendustega<\/li>\n<\/ul>\n<p><strong>Sobilik:<\/strong> k\u00f5ik nahat\u00fc\u00fcbid, tundlikud silmad ja kontaktl\u00e4\u00e4tsede kandjad.<\/p>\n<p><strong>Toimeained:<\/strong> pol\u00fcsahhariidid, gl\u00fctserool.<\/p>\n","protected":false},"excerpt":{"rendered":"<p>\u00d5rn geeljas silmameigi eemaldaja. Eriti kerge, p\u00f5hineb pindaktiivsetel looduslikel ainetel. Emaldab silma meigi p\u00f5hjalikult ja \u00f5rnalt. \u00d5li, seebi ja alkoholi vaba. Silmas\u00f5bralik pH, dermatoloogiliselt testitud, tolerantne geel. Sobib h\u00e4sti ka tundlikele silmadele ja kontaktl\u00e4\u00e4tsede kandjatele. Peale puhastust sobilik kasutada Long Lash Power seerumit, tugev aktiivainetega seerum ripsmetele. Ideaalne kombinatsioon. Eelised: ei sisalda \u00f5li, seepi ega [&hellip;]<\/p>\n","protected":false},"featured_media":11575,"template":"","meta":{"_acf_changed":false},"product_cat":[245,114,118],"product_tag":[],"class_list":["post-2791","product","type-product","status-publish","has-post-thumbnail","hentry","product_cat-puhastustooted","product_cat-tootesarjad","product_cat-aesthetic-world"],"acf":[],"yoast_head":"<!-- This site is optimized with the Yoast SEO plugin v25.4 - https:\/\/yoast.com\/wordpress\/plugins\/seo\/ -->\n<title>Eye Make Up Remover, 100 Ml - Beauty Institute<\/title>\n<meta name=\"robots\" content=\"index, follow, max-snippet:-1, max-image-preview:large, max-video-preview:-1\" \/>\n<link rel=\"canonical\" href=\"https:\/\/beautyinstitute.ee\/toode\/eye-make-up-remover\/\" \/>\n<meta property=\"og:locale\" content=\"ru_RU\" \/>\n<meta property=\"og:type\" content=\"article\" \/>\n<meta property=\"og:title\" content=\"Eye Make Up Remover, 100 Ml - Beauty Institute\" \/>\n<meta property=\"og:description\" content=\"\u00d5rn geeljas silmameigi eemaldaja. Eriti kerge, p\u00f5hineb pindaktiivsetel looduslikel ainetel. Emaldab silma meigi p\u00f5hjalikult ja \u00f5rnalt. \u00d5li, seebi ja alkoholi vaba. Silmas\u00f5bralik pH, dermatoloogiliselt testitud, tolerantne geel. Sobib h\u00e4sti ka tundlikele silmadele ja kontaktl\u00e4\u00e4tsede kandjatele. Peale puhastust sobilik kasutada Long Lash Power seerumit, tugev aktiivainetega seerum ripsmetele. Ideaalne kombinatsioon. Eelised: ei sisalda \u00f5li, seepi ega [&hellip;]\" \/>\n<meta property=\"og:url\" content=\"https:\/\/beautyinstitute.ee\/toode\/eye-make-up-remover\/\" \/>\n<meta property=\"og:site_name\" content=\"Beauty Institute\" \/>\n<meta property=\"article:modified_time\" content=\"2026-04-23T10:17:35+00:00\" \/>\n<meta property=\"og:image\" content=\"https:\/\/beautyinstitute.ee\/wp-content\/uploads\/2019\/01\/eye-make-up-remover.jpg\" \/>\n\t<meta property=\"og:image:width\" content=\"750\" \/>\n\t<meta property=\"og:image:height\" content=\"711\" \/>\n\t<meta property=\"og:image:type\" content=\"image\/jpeg\" \/>\n<meta name=\"twitter:card\" content=\"summary_large_image\" \/>\n<meta name=\"twitter:site\" content=\"@Beauty_Eesti\" \/>\n<script type=\"application\/ld+json\" class=\"yoast-schema-graph\">{\"@context\":\"https:\/\/schema.org\",\"@graph\":[{\"@type\":\"WebPage\",\"@id\":\"https:\/\/beautyinstitute.ee\/toode\/eye-make-up-remover\/\",\"url\":\"https:\/\/beautyinstitute.ee\/toode\/eye-make-up-remover\/\",\"name\":\"Eye Make Up Remover, 100 Ml - Beauty Institute\",\"isPartOf\":{\"@id\":\"https:\/\/beautyinstitute.ee\/#website\"},\"primaryImageOfPage\":{\"@id\":\"https:\/\/beautyinstitute.ee\/toode\/eye-make-up-remover\/#primaryimage\"},\"image\":{\"@id\":\"https:\/\/beautyinstitute.ee\/toode\/eye-make-up-remover\/#primaryimage\"},\"thumbnailUrl\":\"https:\/\/beautyinstitute.ee\/wp-content\/uploads\/2019\/01\/eye-make-up-remover.jpg\",\"datePublished\":\"2019-01-24T20:40:42+00:00\",\"dateModified\":\"2026-04-23T10:17:35+00:00\",\"breadcrumb\":{\"@id\":\"https:\/\/beautyinstitute.ee\/toode\/eye-make-up-remover\/#breadcrumb\"},\"inLanguage\":\"ru-RU\",\"potentialAction\":[{\"@type\":\"ReadAction\",\"target\":[\"https:\/\/beautyinstitute.ee\/toode\/eye-make-up-remover\/\"]}]},{\"@type\":\"ImageObject\",\"inLanguage\":\"ru-RU\",\"@id\":\"https:\/\/beautyinstitute.ee\/toode\/eye-make-up-remover\/#primaryimage\",\"url\":\"https:\/\/beautyinstitute.ee\/wp-content\/uploads\/2019\/01\/eye-make-up-remover.jpg\",\"contentUrl\":\"https:\/\/beautyinstitute.ee\/wp-content\/uploads\/2019\/01\/eye-make-up-remover.jpg\",\"width\":750,\"height\":711},{\"@type\":\"BreadcrumbList\",\"@id\":\"https:\/\/beautyinstitute.ee\/toode\/eye-make-up-remover\/#breadcrumb\",\"itemListElement\":[{\"@type\":\"ListItem\",\"position\":1,\"name\":\"Home\",\"item\":\"https:\/\/beautyinstitute.ee\/ru\/\"},{\"@type\":\"ListItem\",\"position\":2,\"name\":\"E-pood\",\"item\":\"https:\/\/beautyinstitute.ee\/e-pood\/\"},{\"@type\":\"ListItem\",\"position\":3,\"name\":\"Eye Make Up Remover, 100 Ml\"}]},{\"@type\":\"WebSite\",\"@id\":\"https:\/\/beautyinstitute.ee\/#website\",\"url\":\"https:\/\/beautyinstitute.ee\/\",\"name\":\"Beauty Institute\",\"description\":\"CNC Cosmetic ametlik maaletooja ja edasim\u00fc\u00fcja Eestis, Soomes, L\u00e4tis. Aparaadikosmeetika, koolitused, kosmeetikatooted.\",\"potentialAction\":[{\"@type\":\"SearchAction\",\"target\":{\"@type\":\"EntryPoint\",\"urlTemplate\":\"https:\/\/beautyinstitute.ee\/?s={search_term_string}\"},\"query-input\":{\"@type\":\"PropertyValueSpecification\",\"valueRequired\":true,\"valueName\":\"search_term_string\"}}],\"inLanguage\":\"ru-RU\"}]}<\/script>\n<!-- \/ Yoast SEO plugin. -->","yoast_head_json":{"title":"Eye Make Up Remover, 100 Ml - Beauty Institute","robots":{"index":"index","follow":"follow","max-snippet":"max-snippet:-1","max-image-preview":"max-image-preview:large","max-video-preview":"max-video-preview:-1"},"canonical":"https:\/\/beautyinstitute.ee\/toode\/eye-make-up-remover\/","og_locale":"ru_RU","og_type":"article","og_title":"Eye Make Up Remover, 100 Ml - Beauty Institute","og_description":"\u00d5rn geeljas silmameigi eemaldaja. Eriti kerge, p\u00f5hineb pindaktiivsetel looduslikel ainetel. Emaldab silma meigi p\u00f5hjalikult ja \u00f5rnalt. \u00d5li, seebi ja alkoholi vaba. Silmas\u00f5bralik pH, dermatoloogiliselt testitud, tolerantne geel. Sobib h\u00e4sti ka tundlikele silmadele ja kontaktl\u00e4\u00e4tsede kandjatele. Peale puhastust sobilik kasutada Long Lash Power seerumit, tugev aktiivainetega seerum ripsmetele. Ideaalne kombinatsioon. Eelised: ei sisalda \u00f5li, seepi ega [&hellip;]","og_url":"https:\/\/beautyinstitute.ee\/toode\/eye-make-up-remover\/","og_site_name":"Beauty Institute","article_modified_time":"2026-04-23T10:17:35+00:00","og_image":[{"width":750,"height":711,"url":"https:\/\/beautyinstitute.ee\/wp-content\/uploads\/2019\/01\/eye-make-up-remover.jpg","type":"image\/jpeg"}],"twitter_card":"summary_large_image","twitter_site":"@Beauty_Eesti","schema":{"@context":"https:\/\/schema.org","@graph":[{"@type":"WebPage","@id":"https:\/\/beautyinstitute.ee\/toode\/eye-make-up-remover\/","url":"https:\/\/beautyinstitute.ee\/toode\/eye-make-up-remover\/","name":"Eye Make Up Remover, 100 Ml - Beauty Institute","isPartOf":{"@id":"https:\/\/beautyinstitute.ee\/#website"},"primaryImageOfPage":{"@id":"https:\/\/beautyinstitute.ee\/toode\/eye-make-up-remover\/#primaryimage"},"image":{"@id":"https:\/\/beautyinstitute.ee\/toode\/eye-make-up-remover\/#primaryimage"},"thumbnailUrl":"https:\/\/beautyinstitute.ee\/wp-content\/uploads\/2019\/01\/eye-make-up-remover.jpg","datePublished":"2019-01-24T20:40:42+00:00","dateModified":"2026-04-23T10:17:35+00:00","breadcrumb":{"@id":"https:\/\/beautyinstitute.ee\/toode\/eye-make-up-remover\/#breadcrumb"},"inLanguage":"ru-RU","potentialAction":[{"@type":"ReadAction","target":["https:\/\/beautyinstitute.ee\/toode\/eye-make-up-remover\/"]}]},{"@type":"ImageObject","inLanguage":"ru-RU","@id":"https:\/\/beautyinstitute.ee\/toode\/eye-make-up-remover\/#primaryimage","url":"https:\/\/beautyinstitute.ee\/wp-content\/uploads\/2019\/01\/eye-make-up-remover.jpg","contentUrl":"https:\/\/beautyinstitute.ee\/wp-content\/uploads\/2019\/01\/eye-make-up-remover.jpg","width":750,"height":711},{"@type":"BreadcrumbList","@id":"https:\/\/beautyinstitute.ee\/toode\/eye-make-up-remover\/#breadcrumb","itemListElement":[{"@type":"ListItem","position":1,"name":"Home","item":"https:\/\/beautyinstitute.ee\/ru\/"},{"@type":"ListItem","position":2,"name":"E-pood","item":"https:\/\/beautyinstitute.ee\/e-pood\/"},{"@type":"ListItem","position":3,"name":"Eye Make Up Remover, 100 Ml"}]},{"@type":"WebSite","@id":"https:\/\/beautyinstitute.ee\/#website","url":"https:\/\/beautyinstitute.ee\/","name":"Beauty Institute","description":"CNC Cosmetic ametlik maaletooja ja edasim\u00fc\u00fcja Eestis, Soomes, L\u00e4tis. Aparaadikosmeetika, koolitused, kosmeetikatooted.","potentialAction":[{"@type":"SearchAction","target":{"@type":"EntryPoint","urlTemplate":"https:\/\/beautyinstitute.ee\/?s={search_term_string}"},"query-input":{"@type":"PropertyValueSpecification","valueRequired":true,"valueName":"search_term_string"}}],"inLanguage":"ru-RU"}]}},"_links":{"self":[{"href":"https:\/\/beautyinstitute.ee\/ru\/wp-json\/wp\/v2\/product\/2791","targetHints":{"allow":["GET"]}}],"collection":[{"href":"https:\/\/beautyinstitute.ee\/ru\/wp-json\/wp\/v2\/product"}],"about":[{"href":"https:\/\/beautyinstitute.ee\/ru\/wp-json\/wp\/v2\/types\/product"}],"wp:featuredmedia":[{"embeddable":true,"href":"https:\/\/beautyinstitute.ee\/ru\/wp-json\/wp\/v2\/media\/11575"}],"wp:attachment":[{"href":"https:\/\/beautyinstitute.ee\/ru\/wp-json\/wp\/v2\/media?parent=2791"}],"wp:term":[{"taxonomy":"product_cat","embeddable":true,"href":"https:\/\/beautyinstitute.ee\/ru\/wp-json\/wp\/v2\/product_cat?post=2791"},{"taxonomy":"product_tag","embeddable":true,"href":"https:\/\/beautyinstitute.ee\/ru\/wp-json\/wp\/v2\/product_tag?post=2791"}],"curies":[{"name":"wp","href":"https:\/\/api.w.org\/{rel}","templated":true}]}}