{"id":2794,"date":"2019-01-24T20:47:41","date_gmt":"2019-01-24T20:47:41","guid":{"rendered":"https:\/\/beautyinstitute.ee\/?post_type=product&#038;p=2794"},"modified":"2026-04-22T14:56:25","modified_gmt":"2026-04-22T11:56:25","slug":"trihyal-age-resist-leave-on-mask","status":"publish","type":"product","link":"https:\/\/beautyinstitute.ee\/ru\/toode\/trihyal-age-resist-leave-on-mask\/","title":{"rendered":"Trihyal Age Resist Leave On Mask"},"content":{"rendered":"<p><strong>Mask, mis m\u00f5jub meie nahale kui ILU UNI.<\/strong><\/p>\n<p>Sisaldab unikaalset h\u00fcaluroonhappe kombinatsiooni- l\u00fchikese ahelaga, pika ahelaga ja ristahelaga h\u00fcaluroonhapet. Silmn\u00e4htav t\u00f5stev efekt , annab nahale vajaliku niiskuse. Larch agaric(lehis k\u00e4sn) ahendab silmn\u00e4htavalt poore. Mask muudab naha siledaks, sametiseks, t\u00e4idab kortse ja annab nahale v\u00e4rske jume. Spetsiaalne koostis laseb maskil t\u00e4ielikult imenduda. Ideaalne n\u00f5udlikule, k\u00fcpsele ja kahjustatud nahale. Trihyal sari on noorusliku ja s\u00e4rava naha v\u00f5ti. \u00dclimalt edukas ravi, mis kustutab aja m\u00e4rgid. Kolme m\u00f5\u00f5tmeline sari \u00fchendab endas seitset erinevat probleemi lahendust. Tugev m\u00f5ju meie naha jumele, p\u00fchib aja tekitatud m\u00e4rgid meie n\u00e4olt, v\u00f5itleb kortsudega, eemaldab punetuse ja kareda naha, ahendab poore ja naha \u00e4rritusi. V\u00e4hendab pigmendilaike, elustab v\u00e4sinud nahka ning t\u00f5stab n\u00e4okontuure. Need on peamised probleemid, mis muudavad meie naha v\u00e4ljan\u00e4gemist palju vanemaks.<\/p>\n<p><strong>Eelised:<\/strong><\/p>\n<ul>\n<li>suurenenud poorid ahenevad silmn\u00e4htavalt<\/li>\n<li>sile ja v\u00e4rske jume<\/li>\n<li>mask v\u00f5ib j\u00e4\u00e4da nahale<\/li>\n<li>saab kasutada ka \u00f6\u00f6sel<\/li>\n<\/ul>\n<p><strong>Sobilik:<\/strong> n\u00f5udlik, k\u00fcps nahk, mis vajab taastamist.<\/p>\n<p><strong>Toimeained:<\/strong> sahhariidid, Cupuacu v\u00f5i, bisabolol, 3dimensionaalne h\u00fcaluroonhape, lehisk\u00e4sna ekstrakt, aloe vera, vitamiin E, letsitiin.<\/p>\n","protected":false},"excerpt":{"rendered":"<p>Mask, mis m\u00f5jub meie nahale kui ILU UNI. Sisaldab unikaalset h\u00fcaluroonhappe kombinatsiooni- l\u00fchikese ahelaga, pika ahelaga ja ristahelaga h\u00fcaluroonhapet. Silmn\u00e4htav t\u00f5stev efekt , annab nahale vajaliku niiskuse. Larch agaric(lehis k\u00e4sn) ahendab silmn\u00e4htavalt poore. Mask muudab naha siledaks, sametiseks, t\u00e4idab kortse ja annab nahale v\u00e4rske jume. Spetsiaalne koostis laseb maskil t\u00e4ielikult imenduda. Ideaalne n\u00f5udlikule, k\u00fcpsele ja [&hellip;]<\/p>\n","protected":false},"featured_media":37782,"template":"","meta":{"_acf_changed":false},"product_cat":[248,147,114,118,260],"product_tag":[],"class_list":["post-2794","product","type-product","status-publish","has-post-thumbnail","hentry","product_cat-maskid-2","product_cat-kreemmaskid","product_cat-tootesarjad","product_cat-aesthetic-world","product_cat-tri-hyal"],"acf":[],"yoast_head":"<!-- This site is optimized with the Yoast SEO plugin v25.4 - https:\/\/yoast.com\/wordpress\/plugins\/seo\/ -->\n<title>Trihyal Age Resist Leave On Mask - Beauty Institute<\/title>\n<meta name=\"robots\" content=\"index, follow, max-snippet:-1, max-image-preview:large, max-video-preview:-1\" \/>\n<link rel=\"canonical\" href=\"https:\/\/beautyinstitute.ee\/toode\/trihyal-age-resist-leave-on-mask\/\" \/>\n<meta property=\"og:locale\" content=\"ru_RU\" \/>\n<meta property=\"og:type\" content=\"article\" \/>\n<meta property=\"og:title\" content=\"Trihyal Age Resist Leave On Mask - Beauty Institute\" \/>\n<meta property=\"og:description\" content=\"Mask, mis m\u00f5jub meie nahale kui ILU UNI. Sisaldab unikaalset h\u00fcaluroonhappe kombinatsiooni- l\u00fchikese ahelaga, pika ahelaga ja ristahelaga h\u00fcaluroonhapet. Silmn\u00e4htav t\u00f5stev efekt , annab nahale vajaliku niiskuse. Larch agaric(lehis k\u00e4sn) ahendab silmn\u00e4htavalt poore. Mask muudab naha siledaks, sametiseks, t\u00e4idab kortse ja annab nahale v\u00e4rske jume. Spetsiaalne koostis laseb maskil t\u00e4ielikult imenduda. Ideaalne n\u00f5udlikule, k\u00fcpsele ja [&hellip;]\" \/>\n<meta property=\"og:url\" content=\"https:\/\/beautyinstitute.ee\/toode\/trihyal-age-resist-leave-on-mask\/\" \/>\n<meta property=\"og:site_name\" content=\"Beauty Institute\" \/>\n<meta property=\"article:modified_time\" content=\"2026-04-22T11:56:25+00:00\" \/>\n<meta property=\"og:image\" content=\"https:\/\/beautyinstitute.ee\/wp-content\/uploads\/2019\/01\/leave-on-mask.jpg\" \/>\n\t<meta property=\"og:image:width\" content=\"1250\" \/>\n\t<meta property=\"og:image:height\" content=\"1250\" \/>\n\t<meta property=\"og:image:type\" content=\"image\/jpeg\" \/>\n<meta name=\"twitter:card\" content=\"summary_large_image\" \/>\n<meta name=\"twitter:site\" content=\"@Beauty_Eesti\" \/>\n<meta name=\"twitter:label1\" content=\"\u041f\u0440\u0438\u043c\u0435\u0440\u043d\u043e\u0435 \u0432\u0440\u0435\u043c\u044f \u0434\u043b\u044f \u0447\u0442\u0435\u043d\u0438\u044f\" \/>\n\t<meta name=\"twitter:data1\" content=\"2 \u043c\u0438\u043d\u0443\u0442\u044b\" \/>\n<script type=\"application\/ld+json\" class=\"yoast-schema-graph\">{\"@context\":\"https:\/\/schema.org\",\"@graph\":[{\"@type\":\"WebPage\",\"@id\":\"https:\/\/beautyinstitute.ee\/toode\/trihyal-age-resist-leave-on-mask\/\",\"url\":\"https:\/\/beautyinstitute.ee\/toode\/trihyal-age-resist-leave-on-mask\/\",\"name\":\"Trihyal Age Resist Leave On Mask - Beauty Institute\",\"isPartOf\":{\"@id\":\"https:\/\/beautyinstitute.ee\/#website\"},\"primaryImageOfPage\":{\"@id\":\"https:\/\/beautyinstitute.ee\/toode\/trihyal-age-resist-leave-on-mask\/#primaryimage\"},\"image\":{\"@id\":\"https:\/\/beautyinstitute.ee\/toode\/trihyal-age-resist-leave-on-mask\/#primaryimage\"},\"thumbnailUrl\":\"https:\/\/beautyinstitute.ee\/wp-content\/uploads\/2019\/01\/leave-on-mask.jpg\",\"datePublished\":\"2019-01-24T20:47:41+00:00\",\"dateModified\":\"2026-04-22T11:56:25+00:00\",\"breadcrumb\":{\"@id\":\"https:\/\/beautyinstitute.ee\/toode\/trihyal-age-resist-leave-on-mask\/#breadcrumb\"},\"inLanguage\":\"ru-RU\",\"potentialAction\":[{\"@type\":\"ReadAction\",\"target\":[\"https:\/\/beautyinstitute.ee\/toode\/trihyal-age-resist-leave-on-mask\/\"]}]},{\"@type\":\"ImageObject\",\"inLanguage\":\"ru-RU\",\"@id\":\"https:\/\/beautyinstitute.ee\/toode\/trihyal-age-resist-leave-on-mask\/#primaryimage\",\"url\":\"https:\/\/beautyinstitute.ee\/wp-content\/uploads\/2019\/01\/leave-on-mask.jpg\",\"contentUrl\":\"https:\/\/beautyinstitute.ee\/wp-content\/uploads\/2019\/01\/leave-on-mask.jpg\",\"width\":1250,\"height\":1250},{\"@type\":\"BreadcrumbList\",\"@id\":\"https:\/\/beautyinstitute.ee\/toode\/trihyal-age-resist-leave-on-mask\/#breadcrumb\",\"itemListElement\":[{\"@type\":\"ListItem\",\"position\":1,\"name\":\"Home\",\"item\":\"https:\/\/beautyinstitute.ee\/ru\/\"},{\"@type\":\"ListItem\",\"position\":2,\"name\":\"E-pood\",\"item\":\"https:\/\/beautyinstitute.ee\/e-pood\/\"},{\"@type\":\"ListItem\",\"position\":3,\"name\":\"Trihyal Age Resist Leave On Mask\"}]},{\"@type\":\"WebSite\",\"@id\":\"https:\/\/beautyinstitute.ee\/#website\",\"url\":\"https:\/\/beautyinstitute.ee\/\",\"name\":\"Beauty Institute\",\"description\":\"CNC Cosmetic ametlik maaletooja ja edasim\u00fc\u00fcja Eestis, Soomes, L\u00e4tis. Aparaadikosmeetika, koolitused, kosmeetikatooted.\",\"potentialAction\":[{\"@type\":\"SearchAction\",\"target\":{\"@type\":\"EntryPoint\",\"urlTemplate\":\"https:\/\/beautyinstitute.ee\/?s={search_term_string}\"},\"query-input\":{\"@type\":\"PropertyValueSpecification\",\"valueRequired\":true,\"valueName\":\"search_term_string\"}}],\"inLanguage\":\"ru-RU\"}]}<\/script>\n<!-- \/ Yoast SEO plugin. -->","yoast_head_json":{"title":"Trihyal Age Resist Leave On Mask - Beauty Institute","robots":{"index":"index","follow":"follow","max-snippet":"max-snippet:-1","max-image-preview":"max-image-preview:large","max-video-preview":"max-video-preview:-1"},"canonical":"https:\/\/beautyinstitute.ee\/toode\/trihyal-age-resist-leave-on-mask\/","og_locale":"ru_RU","og_type":"article","og_title":"Trihyal Age Resist Leave On Mask - Beauty Institute","og_description":"Mask, mis m\u00f5jub meie nahale kui ILU UNI. Sisaldab unikaalset h\u00fcaluroonhappe kombinatsiooni- l\u00fchikese ahelaga, pika ahelaga ja ristahelaga h\u00fcaluroonhapet. Silmn\u00e4htav t\u00f5stev efekt , annab nahale vajaliku niiskuse. Larch agaric(lehis k\u00e4sn) ahendab silmn\u00e4htavalt poore. Mask muudab naha siledaks, sametiseks, t\u00e4idab kortse ja annab nahale v\u00e4rske jume. Spetsiaalne koostis laseb maskil t\u00e4ielikult imenduda. Ideaalne n\u00f5udlikule, k\u00fcpsele ja [&hellip;]","og_url":"https:\/\/beautyinstitute.ee\/toode\/trihyal-age-resist-leave-on-mask\/","og_site_name":"Beauty Institute","article_modified_time":"2026-04-22T11:56:25+00:00","og_image":[{"width":1250,"height":1250,"url":"https:\/\/beautyinstitute.ee\/wp-content\/uploads\/2019\/01\/leave-on-mask.jpg","type":"image\/jpeg"}],"twitter_card":"summary_large_image","twitter_site":"@Beauty_Eesti","twitter_misc":{"\u041f\u0440\u0438\u043c\u0435\u0440\u043d\u043e\u0435 \u0432\u0440\u0435\u043c\u044f \u0434\u043b\u044f \u0447\u0442\u0435\u043d\u0438\u044f":"2 \u043c\u0438\u043d\u0443\u0442\u044b"},"schema":{"@context":"https:\/\/schema.org","@graph":[{"@type":"WebPage","@id":"https:\/\/beautyinstitute.ee\/toode\/trihyal-age-resist-leave-on-mask\/","url":"https:\/\/beautyinstitute.ee\/toode\/trihyal-age-resist-leave-on-mask\/","name":"Trihyal Age Resist Leave On Mask - Beauty Institute","isPartOf":{"@id":"https:\/\/beautyinstitute.ee\/#website"},"primaryImageOfPage":{"@id":"https:\/\/beautyinstitute.ee\/toode\/trihyal-age-resist-leave-on-mask\/#primaryimage"},"image":{"@id":"https:\/\/beautyinstitute.ee\/toode\/trihyal-age-resist-leave-on-mask\/#primaryimage"},"thumbnailUrl":"https:\/\/beautyinstitute.ee\/wp-content\/uploads\/2019\/01\/leave-on-mask.jpg","datePublished":"2019-01-24T20:47:41+00:00","dateModified":"2026-04-22T11:56:25+00:00","breadcrumb":{"@id":"https:\/\/beautyinstitute.ee\/toode\/trihyal-age-resist-leave-on-mask\/#breadcrumb"},"inLanguage":"ru-RU","potentialAction":[{"@type":"ReadAction","target":["https:\/\/beautyinstitute.ee\/toode\/trihyal-age-resist-leave-on-mask\/"]}]},{"@type":"ImageObject","inLanguage":"ru-RU","@id":"https:\/\/beautyinstitute.ee\/toode\/trihyal-age-resist-leave-on-mask\/#primaryimage","url":"https:\/\/beautyinstitute.ee\/wp-content\/uploads\/2019\/01\/leave-on-mask.jpg","contentUrl":"https:\/\/beautyinstitute.ee\/wp-content\/uploads\/2019\/01\/leave-on-mask.jpg","width":1250,"height":1250},{"@type":"BreadcrumbList","@id":"https:\/\/beautyinstitute.ee\/toode\/trihyal-age-resist-leave-on-mask\/#breadcrumb","itemListElement":[{"@type":"ListItem","position":1,"name":"Home","item":"https:\/\/beautyinstitute.ee\/ru\/"},{"@type":"ListItem","position":2,"name":"E-pood","item":"https:\/\/beautyinstitute.ee\/e-pood\/"},{"@type":"ListItem","position":3,"name":"Trihyal Age Resist Leave On Mask"}]},{"@type":"WebSite","@id":"https:\/\/beautyinstitute.ee\/#website","url":"https:\/\/beautyinstitute.ee\/","name":"Beauty Institute","description":"CNC Cosmetic ametlik maaletooja ja edasim\u00fc\u00fcja Eestis, Soomes, L\u00e4tis. Aparaadikosmeetika, koolitused, kosmeetikatooted.","potentialAction":[{"@type":"SearchAction","target":{"@type":"EntryPoint","urlTemplate":"https:\/\/beautyinstitute.ee\/?s={search_term_string}"},"query-input":{"@type":"PropertyValueSpecification","valueRequired":true,"valueName":"search_term_string"}}],"inLanguage":"ru-RU"}]}},"_links":{"self":[{"href":"https:\/\/beautyinstitute.ee\/ru\/wp-json\/wp\/v2\/product\/2794","targetHints":{"allow":["GET"]}}],"collection":[{"href":"https:\/\/beautyinstitute.ee\/ru\/wp-json\/wp\/v2\/product"}],"about":[{"href":"https:\/\/beautyinstitute.ee\/ru\/wp-json\/wp\/v2\/types\/product"}],"wp:featuredmedia":[{"embeddable":true,"href":"https:\/\/beautyinstitute.ee\/ru\/wp-json\/wp\/v2\/media\/37782"}],"wp:attachment":[{"href":"https:\/\/beautyinstitute.ee\/ru\/wp-json\/wp\/v2\/media?parent=2794"}],"wp:term":[{"taxonomy":"product_cat","embeddable":true,"href":"https:\/\/beautyinstitute.ee\/ru\/wp-json\/wp\/v2\/product_cat?post=2794"},{"taxonomy":"product_tag","embeddable":true,"href":"https:\/\/beautyinstitute.ee\/ru\/wp-json\/wp\/v2\/product_tag?post=2794"}],"curies":[{"name":"wp","href":"https:\/\/api.w.org\/{rel}","templated":true}]}}