{"id":2813,"date":"2019-01-24T23:00:08","date_gmt":"2019-01-24T21:00:08","guid":{"rendered":"https:\/\/beautyinstitute.ee\/?post_type=product&#038;p=2813"},"modified":"2026-01-15T10:56:10","modified_gmt":"2026-01-15T08:56:10","slug":"serum-3x-2-ml-ampoule-cell-booster-steril","status":"publish","type":"product","link":"https:\/\/beautyinstitute.ee\/ru\/toode\/serum-3x-2-ml-ampoule-cell-booster-steril\/","title":{"rendered":"Tricollagen Serum + 3X 2Ml Ampoule Fruit Peel"},"content":{"rendered":"<p><b>Revolutsiooniline tehnoloogia, mis j\u00f5uab sinu naha alla!<\/b><\/p>\n<p><b>Toodetes kasutatakse esmakordselt\u00a0<\/b><b>innovatiivset<\/b><b>\u00a0transpordi s\u00fcsteemi, millega viiakse aktiivained s\u00fcgavale\u00a0<\/b><b>dermisesse<\/b><b>.<\/b><\/p>\n<p>Tulemuseks trimmis, elastne, eluj\u00f5ust pakatav nahk. Maksimaalselt t\u00f5stva efektiga kreem k\u00fcpsele, v\u00e4sinud, kortsudega nahale.<\/p>\n<p><strong>Eelised:<\/strong><\/p>\n<ul>\n<li>tugevdab sidekudet ja annab nahale vol\u00fc\u00fcmi<\/li>\n<li>varustab nahka piisava niiskusega<\/li>\n<li>t\u00f5stefekt ilma skalpellita<\/li>\n<\/ul>\n<p><strong>Sobilik:\u00a0<\/strong>k\u00fcps, v\u00e4sinud nahk, millel on kortsud ja kontuuri kadu.<br \/>\n<strong>Toimeained:<\/strong> h\u00fcaluroonhape, nisuproteiinidel, letsitiin, sojavalgu tripeptiid-10 tsitrulliin ning tripeptiid-1.<\/p>\n","protected":false},"excerpt":{"rendered":"<p>Revolutsiooniline tehnoloogia, mis j\u00f5uab sinu naha alla! Toodetes kasutatakse esmakordselt\u00a0innovatiivset\u00a0transpordi s\u00fcsteemi, millega viiakse aktiivained s\u00fcgavale\u00a0dermisesse. Tulemuseks trimmis, elastne, eluj\u00f5ust pakatav nahk. Maksimaalselt t\u00f5stva efektiga kreem k\u00fcpsele, v\u00e4sinud, kortsudega nahale. Eelised: tugevdab sidekudet ja annab nahale vol\u00fc\u00fcmi varustab nahka piisava niiskusega t\u00f5stefekt ilma skalpellita Sobilik:\u00a0k\u00fcps, v\u00e4sinud nahk, millel on kortsud ja kontuuri kadu. Toimeained: h\u00fcaluroonhape, nisuproteiinidel, [&hellip;]<\/p>\n","protected":false},"featured_media":11572,"template":"","meta":{"_acf_changed":false},"product_cat":[249,114,118,185],"product_tag":[],"class_list":["post-2813","product","type-product","status-publish","has-post-thumbnail","hentry","product_cat-seerumid-2","product_cat-tootesarjad","product_cat-aesthetic-world","product_cat-tricollagen"],"acf":[],"yoast_head":"<!-- This site is optimized with the Yoast SEO plugin v25.4 - https:\/\/yoast.com\/wordpress\/plugins\/seo\/ -->\n<title>Tricollagen Serum + 3X 2Ml Ampoule Fruit Peel - Beauty Institute<\/title>\n<meta name=\"robots\" content=\"index, follow, max-snippet:-1, max-image-preview:large, max-video-preview:-1\" \/>\n<link rel=\"canonical\" href=\"https:\/\/beautyinstitute.ee\/toode\/serum-3x-2-ml-ampoule-cell-booster-steril\/\" \/>\n<meta property=\"og:locale\" content=\"ru_RU\" \/>\n<meta property=\"og:type\" content=\"article\" \/>\n<meta property=\"og:title\" content=\"Tricollagen Serum + 3X 2Ml Ampoule Fruit Peel - Beauty Institute\" \/>\n<meta property=\"og:description\" content=\"Revolutsiooniline tehnoloogia, mis j\u00f5uab sinu naha alla! Toodetes kasutatakse esmakordselt\u00a0innovatiivset\u00a0transpordi s\u00fcsteemi, millega viiakse aktiivained s\u00fcgavale\u00a0dermisesse. Tulemuseks trimmis, elastne, eluj\u00f5ust pakatav nahk. Maksimaalselt t\u00f5stva efektiga kreem k\u00fcpsele, v\u00e4sinud, kortsudega nahale. Eelised: tugevdab sidekudet ja annab nahale vol\u00fc\u00fcmi varustab nahka piisava niiskusega t\u00f5stefekt ilma skalpellita Sobilik:\u00a0k\u00fcps, v\u00e4sinud nahk, millel on kortsud ja kontuuri kadu. Toimeained: h\u00fcaluroonhape, nisuproteiinidel, [&hellip;]\" \/>\n<meta property=\"og:url\" content=\"https:\/\/beautyinstitute.ee\/toode\/serum-3x-2-ml-ampoule-cell-booster-steril\/\" \/>\n<meta property=\"og:site_name\" content=\"Beauty Institute\" \/>\n<meta property=\"article:modified_time\" content=\"2026-01-15T08:56:10+00:00\" \/>\n<meta property=\"og:image\" content=\"https:\/\/beautyinstitute.ee\/wp-content\/uploads\/2019\/01\/tricollagen-Seerum.jpg\" \/>\n\t<meta property=\"og:image:width\" content=\"750\" \/>\n\t<meta property=\"og:image:height\" content=\"711\" \/>\n\t<meta property=\"og:image:type\" content=\"image\/jpeg\" \/>\n<meta name=\"twitter:card\" content=\"summary_large_image\" \/>\n<meta name=\"twitter:site\" content=\"@Beauty_Eesti\" \/>\n<meta name=\"twitter:label1\" content=\"\u041f\u0440\u0438\u043c\u0435\u0440\u043d\u043e\u0435 \u0432\u0440\u0435\u043c\u044f \u0434\u043b\u044f \u0447\u0442\u0435\u043d\u0438\u044f\" \/>\n\t<meta name=\"twitter:data1\" content=\"1 \u043c\u0438\u043d\u0443\u0442\u0430\" \/>\n<script type=\"application\/ld+json\" class=\"yoast-schema-graph\">{\"@context\":\"https:\/\/schema.org\",\"@graph\":[{\"@type\":\"WebPage\",\"@id\":\"https:\/\/beautyinstitute.ee\/toode\/serum-3x-2-ml-ampoule-cell-booster-steril\/\",\"url\":\"https:\/\/beautyinstitute.ee\/toode\/serum-3x-2-ml-ampoule-cell-booster-steril\/\",\"name\":\"Tricollagen Serum + 3X 2Ml Ampoule Fruit Peel - Beauty Institute\",\"isPartOf\":{\"@id\":\"https:\/\/beautyinstitute.ee\/#website\"},\"primaryImageOfPage\":{\"@id\":\"https:\/\/beautyinstitute.ee\/toode\/serum-3x-2-ml-ampoule-cell-booster-steril\/#primaryimage\"},\"image\":{\"@id\":\"https:\/\/beautyinstitute.ee\/toode\/serum-3x-2-ml-ampoule-cell-booster-steril\/#primaryimage\"},\"thumbnailUrl\":\"https:\/\/beautyinstitute.ee\/wp-content\/uploads\/2019\/01\/tricollagen-Seerum.jpg\",\"datePublished\":\"2019-01-24T21:00:08+00:00\",\"dateModified\":\"2026-01-15T08:56:10+00:00\",\"breadcrumb\":{\"@id\":\"https:\/\/beautyinstitute.ee\/toode\/serum-3x-2-ml-ampoule-cell-booster-steril\/#breadcrumb\"},\"inLanguage\":\"ru-RU\",\"potentialAction\":[{\"@type\":\"ReadAction\",\"target\":[\"https:\/\/beautyinstitute.ee\/toode\/serum-3x-2-ml-ampoule-cell-booster-steril\/\"]}]},{\"@type\":\"ImageObject\",\"inLanguage\":\"ru-RU\",\"@id\":\"https:\/\/beautyinstitute.ee\/toode\/serum-3x-2-ml-ampoule-cell-booster-steril\/#primaryimage\",\"url\":\"https:\/\/beautyinstitute.ee\/wp-content\/uploads\/2019\/01\/tricollagen-Seerum.jpg\",\"contentUrl\":\"https:\/\/beautyinstitute.ee\/wp-content\/uploads\/2019\/01\/tricollagen-Seerum.jpg\",\"width\":750,\"height\":711},{\"@type\":\"BreadcrumbList\",\"@id\":\"https:\/\/beautyinstitute.ee\/toode\/serum-3x-2-ml-ampoule-cell-booster-steril\/#breadcrumb\",\"itemListElement\":[{\"@type\":\"ListItem\",\"position\":1,\"name\":\"Home\",\"item\":\"https:\/\/beautyinstitute.ee\/ru\/\"},{\"@type\":\"ListItem\",\"position\":2,\"name\":\"E-pood\",\"item\":\"https:\/\/beautyinstitute.ee\/e-pood\/\"},{\"@type\":\"ListItem\",\"position\":3,\"name\":\"Tricollagen Serum + 3X 2Ml Ampoule Fruit Peel\"}]},{\"@type\":\"WebSite\",\"@id\":\"https:\/\/beautyinstitute.ee\/#website\",\"url\":\"https:\/\/beautyinstitute.ee\/\",\"name\":\"Beauty Institute\",\"description\":\"CNC Cosmetic ametlik maaletooja ja edasim\u00fc\u00fcja Eestis, Soomes, L\u00e4tis. Aparaadikosmeetika, koolitused, kosmeetikatooted.\",\"potentialAction\":[{\"@type\":\"SearchAction\",\"target\":{\"@type\":\"EntryPoint\",\"urlTemplate\":\"https:\/\/beautyinstitute.ee\/?s={search_term_string}\"},\"query-input\":{\"@type\":\"PropertyValueSpecification\",\"valueRequired\":true,\"valueName\":\"search_term_string\"}}],\"inLanguage\":\"ru-RU\"}]}<\/script>\n<!-- \/ Yoast SEO plugin. -->","yoast_head_json":{"title":"Tricollagen Serum + 3X 2Ml Ampoule Fruit Peel - Beauty Institute","robots":{"index":"index","follow":"follow","max-snippet":"max-snippet:-1","max-image-preview":"max-image-preview:large","max-video-preview":"max-video-preview:-1"},"canonical":"https:\/\/beautyinstitute.ee\/toode\/serum-3x-2-ml-ampoule-cell-booster-steril\/","og_locale":"ru_RU","og_type":"article","og_title":"Tricollagen Serum + 3X 2Ml Ampoule Fruit Peel - Beauty Institute","og_description":"Revolutsiooniline tehnoloogia, mis j\u00f5uab sinu naha alla! Toodetes kasutatakse esmakordselt\u00a0innovatiivset\u00a0transpordi s\u00fcsteemi, millega viiakse aktiivained s\u00fcgavale\u00a0dermisesse. Tulemuseks trimmis, elastne, eluj\u00f5ust pakatav nahk. Maksimaalselt t\u00f5stva efektiga kreem k\u00fcpsele, v\u00e4sinud, kortsudega nahale. Eelised: tugevdab sidekudet ja annab nahale vol\u00fc\u00fcmi varustab nahka piisava niiskusega t\u00f5stefekt ilma skalpellita Sobilik:\u00a0k\u00fcps, v\u00e4sinud nahk, millel on kortsud ja kontuuri kadu. Toimeained: h\u00fcaluroonhape, nisuproteiinidel, [&hellip;]","og_url":"https:\/\/beautyinstitute.ee\/toode\/serum-3x-2-ml-ampoule-cell-booster-steril\/","og_site_name":"Beauty Institute","article_modified_time":"2026-01-15T08:56:10+00:00","og_image":[{"width":750,"height":711,"url":"https:\/\/beautyinstitute.ee\/wp-content\/uploads\/2019\/01\/tricollagen-Seerum.jpg","type":"image\/jpeg"}],"twitter_card":"summary_large_image","twitter_site":"@Beauty_Eesti","twitter_misc":{"\u041f\u0440\u0438\u043c\u0435\u0440\u043d\u043e\u0435 \u0432\u0440\u0435\u043c\u044f \u0434\u043b\u044f \u0447\u0442\u0435\u043d\u0438\u044f":"1 \u043c\u0438\u043d\u0443\u0442\u0430"},"schema":{"@context":"https:\/\/schema.org","@graph":[{"@type":"WebPage","@id":"https:\/\/beautyinstitute.ee\/toode\/serum-3x-2-ml-ampoule-cell-booster-steril\/","url":"https:\/\/beautyinstitute.ee\/toode\/serum-3x-2-ml-ampoule-cell-booster-steril\/","name":"Tricollagen Serum + 3X 2Ml Ampoule Fruit Peel - Beauty Institute","isPartOf":{"@id":"https:\/\/beautyinstitute.ee\/#website"},"primaryImageOfPage":{"@id":"https:\/\/beautyinstitute.ee\/toode\/serum-3x-2-ml-ampoule-cell-booster-steril\/#primaryimage"},"image":{"@id":"https:\/\/beautyinstitute.ee\/toode\/serum-3x-2-ml-ampoule-cell-booster-steril\/#primaryimage"},"thumbnailUrl":"https:\/\/beautyinstitute.ee\/wp-content\/uploads\/2019\/01\/tricollagen-Seerum.jpg","datePublished":"2019-01-24T21:00:08+00:00","dateModified":"2026-01-15T08:56:10+00:00","breadcrumb":{"@id":"https:\/\/beautyinstitute.ee\/toode\/serum-3x-2-ml-ampoule-cell-booster-steril\/#breadcrumb"},"inLanguage":"ru-RU","potentialAction":[{"@type":"ReadAction","target":["https:\/\/beautyinstitute.ee\/toode\/serum-3x-2-ml-ampoule-cell-booster-steril\/"]}]},{"@type":"ImageObject","inLanguage":"ru-RU","@id":"https:\/\/beautyinstitute.ee\/toode\/serum-3x-2-ml-ampoule-cell-booster-steril\/#primaryimage","url":"https:\/\/beautyinstitute.ee\/wp-content\/uploads\/2019\/01\/tricollagen-Seerum.jpg","contentUrl":"https:\/\/beautyinstitute.ee\/wp-content\/uploads\/2019\/01\/tricollagen-Seerum.jpg","width":750,"height":711},{"@type":"BreadcrumbList","@id":"https:\/\/beautyinstitute.ee\/toode\/serum-3x-2-ml-ampoule-cell-booster-steril\/#breadcrumb","itemListElement":[{"@type":"ListItem","position":1,"name":"Home","item":"https:\/\/beautyinstitute.ee\/ru\/"},{"@type":"ListItem","position":2,"name":"E-pood","item":"https:\/\/beautyinstitute.ee\/e-pood\/"},{"@type":"ListItem","position":3,"name":"Tricollagen Serum + 3X 2Ml Ampoule Fruit Peel"}]},{"@type":"WebSite","@id":"https:\/\/beautyinstitute.ee\/#website","url":"https:\/\/beautyinstitute.ee\/","name":"Beauty Institute","description":"CNC Cosmetic ametlik maaletooja ja edasim\u00fc\u00fcja Eestis, Soomes, L\u00e4tis. Aparaadikosmeetika, koolitused, kosmeetikatooted.","potentialAction":[{"@type":"SearchAction","target":{"@type":"EntryPoint","urlTemplate":"https:\/\/beautyinstitute.ee\/?s={search_term_string}"},"query-input":{"@type":"PropertyValueSpecification","valueRequired":true,"valueName":"search_term_string"}}],"inLanguage":"ru-RU"}]}},"_links":{"self":[{"href":"https:\/\/beautyinstitute.ee\/ru\/wp-json\/wp\/v2\/product\/2813","targetHints":{"allow":["GET"]}}],"collection":[{"href":"https:\/\/beautyinstitute.ee\/ru\/wp-json\/wp\/v2\/product"}],"about":[{"href":"https:\/\/beautyinstitute.ee\/ru\/wp-json\/wp\/v2\/types\/product"}],"wp:featuredmedia":[{"embeddable":true,"href":"https:\/\/beautyinstitute.ee\/ru\/wp-json\/wp\/v2\/media\/11572"}],"wp:attachment":[{"href":"https:\/\/beautyinstitute.ee\/ru\/wp-json\/wp\/v2\/media?parent=2813"}],"wp:term":[{"taxonomy":"product_cat","embeddable":true,"href":"https:\/\/beautyinstitute.ee\/ru\/wp-json\/wp\/v2\/product_cat?post=2813"},{"taxonomy":"product_tag","embeddable":true,"href":"https:\/\/beautyinstitute.ee\/ru\/wp-json\/wp\/v2\/product_tag?post=2813"}],"curies":[{"name":"wp","href":"https:\/\/api.w.org\/{rel}","templated":true}]}}