{"id":2814,"date":"2019-01-24T23:03:07","date_gmt":"2019-01-24T21:03:07","guid":{"rendered":"https:\/\/beautyinstitute.ee\/?post_type=product&#038;p=2814"},"modified":"2026-04-27T14:50:55","modified_gmt":"2026-04-27T11:50:55","slug":"tricollagen-power-duo-1x-serum1x-booster","status":"publish","type":"product","link":"https:\/\/beautyinstitute.ee\/ru\/toode\/tricollagen-power-duo-1x-serum1x-booster\/","title":{"rendered":"Tricollagen Power-Duo 1X Serum,1X Booster"},"content":{"rendered":"<p><b>Revolutsiooniline tehnoloogia, mis j\u00f5uab sinu naha alla!<\/b><\/p>\n<p><b>Toodetes kasutatakse esmakordselt <\/b><b>innovatiivset<\/b><b> transpordi s\u00fcsteemi, millega viiakse aktiivained s\u00fcgavale <\/b><b>dermisesse<\/b><b>.<\/b><\/p>\n<p>Selle uuenduslikus kapsel s\u00fcsteemis kasutatakse nn. retseptoreid, millega kinnitatakse aktiivained otse\u00a0 fibroblasti ja nii kontrollitakse aktiivaine liikumist otse rakku. T\u00e4nu kollageeni kolmele aktiivsele faasile toimib TriCollagen nagu ilul\u00f5ikus nahale. TriCollagen seerum koos intensiivne kreemiga suudavad\u00a0 tagada maksimaalse tulemuse. Nad t\u00e4iendavad teineteise funktsioone ja sel viisil tagavad maksimaalse vananemisvastase tulemuse. TriCollagen on\u00a0 v\u00e4ga t\u00f5hus kokteil, kus nahale omased peptiidid, valgud ja h\u00fcaluroonhape, transporditakse s\u00fcgavale dermisesse ja seal nad m\u00f5jutavad meie nahka kolmel erineval viisil:<\/p>\n<ul>\n<li><b>Stimuleerivad kollageeni s\u00fcnteesi<\/b><\/li>\n<li><b>Parandavad kollageeni kiude<\/b><\/li>\n<li><b>Kaitsevad kollageeni kiude<\/b><\/li>\n<\/ul>\n<p><strong>Eelised:<\/strong><\/p>\n<ul>\n<li>tugevdab sidekudet ja annab nahale vol\u00fc\u00fcmi<\/li>\n<li>varustab nahka piisava niiskusega<\/li>\n<li>t\u00f5stefekt ilma skalpellita<\/li>\n<\/ul>\n<p><strong>Sobilik:<\/strong> k\u00fcps, v\u00e4sinud nahk, millel on kortsud ja kontuuri kadu.<\/p>\n<p><strong>Toimeained:<\/strong> h\u00fcaluroonhape, nisuvalgud, letsitiin, sojavalgud, tri-peptiidid, heksa-peptiidid, gl\u00fckoproteiinid.<\/p>\n","protected":false},"excerpt":{"rendered":"<p>Revolutsiooniline tehnoloogia, mis j\u00f5uab sinu naha alla! Toodetes kasutatakse esmakordselt innovatiivset transpordi s\u00fcsteemi, millega viiakse aktiivained s\u00fcgavale dermisesse. Selle uuenduslikus kapsel s\u00fcsteemis kasutatakse nn. retseptoreid, millega kinnitatakse aktiivained otse\u00a0 fibroblasti ja nii kontrollitakse aktiivaine liikumist otse rakku. T\u00e4nu kollageeni kolmele aktiivsele faasile toimib TriCollagen nagu ilul\u00f5ikus nahale. TriCollagen seerum koos intensiivne kreemiga suudavad\u00a0 tagada maksimaalse [&hellip;]<\/p>\n","protected":false},"featured_media":11566,"template":"","meta":{"_acf_changed":false},"product_cat":[249,114,118,185],"product_tag":[],"class_list":["post-2814","product","type-product","status-publish","has-post-thumbnail","hentry","product_cat-seerumid-2","product_cat-tootesarjad","product_cat-aesthetic-world","product_cat-tricollagen"],"acf":[],"yoast_head":"<!-- This site is optimized with the Yoast SEO plugin v25.4 - https:\/\/yoast.com\/wordpress\/plugins\/seo\/ -->\n<title>Tricollagen Power-Duo 1X Serum,1X Booster - Beauty Institute<\/title>\n<meta name=\"robots\" content=\"index, follow, max-snippet:-1, max-image-preview:large, max-video-preview:-1\" \/>\n<link rel=\"canonical\" href=\"https:\/\/beautyinstitute.ee\/toode\/tricollagen-power-duo-1x-serum1x-booster\/\" \/>\n<meta property=\"og:locale\" content=\"ru_RU\" \/>\n<meta property=\"og:type\" content=\"article\" \/>\n<meta property=\"og:title\" content=\"Tricollagen Power-Duo 1X Serum,1X Booster - Beauty Institute\" \/>\n<meta property=\"og:description\" content=\"Revolutsiooniline tehnoloogia, mis j\u00f5uab sinu naha alla! Toodetes kasutatakse esmakordselt innovatiivset transpordi s\u00fcsteemi, millega viiakse aktiivained s\u00fcgavale dermisesse. Selle uuenduslikus kapsel s\u00fcsteemis kasutatakse nn. retseptoreid, millega kinnitatakse aktiivained otse\u00a0 fibroblasti ja nii kontrollitakse aktiivaine liikumist otse rakku. T\u00e4nu kollageeni kolmele aktiivsele faasile toimib TriCollagen nagu ilul\u00f5ikus nahale. TriCollagen seerum koos intensiivne kreemiga suudavad\u00a0 tagada maksimaalse [&hellip;]\" \/>\n<meta property=\"og:url\" content=\"https:\/\/beautyinstitute.ee\/toode\/tricollagen-power-duo-1x-serum1x-booster\/\" \/>\n<meta property=\"og:site_name\" content=\"Beauty Institute\" \/>\n<meta property=\"article:modified_time\" content=\"2026-04-27T11:50:55+00:00\" \/>\n<meta property=\"og:image\" content=\"https:\/\/beautyinstitute.ee\/wp-content\/uploads\/2019\/01\/tricollagen-duo-2tk.jpg\" \/>\n\t<meta property=\"og:image:width\" content=\"750\" \/>\n\t<meta property=\"og:image:height\" content=\"711\" \/>\n\t<meta property=\"og:image:type\" content=\"image\/jpeg\" \/>\n<meta name=\"twitter:card\" content=\"summary_large_image\" \/>\n<meta name=\"twitter:site\" content=\"@Beauty_Eesti\" \/>\n<meta name=\"twitter:label1\" content=\"\u041f\u0440\u0438\u043c\u0435\u0440\u043d\u043e\u0435 \u0432\u0440\u0435\u043c\u044f \u0434\u043b\u044f \u0447\u0442\u0435\u043d\u0438\u044f\" \/>\n\t<meta name=\"twitter:data1\" content=\"1 \u043c\u0438\u043d\u0443\u0442\u0430\" \/>\n<script type=\"application\/ld+json\" class=\"yoast-schema-graph\">{\"@context\":\"https:\/\/schema.org\",\"@graph\":[{\"@type\":\"WebPage\",\"@id\":\"https:\/\/beautyinstitute.ee\/toode\/tricollagen-power-duo-1x-serum1x-booster\/\",\"url\":\"https:\/\/beautyinstitute.ee\/toode\/tricollagen-power-duo-1x-serum1x-booster\/\",\"name\":\"Tricollagen Power-Duo 1X Serum,1X Booster - Beauty Institute\",\"isPartOf\":{\"@id\":\"https:\/\/beautyinstitute.ee\/#website\"},\"primaryImageOfPage\":{\"@id\":\"https:\/\/beautyinstitute.ee\/toode\/tricollagen-power-duo-1x-serum1x-booster\/#primaryimage\"},\"image\":{\"@id\":\"https:\/\/beautyinstitute.ee\/toode\/tricollagen-power-duo-1x-serum1x-booster\/#primaryimage\"},\"thumbnailUrl\":\"https:\/\/beautyinstitute.ee\/wp-content\/uploads\/2019\/01\/tricollagen-duo-2tk.jpg\",\"datePublished\":\"2019-01-24T21:03:07+00:00\",\"dateModified\":\"2026-04-27T11:50:55+00:00\",\"breadcrumb\":{\"@id\":\"https:\/\/beautyinstitute.ee\/toode\/tricollagen-power-duo-1x-serum1x-booster\/#breadcrumb\"},\"inLanguage\":\"ru-RU\",\"potentialAction\":[{\"@type\":\"ReadAction\",\"target\":[\"https:\/\/beautyinstitute.ee\/toode\/tricollagen-power-duo-1x-serum1x-booster\/\"]}]},{\"@type\":\"ImageObject\",\"inLanguage\":\"ru-RU\",\"@id\":\"https:\/\/beautyinstitute.ee\/toode\/tricollagen-power-duo-1x-serum1x-booster\/#primaryimage\",\"url\":\"https:\/\/beautyinstitute.ee\/wp-content\/uploads\/2019\/01\/tricollagen-duo-2tk.jpg\",\"contentUrl\":\"https:\/\/beautyinstitute.ee\/wp-content\/uploads\/2019\/01\/tricollagen-duo-2tk.jpg\",\"width\":750,\"height\":711},{\"@type\":\"BreadcrumbList\",\"@id\":\"https:\/\/beautyinstitute.ee\/toode\/tricollagen-power-duo-1x-serum1x-booster\/#breadcrumb\",\"itemListElement\":[{\"@type\":\"ListItem\",\"position\":1,\"name\":\"Home\",\"item\":\"https:\/\/beautyinstitute.ee\/ru\/\"},{\"@type\":\"ListItem\",\"position\":2,\"name\":\"E-pood\",\"item\":\"https:\/\/beautyinstitute.ee\/e-pood\/\"},{\"@type\":\"ListItem\",\"position\":3,\"name\":\"Tricollagen Power-Duo 1X Serum,1X Booster\"}]},{\"@type\":\"WebSite\",\"@id\":\"https:\/\/beautyinstitute.ee\/#website\",\"url\":\"https:\/\/beautyinstitute.ee\/\",\"name\":\"Beauty Institute\",\"description\":\"CNC Cosmetic ametlik maaletooja ja edasim\u00fc\u00fcja Eestis, Soomes, L\u00e4tis. Aparaadikosmeetika, koolitused, kosmeetikatooted.\",\"potentialAction\":[{\"@type\":\"SearchAction\",\"target\":{\"@type\":\"EntryPoint\",\"urlTemplate\":\"https:\/\/beautyinstitute.ee\/?s={search_term_string}\"},\"query-input\":{\"@type\":\"PropertyValueSpecification\",\"valueRequired\":true,\"valueName\":\"search_term_string\"}}],\"inLanguage\":\"ru-RU\"}]}<\/script>\n<!-- \/ Yoast SEO plugin. -->","yoast_head_json":{"title":"Tricollagen Power-Duo 1X Serum,1X Booster - Beauty Institute","robots":{"index":"index","follow":"follow","max-snippet":"max-snippet:-1","max-image-preview":"max-image-preview:large","max-video-preview":"max-video-preview:-1"},"canonical":"https:\/\/beautyinstitute.ee\/toode\/tricollagen-power-duo-1x-serum1x-booster\/","og_locale":"ru_RU","og_type":"article","og_title":"Tricollagen Power-Duo 1X Serum,1X Booster - Beauty Institute","og_description":"Revolutsiooniline tehnoloogia, mis j\u00f5uab sinu naha alla! Toodetes kasutatakse esmakordselt innovatiivset transpordi s\u00fcsteemi, millega viiakse aktiivained s\u00fcgavale dermisesse. Selle uuenduslikus kapsel s\u00fcsteemis kasutatakse nn. retseptoreid, millega kinnitatakse aktiivained otse\u00a0 fibroblasti ja nii kontrollitakse aktiivaine liikumist otse rakku. T\u00e4nu kollageeni kolmele aktiivsele faasile toimib TriCollagen nagu ilul\u00f5ikus nahale. TriCollagen seerum koos intensiivne kreemiga suudavad\u00a0 tagada maksimaalse [&hellip;]","og_url":"https:\/\/beautyinstitute.ee\/toode\/tricollagen-power-duo-1x-serum1x-booster\/","og_site_name":"Beauty Institute","article_modified_time":"2026-04-27T11:50:55+00:00","og_image":[{"width":750,"height":711,"url":"https:\/\/beautyinstitute.ee\/wp-content\/uploads\/2019\/01\/tricollagen-duo-2tk.jpg","type":"image\/jpeg"}],"twitter_card":"summary_large_image","twitter_site":"@Beauty_Eesti","twitter_misc":{"\u041f\u0440\u0438\u043c\u0435\u0440\u043d\u043e\u0435 \u0432\u0440\u0435\u043c\u044f \u0434\u043b\u044f \u0447\u0442\u0435\u043d\u0438\u044f":"1 \u043c\u0438\u043d\u0443\u0442\u0430"},"schema":{"@context":"https:\/\/schema.org","@graph":[{"@type":"WebPage","@id":"https:\/\/beautyinstitute.ee\/toode\/tricollagen-power-duo-1x-serum1x-booster\/","url":"https:\/\/beautyinstitute.ee\/toode\/tricollagen-power-duo-1x-serum1x-booster\/","name":"Tricollagen Power-Duo 1X Serum,1X Booster - Beauty Institute","isPartOf":{"@id":"https:\/\/beautyinstitute.ee\/#website"},"primaryImageOfPage":{"@id":"https:\/\/beautyinstitute.ee\/toode\/tricollagen-power-duo-1x-serum1x-booster\/#primaryimage"},"image":{"@id":"https:\/\/beautyinstitute.ee\/toode\/tricollagen-power-duo-1x-serum1x-booster\/#primaryimage"},"thumbnailUrl":"https:\/\/beautyinstitute.ee\/wp-content\/uploads\/2019\/01\/tricollagen-duo-2tk.jpg","datePublished":"2019-01-24T21:03:07+00:00","dateModified":"2026-04-27T11:50:55+00:00","breadcrumb":{"@id":"https:\/\/beautyinstitute.ee\/toode\/tricollagen-power-duo-1x-serum1x-booster\/#breadcrumb"},"inLanguage":"ru-RU","potentialAction":[{"@type":"ReadAction","target":["https:\/\/beautyinstitute.ee\/toode\/tricollagen-power-duo-1x-serum1x-booster\/"]}]},{"@type":"ImageObject","inLanguage":"ru-RU","@id":"https:\/\/beautyinstitute.ee\/toode\/tricollagen-power-duo-1x-serum1x-booster\/#primaryimage","url":"https:\/\/beautyinstitute.ee\/wp-content\/uploads\/2019\/01\/tricollagen-duo-2tk.jpg","contentUrl":"https:\/\/beautyinstitute.ee\/wp-content\/uploads\/2019\/01\/tricollagen-duo-2tk.jpg","width":750,"height":711},{"@type":"BreadcrumbList","@id":"https:\/\/beautyinstitute.ee\/toode\/tricollagen-power-duo-1x-serum1x-booster\/#breadcrumb","itemListElement":[{"@type":"ListItem","position":1,"name":"Home","item":"https:\/\/beautyinstitute.ee\/ru\/"},{"@type":"ListItem","position":2,"name":"E-pood","item":"https:\/\/beautyinstitute.ee\/e-pood\/"},{"@type":"ListItem","position":3,"name":"Tricollagen Power-Duo 1X Serum,1X Booster"}]},{"@type":"WebSite","@id":"https:\/\/beautyinstitute.ee\/#website","url":"https:\/\/beautyinstitute.ee\/","name":"Beauty Institute","description":"CNC Cosmetic ametlik maaletooja ja edasim\u00fc\u00fcja Eestis, Soomes, L\u00e4tis. Aparaadikosmeetika, koolitused, kosmeetikatooted.","potentialAction":[{"@type":"SearchAction","target":{"@type":"EntryPoint","urlTemplate":"https:\/\/beautyinstitute.ee\/?s={search_term_string}"},"query-input":{"@type":"PropertyValueSpecification","valueRequired":true,"valueName":"search_term_string"}}],"inLanguage":"ru-RU"}]}},"_links":{"self":[{"href":"https:\/\/beautyinstitute.ee\/ru\/wp-json\/wp\/v2\/product\/2814","targetHints":{"allow":["GET"]}}],"collection":[{"href":"https:\/\/beautyinstitute.ee\/ru\/wp-json\/wp\/v2\/product"}],"about":[{"href":"https:\/\/beautyinstitute.ee\/ru\/wp-json\/wp\/v2\/types\/product"}],"wp:featuredmedia":[{"embeddable":true,"href":"https:\/\/beautyinstitute.ee\/ru\/wp-json\/wp\/v2\/media\/11566"}],"wp:attachment":[{"href":"https:\/\/beautyinstitute.ee\/ru\/wp-json\/wp\/v2\/media?parent=2814"}],"wp:term":[{"taxonomy":"product_cat","embeddable":true,"href":"https:\/\/beautyinstitute.ee\/ru\/wp-json\/wp\/v2\/product_cat?post=2814"},{"taxonomy":"product_tag","embeddable":true,"href":"https:\/\/beautyinstitute.ee\/ru\/wp-json\/wp\/v2\/product_tag?post=2814"}],"curies":[{"name":"wp","href":"https:\/\/api.w.org\/{rel}","templated":true}]}}