{"id":28155,"date":"2024-04-01T16:05:49","date_gmt":"2024-04-01T13:05:49","guid":{"rendered":"https:\/\/beautyinstitute.ee\/?post_type=product&#038;p=28155"},"modified":"2026-04-03T00:15:01","modified_gmt":"2026-04-02T21:15:01","slug":"2b-bio-skinrebirth-taastav-geel-30-ml","status":"publish","type":"product","link":"https:\/\/beautyinstitute.ee\/ru\/toode\/2b-bio-skinrebirth-taastav-geel-30-ml\/","title":{"rendered":"2B Bio Skinrebirth Taastav Geel 30 Ml"},"content":{"rendered":"<p><strong>Kiirendab rakkude uuenemist.<\/strong><br \/>\nParandab naha hapnikusisaldust, aeglustab vabade radikaalide aktiivsust, kaitseb, niisutab, parandab epidermise seisundit ning naha \u00fcldist v\u00e4ljan\u00e4gemist.<\/p>\n<p><strong>Peamised aktiivained:<\/strong><br \/>\nPapaia: \u00f5rn koorija,\u00a0antioks\u00fcdant, kaitsev, elustav, s\u00e4ra andev ja rahustav.<br \/>\nTiigerhein: antioks\u00fcdant, kaitsev, taastav, niisutav.<\/p>\n<p>Piimhape (orgaaniline hape AHA): koorib, helendab, niisutab, tugevdab naha kaitsebarj\u00e4\u00e4ri.<\/p>\n<p>Hobukastan: rahustav, p\u00f5letikuvastane, antioks\u00fcdant ja toniseeriv<br \/>\nTomat: antioks\u00fcdant, taastav (regenereeriv), helendav, p\u00f5letikuvastane, niisutav.<br \/>\nGreip: taastab epidermise pH-d, v\u00e4rskendab, helendab, kaitseb, antioks\u00fcdant ja p\u00f5letikuvastane. Muudab naha klaariks ja s\u00e4ravaks<\/p>\n<p>Sidrunhape (looduslik orgaaniline hape): \u00f5rn koorija, soodustab rakkude uuenemist ja parandab naha tekstuuri, antioks\u00fcdant, kaitsev.<\/p>\n<p>Malic acid (\u00f5unhape) looduslik alfa-h\u00fcdroks\u00fchape &#8211; AHA): \u00f5rn koorija, kirgastav, antioks\u00fcdant, niisutaja.<\/p>\n<p>Puuvilja ekstraks\/ sidrun: antioks\u00fcdant, p\u00f5letikuvastane.<\/p>\n<p>Mustikaekstrakt: antioks\u00fcdant, pinguldab nahka ja v\u00e4hendab kortsude ilmnemist, \u00f5rn koorija, kirgastav, niisutav.<\/p>\n<p>Arctium majus(takjas) juureekstrakt: reguleerib rasu tootmist, antiseptiline, rahustav, kaitsev, toniseeriv\/ pinguldav<\/p>\n<p>Perfluorodekaliin: suurendab hapnikutaset nahas, stimuleerib rakkude ainevahetust ja kollageeni tootmist.<\/p>\n<p>Biosaccharide gum-1<strong>:<\/strong> taastav (regenereeriv), p\u00f5letikuvastane, rahustav ja niisutav.<\/p>\n<p>Skvalaan: kaitsev ja niisutav.<\/p>\n<p>Sarkosiin: helendav, \u00f5rn koorija, soodustab kollageeni tootmist.<\/p>\n<p><strong>Tulemused:\u00a0<\/strong>Kohene v\u00e4rskuse tunne, nahk saab taas hingata ja teie tagasi m\u00f5nusa siidise naha. \u00a0Peened jooned ja kortsud v\u00e4henevad, jume muutub klaariks ja s\u00e4ravaks. \u00a0Naudi heaolu, mida pakub sulle hooldatud nahk.<\/p>\n<p><strong>Kasutamine<\/strong>: hommikuti ja \u00f5htuti eelnevalt puhastatud n\u00e4ole<\/p>\n<p>&nbsp;<\/p>\n","protected":false},"excerpt":{"rendered":"<p>Kiirendab rakkude uuenemist. Parandab naha hapnikusisaldust, aeglustab vabade radikaalide aktiivsust, kaitseb, niisutab, parandab epidermise seisundit ning naha \u00fcldist v\u00e4ljan\u00e4gemist. Peamised aktiivained: Papaia: \u00f5rn koorija,\u00a0antioks\u00fcdant, kaitsev, elustav, s\u00e4ra andev ja rahustav. Tiigerhein: antioks\u00fcdant, kaitsev, taastav, niisutav. Piimhape (orgaaniline hape AHA): koorib, helendab, niisutab, tugevdab naha kaitsebarj\u00e4\u00e4ri. Hobukastan: rahustav, p\u00f5letikuvastane, antioks\u00fcdant ja toniseeriv Tomat: antioks\u00fcdant, taastav (regenereeriv), [&hellip;]<\/p>\n","protected":false},"featured_media":28161,"template":"","meta":{"_acf_changed":false},"product_cat":[292,249,15],"product_tag":[],"class_list":["post-28155","product","type-product","status-publish","has-post-thumbnail","hentry","product_cat-2b-bio-beauty","product_cat-seerumid-2","product_cat-muud-tooted"],"acf":[],"yoast_head":"<!-- This site is optimized with the Yoast SEO plugin v25.4 - https:\/\/yoast.com\/wordpress\/plugins\/seo\/ -->\n<title>2B Bio Skinrebirth Taastav Geel 30 Ml - Beauty Institute<\/title>\n<meta name=\"robots\" content=\"index, follow, max-snippet:-1, max-image-preview:large, max-video-preview:-1\" \/>\n<link rel=\"canonical\" href=\"https:\/\/beautyinstitute.ee\/toode\/2b-bio-skinrebirth-taastav-geel-30-ml\/\" \/>\n<meta property=\"og:locale\" content=\"ru_RU\" \/>\n<meta property=\"og:type\" content=\"article\" \/>\n<meta property=\"og:title\" content=\"2B Bio Skinrebirth Taastav Geel 30 Ml - Beauty Institute\" \/>\n<meta property=\"og:description\" content=\"Kiirendab rakkude uuenemist. Parandab naha hapnikusisaldust, aeglustab vabade radikaalide aktiivsust, kaitseb, niisutab, parandab epidermise seisundit ning naha \u00fcldist v\u00e4ljan\u00e4gemist. Peamised aktiivained: Papaia: \u00f5rn koorija,\u00a0antioks\u00fcdant, kaitsev, elustav, s\u00e4ra andev ja rahustav. Tiigerhein: antioks\u00fcdant, kaitsev, taastav, niisutav. Piimhape (orgaaniline hape AHA): koorib, helendab, niisutab, tugevdab naha kaitsebarj\u00e4\u00e4ri. Hobukastan: rahustav, p\u00f5letikuvastane, antioks\u00fcdant ja toniseeriv Tomat: antioks\u00fcdant, taastav (regenereeriv), [&hellip;]\" \/>\n<meta property=\"og:url\" content=\"https:\/\/beautyinstitute.ee\/toode\/2b-bio-skinrebirth-taastav-geel-30-ml\/\" \/>\n<meta property=\"og:site_name\" content=\"Beauty Institute\" \/>\n<meta property=\"article:modified_time\" content=\"2026-04-02T21:15:01+00:00\" \/>\n<meta property=\"og:image\" content=\"https:\/\/beautyinstitute.ee\/wp-content\/uploads\/2024\/04\/2_B_Bio_Beauty_Bio_Skin_Rebirth_30ml_03_fb84f1f016.jpg\" \/>\n\t<meta property=\"og:image:width\" content=\"1024\" \/>\n\t<meta property=\"og:image:height\" content=\"1024\" \/>\n\t<meta property=\"og:image:type\" content=\"image\/jpeg\" \/>\n<meta name=\"twitter:card\" content=\"summary_large_image\" \/>\n<meta name=\"twitter:site\" content=\"@Beauty_Eesti\" \/>\n<meta name=\"twitter:label1\" content=\"\u041f\u0440\u0438\u043c\u0435\u0440\u043d\u043e\u0435 \u0432\u0440\u0435\u043c\u044f \u0434\u043b\u044f \u0447\u0442\u0435\u043d\u0438\u044f\" \/>\n\t<meta name=\"twitter:data1\" content=\"2 \u043c\u0438\u043d\u0443\u0442\u044b\" \/>\n<script type=\"application\/ld+json\" class=\"yoast-schema-graph\">{\"@context\":\"https:\/\/schema.org\",\"@graph\":[{\"@type\":\"WebPage\",\"@id\":\"https:\/\/beautyinstitute.ee\/toode\/2b-bio-skinrebirth-taastav-geel-30-ml\/\",\"url\":\"https:\/\/beautyinstitute.ee\/toode\/2b-bio-skinrebirth-taastav-geel-30-ml\/\",\"name\":\"2B Bio Skinrebirth Taastav Geel 30 Ml - Beauty Institute\",\"isPartOf\":{\"@id\":\"https:\/\/beautyinstitute.ee\/#website\"},\"primaryImageOfPage\":{\"@id\":\"https:\/\/beautyinstitute.ee\/toode\/2b-bio-skinrebirth-taastav-geel-30-ml\/#primaryimage\"},\"image\":{\"@id\":\"https:\/\/beautyinstitute.ee\/toode\/2b-bio-skinrebirth-taastav-geel-30-ml\/#primaryimage\"},\"thumbnailUrl\":\"https:\/\/beautyinstitute.ee\/wp-content\/uploads\/2024\/04\/2_B_Bio_Beauty_Bio_Skin_Rebirth_30ml_03_fb84f1f016.jpg\",\"datePublished\":\"2024-04-01T13:05:49+00:00\",\"dateModified\":\"2026-04-02T21:15:01+00:00\",\"breadcrumb\":{\"@id\":\"https:\/\/beautyinstitute.ee\/toode\/2b-bio-skinrebirth-taastav-geel-30-ml\/#breadcrumb\"},\"inLanguage\":\"ru-RU\",\"potentialAction\":[{\"@type\":\"ReadAction\",\"target\":[\"https:\/\/beautyinstitute.ee\/toode\/2b-bio-skinrebirth-taastav-geel-30-ml\/\"]}]},{\"@type\":\"ImageObject\",\"inLanguage\":\"ru-RU\",\"@id\":\"https:\/\/beautyinstitute.ee\/toode\/2b-bio-skinrebirth-taastav-geel-30-ml\/#primaryimage\",\"url\":\"https:\/\/beautyinstitute.ee\/wp-content\/uploads\/2024\/04\/2_B_Bio_Beauty_Bio_Skin_Rebirth_30ml_03_fb84f1f016.jpg\",\"contentUrl\":\"https:\/\/beautyinstitute.ee\/wp-content\/uploads\/2024\/04\/2_B_Bio_Beauty_Bio_Skin_Rebirth_30ml_03_fb84f1f016.jpg\",\"width\":1024,\"height\":1024},{\"@type\":\"BreadcrumbList\",\"@id\":\"https:\/\/beautyinstitute.ee\/toode\/2b-bio-skinrebirth-taastav-geel-30-ml\/#breadcrumb\",\"itemListElement\":[{\"@type\":\"ListItem\",\"position\":1,\"name\":\"Home\",\"item\":\"https:\/\/beautyinstitute.ee\/ru\/\"},{\"@type\":\"ListItem\",\"position\":2,\"name\":\"E-pood\",\"item\":\"https:\/\/beautyinstitute.ee\/e-pood\/\"},{\"@type\":\"ListItem\",\"position\":3,\"name\":\"2B Bio Skinrebirth Taastav Geel 30 Ml\"}]},{\"@type\":\"WebSite\",\"@id\":\"https:\/\/beautyinstitute.ee\/#website\",\"url\":\"https:\/\/beautyinstitute.ee\/\",\"name\":\"Beauty Institute\",\"description\":\"CNC Cosmetic ametlik maaletooja ja edasim\u00fc\u00fcja Eestis, Soomes, L\u00e4tis. Aparaadikosmeetika, koolitused, kosmeetikatooted.\",\"potentialAction\":[{\"@type\":\"SearchAction\",\"target\":{\"@type\":\"EntryPoint\",\"urlTemplate\":\"https:\/\/beautyinstitute.ee\/?s={search_term_string}\"},\"query-input\":{\"@type\":\"PropertyValueSpecification\",\"valueRequired\":true,\"valueName\":\"search_term_string\"}}],\"inLanguage\":\"ru-RU\"}]}<\/script>\n<!-- \/ Yoast SEO plugin. -->","yoast_head_json":{"title":"2B Bio Skinrebirth Taastav Geel 30 Ml - Beauty Institute","robots":{"index":"index","follow":"follow","max-snippet":"max-snippet:-1","max-image-preview":"max-image-preview:large","max-video-preview":"max-video-preview:-1"},"canonical":"https:\/\/beautyinstitute.ee\/toode\/2b-bio-skinrebirth-taastav-geel-30-ml\/","og_locale":"ru_RU","og_type":"article","og_title":"2B Bio Skinrebirth Taastav Geel 30 Ml - Beauty Institute","og_description":"Kiirendab rakkude uuenemist. Parandab naha hapnikusisaldust, aeglustab vabade radikaalide aktiivsust, kaitseb, niisutab, parandab epidermise seisundit ning naha \u00fcldist v\u00e4ljan\u00e4gemist. Peamised aktiivained: Papaia: \u00f5rn koorija,\u00a0antioks\u00fcdant, kaitsev, elustav, s\u00e4ra andev ja rahustav. Tiigerhein: antioks\u00fcdant, kaitsev, taastav, niisutav. Piimhape (orgaaniline hape AHA): koorib, helendab, niisutab, tugevdab naha kaitsebarj\u00e4\u00e4ri. Hobukastan: rahustav, p\u00f5letikuvastane, antioks\u00fcdant ja toniseeriv Tomat: antioks\u00fcdant, taastav (regenereeriv), [&hellip;]","og_url":"https:\/\/beautyinstitute.ee\/toode\/2b-bio-skinrebirth-taastav-geel-30-ml\/","og_site_name":"Beauty Institute","article_modified_time":"2026-04-02T21:15:01+00:00","og_image":[{"width":1024,"height":1024,"url":"https:\/\/beautyinstitute.ee\/wp-content\/uploads\/2024\/04\/2_B_Bio_Beauty_Bio_Skin_Rebirth_30ml_03_fb84f1f016.jpg","type":"image\/jpeg"}],"twitter_card":"summary_large_image","twitter_site":"@Beauty_Eesti","twitter_misc":{"\u041f\u0440\u0438\u043c\u0435\u0440\u043d\u043e\u0435 \u0432\u0440\u0435\u043c\u044f \u0434\u043b\u044f \u0447\u0442\u0435\u043d\u0438\u044f":"2 \u043c\u0438\u043d\u0443\u0442\u044b"},"schema":{"@context":"https:\/\/schema.org","@graph":[{"@type":"WebPage","@id":"https:\/\/beautyinstitute.ee\/toode\/2b-bio-skinrebirth-taastav-geel-30-ml\/","url":"https:\/\/beautyinstitute.ee\/toode\/2b-bio-skinrebirth-taastav-geel-30-ml\/","name":"2B Bio Skinrebirth Taastav Geel 30 Ml - Beauty Institute","isPartOf":{"@id":"https:\/\/beautyinstitute.ee\/#website"},"primaryImageOfPage":{"@id":"https:\/\/beautyinstitute.ee\/toode\/2b-bio-skinrebirth-taastav-geel-30-ml\/#primaryimage"},"image":{"@id":"https:\/\/beautyinstitute.ee\/toode\/2b-bio-skinrebirth-taastav-geel-30-ml\/#primaryimage"},"thumbnailUrl":"https:\/\/beautyinstitute.ee\/wp-content\/uploads\/2024\/04\/2_B_Bio_Beauty_Bio_Skin_Rebirth_30ml_03_fb84f1f016.jpg","datePublished":"2024-04-01T13:05:49+00:00","dateModified":"2026-04-02T21:15:01+00:00","breadcrumb":{"@id":"https:\/\/beautyinstitute.ee\/toode\/2b-bio-skinrebirth-taastav-geel-30-ml\/#breadcrumb"},"inLanguage":"ru-RU","potentialAction":[{"@type":"ReadAction","target":["https:\/\/beautyinstitute.ee\/toode\/2b-bio-skinrebirth-taastav-geel-30-ml\/"]}]},{"@type":"ImageObject","inLanguage":"ru-RU","@id":"https:\/\/beautyinstitute.ee\/toode\/2b-bio-skinrebirth-taastav-geel-30-ml\/#primaryimage","url":"https:\/\/beautyinstitute.ee\/wp-content\/uploads\/2024\/04\/2_B_Bio_Beauty_Bio_Skin_Rebirth_30ml_03_fb84f1f016.jpg","contentUrl":"https:\/\/beautyinstitute.ee\/wp-content\/uploads\/2024\/04\/2_B_Bio_Beauty_Bio_Skin_Rebirth_30ml_03_fb84f1f016.jpg","width":1024,"height":1024},{"@type":"BreadcrumbList","@id":"https:\/\/beautyinstitute.ee\/toode\/2b-bio-skinrebirth-taastav-geel-30-ml\/#breadcrumb","itemListElement":[{"@type":"ListItem","position":1,"name":"Home","item":"https:\/\/beautyinstitute.ee\/ru\/"},{"@type":"ListItem","position":2,"name":"E-pood","item":"https:\/\/beautyinstitute.ee\/e-pood\/"},{"@type":"ListItem","position":3,"name":"2B Bio Skinrebirth Taastav Geel 30 Ml"}]},{"@type":"WebSite","@id":"https:\/\/beautyinstitute.ee\/#website","url":"https:\/\/beautyinstitute.ee\/","name":"Beauty Institute","description":"CNC Cosmetic ametlik maaletooja ja edasim\u00fc\u00fcja Eestis, Soomes, L\u00e4tis. Aparaadikosmeetika, koolitused, kosmeetikatooted.","potentialAction":[{"@type":"SearchAction","target":{"@type":"EntryPoint","urlTemplate":"https:\/\/beautyinstitute.ee\/?s={search_term_string}"},"query-input":{"@type":"PropertyValueSpecification","valueRequired":true,"valueName":"search_term_string"}}],"inLanguage":"ru-RU"}]}},"_links":{"self":[{"href":"https:\/\/beautyinstitute.ee\/ru\/wp-json\/wp\/v2\/product\/28155","targetHints":{"allow":["GET"]}}],"collection":[{"href":"https:\/\/beautyinstitute.ee\/ru\/wp-json\/wp\/v2\/product"}],"about":[{"href":"https:\/\/beautyinstitute.ee\/ru\/wp-json\/wp\/v2\/types\/product"}],"wp:featuredmedia":[{"embeddable":true,"href":"https:\/\/beautyinstitute.ee\/ru\/wp-json\/wp\/v2\/media\/28161"}],"wp:attachment":[{"href":"https:\/\/beautyinstitute.ee\/ru\/wp-json\/wp\/v2\/media?parent=28155"}],"wp:term":[{"taxonomy":"product_cat","embeddable":true,"href":"https:\/\/beautyinstitute.ee\/ru\/wp-json\/wp\/v2\/product_cat?post=28155"},{"taxonomy":"product_tag","embeddable":true,"href":"https:\/\/beautyinstitute.ee\/ru\/wp-json\/wp\/v2\/product_tag?post=28155"}],"curies":[{"name":"wp","href":"https:\/\/api.w.org\/{rel}","templated":true}]}}