{"id":2820,"date":"2019-01-24T23:26:30","date_gmt":"2019-01-24T21:26:30","guid":{"rendered":"https:\/\/beautyinstitute.ee\/?post_type=product&#038;p=2820"},"modified":"2026-04-15T10:45:46","modified_gmt":"2026-04-15T07:45:46","slug":"mimik-lift","status":"publish","type":"product","link":"https:\/\/beautyinstitute.ee\/ru\/toode\/mimik-lift\/","title":{"rendered":"Mimik Lift"},"content":{"rendered":"<p><strong>Innovaatilise toimeainega kontsentraat miimilistele kortsudele.<\/strong><\/p>\n<p>Baseerub 15 % puhtal argireline ekstraktil. Olemuselt sarnaneb aine Botoliniga. Aine ei tekita toksilist efekti. Argireline l\u00f5dvestab tugevalt miimilist lihast. Kombineerituna puuviljahappete ning mikrodermabrasiooni protseduuriga saavutad silmn\u00e4htava efekti. Ainult salongis kasutamiseks. Teised Mimik Lift tooted, sisaldavad 10 % Argereline ekstrakti ja on m\u00f5eldus kasutamiseks miimiliste kortsude ellimineerimiseks. Kasutada suu\u00fcmbruses, silma\u00fcmbruses, otsaesisel. Kasutatakse p\u00e4eva v\u00f5i \u00f6\u00f6kreemi alla. Masseerida kortsukesi niiskete s\u00f5rmedega ja geeliga kuni geeli t\u00e4ieliku imendumiseni. Tulemused n\u00e4htavad juba n\u00e4dalase kasutamise j\u00e4rel.<\/p>\n<p><strong>Eelised:<\/strong><\/p>\n<ul>\n<li>h\u00fcaluroonhape t\u00e4iendab naha niiskuse varusid<\/li>\n<li>miimilised kortsud v\u00e4henevad selgelt kuni 50%<\/li>\n<\/ul>\n<p><strong>Sobilik:<\/strong> k\u00f5ikidele nahat\u00fc\u00fcpidele, millel on miimilised kortsud.<\/p>\n<p><strong>Toimeained:<\/strong> argireline, h\u00fcaluroonhape, Irish moss powder.<\/p>\n<p><strong>Nipp:<\/strong> Sobib ideaalselt lisahoolduseks Moments of Pearl Feel good kreemiga.<\/p>\n","protected":false},"excerpt":{"rendered":"<p>Innovaatilise toimeainega kontsentraat miimilistele kortsudele. Baseerub 15 % puhtal argireline ekstraktil. Olemuselt sarnaneb aine Botoliniga. Aine ei tekita toksilist efekti. Argireline l\u00f5dvestab tugevalt miimilist lihast. Kombineerituna puuviljahappete ning mikrodermabrasiooni protseduuriga saavutad silmn\u00e4htava efekti. Ainult salongis kasutamiseks. Teised Mimik Lift tooted, sisaldavad 10 % Argereline ekstrakti ja on m\u00f5eldus kasutamiseks miimiliste kortsude ellimineerimiseks. Kasutada suu\u00fcmbruses, silma\u00fcmbruses, [&hellip;]<\/p>\n","protected":false},"featured_media":11562,"template":"","meta":{"_acf_changed":false},"product_cat":[249,114,118],"product_tag":[],"class_list":["post-2820","product","type-product","status-publish","has-post-thumbnail","hentry","product_cat-seerumid-2","product_cat-tootesarjad","product_cat-aesthetic-world"],"acf":[],"yoast_head":"<!-- This site is optimized with the Yoast SEO plugin v25.4 - https:\/\/yoast.com\/wordpress\/plugins\/seo\/ -->\n<title>Mimik Lift - Beauty Institute<\/title>\n<meta name=\"robots\" content=\"index, follow, max-snippet:-1, max-image-preview:large, max-video-preview:-1\" \/>\n<link rel=\"canonical\" href=\"https:\/\/beautyinstitute.ee\/toode\/mimik-lift\/\" \/>\n<meta property=\"og:locale\" content=\"ru_RU\" \/>\n<meta property=\"og:type\" content=\"article\" \/>\n<meta property=\"og:title\" content=\"Mimik Lift - Beauty Institute\" \/>\n<meta property=\"og:description\" content=\"Innovaatilise toimeainega kontsentraat miimilistele kortsudele. Baseerub 15 % puhtal argireline ekstraktil. Olemuselt sarnaneb aine Botoliniga. Aine ei tekita toksilist efekti. Argireline l\u00f5dvestab tugevalt miimilist lihast. Kombineerituna puuviljahappete ning mikrodermabrasiooni protseduuriga saavutad silmn\u00e4htava efekti. Ainult salongis kasutamiseks. Teised Mimik Lift tooted, sisaldavad 10 % Argereline ekstrakti ja on m\u00f5eldus kasutamiseks miimiliste kortsude ellimineerimiseks. Kasutada suu\u00fcmbruses, silma\u00fcmbruses, [&hellip;]\" \/>\n<meta property=\"og:url\" content=\"https:\/\/beautyinstitute.ee\/toode\/mimik-lift\/\" \/>\n<meta property=\"og:site_name\" content=\"Beauty Institute\" \/>\n<meta property=\"article:modified_time\" content=\"2026-04-15T07:45:46+00:00\" \/>\n<meta property=\"og:image\" content=\"https:\/\/beautyinstitute.ee\/wp-content\/uploads\/2019\/01\/mimik-lift.jpg\" \/>\n\t<meta property=\"og:image:width\" content=\"750\" \/>\n\t<meta property=\"og:image:height\" content=\"711\" \/>\n\t<meta property=\"og:image:type\" content=\"image\/jpeg\" \/>\n<meta name=\"twitter:card\" content=\"summary_large_image\" \/>\n<meta name=\"twitter:site\" content=\"@Beauty_Eesti\" \/>\n<meta name=\"twitter:label1\" content=\"\u041f\u0440\u0438\u043c\u0435\u0440\u043d\u043e\u0435 \u0432\u0440\u0435\u043c\u044f \u0434\u043b\u044f \u0447\u0442\u0435\u043d\u0438\u044f\" \/>\n\t<meta name=\"twitter:data1\" content=\"1 \u043c\u0438\u043d\u0443\u0442\u0430\" \/>\n<script type=\"application\/ld+json\" class=\"yoast-schema-graph\">{\"@context\":\"https:\/\/schema.org\",\"@graph\":[{\"@type\":\"WebPage\",\"@id\":\"https:\/\/beautyinstitute.ee\/toode\/mimik-lift\/\",\"url\":\"https:\/\/beautyinstitute.ee\/toode\/mimik-lift\/\",\"name\":\"Mimik Lift - Beauty Institute\",\"isPartOf\":{\"@id\":\"https:\/\/beautyinstitute.ee\/#website\"},\"primaryImageOfPage\":{\"@id\":\"https:\/\/beautyinstitute.ee\/toode\/mimik-lift\/#primaryimage\"},\"image\":{\"@id\":\"https:\/\/beautyinstitute.ee\/toode\/mimik-lift\/#primaryimage\"},\"thumbnailUrl\":\"https:\/\/beautyinstitute.ee\/wp-content\/uploads\/2019\/01\/mimik-lift.jpg\",\"datePublished\":\"2019-01-24T21:26:30+00:00\",\"dateModified\":\"2026-04-15T07:45:46+00:00\",\"breadcrumb\":{\"@id\":\"https:\/\/beautyinstitute.ee\/toode\/mimik-lift\/#breadcrumb\"},\"inLanguage\":\"ru-RU\",\"potentialAction\":[{\"@type\":\"ReadAction\",\"target\":[\"https:\/\/beautyinstitute.ee\/toode\/mimik-lift\/\"]}]},{\"@type\":\"ImageObject\",\"inLanguage\":\"ru-RU\",\"@id\":\"https:\/\/beautyinstitute.ee\/toode\/mimik-lift\/#primaryimage\",\"url\":\"https:\/\/beautyinstitute.ee\/wp-content\/uploads\/2019\/01\/mimik-lift.jpg\",\"contentUrl\":\"https:\/\/beautyinstitute.ee\/wp-content\/uploads\/2019\/01\/mimik-lift.jpg\",\"width\":750,\"height\":711},{\"@type\":\"BreadcrumbList\",\"@id\":\"https:\/\/beautyinstitute.ee\/toode\/mimik-lift\/#breadcrumb\",\"itemListElement\":[{\"@type\":\"ListItem\",\"position\":1,\"name\":\"Home\",\"item\":\"https:\/\/beautyinstitute.ee\/ru\/\"},{\"@type\":\"ListItem\",\"position\":2,\"name\":\"E-pood\",\"item\":\"https:\/\/beautyinstitute.ee\/e-pood\/\"},{\"@type\":\"ListItem\",\"position\":3,\"name\":\"Mimik Lift\"}]},{\"@type\":\"WebSite\",\"@id\":\"https:\/\/beautyinstitute.ee\/#website\",\"url\":\"https:\/\/beautyinstitute.ee\/\",\"name\":\"Beauty Institute\",\"description\":\"CNC Cosmetic ametlik maaletooja ja edasim\u00fc\u00fcja Eestis, Soomes, L\u00e4tis. Aparaadikosmeetika, koolitused, kosmeetikatooted.\",\"potentialAction\":[{\"@type\":\"SearchAction\",\"target\":{\"@type\":\"EntryPoint\",\"urlTemplate\":\"https:\/\/beautyinstitute.ee\/?s={search_term_string}\"},\"query-input\":{\"@type\":\"PropertyValueSpecification\",\"valueRequired\":true,\"valueName\":\"search_term_string\"}}],\"inLanguage\":\"ru-RU\"}]}<\/script>\n<!-- \/ Yoast SEO plugin. -->","yoast_head_json":{"title":"Mimik Lift - Beauty Institute","robots":{"index":"index","follow":"follow","max-snippet":"max-snippet:-1","max-image-preview":"max-image-preview:large","max-video-preview":"max-video-preview:-1"},"canonical":"https:\/\/beautyinstitute.ee\/toode\/mimik-lift\/","og_locale":"ru_RU","og_type":"article","og_title":"Mimik Lift - Beauty Institute","og_description":"Innovaatilise toimeainega kontsentraat miimilistele kortsudele. Baseerub 15 % puhtal argireline ekstraktil. Olemuselt sarnaneb aine Botoliniga. Aine ei tekita toksilist efekti. Argireline l\u00f5dvestab tugevalt miimilist lihast. Kombineerituna puuviljahappete ning mikrodermabrasiooni protseduuriga saavutad silmn\u00e4htava efekti. Ainult salongis kasutamiseks. Teised Mimik Lift tooted, sisaldavad 10 % Argereline ekstrakti ja on m\u00f5eldus kasutamiseks miimiliste kortsude ellimineerimiseks. Kasutada suu\u00fcmbruses, silma\u00fcmbruses, [&hellip;]","og_url":"https:\/\/beautyinstitute.ee\/toode\/mimik-lift\/","og_site_name":"Beauty Institute","article_modified_time":"2026-04-15T07:45:46+00:00","og_image":[{"width":750,"height":711,"url":"https:\/\/beautyinstitute.ee\/wp-content\/uploads\/2019\/01\/mimik-lift.jpg","type":"image\/jpeg"}],"twitter_card":"summary_large_image","twitter_site":"@Beauty_Eesti","twitter_misc":{"\u041f\u0440\u0438\u043c\u0435\u0440\u043d\u043e\u0435 \u0432\u0440\u0435\u043c\u044f \u0434\u043b\u044f \u0447\u0442\u0435\u043d\u0438\u044f":"1 \u043c\u0438\u043d\u0443\u0442\u0430"},"schema":{"@context":"https:\/\/schema.org","@graph":[{"@type":"WebPage","@id":"https:\/\/beautyinstitute.ee\/toode\/mimik-lift\/","url":"https:\/\/beautyinstitute.ee\/toode\/mimik-lift\/","name":"Mimik Lift - Beauty Institute","isPartOf":{"@id":"https:\/\/beautyinstitute.ee\/#website"},"primaryImageOfPage":{"@id":"https:\/\/beautyinstitute.ee\/toode\/mimik-lift\/#primaryimage"},"image":{"@id":"https:\/\/beautyinstitute.ee\/toode\/mimik-lift\/#primaryimage"},"thumbnailUrl":"https:\/\/beautyinstitute.ee\/wp-content\/uploads\/2019\/01\/mimik-lift.jpg","datePublished":"2019-01-24T21:26:30+00:00","dateModified":"2026-04-15T07:45:46+00:00","breadcrumb":{"@id":"https:\/\/beautyinstitute.ee\/toode\/mimik-lift\/#breadcrumb"},"inLanguage":"ru-RU","potentialAction":[{"@type":"ReadAction","target":["https:\/\/beautyinstitute.ee\/toode\/mimik-lift\/"]}]},{"@type":"ImageObject","inLanguage":"ru-RU","@id":"https:\/\/beautyinstitute.ee\/toode\/mimik-lift\/#primaryimage","url":"https:\/\/beautyinstitute.ee\/wp-content\/uploads\/2019\/01\/mimik-lift.jpg","contentUrl":"https:\/\/beautyinstitute.ee\/wp-content\/uploads\/2019\/01\/mimik-lift.jpg","width":750,"height":711},{"@type":"BreadcrumbList","@id":"https:\/\/beautyinstitute.ee\/toode\/mimik-lift\/#breadcrumb","itemListElement":[{"@type":"ListItem","position":1,"name":"Home","item":"https:\/\/beautyinstitute.ee\/ru\/"},{"@type":"ListItem","position":2,"name":"E-pood","item":"https:\/\/beautyinstitute.ee\/e-pood\/"},{"@type":"ListItem","position":3,"name":"Mimik Lift"}]},{"@type":"WebSite","@id":"https:\/\/beautyinstitute.ee\/#website","url":"https:\/\/beautyinstitute.ee\/","name":"Beauty Institute","description":"CNC Cosmetic ametlik maaletooja ja edasim\u00fc\u00fcja Eestis, Soomes, L\u00e4tis. Aparaadikosmeetika, koolitused, kosmeetikatooted.","potentialAction":[{"@type":"SearchAction","target":{"@type":"EntryPoint","urlTemplate":"https:\/\/beautyinstitute.ee\/?s={search_term_string}"},"query-input":{"@type":"PropertyValueSpecification","valueRequired":true,"valueName":"search_term_string"}}],"inLanguage":"ru-RU"}]}},"_links":{"self":[{"href":"https:\/\/beautyinstitute.ee\/ru\/wp-json\/wp\/v2\/product\/2820","targetHints":{"allow":["GET"]}}],"collection":[{"href":"https:\/\/beautyinstitute.ee\/ru\/wp-json\/wp\/v2\/product"}],"about":[{"href":"https:\/\/beautyinstitute.ee\/ru\/wp-json\/wp\/v2\/types\/product"}],"wp:featuredmedia":[{"embeddable":true,"href":"https:\/\/beautyinstitute.ee\/ru\/wp-json\/wp\/v2\/media\/11562"}],"wp:attachment":[{"href":"https:\/\/beautyinstitute.ee\/ru\/wp-json\/wp\/v2\/media?parent=2820"}],"wp:term":[{"taxonomy":"product_cat","embeddable":true,"href":"https:\/\/beautyinstitute.ee\/ru\/wp-json\/wp\/v2\/product_cat?post=2820"},{"taxonomy":"product_tag","embeddable":true,"href":"https:\/\/beautyinstitute.ee\/ru\/wp-json\/wp\/v2\/product_tag?post=2820"}],"curies":[{"name":"wp","href":"https:\/\/api.w.org\/{rel}","templated":true}]}}