{"id":2830,"date":"2019-01-24T23:37:57","date_gmt":"2019-01-24T21:37:57","guid":{"rendered":"https:\/\/beautyinstitute.ee\/?post_type=product&#038;p=2830"},"modified":"2026-04-06T14:06:37","modified_gmt":"2026-04-06T11:06:37","slug":"scar-defense-care","status":"publish","type":"product","link":"https:\/\/beautyinstitute.ee\/ru\/toode\/scar-defense-care\/","title":{"rendered":"Scar Defense Care"},"content":{"rendered":"<p><strong>Armi hoolduskreem n\u00e4ole ja kehale.<\/strong><\/p>\n<p>Delikaatse koostisega ravipalsam n\u00e4o ja kehapiirkonna armide raviks omab tripleactive toimeaineid ja m\u00f5ju. Toimeained on otse looduse s\u00fcdamest. Vitamiin B5 silendab ja ravib p\u00f5letikke ning taastab v\u00e4ikeseid haavu ja marrastusi, ka aknearmid jne. Punase p\u00e4evak\u00fcbara ekstrakt tugevdab haava immuns\u00fcsteemi. Centella Asiatica aitab kaasa kollageeni s\u00fcnteesile, mis omakorda aitab v\u00e4ltida ja parandada inetuid arme. See palsam aitab sind haavade, sissel\u00f5igete, armide, \u00e4rritunud nahap\u00f5letikest tingitud armide ja nn. punnide pigistamisest tingitud armide ravil. Toode on meditsiiniline ja sobilik esmaabi kappi. Soovitatav kasutada akneravi ajal, et v\u00e4ltida armide teket. Kasuta toodet puhtale nahale, masseeri \u00f5rnalt. V\u00f5ib kasutada mitu korda p\u00e4evas.<\/p>\n<p><strong>Eelised:<\/strong><\/p>\n<ul>\n<li>arme ja haavu saab ravida ning tasandada<\/li>\n<li>kare ja l\u00f5henenud nahk normaliseerub<\/li>\n<li>kiire ja usaldusv\u00e4\u00e4rne h\u00e4daabi<\/li>\n<\/ul>\n<p><strong>Sobilik:<\/strong> k\u00f5ikidele nahat\u00fc\u00fcpidele.<\/p>\n<p><strong>Toimeained:<\/strong> panthenool, punase p\u00e4evak\u00fcbara ekstrakt, Centella asiatica.<\/p>\n","protected":false},"excerpt":{"rendered":"<p>Armi hoolduskreem n\u00e4ole ja kehale. Delikaatse koostisega ravipalsam n\u00e4o ja kehapiirkonna armide raviks omab tripleactive toimeaineid ja m\u00f5ju. Toimeained on otse looduse s\u00fcdamest. Vitamiin B5 silendab ja ravib p\u00f5letikke ning taastab v\u00e4ikeseid haavu ja marrastusi, ka aknearmid jne. Punase p\u00e4evak\u00fcbara ekstrakt tugevdab haava immuns\u00fcsteemi. Centella Asiatica aitab kaasa kollageeni s\u00fcnteesile, mis omakorda aitab v\u00e4ltida ja [&hellip;]<\/p>\n","protected":false},"featured_media":11554,"template":"","meta":{"_acf_changed":false},"product_cat":[144,114,118,128],"product_tag":[],"class_list":["post-2830","product","type-product","status-publish","has-post-thumbnail","hentry","product_cat-eritooted","product_cat-tootesarjad","product_cat-aesthetic-world","product_cat-microsilver"],"acf":[],"yoast_head":"<!-- This site is optimized with the Yoast SEO plugin v25.4 - https:\/\/yoast.com\/wordpress\/plugins\/seo\/ -->\n<title>Scar Defense Care - Beauty Institute<\/title>\n<meta name=\"robots\" content=\"index, follow, max-snippet:-1, max-image-preview:large, max-video-preview:-1\" \/>\n<link rel=\"canonical\" href=\"https:\/\/beautyinstitute.ee\/toode\/scar-defense-care\/\" \/>\n<meta property=\"og:locale\" content=\"ru_RU\" \/>\n<meta property=\"og:type\" content=\"article\" \/>\n<meta property=\"og:title\" content=\"Scar Defense Care - Beauty Institute\" \/>\n<meta property=\"og:description\" content=\"Armi hoolduskreem n\u00e4ole ja kehale. Delikaatse koostisega ravipalsam n\u00e4o ja kehapiirkonna armide raviks omab tripleactive toimeaineid ja m\u00f5ju. Toimeained on otse looduse s\u00fcdamest. Vitamiin B5 silendab ja ravib p\u00f5letikke ning taastab v\u00e4ikeseid haavu ja marrastusi, ka aknearmid jne. Punase p\u00e4evak\u00fcbara ekstrakt tugevdab haava immuns\u00fcsteemi. Centella Asiatica aitab kaasa kollageeni s\u00fcnteesile, mis omakorda aitab v\u00e4ltida ja [&hellip;]\" \/>\n<meta property=\"og:url\" content=\"https:\/\/beautyinstitute.ee\/toode\/scar-defense-care\/\" \/>\n<meta property=\"og:site_name\" content=\"Beauty Institute\" \/>\n<meta property=\"article:modified_time\" content=\"2026-04-06T11:06:37+00:00\" \/>\n<meta property=\"og:image\" content=\"https:\/\/beautyinstitute.ee\/wp-content\/uploads\/2019\/01\/scar-defense.jpg\" \/>\n\t<meta property=\"og:image:width\" content=\"750\" \/>\n\t<meta property=\"og:image:height\" content=\"711\" \/>\n\t<meta property=\"og:image:type\" content=\"image\/jpeg\" \/>\n<meta name=\"twitter:card\" content=\"summary_large_image\" \/>\n<meta name=\"twitter:site\" content=\"@Beauty_Eesti\" \/>\n<meta name=\"twitter:label1\" content=\"\u041f\u0440\u0438\u043c\u0435\u0440\u043d\u043e\u0435 \u0432\u0440\u0435\u043c\u044f \u0434\u043b\u044f \u0447\u0442\u0435\u043d\u0438\u044f\" \/>\n\t<meta name=\"twitter:data1\" content=\"1 \u043c\u0438\u043d\u0443\u0442\u0430\" \/>\n<script type=\"application\/ld+json\" class=\"yoast-schema-graph\">{\"@context\":\"https:\/\/schema.org\",\"@graph\":[{\"@type\":\"WebPage\",\"@id\":\"https:\/\/beautyinstitute.ee\/toode\/scar-defense-care\/\",\"url\":\"https:\/\/beautyinstitute.ee\/toode\/scar-defense-care\/\",\"name\":\"Scar Defense Care - Beauty Institute\",\"isPartOf\":{\"@id\":\"https:\/\/beautyinstitute.ee\/#website\"},\"primaryImageOfPage\":{\"@id\":\"https:\/\/beautyinstitute.ee\/toode\/scar-defense-care\/#primaryimage\"},\"image\":{\"@id\":\"https:\/\/beautyinstitute.ee\/toode\/scar-defense-care\/#primaryimage\"},\"thumbnailUrl\":\"https:\/\/beautyinstitute.ee\/wp-content\/uploads\/2019\/01\/scar-defense.jpg\",\"datePublished\":\"2019-01-24T21:37:57+00:00\",\"dateModified\":\"2026-04-06T11:06:37+00:00\",\"breadcrumb\":{\"@id\":\"https:\/\/beautyinstitute.ee\/toode\/scar-defense-care\/#breadcrumb\"},\"inLanguage\":\"ru-RU\",\"potentialAction\":[{\"@type\":\"ReadAction\",\"target\":[\"https:\/\/beautyinstitute.ee\/toode\/scar-defense-care\/\"]}]},{\"@type\":\"ImageObject\",\"inLanguage\":\"ru-RU\",\"@id\":\"https:\/\/beautyinstitute.ee\/toode\/scar-defense-care\/#primaryimage\",\"url\":\"https:\/\/beautyinstitute.ee\/wp-content\/uploads\/2019\/01\/scar-defense.jpg\",\"contentUrl\":\"https:\/\/beautyinstitute.ee\/wp-content\/uploads\/2019\/01\/scar-defense.jpg\",\"width\":750,\"height\":711},{\"@type\":\"BreadcrumbList\",\"@id\":\"https:\/\/beautyinstitute.ee\/toode\/scar-defense-care\/#breadcrumb\",\"itemListElement\":[{\"@type\":\"ListItem\",\"position\":1,\"name\":\"Home\",\"item\":\"https:\/\/beautyinstitute.ee\/ru\/\"},{\"@type\":\"ListItem\",\"position\":2,\"name\":\"E-pood\",\"item\":\"https:\/\/beautyinstitute.ee\/e-pood\/\"},{\"@type\":\"ListItem\",\"position\":3,\"name\":\"Scar Defense Care\"}]},{\"@type\":\"WebSite\",\"@id\":\"https:\/\/beautyinstitute.ee\/#website\",\"url\":\"https:\/\/beautyinstitute.ee\/\",\"name\":\"Beauty Institute\",\"description\":\"CNC Cosmetic ametlik maaletooja ja edasim\u00fc\u00fcja Eestis, Soomes, L\u00e4tis. Aparaadikosmeetika, koolitused, kosmeetikatooted.\",\"potentialAction\":[{\"@type\":\"SearchAction\",\"target\":{\"@type\":\"EntryPoint\",\"urlTemplate\":\"https:\/\/beautyinstitute.ee\/?s={search_term_string}\"},\"query-input\":{\"@type\":\"PropertyValueSpecification\",\"valueRequired\":true,\"valueName\":\"search_term_string\"}}],\"inLanguage\":\"ru-RU\"}]}<\/script>\n<!-- \/ Yoast SEO plugin. -->","yoast_head_json":{"title":"Scar Defense Care - Beauty Institute","robots":{"index":"index","follow":"follow","max-snippet":"max-snippet:-1","max-image-preview":"max-image-preview:large","max-video-preview":"max-video-preview:-1"},"canonical":"https:\/\/beautyinstitute.ee\/toode\/scar-defense-care\/","og_locale":"ru_RU","og_type":"article","og_title":"Scar Defense Care - Beauty Institute","og_description":"Armi hoolduskreem n\u00e4ole ja kehale. Delikaatse koostisega ravipalsam n\u00e4o ja kehapiirkonna armide raviks omab tripleactive toimeaineid ja m\u00f5ju. Toimeained on otse looduse s\u00fcdamest. Vitamiin B5 silendab ja ravib p\u00f5letikke ning taastab v\u00e4ikeseid haavu ja marrastusi, ka aknearmid jne. Punase p\u00e4evak\u00fcbara ekstrakt tugevdab haava immuns\u00fcsteemi. Centella Asiatica aitab kaasa kollageeni s\u00fcnteesile, mis omakorda aitab v\u00e4ltida ja [&hellip;]","og_url":"https:\/\/beautyinstitute.ee\/toode\/scar-defense-care\/","og_site_name":"Beauty Institute","article_modified_time":"2026-04-06T11:06:37+00:00","og_image":[{"width":750,"height":711,"url":"https:\/\/beautyinstitute.ee\/wp-content\/uploads\/2019\/01\/scar-defense.jpg","type":"image\/jpeg"}],"twitter_card":"summary_large_image","twitter_site":"@Beauty_Eesti","twitter_misc":{"\u041f\u0440\u0438\u043c\u0435\u0440\u043d\u043e\u0435 \u0432\u0440\u0435\u043c\u044f \u0434\u043b\u044f \u0447\u0442\u0435\u043d\u0438\u044f":"1 \u043c\u0438\u043d\u0443\u0442\u0430"},"schema":{"@context":"https:\/\/schema.org","@graph":[{"@type":"WebPage","@id":"https:\/\/beautyinstitute.ee\/toode\/scar-defense-care\/","url":"https:\/\/beautyinstitute.ee\/toode\/scar-defense-care\/","name":"Scar Defense Care - Beauty Institute","isPartOf":{"@id":"https:\/\/beautyinstitute.ee\/#website"},"primaryImageOfPage":{"@id":"https:\/\/beautyinstitute.ee\/toode\/scar-defense-care\/#primaryimage"},"image":{"@id":"https:\/\/beautyinstitute.ee\/toode\/scar-defense-care\/#primaryimage"},"thumbnailUrl":"https:\/\/beautyinstitute.ee\/wp-content\/uploads\/2019\/01\/scar-defense.jpg","datePublished":"2019-01-24T21:37:57+00:00","dateModified":"2026-04-06T11:06:37+00:00","breadcrumb":{"@id":"https:\/\/beautyinstitute.ee\/toode\/scar-defense-care\/#breadcrumb"},"inLanguage":"ru-RU","potentialAction":[{"@type":"ReadAction","target":["https:\/\/beautyinstitute.ee\/toode\/scar-defense-care\/"]}]},{"@type":"ImageObject","inLanguage":"ru-RU","@id":"https:\/\/beautyinstitute.ee\/toode\/scar-defense-care\/#primaryimage","url":"https:\/\/beautyinstitute.ee\/wp-content\/uploads\/2019\/01\/scar-defense.jpg","contentUrl":"https:\/\/beautyinstitute.ee\/wp-content\/uploads\/2019\/01\/scar-defense.jpg","width":750,"height":711},{"@type":"BreadcrumbList","@id":"https:\/\/beautyinstitute.ee\/toode\/scar-defense-care\/#breadcrumb","itemListElement":[{"@type":"ListItem","position":1,"name":"Home","item":"https:\/\/beautyinstitute.ee\/ru\/"},{"@type":"ListItem","position":2,"name":"E-pood","item":"https:\/\/beautyinstitute.ee\/e-pood\/"},{"@type":"ListItem","position":3,"name":"Scar Defense Care"}]},{"@type":"WebSite","@id":"https:\/\/beautyinstitute.ee\/#website","url":"https:\/\/beautyinstitute.ee\/","name":"Beauty Institute","description":"CNC Cosmetic ametlik maaletooja ja edasim\u00fc\u00fcja Eestis, Soomes, L\u00e4tis. Aparaadikosmeetika, koolitused, kosmeetikatooted.","potentialAction":[{"@type":"SearchAction","target":{"@type":"EntryPoint","urlTemplate":"https:\/\/beautyinstitute.ee\/?s={search_term_string}"},"query-input":{"@type":"PropertyValueSpecification","valueRequired":true,"valueName":"search_term_string"}}],"inLanguage":"ru-RU"}]}},"_links":{"self":[{"href":"https:\/\/beautyinstitute.ee\/ru\/wp-json\/wp\/v2\/product\/2830","targetHints":{"allow":["GET"]}}],"collection":[{"href":"https:\/\/beautyinstitute.ee\/ru\/wp-json\/wp\/v2\/product"}],"about":[{"href":"https:\/\/beautyinstitute.ee\/ru\/wp-json\/wp\/v2\/types\/product"}],"wp:featuredmedia":[{"embeddable":true,"href":"https:\/\/beautyinstitute.ee\/ru\/wp-json\/wp\/v2\/media\/11554"}],"wp:attachment":[{"href":"https:\/\/beautyinstitute.ee\/ru\/wp-json\/wp\/v2\/media?parent=2830"}],"wp:term":[{"taxonomy":"product_cat","embeddable":true,"href":"https:\/\/beautyinstitute.ee\/ru\/wp-json\/wp\/v2\/product_cat?post=2830"},{"taxonomy":"product_tag","embeddable":true,"href":"https:\/\/beautyinstitute.ee\/ru\/wp-json\/wp\/v2\/product_tag?post=2830"}],"curies":[{"name":"wp","href":"https:\/\/api.w.org\/{rel}","templated":true}]}}