{"id":2840,"date":"2019-01-24T23:56:18","date_gmt":"2019-01-24T21:56:18","guid":{"rendered":"https:\/\/beautyinstitute.ee\/?post_type=product&#038;p=2840"},"modified":"2026-04-27T15:07:37","modified_gmt":"2026-04-27T12:07:37","slug":"age-defense-hyaluron-gatuline-57ml","status":"publish","type":"product","link":"https:\/\/beautyinstitute.ee\/ru\/toode\/age-defense-hyaluron-gatuline-57ml\/","title":{"rendered":"Age Defense Hyaluron\/Gatuline 5*7Ml"},"content":{"rendered":"<p><strong>Spetsiaalne mesoporatsiooni kontsentraat h\u00fcaluroonhappe ja gatuliiniga.<\/strong><\/p>\n<p>Suurendab niiskustasakaalu naha alumistes kihtides. Toetab ja tugevdab naha alumist tugikihti. Aitab t\u00e4ita kortsup\u00f5hja ja t\u00f5stab seda \u00fclesse. Kortsud v\u00e4henevad silmn\u00e4htavalt. Nahk on peale protseduuri v\u00e4rskem, siledam noorem. Gatuline l\u00f5dvestab miimilisi lihaseid. Aitab toetada ja t\u00e4ita kortsup\u00f5hja.<\/p>\n<p><strong>Eelised:\u00a0<\/strong><\/p>\n<ul>\n<li>suurem niiskuse sidumisv\u00f5ime<\/li>\n<li>silub miimilisi kortse<\/li>\n<\/ul>\n<p><strong>Sobilik:<\/strong> regenereerimist vajavale nahale.<\/p>\n<p><strong>Toimeained:<\/strong> h\u00fcaluroonhape, parakressi ekstrakt.<\/p>\n","protected":false},"excerpt":{"rendered":"<p>Spetsiaalne mesoporatsiooni kontsentraat h\u00fcaluroonhappe ja gatuliiniga. Suurendab niiskustasakaalu naha alumistes kihtides. Toetab ja tugevdab naha alumist tugikihti. Aitab t\u00e4ita kortsup\u00f5hja ja t\u00f5stab seda \u00fclesse. Kortsud v\u00e4henevad silmn\u00e4htavalt. Nahk on peale protseduuri v\u00e4rskem, siledam noorem. Gatuline l\u00f5dvestab miimilisi lihaseid. Aitab toetada ja t\u00e4ita kortsup\u00f5hja. Eelised:\u00a0 suurem niiskuse sidumisv\u00f5ime silub miimilisi kortse Sobilik: regenereerimist vajavale nahale. Toimeained: [&hellip;]<\/p>\n","protected":false},"featured_media":11543,"template":"","meta":{"_acf_changed":false},"product_cat":[114,118,138],"product_tag":[],"class_list":["post-2840","product","type-product","status-publish","has-post-thumbnail","hentry","product_cat-tootesarjad","product_cat-aesthetic-world","product_cat-mesoporatsioon"],"acf":[],"yoast_head":"<!-- This site is optimized with the Yoast SEO plugin v25.4 - https:\/\/yoast.com\/wordpress\/plugins\/seo\/ -->\n<title>Age Defense Hyaluron\/Gatuline 5*7Ml - Beauty Institute<\/title>\n<meta name=\"robots\" content=\"index, follow, max-snippet:-1, max-image-preview:large, max-video-preview:-1\" \/>\n<link rel=\"canonical\" href=\"https:\/\/beautyinstitute.ee\/toode\/age-defense-hyaluron-gatuline-57ml\/\" \/>\n<meta property=\"og:locale\" content=\"ru_RU\" \/>\n<meta property=\"og:type\" content=\"article\" \/>\n<meta property=\"og:title\" content=\"Age Defense Hyaluron\/Gatuline 5*7Ml - Beauty Institute\" \/>\n<meta property=\"og:description\" content=\"Spetsiaalne mesoporatsiooni kontsentraat h\u00fcaluroonhappe ja gatuliiniga. Suurendab niiskustasakaalu naha alumistes kihtides. Toetab ja tugevdab naha alumist tugikihti. Aitab t\u00e4ita kortsup\u00f5hja ja t\u00f5stab seda \u00fclesse. Kortsud v\u00e4henevad silmn\u00e4htavalt. Nahk on peale protseduuri v\u00e4rskem, siledam noorem. Gatuline l\u00f5dvestab miimilisi lihaseid. Aitab toetada ja t\u00e4ita kortsup\u00f5hja. Eelised:\u00a0 suurem niiskuse sidumisv\u00f5ime silub miimilisi kortse Sobilik: regenereerimist vajavale nahale. Toimeained: [&hellip;]\" \/>\n<meta property=\"og:url\" content=\"https:\/\/beautyinstitute.ee\/toode\/age-defense-hyaluron-gatuline-57ml\/\" \/>\n<meta property=\"og:site_name\" content=\"Beauty Institute\" \/>\n<meta property=\"article:modified_time\" content=\"2026-04-27T12:07:37+00:00\" \/>\n<meta property=\"og:image\" content=\"https:\/\/beautyinstitute.ee\/wp-content\/uploads\/2019\/01\/age-defense-hyal-gatuline.jpg\" \/>\n\t<meta property=\"og:image:width\" content=\"750\" \/>\n\t<meta property=\"og:image:height\" content=\"711\" \/>\n\t<meta property=\"og:image:type\" content=\"image\/jpeg\" \/>\n<meta name=\"twitter:card\" content=\"summary_large_image\" \/>\n<meta name=\"twitter:site\" content=\"@Beauty_Eesti\" \/>\n<script type=\"application\/ld+json\" class=\"yoast-schema-graph\">{\"@context\":\"https:\/\/schema.org\",\"@graph\":[{\"@type\":\"WebPage\",\"@id\":\"https:\/\/beautyinstitute.ee\/toode\/age-defense-hyaluron-gatuline-57ml\/\",\"url\":\"https:\/\/beautyinstitute.ee\/toode\/age-defense-hyaluron-gatuline-57ml\/\",\"name\":\"Age Defense Hyaluron\/Gatuline 5*7Ml - Beauty Institute\",\"isPartOf\":{\"@id\":\"https:\/\/beautyinstitute.ee\/#website\"},\"primaryImageOfPage\":{\"@id\":\"https:\/\/beautyinstitute.ee\/toode\/age-defense-hyaluron-gatuline-57ml\/#primaryimage\"},\"image\":{\"@id\":\"https:\/\/beautyinstitute.ee\/toode\/age-defense-hyaluron-gatuline-57ml\/#primaryimage\"},\"thumbnailUrl\":\"https:\/\/beautyinstitute.ee\/wp-content\/uploads\/2019\/01\/age-defense-hyal-gatuline.jpg\",\"datePublished\":\"2019-01-24T21:56:18+00:00\",\"dateModified\":\"2026-04-27T12:07:37+00:00\",\"breadcrumb\":{\"@id\":\"https:\/\/beautyinstitute.ee\/toode\/age-defense-hyaluron-gatuline-57ml\/#breadcrumb\"},\"inLanguage\":\"ru-RU\",\"potentialAction\":[{\"@type\":\"ReadAction\",\"target\":[\"https:\/\/beautyinstitute.ee\/toode\/age-defense-hyaluron-gatuline-57ml\/\"]}]},{\"@type\":\"ImageObject\",\"inLanguage\":\"ru-RU\",\"@id\":\"https:\/\/beautyinstitute.ee\/toode\/age-defense-hyaluron-gatuline-57ml\/#primaryimage\",\"url\":\"https:\/\/beautyinstitute.ee\/wp-content\/uploads\/2019\/01\/age-defense-hyal-gatuline.jpg\",\"contentUrl\":\"https:\/\/beautyinstitute.ee\/wp-content\/uploads\/2019\/01\/age-defense-hyal-gatuline.jpg\",\"width\":750,\"height\":711},{\"@type\":\"BreadcrumbList\",\"@id\":\"https:\/\/beautyinstitute.ee\/toode\/age-defense-hyaluron-gatuline-57ml\/#breadcrumb\",\"itemListElement\":[{\"@type\":\"ListItem\",\"position\":1,\"name\":\"Home\",\"item\":\"https:\/\/beautyinstitute.ee\/ru\/\"},{\"@type\":\"ListItem\",\"position\":2,\"name\":\"E-pood\",\"item\":\"https:\/\/beautyinstitute.ee\/e-pood\/\"},{\"@type\":\"ListItem\",\"position\":3,\"name\":\"Age Defense Hyaluron\/Gatuline 5*7Ml\"}]},{\"@type\":\"WebSite\",\"@id\":\"https:\/\/beautyinstitute.ee\/#website\",\"url\":\"https:\/\/beautyinstitute.ee\/\",\"name\":\"Beauty Institute\",\"description\":\"CNC Cosmetic ametlik maaletooja ja edasim\u00fc\u00fcja Eestis, Soomes, L\u00e4tis. Aparaadikosmeetika, koolitused, kosmeetikatooted.\",\"potentialAction\":[{\"@type\":\"SearchAction\",\"target\":{\"@type\":\"EntryPoint\",\"urlTemplate\":\"https:\/\/beautyinstitute.ee\/?s={search_term_string}\"},\"query-input\":{\"@type\":\"PropertyValueSpecification\",\"valueRequired\":true,\"valueName\":\"search_term_string\"}}],\"inLanguage\":\"ru-RU\"}]}<\/script>\n<!-- \/ Yoast SEO plugin. -->","yoast_head_json":{"title":"Age Defense Hyaluron\/Gatuline 5*7Ml - Beauty Institute","robots":{"index":"index","follow":"follow","max-snippet":"max-snippet:-1","max-image-preview":"max-image-preview:large","max-video-preview":"max-video-preview:-1"},"canonical":"https:\/\/beautyinstitute.ee\/toode\/age-defense-hyaluron-gatuline-57ml\/","og_locale":"ru_RU","og_type":"article","og_title":"Age Defense Hyaluron\/Gatuline 5*7Ml - Beauty Institute","og_description":"Spetsiaalne mesoporatsiooni kontsentraat h\u00fcaluroonhappe ja gatuliiniga. Suurendab niiskustasakaalu naha alumistes kihtides. Toetab ja tugevdab naha alumist tugikihti. Aitab t\u00e4ita kortsup\u00f5hja ja t\u00f5stab seda \u00fclesse. Kortsud v\u00e4henevad silmn\u00e4htavalt. Nahk on peale protseduuri v\u00e4rskem, siledam noorem. Gatuline l\u00f5dvestab miimilisi lihaseid. Aitab toetada ja t\u00e4ita kortsup\u00f5hja. Eelised:\u00a0 suurem niiskuse sidumisv\u00f5ime silub miimilisi kortse Sobilik: regenereerimist vajavale nahale. Toimeained: [&hellip;]","og_url":"https:\/\/beautyinstitute.ee\/toode\/age-defense-hyaluron-gatuline-57ml\/","og_site_name":"Beauty Institute","article_modified_time":"2026-04-27T12:07:37+00:00","og_image":[{"width":750,"height":711,"url":"https:\/\/beautyinstitute.ee\/wp-content\/uploads\/2019\/01\/age-defense-hyal-gatuline.jpg","type":"image\/jpeg"}],"twitter_card":"summary_large_image","twitter_site":"@Beauty_Eesti","schema":{"@context":"https:\/\/schema.org","@graph":[{"@type":"WebPage","@id":"https:\/\/beautyinstitute.ee\/toode\/age-defense-hyaluron-gatuline-57ml\/","url":"https:\/\/beautyinstitute.ee\/toode\/age-defense-hyaluron-gatuline-57ml\/","name":"Age Defense Hyaluron\/Gatuline 5*7Ml - Beauty Institute","isPartOf":{"@id":"https:\/\/beautyinstitute.ee\/#website"},"primaryImageOfPage":{"@id":"https:\/\/beautyinstitute.ee\/toode\/age-defense-hyaluron-gatuline-57ml\/#primaryimage"},"image":{"@id":"https:\/\/beautyinstitute.ee\/toode\/age-defense-hyaluron-gatuline-57ml\/#primaryimage"},"thumbnailUrl":"https:\/\/beautyinstitute.ee\/wp-content\/uploads\/2019\/01\/age-defense-hyal-gatuline.jpg","datePublished":"2019-01-24T21:56:18+00:00","dateModified":"2026-04-27T12:07:37+00:00","breadcrumb":{"@id":"https:\/\/beautyinstitute.ee\/toode\/age-defense-hyaluron-gatuline-57ml\/#breadcrumb"},"inLanguage":"ru-RU","potentialAction":[{"@type":"ReadAction","target":["https:\/\/beautyinstitute.ee\/toode\/age-defense-hyaluron-gatuline-57ml\/"]}]},{"@type":"ImageObject","inLanguage":"ru-RU","@id":"https:\/\/beautyinstitute.ee\/toode\/age-defense-hyaluron-gatuline-57ml\/#primaryimage","url":"https:\/\/beautyinstitute.ee\/wp-content\/uploads\/2019\/01\/age-defense-hyal-gatuline.jpg","contentUrl":"https:\/\/beautyinstitute.ee\/wp-content\/uploads\/2019\/01\/age-defense-hyal-gatuline.jpg","width":750,"height":711},{"@type":"BreadcrumbList","@id":"https:\/\/beautyinstitute.ee\/toode\/age-defense-hyaluron-gatuline-57ml\/#breadcrumb","itemListElement":[{"@type":"ListItem","position":1,"name":"Home","item":"https:\/\/beautyinstitute.ee\/ru\/"},{"@type":"ListItem","position":2,"name":"E-pood","item":"https:\/\/beautyinstitute.ee\/e-pood\/"},{"@type":"ListItem","position":3,"name":"Age Defense Hyaluron\/Gatuline 5*7Ml"}]},{"@type":"WebSite","@id":"https:\/\/beautyinstitute.ee\/#website","url":"https:\/\/beautyinstitute.ee\/","name":"Beauty Institute","description":"CNC Cosmetic ametlik maaletooja ja edasim\u00fc\u00fcja Eestis, Soomes, L\u00e4tis. Aparaadikosmeetika, koolitused, kosmeetikatooted.","potentialAction":[{"@type":"SearchAction","target":{"@type":"EntryPoint","urlTemplate":"https:\/\/beautyinstitute.ee\/?s={search_term_string}"},"query-input":{"@type":"PropertyValueSpecification","valueRequired":true,"valueName":"search_term_string"}}],"inLanguage":"ru-RU"}]}},"_links":{"self":[{"href":"https:\/\/beautyinstitute.ee\/ru\/wp-json\/wp\/v2\/product\/2840","targetHints":{"allow":["GET"]}}],"collection":[{"href":"https:\/\/beautyinstitute.ee\/ru\/wp-json\/wp\/v2\/product"}],"about":[{"href":"https:\/\/beautyinstitute.ee\/ru\/wp-json\/wp\/v2\/types\/product"}],"wp:featuredmedia":[{"embeddable":true,"href":"https:\/\/beautyinstitute.ee\/ru\/wp-json\/wp\/v2\/media\/11543"}],"wp:attachment":[{"href":"https:\/\/beautyinstitute.ee\/ru\/wp-json\/wp\/v2\/media?parent=2840"}],"wp:term":[{"taxonomy":"product_cat","embeddable":true,"href":"https:\/\/beautyinstitute.ee\/ru\/wp-json\/wp\/v2\/product_cat?post=2840"},{"taxonomy":"product_tag","embeddable":true,"href":"https:\/\/beautyinstitute.ee\/ru\/wp-json\/wp\/v2\/product_tag?post=2840"}],"curies":[{"name":"wp","href":"https:\/\/api.w.org\/{rel}","templated":true}]}}