{"id":2854,"date":"2019-01-25T00:05:28","date_gmt":"2019-01-24T22:05:28","guid":{"rendered":"https:\/\/beautyinstitute.ee\/?post_type=product&#038;p=2854"},"modified":"2026-04-21T18:44:10","modified_gmt":"2026-04-21T15:44:10","slug":"mimik-concentrate-45ml","status":"publish","type":"product","link":"https:\/\/beautyinstitute.ee\/ru\/toode\/mimik-concentrate-45ml\/","title":{"rendered":"Mimik Concentrate 4*5Ml"},"content":{"rendered":"<p><strong>Spetsiaalne mesoporatsiooni kontsentraat miimiliste kortsude silumiseks.<\/strong><\/p>\n<p>Miimiliste kortsukeste ravi- aitab silman\u00e4htavalt v\u00e4hendada miimilisi kortukesi. Ei halva lihseid vaid aitab neil l\u00f5dvestuda- lauba, \u00fclahuule ja silma\u00fcmbruse piirkonnas.<\/p>\n<p><strong>Eelised:<\/strong><\/p>\n<ul>\n<li>v\u00e4hendab kortsude s\u00fcgavust<\/li>\n<li>\u00fchtlustab nahajumet<\/li>\n<\/ul>\n<p><strong>Sobilik: <\/strong>miimilised kortsud.<\/p>\n<p><strong>Toimeained:<\/strong> h\u00fcaluroonhape, argireliin.<\/p>\n","protected":false},"excerpt":{"rendered":"<p>Spetsiaalne mesoporatsiooni kontsentraat miimiliste kortsude silumiseks. Miimiliste kortsukeste ravi- aitab silman\u00e4htavalt v\u00e4hendada miimilisi kortukesi. Ei halva lihseid vaid aitab neil l\u00f5dvestuda- lauba, \u00fclahuule ja silma\u00fcmbruse piirkonnas. Eelised: v\u00e4hendab kortsude s\u00fcgavust \u00fchtlustab nahajumet Sobilik: miimilised kortsud. Toimeained: h\u00fcaluroonhape, argireliin.<\/p>\n","protected":false},"featured_media":11537,"template":"","meta":{"_acf_changed":false},"product_cat":[114,118,138],"product_tag":[],"class_list":["post-2854","product","type-product","status-publish","has-post-thumbnail","hentry","product_cat-tootesarjad","product_cat-aesthetic-world","product_cat-mesoporatsioon"],"acf":[],"yoast_head":"<!-- This site is optimized with the Yoast SEO plugin v25.4 - https:\/\/yoast.com\/wordpress\/plugins\/seo\/ -->\n<title>Mimik Concentrate 4*5Ml - Beauty Institute<\/title>\n<meta name=\"robots\" content=\"index, follow, max-snippet:-1, max-image-preview:large, max-video-preview:-1\" \/>\n<link rel=\"canonical\" href=\"https:\/\/beautyinstitute.ee\/toode\/mimik-concentrate-45ml\/\" \/>\n<meta property=\"og:locale\" content=\"ru_RU\" \/>\n<meta property=\"og:type\" content=\"article\" \/>\n<meta property=\"og:title\" content=\"Mimik Concentrate 4*5Ml - Beauty Institute\" \/>\n<meta property=\"og:description\" content=\"Spetsiaalne mesoporatsiooni kontsentraat miimiliste kortsude silumiseks. Miimiliste kortsukeste ravi- aitab silman\u00e4htavalt v\u00e4hendada miimilisi kortukesi. Ei halva lihseid vaid aitab neil l\u00f5dvestuda- lauba, \u00fclahuule ja silma\u00fcmbruse piirkonnas. Eelised: v\u00e4hendab kortsude s\u00fcgavust \u00fchtlustab nahajumet Sobilik: miimilised kortsud. Toimeained: h\u00fcaluroonhape, argireliin.\" \/>\n<meta property=\"og:url\" content=\"https:\/\/beautyinstitute.ee\/toode\/mimik-concentrate-45ml\/\" \/>\n<meta property=\"og:site_name\" content=\"Beauty Institute\" \/>\n<meta property=\"article:modified_time\" content=\"2026-04-21T15:44:10+00:00\" \/>\n<meta property=\"og:image\" content=\"https:\/\/beautyinstitute.ee\/wp-content\/uploads\/2019\/01\/age-defense-mimik.jpg\" \/>\n\t<meta property=\"og:image:width\" content=\"750\" \/>\n\t<meta property=\"og:image:height\" content=\"711\" \/>\n\t<meta property=\"og:image:type\" content=\"image\/jpeg\" \/>\n<meta name=\"twitter:card\" content=\"summary_large_image\" \/>\n<meta name=\"twitter:site\" content=\"@Beauty_Eesti\" \/>\n<script type=\"application\/ld+json\" class=\"yoast-schema-graph\">{\"@context\":\"https:\/\/schema.org\",\"@graph\":[{\"@type\":\"WebPage\",\"@id\":\"https:\/\/beautyinstitute.ee\/toode\/mimik-concentrate-45ml\/\",\"url\":\"https:\/\/beautyinstitute.ee\/toode\/mimik-concentrate-45ml\/\",\"name\":\"Mimik Concentrate 4*5Ml - Beauty Institute\",\"isPartOf\":{\"@id\":\"https:\/\/beautyinstitute.ee\/#website\"},\"primaryImageOfPage\":{\"@id\":\"https:\/\/beautyinstitute.ee\/toode\/mimik-concentrate-45ml\/#primaryimage\"},\"image\":{\"@id\":\"https:\/\/beautyinstitute.ee\/toode\/mimik-concentrate-45ml\/#primaryimage\"},\"thumbnailUrl\":\"https:\/\/beautyinstitute.ee\/wp-content\/uploads\/2019\/01\/age-defense-mimik.jpg\",\"datePublished\":\"2019-01-24T22:05:28+00:00\",\"dateModified\":\"2026-04-21T15:44:10+00:00\",\"breadcrumb\":{\"@id\":\"https:\/\/beautyinstitute.ee\/toode\/mimik-concentrate-45ml\/#breadcrumb\"},\"inLanguage\":\"ru-RU\",\"potentialAction\":[{\"@type\":\"ReadAction\",\"target\":[\"https:\/\/beautyinstitute.ee\/toode\/mimik-concentrate-45ml\/\"]}]},{\"@type\":\"ImageObject\",\"inLanguage\":\"ru-RU\",\"@id\":\"https:\/\/beautyinstitute.ee\/toode\/mimik-concentrate-45ml\/#primaryimage\",\"url\":\"https:\/\/beautyinstitute.ee\/wp-content\/uploads\/2019\/01\/age-defense-mimik.jpg\",\"contentUrl\":\"https:\/\/beautyinstitute.ee\/wp-content\/uploads\/2019\/01\/age-defense-mimik.jpg\",\"width\":750,\"height\":711},{\"@type\":\"BreadcrumbList\",\"@id\":\"https:\/\/beautyinstitute.ee\/toode\/mimik-concentrate-45ml\/#breadcrumb\",\"itemListElement\":[{\"@type\":\"ListItem\",\"position\":1,\"name\":\"Home\",\"item\":\"https:\/\/beautyinstitute.ee\/ru\/\"},{\"@type\":\"ListItem\",\"position\":2,\"name\":\"E-pood\",\"item\":\"https:\/\/beautyinstitute.ee\/e-pood\/\"},{\"@type\":\"ListItem\",\"position\":3,\"name\":\"Mimik Concentrate 4*5Ml\"}]},{\"@type\":\"WebSite\",\"@id\":\"https:\/\/beautyinstitute.ee\/#website\",\"url\":\"https:\/\/beautyinstitute.ee\/\",\"name\":\"Beauty Institute\",\"description\":\"CNC Cosmetic ametlik maaletooja ja edasim\u00fc\u00fcja Eestis, Soomes, L\u00e4tis. Aparaadikosmeetika, koolitused, kosmeetikatooted.\",\"potentialAction\":[{\"@type\":\"SearchAction\",\"target\":{\"@type\":\"EntryPoint\",\"urlTemplate\":\"https:\/\/beautyinstitute.ee\/?s={search_term_string}\"},\"query-input\":{\"@type\":\"PropertyValueSpecification\",\"valueRequired\":true,\"valueName\":\"search_term_string\"}}],\"inLanguage\":\"ru-RU\"}]}<\/script>\n<!-- \/ Yoast SEO plugin. -->","yoast_head_json":{"title":"Mimik Concentrate 4*5Ml - Beauty Institute","robots":{"index":"index","follow":"follow","max-snippet":"max-snippet:-1","max-image-preview":"max-image-preview:large","max-video-preview":"max-video-preview:-1"},"canonical":"https:\/\/beautyinstitute.ee\/toode\/mimik-concentrate-45ml\/","og_locale":"ru_RU","og_type":"article","og_title":"Mimik Concentrate 4*5Ml - Beauty Institute","og_description":"Spetsiaalne mesoporatsiooni kontsentraat miimiliste kortsude silumiseks. Miimiliste kortsukeste ravi- aitab silman\u00e4htavalt v\u00e4hendada miimilisi kortukesi. Ei halva lihseid vaid aitab neil l\u00f5dvestuda- lauba, \u00fclahuule ja silma\u00fcmbruse piirkonnas. Eelised: v\u00e4hendab kortsude s\u00fcgavust \u00fchtlustab nahajumet Sobilik: miimilised kortsud. Toimeained: h\u00fcaluroonhape, argireliin.","og_url":"https:\/\/beautyinstitute.ee\/toode\/mimik-concentrate-45ml\/","og_site_name":"Beauty Institute","article_modified_time":"2026-04-21T15:44:10+00:00","og_image":[{"width":750,"height":711,"url":"https:\/\/beautyinstitute.ee\/wp-content\/uploads\/2019\/01\/age-defense-mimik.jpg","type":"image\/jpeg"}],"twitter_card":"summary_large_image","twitter_site":"@Beauty_Eesti","schema":{"@context":"https:\/\/schema.org","@graph":[{"@type":"WebPage","@id":"https:\/\/beautyinstitute.ee\/toode\/mimik-concentrate-45ml\/","url":"https:\/\/beautyinstitute.ee\/toode\/mimik-concentrate-45ml\/","name":"Mimik Concentrate 4*5Ml - Beauty Institute","isPartOf":{"@id":"https:\/\/beautyinstitute.ee\/#website"},"primaryImageOfPage":{"@id":"https:\/\/beautyinstitute.ee\/toode\/mimik-concentrate-45ml\/#primaryimage"},"image":{"@id":"https:\/\/beautyinstitute.ee\/toode\/mimik-concentrate-45ml\/#primaryimage"},"thumbnailUrl":"https:\/\/beautyinstitute.ee\/wp-content\/uploads\/2019\/01\/age-defense-mimik.jpg","datePublished":"2019-01-24T22:05:28+00:00","dateModified":"2026-04-21T15:44:10+00:00","breadcrumb":{"@id":"https:\/\/beautyinstitute.ee\/toode\/mimik-concentrate-45ml\/#breadcrumb"},"inLanguage":"ru-RU","potentialAction":[{"@type":"ReadAction","target":["https:\/\/beautyinstitute.ee\/toode\/mimik-concentrate-45ml\/"]}]},{"@type":"ImageObject","inLanguage":"ru-RU","@id":"https:\/\/beautyinstitute.ee\/toode\/mimik-concentrate-45ml\/#primaryimage","url":"https:\/\/beautyinstitute.ee\/wp-content\/uploads\/2019\/01\/age-defense-mimik.jpg","contentUrl":"https:\/\/beautyinstitute.ee\/wp-content\/uploads\/2019\/01\/age-defense-mimik.jpg","width":750,"height":711},{"@type":"BreadcrumbList","@id":"https:\/\/beautyinstitute.ee\/toode\/mimik-concentrate-45ml\/#breadcrumb","itemListElement":[{"@type":"ListItem","position":1,"name":"Home","item":"https:\/\/beautyinstitute.ee\/ru\/"},{"@type":"ListItem","position":2,"name":"E-pood","item":"https:\/\/beautyinstitute.ee\/e-pood\/"},{"@type":"ListItem","position":3,"name":"Mimik Concentrate 4*5Ml"}]},{"@type":"WebSite","@id":"https:\/\/beautyinstitute.ee\/#website","url":"https:\/\/beautyinstitute.ee\/","name":"Beauty Institute","description":"CNC Cosmetic ametlik maaletooja ja edasim\u00fc\u00fcja Eestis, Soomes, L\u00e4tis. Aparaadikosmeetika, koolitused, kosmeetikatooted.","potentialAction":[{"@type":"SearchAction","target":{"@type":"EntryPoint","urlTemplate":"https:\/\/beautyinstitute.ee\/?s={search_term_string}"},"query-input":{"@type":"PropertyValueSpecification","valueRequired":true,"valueName":"search_term_string"}}],"inLanguage":"ru-RU"}]}},"_links":{"self":[{"href":"https:\/\/beautyinstitute.ee\/ru\/wp-json\/wp\/v2\/product\/2854","targetHints":{"allow":["GET"]}}],"collection":[{"href":"https:\/\/beautyinstitute.ee\/ru\/wp-json\/wp\/v2\/product"}],"about":[{"href":"https:\/\/beautyinstitute.ee\/ru\/wp-json\/wp\/v2\/types\/product"}],"wp:featuredmedia":[{"embeddable":true,"href":"https:\/\/beautyinstitute.ee\/ru\/wp-json\/wp\/v2\/media\/11537"}],"wp:attachment":[{"href":"https:\/\/beautyinstitute.ee\/ru\/wp-json\/wp\/v2\/media?parent=2854"}],"wp:term":[{"taxonomy":"product_cat","embeddable":true,"href":"https:\/\/beautyinstitute.ee\/ru\/wp-json\/wp\/v2\/product_cat?post=2854"},{"taxonomy":"product_tag","embeddable":true,"href":"https:\/\/beautyinstitute.ee\/ru\/wp-json\/wp\/v2\/product_tag?post=2854"}],"curies":[{"name":"wp","href":"https:\/\/api.w.org\/{rel}","templated":true}]}}