{"id":2866,"date":"2019-01-24T22:21:05","date_gmt":"2019-01-24T20:21:05","guid":{"rendered":"https:\/\/beautyinstitute.ee\/?post_type=product&#038;p=2866"},"modified":"2026-04-22T13:00:47","modified_gmt":"2026-04-22T10:00:47","slug":"cleansing-lotion","status":"publish","type":"product","link":"https:\/\/beautyinstitute.ee\/ru\/toode\/cleansing-lotion\/","title":{"rendered":"Skin2Derm\u00ae Cleansing Lotion"},"content":{"rendered":"<p><strong>\u00d5rn vananemisvastane puhastuspiim allergilisele nahale.<\/strong><\/p>\n<p>Siidine vananemisvastane puhastuslosjoon eemaldab nahalt rasu, mustuse ja meigi nahka \u00e4rritamata. Losjoon on kahjulike lisaianeteta. Haruldased polyphenoolid, mida saadakse viinamarjaseemnetest kaitsevad rakumembraani. Losjoon aitab eemaldada sarvestunud naharakke, j\u00e4ttes naha pehmeks ja puhtaks. Maap\u00e4hkliekstrakt ja hamamelis virginiana desinfitseerivad ebapuhast nahka. Letsitiin kaitseb niiskuskao eest. Sobib ka veekindla meigi eemaldamiseks. Kanda n\u00e4ole, kergelt masseerida ja loputada veega.<\/p>\n<p><strong>Eelised:<\/strong><\/p>\n<ul>\n<li>eemaldab ka veekindla silmameigi<\/li>\n<li>puhastab p\u00f5hjalikult ja \u00f5rnalt<\/li>\n<\/ul>\n<p><strong>Sobilik:<\/strong> igas vanuses \u00fclitundlik ja allergiline nahat\u00fc\u00fcp.<\/p>\n<p><strong>Toimeained:<\/strong> aloe vera, viinamarjaseemne \u00f5li, Hamamelis, E-vitamiini, letsitiini.<\/p>\n","protected":false},"excerpt":{"rendered":"<p>\u00d5rn vananemisvastane puhastuspiim allergilisele nahale. Siidine vananemisvastane puhastuslosjoon eemaldab nahalt rasu, mustuse ja meigi nahka \u00e4rritamata. Losjoon on kahjulike lisaianeteta. Haruldased polyphenoolid, mida saadakse viinamarjaseemnetest kaitsevad rakumembraani. Losjoon aitab eemaldada sarvestunud naharakke, j\u00e4ttes naha pehmeks ja puhtaks. Maap\u00e4hkliekstrakt ja hamamelis virginiana desinfitseerivad ebapuhast nahka. Letsitiin kaitseb niiskuskao eest. Sobib ka veekindla meigi eemaldamiseks. Kanda n\u00e4ole, [&hellip;]<\/p>\n","protected":false},"featured_media":13338,"template":"","meta":{"_acf_changed":false},"product_cat":[114,140],"product_tag":[],"class_list":["post-2866","product","type-product","status-publish","has-post-thumbnail","hentry","product_cat-tootesarjad","product_cat-skin-lipid-matrix"],"acf":[],"yoast_head":"<!-- This site is optimized with the Yoast SEO plugin v25.4 - https:\/\/yoast.com\/wordpress\/plugins\/seo\/ -->\n<title>Skin2Derm\u00ae Cleansing Lotion - Beauty Institute<\/title>\n<meta name=\"robots\" content=\"index, follow, max-snippet:-1, max-image-preview:large, max-video-preview:-1\" \/>\n<link rel=\"canonical\" href=\"https:\/\/beautyinstitute.ee\/toode\/cleansing-lotion\/\" \/>\n<meta property=\"og:locale\" content=\"ru_RU\" \/>\n<meta property=\"og:type\" content=\"article\" \/>\n<meta property=\"og:title\" content=\"Skin2Derm\u00ae Cleansing Lotion - Beauty Institute\" \/>\n<meta property=\"og:description\" content=\"\u00d5rn vananemisvastane puhastuspiim allergilisele nahale. Siidine vananemisvastane puhastuslosjoon eemaldab nahalt rasu, mustuse ja meigi nahka \u00e4rritamata. Losjoon on kahjulike lisaianeteta. Haruldased polyphenoolid, mida saadakse viinamarjaseemnetest kaitsevad rakumembraani. Losjoon aitab eemaldada sarvestunud naharakke, j\u00e4ttes naha pehmeks ja puhtaks. Maap\u00e4hkliekstrakt ja hamamelis virginiana desinfitseerivad ebapuhast nahka. Letsitiin kaitseb niiskuskao eest. Sobib ka veekindla meigi eemaldamiseks. Kanda n\u00e4ole, [&hellip;]\" \/>\n<meta property=\"og:url\" content=\"https:\/\/beautyinstitute.ee\/toode\/cleansing-lotion\/\" \/>\n<meta property=\"og:site_name\" content=\"Beauty Institute\" \/>\n<meta property=\"article:modified_time\" content=\"2026-04-22T10:00:47+00:00\" \/>\n<meta property=\"og:image\" content=\"https:\/\/beautyinstitute.ee\/wp-content\/uploads\/2019\/01\/cleansing-lotion-1.jpg\" \/>\n\t<meta property=\"og:image:width\" content=\"750\" \/>\n\t<meta property=\"og:image:height\" content=\"711\" \/>\n\t<meta property=\"og:image:type\" content=\"image\/jpeg\" \/>\n<meta name=\"twitter:card\" content=\"summary_large_image\" \/>\n<meta name=\"twitter:site\" content=\"@Beauty_Eesti\" \/>\n<script type=\"application\/ld+json\" class=\"yoast-schema-graph\">{\"@context\":\"https:\/\/schema.org\",\"@graph\":[{\"@type\":\"WebPage\",\"@id\":\"https:\/\/beautyinstitute.ee\/toode\/cleansing-lotion\/\",\"url\":\"https:\/\/beautyinstitute.ee\/toode\/cleansing-lotion\/\",\"name\":\"Skin2Derm\u00ae Cleansing Lotion - Beauty Institute\",\"isPartOf\":{\"@id\":\"https:\/\/beautyinstitute.ee\/#website\"},\"primaryImageOfPage\":{\"@id\":\"https:\/\/beautyinstitute.ee\/toode\/cleansing-lotion\/#primaryimage\"},\"image\":{\"@id\":\"https:\/\/beautyinstitute.ee\/toode\/cleansing-lotion\/#primaryimage\"},\"thumbnailUrl\":\"https:\/\/beautyinstitute.ee\/wp-content\/uploads\/2019\/01\/cleansing-lotion-1.jpg\",\"datePublished\":\"2019-01-24T20:21:05+00:00\",\"dateModified\":\"2026-04-22T10:00:47+00:00\",\"breadcrumb\":{\"@id\":\"https:\/\/beautyinstitute.ee\/toode\/cleansing-lotion\/#breadcrumb\"},\"inLanguage\":\"ru-RU\",\"potentialAction\":[{\"@type\":\"ReadAction\",\"target\":[\"https:\/\/beautyinstitute.ee\/toode\/cleansing-lotion\/\"]}]},{\"@type\":\"ImageObject\",\"inLanguage\":\"ru-RU\",\"@id\":\"https:\/\/beautyinstitute.ee\/toode\/cleansing-lotion\/#primaryimage\",\"url\":\"https:\/\/beautyinstitute.ee\/wp-content\/uploads\/2019\/01\/cleansing-lotion-1.jpg\",\"contentUrl\":\"https:\/\/beautyinstitute.ee\/wp-content\/uploads\/2019\/01\/cleansing-lotion-1.jpg\",\"width\":750,\"height\":711},{\"@type\":\"BreadcrumbList\",\"@id\":\"https:\/\/beautyinstitute.ee\/toode\/cleansing-lotion\/#breadcrumb\",\"itemListElement\":[{\"@type\":\"ListItem\",\"position\":1,\"name\":\"Home\",\"item\":\"https:\/\/beautyinstitute.ee\/ru\/\"},{\"@type\":\"ListItem\",\"position\":2,\"name\":\"E-pood\",\"item\":\"https:\/\/beautyinstitute.ee\/e-pood\/\"},{\"@type\":\"ListItem\",\"position\":3,\"name\":\"Skin2Derm\u00ae Cleansing Lotion\"}]},{\"@type\":\"WebSite\",\"@id\":\"https:\/\/beautyinstitute.ee\/#website\",\"url\":\"https:\/\/beautyinstitute.ee\/\",\"name\":\"Beauty Institute\",\"description\":\"CNC Cosmetic ametlik maaletooja ja edasim\u00fc\u00fcja Eestis, Soomes, L\u00e4tis. Aparaadikosmeetika, koolitused, kosmeetikatooted.\",\"potentialAction\":[{\"@type\":\"SearchAction\",\"target\":{\"@type\":\"EntryPoint\",\"urlTemplate\":\"https:\/\/beautyinstitute.ee\/?s={search_term_string}\"},\"query-input\":{\"@type\":\"PropertyValueSpecification\",\"valueRequired\":true,\"valueName\":\"search_term_string\"}}],\"inLanguage\":\"ru-RU\"}]}<\/script>\n<!-- \/ Yoast SEO plugin. -->","yoast_head_json":{"title":"Skin2Derm\u00ae Cleansing Lotion - Beauty Institute","robots":{"index":"index","follow":"follow","max-snippet":"max-snippet:-1","max-image-preview":"max-image-preview:large","max-video-preview":"max-video-preview:-1"},"canonical":"https:\/\/beautyinstitute.ee\/toode\/cleansing-lotion\/","og_locale":"ru_RU","og_type":"article","og_title":"Skin2Derm\u00ae Cleansing Lotion - Beauty Institute","og_description":"\u00d5rn vananemisvastane puhastuspiim allergilisele nahale. Siidine vananemisvastane puhastuslosjoon eemaldab nahalt rasu, mustuse ja meigi nahka \u00e4rritamata. Losjoon on kahjulike lisaianeteta. Haruldased polyphenoolid, mida saadakse viinamarjaseemnetest kaitsevad rakumembraani. Losjoon aitab eemaldada sarvestunud naharakke, j\u00e4ttes naha pehmeks ja puhtaks. Maap\u00e4hkliekstrakt ja hamamelis virginiana desinfitseerivad ebapuhast nahka. Letsitiin kaitseb niiskuskao eest. Sobib ka veekindla meigi eemaldamiseks. Kanda n\u00e4ole, [&hellip;]","og_url":"https:\/\/beautyinstitute.ee\/toode\/cleansing-lotion\/","og_site_name":"Beauty Institute","article_modified_time":"2026-04-22T10:00:47+00:00","og_image":[{"width":750,"height":711,"url":"https:\/\/beautyinstitute.ee\/wp-content\/uploads\/2019\/01\/cleansing-lotion-1.jpg","type":"image\/jpeg"}],"twitter_card":"summary_large_image","twitter_site":"@Beauty_Eesti","schema":{"@context":"https:\/\/schema.org","@graph":[{"@type":"WebPage","@id":"https:\/\/beautyinstitute.ee\/toode\/cleansing-lotion\/","url":"https:\/\/beautyinstitute.ee\/toode\/cleansing-lotion\/","name":"Skin2Derm\u00ae Cleansing Lotion - Beauty Institute","isPartOf":{"@id":"https:\/\/beautyinstitute.ee\/#website"},"primaryImageOfPage":{"@id":"https:\/\/beautyinstitute.ee\/toode\/cleansing-lotion\/#primaryimage"},"image":{"@id":"https:\/\/beautyinstitute.ee\/toode\/cleansing-lotion\/#primaryimage"},"thumbnailUrl":"https:\/\/beautyinstitute.ee\/wp-content\/uploads\/2019\/01\/cleansing-lotion-1.jpg","datePublished":"2019-01-24T20:21:05+00:00","dateModified":"2026-04-22T10:00:47+00:00","breadcrumb":{"@id":"https:\/\/beautyinstitute.ee\/toode\/cleansing-lotion\/#breadcrumb"},"inLanguage":"ru-RU","potentialAction":[{"@type":"ReadAction","target":["https:\/\/beautyinstitute.ee\/toode\/cleansing-lotion\/"]}]},{"@type":"ImageObject","inLanguage":"ru-RU","@id":"https:\/\/beautyinstitute.ee\/toode\/cleansing-lotion\/#primaryimage","url":"https:\/\/beautyinstitute.ee\/wp-content\/uploads\/2019\/01\/cleansing-lotion-1.jpg","contentUrl":"https:\/\/beautyinstitute.ee\/wp-content\/uploads\/2019\/01\/cleansing-lotion-1.jpg","width":750,"height":711},{"@type":"BreadcrumbList","@id":"https:\/\/beautyinstitute.ee\/toode\/cleansing-lotion\/#breadcrumb","itemListElement":[{"@type":"ListItem","position":1,"name":"Home","item":"https:\/\/beautyinstitute.ee\/ru\/"},{"@type":"ListItem","position":2,"name":"E-pood","item":"https:\/\/beautyinstitute.ee\/e-pood\/"},{"@type":"ListItem","position":3,"name":"Skin2Derm\u00ae Cleansing Lotion"}]},{"@type":"WebSite","@id":"https:\/\/beautyinstitute.ee\/#website","url":"https:\/\/beautyinstitute.ee\/","name":"Beauty Institute","description":"CNC Cosmetic ametlik maaletooja ja edasim\u00fc\u00fcja Eestis, Soomes, L\u00e4tis. Aparaadikosmeetika, koolitused, kosmeetikatooted.","potentialAction":[{"@type":"SearchAction","target":{"@type":"EntryPoint","urlTemplate":"https:\/\/beautyinstitute.ee\/?s={search_term_string}"},"query-input":{"@type":"PropertyValueSpecification","valueRequired":true,"valueName":"search_term_string"}}],"inLanguage":"ru-RU"}]}},"_links":{"self":[{"href":"https:\/\/beautyinstitute.ee\/ru\/wp-json\/wp\/v2\/product\/2866","targetHints":{"allow":["GET"]}}],"collection":[{"href":"https:\/\/beautyinstitute.ee\/ru\/wp-json\/wp\/v2\/product"}],"about":[{"href":"https:\/\/beautyinstitute.ee\/ru\/wp-json\/wp\/v2\/types\/product"}],"wp:featuredmedia":[{"embeddable":true,"href":"https:\/\/beautyinstitute.ee\/ru\/wp-json\/wp\/v2\/media\/13338"}],"wp:attachment":[{"href":"https:\/\/beautyinstitute.ee\/ru\/wp-json\/wp\/v2\/media?parent=2866"}],"wp:term":[{"taxonomy":"product_cat","embeddable":true,"href":"https:\/\/beautyinstitute.ee\/ru\/wp-json\/wp\/v2\/product_cat?post=2866"},{"taxonomy":"product_tag","embeddable":true,"href":"https:\/\/beautyinstitute.ee\/ru\/wp-json\/wp\/v2\/product_tag?post=2866"}],"curies":[{"name":"wp","href":"https:\/\/api.w.org\/{rel}","templated":true}]}}