{"id":2880,"date":"2019-01-24T22:34:42","date_gmt":"2019-01-24T20:34:42","guid":{"rendered":"https:\/\/beautyinstitute.ee\/?post_type=product&#038;p=2880"},"modified":"2026-03-26T15:59:01","modified_gmt":"2026-03-26T13:59:01","slug":"mimic-elixir","status":"publish","type":"product","link":"https:\/\/beautyinstitute.ee\/ru\/toode\/mimic-elixir\/","title":{"rendered":"Skin2Derm\u00ae Mimic Elixir"},"content":{"rendered":"<p><strong>\u00dclit\u00f5hus k\u00f5rgtehnoloogiline nahka pinguldav seerum.<\/strong><\/p>\n<p>Kohene Liftingu efekt. Sisaldab argireliini, imiteerib botolinum toksiidi (A-t\u00fc\u00fcp) efekti. Erinevalt Botoliinist ei halva argereliin n\u00e4rvi vaid annab lihasele pikaajalise l\u00f5dvestuse. Eliksiir on h\u00e4sti imenduv ja annab kohese siledama ja pingevaba naha. K\u00f5rge kontsentratsiooniga hyal\u00fcroonhape aitab v\u00e4hendada kortse kiiresti ja silmn\u00e4htavalt. Unikaalne eliksiir annab nahale kiire s\u00e4ra, kauni ja noorusliku v\u00e4ljan\u00e4gemise.<\/p>\n<p><strong>Eelised:<\/strong><\/p>\n<ul>\n<li>miimilised kortsud n\u00e4ivad siledamad<\/li>\n<li>l\u00f5dvestunud naha v\u00e4limus<\/li>\n<\/ul>\n<p><strong>Sobilik:<\/strong> kasutada l\u00f5tvunud nahale ja miimilistele kortsudele silma\u00fcmbrutuses, suu\u00fcmbruses jne. Peale naha puhastamist kasuta kortsukeste piirkonda Skin2derm Mimic Elixiiri. Masseeri \u00f5rnalt sisse ja kasuta seej\u00e4rel tavap\u00e4rast p\u00e4eva v\u00f5i \u00f6\u00f6kreemi.<\/p>\n<p><strong>Toimeained:<\/strong> h\u00fcaluroonhape, Argire.<\/p>\n","protected":false},"excerpt":{"rendered":"<p>\u00dclit\u00f5hus k\u00f5rgtehnoloogiline nahka pinguldav seerum. Kohene Liftingu efekt. Sisaldab argireliini, imiteerib botolinum toksiidi (A-t\u00fc\u00fcp) efekti. Erinevalt Botoliinist ei halva argereliin n\u00e4rvi vaid annab lihasele pikaajalise l\u00f5dvestuse. Eliksiir on h\u00e4sti imenduv ja annab kohese siledama ja pingevaba naha. K\u00f5rge kontsentratsiooniga hyal\u00fcroonhape aitab v\u00e4hendada kortse kiiresti ja silmn\u00e4htavalt. Unikaalne eliksiir annab nahale kiire s\u00e4ra, kauni ja noorusliku [&hellip;]<\/p>\n","protected":false},"featured_media":11882,"template":"","meta":{"_acf_changed":false},"product_cat":[249,114,140],"product_tag":[],"class_list":["post-2880","product","type-product","status-publish","has-post-thumbnail","hentry","product_cat-seerumid-2","product_cat-tootesarjad","product_cat-skin-lipid-matrix"],"acf":[],"yoast_head":"<!-- This site is optimized with the Yoast SEO plugin v25.4 - https:\/\/yoast.com\/wordpress\/plugins\/seo\/ -->\n<title>Skin2Derm\u00ae Mimic Elixir - Beauty Institute<\/title>\n<meta name=\"robots\" content=\"index, follow, max-snippet:-1, max-image-preview:large, max-video-preview:-1\" \/>\n<link rel=\"canonical\" href=\"https:\/\/beautyinstitute.ee\/toode\/mimic-elixir\/\" \/>\n<meta property=\"og:locale\" content=\"ru_RU\" \/>\n<meta property=\"og:type\" content=\"article\" \/>\n<meta property=\"og:title\" content=\"Skin2Derm\u00ae Mimic Elixir - Beauty Institute\" \/>\n<meta property=\"og:description\" content=\"\u00dclit\u00f5hus k\u00f5rgtehnoloogiline nahka pinguldav seerum. Kohene Liftingu efekt. Sisaldab argireliini, imiteerib botolinum toksiidi (A-t\u00fc\u00fcp) efekti. Erinevalt Botoliinist ei halva argereliin n\u00e4rvi vaid annab lihasele pikaajalise l\u00f5dvestuse. Eliksiir on h\u00e4sti imenduv ja annab kohese siledama ja pingevaba naha. K\u00f5rge kontsentratsiooniga hyal\u00fcroonhape aitab v\u00e4hendada kortse kiiresti ja silmn\u00e4htavalt. Unikaalne eliksiir annab nahale kiire s\u00e4ra, kauni ja noorusliku [&hellip;]\" \/>\n<meta property=\"og:url\" content=\"https:\/\/beautyinstitute.ee\/toode\/mimic-elixir\/\" \/>\n<meta property=\"og:site_name\" content=\"Beauty Institute\" \/>\n<meta property=\"article:modified_time\" content=\"2026-03-26T13:59:01+00:00\" \/>\n<meta property=\"og:image\" content=\"https:\/\/beautyinstitute.ee\/wp-content\/uploads\/2019\/01\/mimic-elixir.jpg\" \/>\n\t<meta property=\"og:image:width\" content=\"750\" \/>\n\t<meta property=\"og:image:height\" content=\"711\" \/>\n\t<meta property=\"og:image:type\" content=\"image\/jpeg\" \/>\n<meta name=\"twitter:card\" content=\"summary_large_image\" \/>\n<meta name=\"twitter:site\" content=\"@Beauty_Eesti\" \/>\n<meta name=\"twitter:label1\" content=\"\u041f\u0440\u0438\u043c\u0435\u0440\u043d\u043e\u0435 \u0432\u0440\u0435\u043c\u044f \u0434\u043b\u044f \u0447\u0442\u0435\u043d\u0438\u044f\" \/>\n\t<meta name=\"twitter:data1\" content=\"1 \u043c\u0438\u043d\u0443\u0442\u0430\" \/>\n<script type=\"application\/ld+json\" class=\"yoast-schema-graph\">{\"@context\":\"https:\/\/schema.org\",\"@graph\":[{\"@type\":\"WebPage\",\"@id\":\"https:\/\/beautyinstitute.ee\/toode\/mimic-elixir\/\",\"url\":\"https:\/\/beautyinstitute.ee\/toode\/mimic-elixir\/\",\"name\":\"Skin2Derm\u00ae Mimic Elixir - Beauty Institute\",\"isPartOf\":{\"@id\":\"https:\/\/beautyinstitute.ee\/#website\"},\"primaryImageOfPage\":{\"@id\":\"https:\/\/beautyinstitute.ee\/toode\/mimic-elixir\/#primaryimage\"},\"image\":{\"@id\":\"https:\/\/beautyinstitute.ee\/toode\/mimic-elixir\/#primaryimage\"},\"thumbnailUrl\":\"https:\/\/beautyinstitute.ee\/wp-content\/uploads\/2019\/01\/mimic-elixir.jpg\",\"datePublished\":\"2019-01-24T20:34:42+00:00\",\"dateModified\":\"2026-03-26T13:59:01+00:00\",\"breadcrumb\":{\"@id\":\"https:\/\/beautyinstitute.ee\/toode\/mimic-elixir\/#breadcrumb\"},\"inLanguage\":\"ru-RU\",\"potentialAction\":[{\"@type\":\"ReadAction\",\"target\":[\"https:\/\/beautyinstitute.ee\/toode\/mimic-elixir\/\"]}]},{\"@type\":\"ImageObject\",\"inLanguage\":\"ru-RU\",\"@id\":\"https:\/\/beautyinstitute.ee\/toode\/mimic-elixir\/#primaryimage\",\"url\":\"https:\/\/beautyinstitute.ee\/wp-content\/uploads\/2019\/01\/mimic-elixir.jpg\",\"contentUrl\":\"https:\/\/beautyinstitute.ee\/wp-content\/uploads\/2019\/01\/mimic-elixir.jpg\",\"width\":750,\"height\":711},{\"@type\":\"BreadcrumbList\",\"@id\":\"https:\/\/beautyinstitute.ee\/toode\/mimic-elixir\/#breadcrumb\",\"itemListElement\":[{\"@type\":\"ListItem\",\"position\":1,\"name\":\"Home\",\"item\":\"https:\/\/beautyinstitute.ee\/ru\/\"},{\"@type\":\"ListItem\",\"position\":2,\"name\":\"E-pood\",\"item\":\"https:\/\/beautyinstitute.ee\/e-pood\/\"},{\"@type\":\"ListItem\",\"position\":3,\"name\":\"Skin2Derm\u00ae Mimic Elixir\"}]},{\"@type\":\"WebSite\",\"@id\":\"https:\/\/beautyinstitute.ee\/#website\",\"url\":\"https:\/\/beautyinstitute.ee\/\",\"name\":\"Beauty Institute\",\"description\":\"CNC Cosmetic ametlik maaletooja ja edasim\u00fc\u00fcja Eestis, Soomes, L\u00e4tis. Aparaadikosmeetika, koolitused, kosmeetikatooted.\",\"potentialAction\":[{\"@type\":\"SearchAction\",\"target\":{\"@type\":\"EntryPoint\",\"urlTemplate\":\"https:\/\/beautyinstitute.ee\/?s={search_term_string}\"},\"query-input\":{\"@type\":\"PropertyValueSpecification\",\"valueRequired\":true,\"valueName\":\"search_term_string\"}}],\"inLanguage\":\"ru-RU\"}]}<\/script>\n<!-- \/ Yoast SEO plugin. -->","yoast_head_json":{"title":"Skin2Derm\u00ae Mimic Elixir - Beauty Institute","robots":{"index":"index","follow":"follow","max-snippet":"max-snippet:-1","max-image-preview":"max-image-preview:large","max-video-preview":"max-video-preview:-1"},"canonical":"https:\/\/beautyinstitute.ee\/toode\/mimic-elixir\/","og_locale":"ru_RU","og_type":"article","og_title":"Skin2Derm\u00ae Mimic Elixir - Beauty Institute","og_description":"\u00dclit\u00f5hus k\u00f5rgtehnoloogiline nahka pinguldav seerum. Kohene Liftingu efekt. Sisaldab argireliini, imiteerib botolinum toksiidi (A-t\u00fc\u00fcp) efekti. Erinevalt Botoliinist ei halva argereliin n\u00e4rvi vaid annab lihasele pikaajalise l\u00f5dvestuse. Eliksiir on h\u00e4sti imenduv ja annab kohese siledama ja pingevaba naha. K\u00f5rge kontsentratsiooniga hyal\u00fcroonhape aitab v\u00e4hendada kortse kiiresti ja silmn\u00e4htavalt. Unikaalne eliksiir annab nahale kiire s\u00e4ra, kauni ja noorusliku [&hellip;]","og_url":"https:\/\/beautyinstitute.ee\/toode\/mimic-elixir\/","og_site_name":"Beauty Institute","article_modified_time":"2026-03-26T13:59:01+00:00","og_image":[{"width":750,"height":711,"url":"https:\/\/beautyinstitute.ee\/wp-content\/uploads\/2019\/01\/mimic-elixir.jpg","type":"image\/jpeg"}],"twitter_card":"summary_large_image","twitter_site":"@Beauty_Eesti","twitter_misc":{"\u041f\u0440\u0438\u043c\u0435\u0440\u043d\u043e\u0435 \u0432\u0440\u0435\u043c\u044f \u0434\u043b\u044f \u0447\u0442\u0435\u043d\u0438\u044f":"1 \u043c\u0438\u043d\u0443\u0442\u0430"},"schema":{"@context":"https:\/\/schema.org","@graph":[{"@type":"WebPage","@id":"https:\/\/beautyinstitute.ee\/toode\/mimic-elixir\/","url":"https:\/\/beautyinstitute.ee\/toode\/mimic-elixir\/","name":"Skin2Derm\u00ae Mimic Elixir - Beauty Institute","isPartOf":{"@id":"https:\/\/beautyinstitute.ee\/#website"},"primaryImageOfPage":{"@id":"https:\/\/beautyinstitute.ee\/toode\/mimic-elixir\/#primaryimage"},"image":{"@id":"https:\/\/beautyinstitute.ee\/toode\/mimic-elixir\/#primaryimage"},"thumbnailUrl":"https:\/\/beautyinstitute.ee\/wp-content\/uploads\/2019\/01\/mimic-elixir.jpg","datePublished":"2019-01-24T20:34:42+00:00","dateModified":"2026-03-26T13:59:01+00:00","breadcrumb":{"@id":"https:\/\/beautyinstitute.ee\/toode\/mimic-elixir\/#breadcrumb"},"inLanguage":"ru-RU","potentialAction":[{"@type":"ReadAction","target":["https:\/\/beautyinstitute.ee\/toode\/mimic-elixir\/"]}]},{"@type":"ImageObject","inLanguage":"ru-RU","@id":"https:\/\/beautyinstitute.ee\/toode\/mimic-elixir\/#primaryimage","url":"https:\/\/beautyinstitute.ee\/wp-content\/uploads\/2019\/01\/mimic-elixir.jpg","contentUrl":"https:\/\/beautyinstitute.ee\/wp-content\/uploads\/2019\/01\/mimic-elixir.jpg","width":750,"height":711},{"@type":"BreadcrumbList","@id":"https:\/\/beautyinstitute.ee\/toode\/mimic-elixir\/#breadcrumb","itemListElement":[{"@type":"ListItem","position":1,"name":"Home","item":"https:\/\/beautyinstitute.ee\/ru\/"},{"@type":"ListItem","position":2,"name":"E-pood","item":"https:\/\/beautyinstitute.ee\/e-pood\/"},{"@type":"ListItem","position":3,"name":"Skin2Derm\u00ae Mimic Elixir"}]},{"@type":"WebSite","@id":"https:\/\/beautyinstitute.ee\/#website","url":"https:\/\/beautyinstitute.ee\/","name":"Beauty Institute","description":"CNC Cosmetic ametlik maaletooja ja edasim\u00fc\u00fcja Eestis, Soomes, L\u00e4tis. Aparaadikosmeetika, koolitused, kosmeetikatooted.","potentialAction":[{"@type":"SearchAction","target":{"@type":"EntryPoint","urlTemplate":"https:\/\/beautyinstitute.ee\/?s={search_term_string}"},"query-input":{"@type":"PropertyValueSpecification","valueRequired":true,"valueName":"search_term_string"}}],"inLanguage":"ru-RU"}]}},"_links":{"self":[{"href":"https:\/\/beautyinstitute.ee\/ru\/wp-json\/wp\/v2\/product\/2880","targetHints":{"allow":["GET"]}}],"collection":[{"href":"https:\/\/beautyinstitute.ee\/ru\/wp-json\/wp\/v2\/product"}],"about":[{"href":"https:\/\/beautyinstitute.ee\/ru\/wp-json\/wp\/v2\/types\/product"}],"wp:featuredmedia":[{"embeddable":true,"href":"https:\/\/beautyinstitute.ee\/ru\/wp-json\/wp\/v2\/media\/11882"}],"wp:attachment":[{"href":"https:\/\/beautyinstitute.ee\/ru\/wp-json\/wp\/v2\/media?parent=2880"}],"wp:term":[{"taxonomy":"product_cat","embeddable":true,"href":"https:\/\/beautyinstitute.ee\/ru\/wp-json\/wp\/v2\/product_cat?post=2880"},{"taxonomy":"product_tag","embeddable":true,"href":"https:\/\/beautyinstitute.ee\/ru\/wp-json\/wp\/v2\/product_tag?post=2880"}],"curies":[{"name":"wp","href":"https:\/\/api.w.org\/{rel}","templated":true}]}}