{"id":28875,"date":"2024-05-13T13:47:29","date_gmt":"2024-05-13T10:47:29","guid":{"rendered":"https:\/\/beautyinstitute.ee\/?post_type=product&#038;p=28875"},"modified":"2026-04-28T14:08:34","modified_gmt":"2026-04-28T11:08:34","slug":"after-sun-lotion-aloe-vera-150-ml","status":"publish","type":"product","link":"https:\/\/beautyinstitute.ee\/ru\/toode\/after-sun-lotion-aloe-vera-150-ml\/","title":{"rendered":"After Sun Lotion Aloe Vera 150 Ml"},"content":{"rendered":"<p>Rahustav ja jahutav kreem p\u00e4rast p\u00e4evitamist (v\u00f5ib ka m\u00f5nusaks suviseks kehakreemiks kasutada)<\/p>\n<p>T\u00f5hus hoolduskompleks loodusliku aloe vera ekstraktiga rahustab nahka, niisutab intensiivselt ja s\u00e4ilitab naha elastsuse.<\/p>\n<p>Kiiresti imenduv, jahutav kreem \u00a0annab nahale pehme ja siidise tunde- naudi suve!<\/p>\n<p>Sobilik k\u00f5ikidele nahat\u00fc\u00fcpidele.<\/p>\n<p>Eelised:<\/p>\n<ul>\n<li>rahustab ja niisutab<\/li>\n<li>s\u00e4ilitab naha elastsuse<\/li>\n<li>rahustab nahka p\u00e4rast p\u00e4evitamist<\/li>\n<\/ul>\n<p>Peamised aktiivained: Aloe Vera ekstrakt, pantenool, nisugl\u00fckosiid<\/p>\n<p>&nbsp;<\/p>\n","protected":false},"excerpt":{"rendered":"<p>Rahustav ja jahutav kreem p\u00e4rast p\u00e4evitamist (v\u00f5ib ka m\u00f5nusaks suviseks kehakreemiks kasutada) T\u00f5hus hoolduskompleks loodusliku aloe vera ekstraktiga rahustab nahka, niisutab intensiivselt ja s\u00e4ilitab naha elastsuse. Kiiresti imenduv, jahutav kreem \u00a0annab nahale pehme ja siidise tunde- naudi suve! Sobilik k\u00f5ikidele nahat\u00fc\u00fcpidele. Eelised: rahustab ja niisutab s\u00e4ilitab naha elastsuse rahustab nahka p\u00e4rast p\u00e4evitamist Peamised aktiivained: Aloe [&hellip;]<\/p>\n","protected":false},"featured_media":28876,"template":"","meta":{"_acf_changed":false},"product_cat":[278,256,252,123],"product_tag":[],"class_list":["post-28875","product","type-product","status-publish","has-post-thumbnail","hentry","product_cat-cnc","product_cat-kehahooldustooted","product_cat-uv-kaitse","product_cat-sun"],"acf":[],"yoast_head":"<!-- This site is optimized with the Yoast SEO plugin v25.4 - https:\/\/yoast.com\/wordpress\/plugins\/seo\/ -->\n<title>After Sun Lotion Aloe Vera 150 Ml - Beauty Institute<\/title>\n<meta name=\"robots\" content=\"index, follow, max-snippet:-1, max-image-preview:large, max-video-preview:-1\" \/>\n<link rel=\"canonical\" href=\"https:\/\/beautyinstitute.ee\/toode\/after-sun-lotion-aloe-vera-150-ml\/\" \/>\n<meta property=\"og:locale\" content=\"ru_RU\" \/>\n<meta property=\"og:type\" content=\"article\" \/>\n<meta property=\"og:title\" content=\"After Sun Lotion Aloe Vera 150 Ml - Beauty Institute\" \/>\n<meta property=\"og:description\" content=\"Rahustav ja jahutav kreem p\u00e4rast p\u00e4evitamist (v\u00f5ib ka m\u00f5nusaks suviseks kehakreemiks kasutada) T\u00f5hus hoolduskompleks loodusliku aloe vera ekstraktiga rahustab nahka, niisutab intensiivselt ja s\u00e4ilitab naha elastsuse. Kiiresti imenduv, jahutav kreem \u00a0annab nahale pehme ja siidise tunde- naudi suve! Sobilik k\u00f5ikidele nahat\u00fc\u00fcpidele. Eelised: rahustab ja niisutab s\u00e4ilitab naha elastsuse rahustab nahka p\u00e4rast p\u00e4evitamist Peamised aktiivained: Aloe [&hellip;]\" \/>\n<meta property=\"og:url\" content=\"https:\/\/beautyinstitute.ee\/toode\/after-sun-lotion-aloe-vera-150-ml\/\" \/>\n<meta property=\"og:site_name\" content=\"Beauty Institute\" \/>\n<meta property=\"article:modified_time\" content=\"2026-04-28T11:08:34+00:00\" \/>\n<meta property=\"og:image\" content=\"https:\/\/beautyinstitute.ee\/wp-content\/uploads\/2024\/05\/after-sun-aloe-vera-lotion.jpg\" \/>\n\t<meta property=\"og:image:width\" content=\"2000\" \/>\n\t<meta property=\"og:image:height\" content=\"2000\" \/>\n\t<meta property=\"og:image:type\" content=\"image\/jpeg\" \/>\n<meta name=\"twitter:card\" content=\"summary_large_image\" \/>\n<meta name=\"twitter:site\" content=\"@Beauty_Eesti\" \/>\n<meta name=\"twitter:label1\" content=\"\u041f\u0440\u0438\u043c\u0435\u0440\u043d\u043e\u0435 \u0432\u0440\u0435\u043c\u044f \u0434\u043b\u044f \u0447\u0442\u0435\u043d\u0438\u044f\" \/>\n\t<meta name=\"twitter:data1\" content=\"1 \u043c\u0438\u043d\u0443\u0442\u0430\" \/>\n<script type=\"application\/ld+json\" class=\"yoast-schema-graph\">{\"@context\":\"https:\/\/schema.org\",\"@graph\":[{\"@type\":\"WebPage\",\"@id\":\"https:\/\/beautyinstitute.ee\/toode\/after-sun-lotion-aloe-vera-150-ml\/\",\"url\":\"https:\/\/beautyinstitute.ee\/toode\/after-sun-lotion-aloe-vera-150-ml\/\",\"name\":\"After Sun Lotion Aloe Vera 150 Ml - Beauty Institute\",\"isPartOf\":{\"@id\":\"https:\/\/beautyinstitute.ee\/#website\"},\"primaryImageOfPage\":{\"@id\":\"https:\/\/beautyinstitute.ee\/toode\/after-sun-lotion-aloe-vera-150-ml\/#primaryimage\"},\"image\":{\"@id\":\"https:\/\/beautyinstitute.ee\/toode\/after-sun-lotion-aloe-vera-150-ml\/#primaryimage\"},\"thumbnailUrl\":\"https:\/\/beautyinstitute.ee\/wp-content\/uploads\/2024\/05\/after-sun-aloe-vera-lotion.jpg\",\"datePublished\":\"2024-05-13T10:47:29+00:00\",\"dateModified\":\"2026-04-28T11:08:34+00:00\",\"breadcrumb\":{\"@id\":\"https:\/\/beautyinstitute.ee\/toode\/after-sun-lotion-aloe-vera-150-ml\/#breadcrumb\"},\"inLanguage\":\"ru-RU\",\"potentialAction\":[{\"@type\":\"ReadAction\",\"target\":[\"https:\/\/beautyinstitute.ee\/toode\/after-sun-lotion-aloe-vera-150-ml\/\"]}]},{\"@type\":\"ImageObject\",\"inLanguage\":\"ru-RU\",\"@id\":\"https:\/\/beautyinstitute.ee\/toode\/after-sun-lotion-aloe-vera-150-ml\/#primaryimage\",\"url\":\"https:\/\/beautyinstitute.ee\/wp-content\/uploads\/2024\/05\/after-sun-aloe-vera-lotion.jpg\",\"contentUrl\":\"https:\/\/beautyinstitute.ee\/wp-content\/uploads\/2024\/05\/after-sun-aloe-vera-lotion.jpg\",\"width\":2000,\"height\":2000},{\"@type\":\"BreadcrumbList\",\"@id\":\"https:\/\/beautyinstitute.ee\/toode\/after-sun-lotion-aloe-vera-150-ml\/#breadcrumb\",\"itemListElement\":[{\"@type\":\"ListItem\",\"position\":1,\"name\":\"Home\",\"item\":\"https:\/\/beautyinstitute.ee\/ru\/\"},{\"@type\":\"ListItem\",\"position\":2,\"name\":\"E-pood\",\"item\":\"https:\/\/beautyinstitute.ee\/e-pood\/\"},{\"@type\":\"ListItem\",\"position\":3,\"name\":\"After Sun Lotion Aloe Vera 150 Ml\"}]},{\"@type\":\"WebSite\",\"@id\":\"https:\/\/beautyinstitute.ee\/#website\",\"url\":\"https:\/\/beautyinstitute.ee\/\",\"name\":\"Beauty Institute\",\"description\":\"CNC Cosmetic ametlik maaletooja ja edasim\u00fc\u00fcja Eestis, Soomes, L\u00e4tis. Aparaadikosmeetika, koolitused, kosmeetikatooted.\",\"potentialAction\":[{\"@type\":\"SearchAction\",\"target\":{\"@type\":\"EntryPoint\",\"urlTemplate\":\"https:\/\/beautyinstitute.ee\/?s={search_term_string}\"},\"query-input\":{\"@type\":\"PropertyValueSpecification\",\"valueRequired\":true,\"valueName\":\"search_term_string\"}}],\"inLanguage\":\"ru-RU\"}]}<\/script>\n<!-- \/ Yoast SEO plugin. -->","yoast_head_json":{"title":"After Sun Lotion Aloe Vera 150 Ml - Beauty Institute","robots":{"index":"index","follow":"follow","max-snippet":"max-snippet:-1","max-image-preview":"max-image-preview:large","max-video-preview":"max-video-preview:-1"},"canonical":"https:\/\/beautyinstitute.ee\/toode\/after-sun-lotion-aloe-vera-150-ml\/","og_locale":"ru_RU","og_type":"article","og_title":"After Sun Lotion Aloe Vera 150 Ml - Beauty Institute","og_description":"Rahustav ja jahutav kreem p\u00e4rast p\u00e4evitamist (v\u00f5ib ka m\u00f5nusaks suviseks kehakreemiks kasutada) T\u00f5hus hoolduskompleks loodusliku aloe vera ekstraktiga rahustab nahka, niisutab intensiivselt ja s\u00e4ilitab naha elastsuse. Kiiresti imenduv, jahutav kreem \u00a0annab nahale pehme ja siidise tunde- naudi suve! Sobilik k\u00f5ikidele nahat\u00fc\u00fcpidele. Eelised: rahustab ja niisutab s\u00e4ilitab naha elastsuse rahustab nahka p\u00e4rast p\u00e4evitamist Peamised aktiivained: Aloe [&hellip;]","og_url":"https:\/\/beautyinstitute.ee\/toode\/after-sun-lotion-aloe-vera-150-ml\/","og_site_name":"Beauty Institute","article_modified_time":"2026-04-28T11:08:34+00:00","og_image":[{"width":2000,"height":2000,"url":"https:\/\/beautyinstitute.ee\/wp-content\/uploads\/2024\/05\/after-sun-aloe-vera-lotion.jpg","type":"image\/jpeg"}],"twitter_card":"summary_large_image","twitter_site":"@Beauty_Eesti","twitter_misc":{"\u041f\u0440\u0438\u043c\u0435\u0440\u043d\u043e\u0435 \u0432\u0440\u0435\u043c\u044f \u0434\u043b\u044f \u0447\u0442\u0435\u043d\u0438\u044f":"1 \u043c\u0438\u043d\u0443\u0442\u0430"},"schema":{"@context":"https:\/\/schema.org","@graph":[{"@type":"WebPage","@id":"https:\/\/beautyinstitute.ee\/toode\/after-sun-lotion-aloe-vera-150-ml\/","url":"https:\/\/beautyinstitute.ee\/toode\/after-sun-lotion-aloe-vera-150-ml\/","name":"After Sun Lotion Aloe Vera 150 Ml - Beauty Institute","isPartOf":{"@id":"https:\/\/beautyinstitute.ee\/#website"},"primaryImageOfPage":{"@id":"https:\/\/beautyinstitute.ee\/toode\/after-sun-lotion-aloe-vera-150-ml\/#primaryimage"},"image":{"@id":"https:\/\/beautyinstitute.ee\/toode\/after-sun-lotion-aloe-vera-150-ml\/#primaryimage"},"thumbnailUrl":"https:\/\/beautyinstitute.ee\/wp-content\/uploads\/2024\/05\/after-sun-aloe-vera-lotion.jpg","datePublished":"2024-05-13T10:47:29+00:00","dateModified":"2026-04-28T11:08:34+00:00","breadcrumb":{"@id":"https:\/\/beautyinstitute.ee\/toode\/after-sun-lotion-aloe-vera-150-ml\/#breadcrumb"},"inLanguage":"ru-RU","potentialAction":[{"@type":"ReadAction","target":["https:\/\/beautyinstitute.ee\/toode\/after-sun-lotion-aloe-vera-150-ml\/"]}]},{"@type":"ImageObject","inLanguage":"ru-RU","@id":"https:\/\/beautyinstitute.ee\/toode\/after-sun-lotion-aloe-vera-150-ml\/#primaryimage","url":"https:\/\/beautyinstitute.ee\/wp-content\/uploads\/2024\/05\/after-sun-aloe-vera-lotion.jpg","contentUrl":"https:\/\/beautyinstitute.ee\/wp-content\/uploads\/2024\/05\/after-sun-aloe-vera-lotion.jpg","width":2000,"height":2000},{"@type":"BreadcrumbList","@id":"https:\/\/beautyinstitute.ee\/toode\/after-sun-lotion-aloe-vera-150-ml\/#breadcrumb","itemListElement":[{"@type":"ListItem","position":1,"name":"Home","item":"https:\/\/beautyinstitute.ee\/ru\/"},{"@type":"ListItem","position":2,"name":"E-pood","item":"https:\/\/beautyinstitute.ee\/e-pood\/"},{"@type":"ListItem","position":3,"name":"After Sun Lotion Aloe Vera 150 Ml"}]},{"@type":"WebSite","@id":"https:\/\/beautyinstitute.ee\/#website","url":"https:\/\/beautyinstitute.ee\/","name":"Beauty Institute","description":"CNC Cosmetic ametlik maaletooja ja edasim\u00fc\u00fcja Eestis, Soomes, L\u00e4tis. Aparaadikosmeetika, koolitused, kosmeetikatooted.","potentialAction":[{"@type":"SearchAction","target":{"@type":"EntryPoint","urlTemplate":"https:\/\/beautyinstitute.ee\/?s={search_term_string}"},"query-input":{"@type":"PropertyValueSpecification","valueRequired":true,"valueName":"search_term_string"}}],"inLanguage":"ru-RU"}]}},"_links":{"self":[{"href":"https:\/\/beautyinstitute.ee\/ru\/wp-json\/wp\/v2\/product\/28875","targetHints":{"allow":["GET"]}}],"collection":[{"href":"https:\/\/beautyinstitute.ee\/ru\/wp-json\/wp\/v2\/product"}],"about":[{"href":"https:\/\/beautyinstitute.ee\/ru\/wp-json\/wp\/v2\/types\/product"}],"wp:featuredmedia":[{"embeddable":true,"href":"https:\/\/beautyinstitute.ee\/ru\/wp-json\/wp\/v2\/media\/28876"}],"wp:attachment":[{"href":"https:\/\/beautyinstitute.ee\/ru\/wp-json\/wp\/v2\/media?parent=28875"}],"wp:term":[{"taxonomy":"product_cat","embeddable":true,"href":"https:\/\/beautyinstitute.ee\/ru\/wp-json\/wp\/v2\/product_cat?post=28875"},{"taxonomy":"product_tag","embeddable":true,"href":"https:\/\/beautyinstitute.ee\/ru\/wp-json\/wp\/v2\/product_tag?post=28875"}],"curies":[{"name":"wp","href":"https:\/\/api.w.org\/{rel}","templated":true}]}}