{"id":2894,"date":"2019-01-24T22:42:55","date_gmt":"2019-01-24T20:42:55","guid":{"rendered":"https:\/\/beautyinstitute.ee\/?post_type=product&#038;p=2894"},"modified":"2026-04-28T17:37:55","modified_gmt":"2026-04-28T14:37:55","slug":"structure-day-care","status":"publish","type":"product","link":"https:\/\/beautyinstitute.ee\/ru\/toode\/structure-day-care\/","title":{"rendered":"Skin2Derm\u00ae Structure Day Care"},"content":{"rendered":"<p><strong>Luksuslik vananemisvastane kreem, mis on nagu vitamiinide kokteil.<\/strong><\/p>\n<p>Parim kreem kuivusele kalduvale, v\u00e4sinud, kahjustunud taastamist vajavale nahale. Sheav\u00f5i hooldab nahka s\u00fcgavuti ja annab kaitse, k\u00f5rge kontsentratsiooniga hyal\u00fcroonhape silub kortsukesi koheselt ja silmn\u00e4htavalt ning annab pikaajalise niisutuse. P\u00e4hkliekstrakt v\u00f5itleb naha\u00e4rritustega ja puhastab nahapoore. Panthenool rahustab nahka. A ja E vitamiinide kombinatsioon annavad nahale \u00fcle\u00fcldise kaitse. Koeens\u00fc\u00fcm Q10 kaitseb naharakke vabade radikaalide tekke eest ja aeglustab vananemisprotsessi. Q10 kaitseb nahka ja taastab UV kiirgusest kahjustatud rakud. Ceramiidid annavad nahale tugevuse ja vastupanuv\u00f5ime ning niisutuse. Vetikaekstrakt pinguldab nahka ja annab nahale eluj\u00f5udu, s\u00e4ra. Kreem, mis on k\u00f5rgema taseme nahahooldustoode. Kreemi v\u00f5ib kasutada ka \u00f6\u00f6kreemina. Sobib kasutada ka kaelale ning dekolteele.<\/p>\n<p><strong>Eelised:<\/strong><\/p>\n<ul>\n<li>\u00fchtlustab punetust ja leevendab stressi tekitanud kahju<\/li>\n<li>kaitseb negatiivsete keskkonnam\u00f5jude ja UV-kiirguse eest<\/li>\n<\/ul>\n<p><strong>Sobilik:<\/strong> kuiv, n\u00f5udlik ja taastamist vajav nahk.<\/p>\n<p><strong>Toimeained:<\/strong> sheav\u00f5i, hamamelis, pantenool, h\u00fcaluroonhape, vitamiinid A ja E, vetikad ekstrakt, Q10, keramiidid.<\/p>\n","protected":false},"excerpt":{"rendered":"<p>Luksuslik vananemisvastane kreem, mis on nagu vitamiinide kokteil. Parim kreem kuivusele kalduvale, v\u00e4sinud, kahjustunud taastamist vajavale nahale. Sheav\u00f5i hooldab nahka s\u00fcgavuti ja annab kaitse, k\u00f5rge kontsentratsiooniga hyal\u00fcroonhape silub kortsukesi koheselt ja silmn\u00e4htavalt ning annab pikaajalise niisutuse. P\u00e4hkliekstrakt v\u00f5itleb naha\u00e4rritustega ja puhastab nahapoore. Panthenool rahustab nahka. A ja E vitamiinide kombinatsioon annavad nahale \u00fcle\u00fcldise kaitse. Koeens\u00fc\u00fcm [&hellip;]<\/p>\n","protected":false},"featured_media":11884,"template":"","meta":{"_acf_changed":false},"product_cat":[250,114,140],"product_tag":[],"class_list":["post-2894","product","type-product","status-publish","has-post-thumbnail","hentry","product_cat-naokreemid","product_cat-tootesarjad","product_cat-skin-lipid-matrix"],"acf":[],"yoast_head":"<!-- This site is optimized with the Yoast SEO plugin v25.4 - https:\/\/yoast.com\/wordpress\/plugins\/seo\/ -->\n<title>Skin2Derm\u00ae Structure Day Care - Beauty Institute<\/title>\n<meta name=\"robots\" content=\"index, follow, max-snippet:-1, max-image-preview:large, max-video-preview:-1\" \/>\n<link rel=\"canonical\" href=\"https:\/\/beautyinstitute.ee\/toode\/structure-day-care\/\" \/>\n<meta property=\"og:locale\" content=\"ru_RU\" \/>\n<meta property=\"og:type\" content=\"article\" \/>\n<meta property=\"og:title\" content=\"Skin2Derm\u00ae Structure Day Care - Beauty Institute\" \/>\n<meta property=\"og:description\" content=\"Luksuslik vananemisvastane kreem, mis on nagu vitamiinide kokteil. Parim kreem kuivusele kalduvale, v\u00e4sinud, kahjustunud taastamist vajavale nahale. Sheav\u00f5i hooldab nahka s\u00fcgavuti ja annab kaitse, k\u00f5rge kontsentratsiooniga hyal\u00fcroonhape silub kortsukesi koheselt ja silmn\u00e4htavalt ning annab pikaajalise niisutuse. P\u00e4hkliekstrakt v\u00f5itleb naha\u00e4rritustega ja puhastab nahapoore. Panthenool rahustab nahka. A ja E vitamiinide kombinatsioon annavad nahale \u00fcle\u00fcldise kaitse. Koeens\u00fc\u00fcm [&hellip;]\" \/>\n<meta property=\"og:url\" content=\"https:\/\/beautyinstitute.ee\/toode\/structure-day-care\/\" \/>\n<meta property=\"og:site_name\" content=\"Beauty Institute\" \/>\n<meta property=\"article:modified_time\" content=\"2026-04-28T14:37:55+00:00\" \/>\n<meta property=\"og:image\" content=\"https:\/\/beautyinstitute.ee\/wp-content\/uploads\/2019\/01\/structure-day-care.jpg\" \/>\n\t<meta property=\"og:image:width\" content=\"750\" \/>\n\t<meta property=\"og:image:height\" content=\"711\" \/>\n\t<meta property=\"og:image:type\" content=\"image\/jpeg\" \/>\n<meta name=\"twitter:card\" content=\"summary_large_image\" \/>\n<meta name=\"twitter:site\" content=\"@Beauty_Eesti\" \/>\n<meta name=\"twitter:label1\" content=\"\u041f\u0440\u0438\u043c\u0435\u0440\u043d\u043e\u0435 \u0432\u0440\u0435\u043c\u044f \u0434\u043b\u044f \u0447\u0442\u0435\u043d\u0438\u044f\" \/>\n\t<meta name=\"twitter:data1\" content=\"1 \u043c\u0438\u043d\u0443\u0442\u0430\" \/>\n<script type=\"application\/ld+json\" class=\"yoast-schema-graph\">{\"@context\":\"https:\/\/schema.org\",\"@graph\":[{\"@type\":\"WebPage\",\"@id\":\"https:\/\/beautyinstitute.ee\/toode\/structure-day-care\/\",\"url\":\"https:\/\/beautyinstitute.ee\/toode\/structure-day-care\/\",\"name\":\"Skin2Derm\u00ae Structure Day Care - Beauty Institute\",\"isPartOf\":{\"@id\":\"https:\/\/beautyinstitute.ee\/#website\"},\"primaryImageOfPage\":{\"@id\":\"https:\/\/beautyinstitute.ee\/toode\/structure-day-care\/#primaryimage\"},\"image\":{\"@id\":\"https:\/\/beautyinstitute.ee\/toode\/structure-day-care\/#primaryimage\"},\"thumbnailUrl\":\"https:\/\/beautyinstitute.ee\/wp-content\/uploads\/2019\/01\/structure-day-care.jpg\",\"datePublished\":\"2019-01-24T20:42:55+00:00\",\"dateModified\":\"2026-04-28T14:37:55+00:00\",\"breadcrumb\":{\"@id\":\"https:\/\/beautyinstitute.ee\/toode\/structure-day-care\/#breadcrumb\"},\"inLanguage\":\"ru-RU\",\"potentialAction\":[{\"@type\":\"ReadAction\",\"target\":[\"https:\/\/beautyinstitute.ee\/toode\/structure-day-care\/\"]}]},{\"@type\":\"ImageObject\",\"inLanguage\":\"ru-RU\",\"@id\":\"https:\/\/beautyinstitute.ee\/toode\/structure-day-care\/#primaryimage\",\"url\":\"https:\/\/beautyinstitute.ee\/wp-content\/uploads\/2019\/01\/structure-day-care.jpg\",\"contentUrl\":\"https:\/\/beautyinstitute.ee\/wp-content\/uploads\/2019\/01\/structure-day-care.jpg\",\"width\":750,\"height\":711},{\"@type\":\"BreadcrumbList\",\"@id\":\"https:\/\/beautyinstitute.ee\/toode\/structure-day-care\/#breadcrumb\",\"itemListElement\":[{\"@type\":\"ListItem\",\"position\":1,\"name\":\"Home\",\"item\":\"https:\/\/beautyinstitute.ee\/ru\/\"},{\"@type\":\"ListItem\",\"position\":2,\"name\":\"E-pood\",\"item\":\"https:\/\/beautyinstitute.ee\/e-pood\/\"},{\"@type\":\"ListItem\",\"position\":3,\"name\":\"Skin2Derm\u00ae Structure Day Care\"}]},{\"@type\":\"WebSite\",\"@id\":\"https:\/\/beautyinstitute.ee\/#website\",\"url\":\"https:\/\/beautyinstitute.ee\/\",\"name\":\"Beauty Institute\",\"description\":\"CNC Cosmetic ametlik maaletooja ja edasim\u00fc\u00fcja Eestis, Soomes, L\u00e4tis. Aparaadikosmeetika, koolitused, kosmeetikatooted.\",\"potentialAction\":[{\"@type\":\"SearchAction\",\"target\":{\"@type\":\"EntryPoint\",\"urlTemplate\":\"https:\/\/beautyinstitute.ee\/?s={search_term_string}\"},\"query-input\":{\"@type\":\"PropertyValueSpecification\",\"valueRequired\":true,\"valueName\":\"search_term_string\"}}],\"inLanguage\":\"ru-RU\"}]}<\/script>\n<!-- \/ Yoast SEO plugin. -->","yoast_head_json":{"title":"Skin2Derm\u00ae Structure Day Care - Beauty Institute","robots":{"index":"index","follow":"follow","max-snippet":"max-snippet:-1","max-image-preview":"max-image-preview:large","max-video-preview":"max-video-preview:-1"},"canonical":"https:\/\/beautyinstitute.ee\/toode\/structure-day-care\/","og_locale":"ru_RU","og_type":"article","og_title":"Skin2Derm\u00ae Structure Day Care - Beauty Institute","og_description":"Luksuslik vananemisvastane kreem, mis on nagu vitamiinide kokteil. Parim kreem kuivusele kalduvale, v\u00e4sinud, kahjustunud taastamist vajavale nahale. Sheav\u00f5i hooldab nahka s\u00fcgavuti ja annab kaitse, k\u00f5rge kontsentratsiooniga hyal\u00fcroonhape silub kortsukesi koheselt ja silmn\u00e4htavalt ning annab pikaajalise niisutuse. P\u00e4hkliekstrakt v\u00f5itleb naha\u00e4rritustega ja puhastab nahapoore. Panthenool rahustab nahka. A ja E vitamiinide kombinatsioon annavad nahale \u00fcle\u00fcldise kaitse. Koeens\u00fc\u00fcm [&hellip;]","og_url":"https:\/\/beautyinstitute.ee\/toode\/structure-day-care\/","og_site_name":"Beauty Institute","article_modified_time":"2026-04-28T14:37:55+00:00","og_image":[{"width":750,"height":711,"url":"https:\/\/beautyinstitute.ee\/wp-content\/uploads\/2019\/01\/structure-day-care.jpg","type":"image\/jpeg"}],"twitter_card":"summary_large_image","twitter_site":"@Beauty_Eesti","twitter_misc":{"\u041f\u0440\u0438\u043c\u0435\u0440\u043d\u043e\u0435 \u0432\u0440\u0435\u043c\u044f \u0434\u043b\u044f \u0447\u0442\u0435\u043d\u0438\u044f":"1 \u043c\u0438\u043d\u0443\u0442\u0430"},"schema":{"@context":"https:\/\/schema.org","@graph":[{"@type":"WebPage","@id":"https:\/\/beautyinstitute.ee\/toode\/structure-day-care\/","url":"https:\/\/beautyinstitute.ee\/toode\/structure-day-care\/","name":"Skin2Derm\u00ae Structure Day Care - Beauty Institute","isPartOf":{"@id":"https:\/\/beautyinstitute.ee\/#website"},"primaryImageOfPage":{"@id":"https:\/\/beautyinstitute.ee\/toode\/structure-day-care\/#primaryimage"},"image":{"@id":"https:\/\/beautyinstitute.ee\/toode\/structure-day-care\/#primaryimage"},"thumbnailUrl":"https:\/\/beautyinstitute.ee\/wp-content\/uploads\/2019\/01\/structure-day-care.jpg","datePublished":"2019-01-24T20:42:55+00:00","dateModified":"2026-04-28T14:37:55+00:00","breadcrumb":{"@id":"https:\/\/beautyinstitute.ee\/toode\/structure-day-care\/#breadcrumb"},"inLanguage":"ru-RU","potentialAction":[{"@type":"ReadAction","target":["https:\/\/beautyinstitute.ee\/toode\/structure-day-care\/"]}]},{"@type":"ImageObject","inLanguage":"ru-RU","@id":"https:\/\/beautyinstitute.ee\/toode\/structure-day-care\/#primaryimage","url":"https:\/\/beautyinstitute.ee\/wp-content\/uploads\/2019\/01\/structure-day-care.jpg","contentUrl":"https:\/\/beautyinstitute.ee\/wp-content\/uploads\/2019\/01\/structure-day-care.jpg","width":750,"height":711},{"@type":"BreadcrumbList","@id":"https:\/\/beautyinstitute.ee\/toode\/structure-day-care\/#breadcrumb","itemListElement":[{"@type":"ListItem","position":1,"name":"Home","item":"https:\/\/beautyinstitute.ee\/ru\/"},{"@type":"ListItem","position":2,"name":"E-pood","item":"https:\/\/beautyinstitute.ee\/e-pood\/"},{"@type":"ListItem","position":3,"name":"Skin2Derm\u00ae Structure Day Care"}]},{"@type":"WebSite","@id":"https:\/\/beautyinstitute.ee\/#website","url":"https:\/\/beautyinstitute.ee\/","name":"Beauty Institute","description":"CNC Cosmetic ametlik maaletooja ja edasim\u00fc\u00fcja Eestis, Soomes, L\u00e4tis. Aparaadikosmeetika, koolitused, kosmeetikatooted.","potentialAction":[{"@type":"SearchAction","target":{"@type":"EntryPoint","urlTemplate":"https:\/\/beautyinstitute.ee\/?s={search_term_string}"},"query-input":{"@type":"PropertyValueSpecification","valueRequired":true,"valueName":"search_term_string"}}],"inLanguage":"ru-RU"}]}},"_links":{"self":[{"href":"https:\/\/beautyinstitute.ee\/ru\/wp-json\/wp\/v2\/product\/2894","targetHints":{"allow":["GET"]}}],"collection":[{"href":"https:\/\/beautyinstitute.ee\/ru\/wp-json\/wp\/v2\/product"}],"about":[{"href":"https:\/\/beautyinstitute.ee\/ru\/wp-json\/wp\/v2\/types\/product"}],"wp:featuredmedia":[{"embeddable":true,"href":"https:\/\/beautyinstitute.ee\/ru\/wp-json\/wp\/v2\/media\/11884"}],"wp:attachment":[{"href":"https:\/\/beautyinstitute.ee\/ru\/wp-json\/wp\/v2\/media?parent=2894"}],"wp:term":[{"taxonomy":"product_cat","embeddable":true,"href":"https:\/\/beautyinstitute.ee\/ru\/wp-json\/wp\/v2\/product_cat?post=2894"},{"taxonomy":"product_tag","embeddable":true,"href":"https:\/\/beautyinstitute.ee\/ru\/wp-json\/wp\/v2\/product_tag?post=2894"}],"curies":[{"name":"wp","href":"https:\/\/api.w.org\/{rel}","templated":true}]}}