{"id":28979,"date":"2024-05-21T09:33:19","date_gmt":"2024-05-21T06:33:19","guid":{"rendered":"https:\/\/beautyinstitute.ee\/?post_type=product&#038;p=28979"},"modified":"2026-04-28T14:08:34","modified_gmt":"2026-04-28T11:08:34","slug":"24h-whitening-cream","status":"publish","type":"product","link":"https:\/\/beautyinstitute.ee\/ru\/toode\/24h-whitening-cream\/","title":{"rendered":"24H Whitening Cream"},"content":{"rendered":"<p>Kerge tekstuuriga 24h kreem.<\/p>\n<p>Efekt:<\/p>\n<p>Innovaatilise formulatsiooniga alfa-arbutiini, niaciamiidi ja C-vitamiiniga p\u00e4rsib h\u00fcperpigmentatsiooni teket, blokeerib melaniini transportimist keratinots\u00fc\u00fctidesse ja helendab regulaarsel kasutamisel olemasolevat pigmentatsiooni. Uuenduslik aktiivaine punane ristikhein v\u00e4hendab naha tsirkadiaanr\u00fctmide (\u00f6\u00f6p\u00e4evase r\u00fctmi h\u00e4irete), p\u00f5hjustatud naha kahjustusi (nt sinise valgus, stress).<\/p>\n<p>NB! Mitte kasutada raseduse ja rinnaga toitmise ajal.<\/p>\n<p>Sobib:<\/p>\n<p>K\u00f5igile nahat\u00fc\u00fcpidele, eriti neile, kellel on kalduvus h\u00fcperpigmentatsioonile.<\/p>\n<p>Eelised:<\/p>\n<p>&#8211; Usaldusv\u00e4\u00e4rne kaitse h\u00fcperpigmentatsiooni tekkimise eest.<\/p>\n<p>&#8211; Helendav toime \u00fchtlase jume saavutamiseks.<\/p>\n<p>&#8211; v\u00e4hendab vanuselaike<\/p>\n<p>N\u00f5uanne:<\/p>\n<p>Kasutage p\u00e4evasel ajal lisaks SUN Drops SPF 50 v\u00f5i aesthetic world Anti-Aging SUN Fluid SPF 50.<\/p>\n<p>&nbsp;<\/p>\n<p>Peamised aktiivained:<\/p>\n<p>Alfa-arbutiin, niaciamiid, C-vitamiin, E-vitamiin, p\u00f5\u00f5sasrohu ekstrakt, h\u00fcaluroonhape, fosfat\u00fc\u00fclinkoliin.<\/p>\n<p>&nbsp;<\/p>\n<ul>\n<li>C-vitamiin: v\u00e4hendab p\u00e4ikesekahjustusi ja muudab pigmendilaigud v\u00e4hem<br \/>\nn\u00e4htavaks<\/li>\n<li>Alfa-arbutiin: blokeerib melaniini s\u00fcnteesi ja takistab tumedate laikude teket<\/li>\n<li>H\u00fcaluroonhape: reguleerib naha niiskustasakaalu<\/li>\n<li>E-vitamiin: kaitseb nahka vabade radikaalide ja naha enneaegse vananemise eest<\/li>\n<li>Bushclover ekstrakt: aitab kaasa rakkude \u00f6\u00f6p\u00e4evar\u00fctmi s\u00fcnkroniseerimisele<\/li>\n<li>Magusa mandli\u00f5li, skvalaan, jojoba\u00f5li, sheav\u00f5i, pantenool: toidavad nahka intensiivselt<\/li>\n<\/ul>\n","protected":false},"excerpt":{"rendered":"<p>Kerge tekstuuriga 24h kreem. Efekt: Innovaatilise formulatsiooniga alfa-arbutiini, niaciamiidi ja C-vitamiiniga p\u00e4rsib h\u00fcperpigmentatsiooni teket, blokeerib melaniini transportimist keratinots\u00fc\u00fctidesse ja helendab regulaarsel kasutamisel olemasolevat pigmentatsiooni. Uuenduslik aktiivaine punane ristikhein v\u00e4hendab naha tsirkadiaanr\u00fctmide (\u00f6\u00f6p\u00e4evase r\u00fctmi h\u00e4irete), p\u00f5hjustatud naha kahjustusi (nt sinise valgus, stress). NB! Mitte kasutada raseduse ja rinnaga toitmise ajal. Sobib: K\u00f5igile nahat\u00fc\u00fcpidele, eriti neile, kellel [&hellip;]<\/p>\n","protected":false},"featured_media":28980,"template":"","meta":{"_acf_changed":false},"product_cat":[278,250,122],"product_tag":[],"class_list":["post-28979","product","type-product","status-publish","has-post-thumbnail","hentry","product_cat-cnc","product_cat-naokreemid","product_cat-white-secret"],"acf":[],"yoast_head":"<!-- This site is optimized with the Yoast SEO plugin v25.4 - https:\/\/yoast.com\/wordpress\/plugins\/seo\/ -->\n<title>24H Whitening Cream - Beauty Institute<\/title>\n<meta name=\"robots\" content=\"index, follow, max-snippet:-1, max-image-preview:large, max-video-preview:-1\" \/>\n<link rel=\"canonical\" href=\"https:\/\/beautyinstitute.ee\/toode\/24h-whitening-cream\/\" \/>\n<meta property=\"og:locale\" content=\"ru_RU\" \/>\n<meta property=\"og:type\" content=\"article\" \/>\n<meta property=\"og:title\" content=\"24H Whitening Cream - Beauty Institute\" \/>\n<meta property=\"og:description\" content=\"Kerge tekstuuriga 24h kreem. Efekt: Innovaatilise formulatsiooniga alfa-arbutiini, niaciamiidi ja C-vitamiiniga p\u00e4rsib h\u00fcperpigmentatsiooni teket, blokeerib melaniini transportimist keratinots\u00fc\u00fctidesse ja helendab regulaarsel kasutamisel olemasolevat pigmentatsiooni. Uuenduslik aktiivaine punane ristikhein v\u00e4hendab naha tsirkadiaanr\u00fctmide (\u00f6\u00f6p\u00e4evase r\u00fctmi h\u00e4irete), p\u00f5hjustatud naha kahjustusi (nt sinise valgus, stress). NB! Mitte kasutada raseduse ja rinnaga toitmise ajal. Sobib: K\u00f5igile nahat\u00fc\u00fcpidele, eriti neile, kellel [&hellip;]\" \/>\n<meta property=\"og:url\" content=\"https:\/\/beautyinstitute.ee\/toode\/24h-whitening-cream\/\" \/>\n<meta property=\"og:site_name\" content=\"Beauty Institute\" \/>\n<meta property=\"article:modified_time\" content=\"2026-04-28T11:08:34+00:00\" \/>\n<meta property=\"og:image\" content=\"https:\/\/beautyinstitute.ee\/wp-content\/uploads\/2024\/05\/whitening.jpg\" \/>\n\t<meta property=\"og:image:width\" content=\"2000\" \/>\n\t<meta property=\"og:image:height\" content=\"1882\" \/>\n\t<meta property=\"og:image:type\" content=\"image\/jpeg\" \/>\n<meta name=\"twitter:card\" content=\"summary_large_image\" \/>\n<meta name=\"twitter:site\" content=\"@Beauty_Eesti\" \/>\n<meta name=\"twitter:label1\" content=\"\u041f\u0440\u0438\u043c\u0435\u0440\u043d\u043e\u0435 \u0432\u0440\u0435\u043c\u044f \u0434\u043b\u044f \u0447\u0442\u0435\u043d\u0438\u044f\" \/>\n\t<meta name=\"twitter:data1\" content=\"1 \u043c\u0438\u043d\u0443\u0442\u0430\" \/>\n<script type=\"application\/ld+json\" class=\"yoast-schema-graph\">{\"@context\":\"https:\/\/schema.org\",\"@graph\":[{\"@type\":\"WebPage\",\"@id\":\"https:\/\/beautyinstitute.ee\/toode\/24h-whitening-cream\/\",\"url\":\"https:\/\/beautyinstitute.ee\/toode\/24h-whitening-cream\/\",\"name\":\"24H Whitening Cream - Beauty Institute\",\"isPartOf\":{\"@id\":\"https:\/\/beautyinstitute.ee\/#website\"},\"primaryImageOfPage\":{\"@id\":\"https:\/\/beautyinstitute.ee\/toode\/24h-whitening-cream\/#primaryimage\"},\"image\":{\"@id\":\"https:\/\/beautyinstitute.ee\/toode\/24h-whitening-cream\/#primaryimage\"},\"thumbnailUrl\":\"https:\/\/beautyinstitute.ee\/wp-content\/uploads\/2024\/05\/whitening.jpg\",\"datePublished\":\"2024-05-21T06:33:19+00:00\",\"dateModified\":\"2026-04-28T11:08:34+00:00\",\"breadcrumb\":{\"@id\":\"https:\/\/beautyinstitute.ee\/toode\/24h-whitening-cream\/#breadcrumb\"},\"inLanguage\":\"ru-RU\",\"potentialAction\":[{\"@type\":\"ReadAction\",\"target\":[\"https:\/\/beautyinstitute.ee\/toode\/24h-whitening-cream\/\"]}]},{\"@type\":\"ImageObject\",\"inLanguage\":\"ru-RU\",\"@id\":\"https:\/\/beautyinstitute.ee\/toode\/24h-whitening-cream\/#primaryimage\",\"url\":\"https:\/\/beautyinstitute.ee\/wp-content\/uploads\/2024\/05\/whitening.jpg\",\"contentUrl\":\"https:\/\/beautyinstitute.ee\/wp-content\/uploads\/2024\/05\/whitening.jpg\",\"width\":2000,\"height\":1882},{\"@type\":\"BreadcrumbList\",\"@id\":\"https:\/\/beautyinstitute.ee\/toode\/24h-whitening-cream\/#breadcrumb\",\"itemListElement\":[{\"@type\":\"ListItem\",\"position\":1,\"name\":\"Home\",\"item\":\"https:\/\/beautyinstitute.ee\/ru\/\"},{\"@type\":\"ListItem\",\"position\":2,\"name\":\"E-pood\",\"item\":\"https:\/\/beautyinstitute.ee\/e-pood\/\"},{\"@type\":\"ListItem\",\"position\":3,\"name\":\"24H Whitening Cream\"}]},{\"@type\":\"WebSite\",\"@id\":\"https:\/\/beautyinstitute.ee\/#website\",\"url\":\"https:\/\/beautyinstitute.ee\/\",\"name\":\"Beauty Institute\",\"description\":\"CNC Cosmetic ametlik maaletooja ja edasim\u00fc\u00fcja Eestis, Soomes, L\u00e4tis. Aparaadikosmeetika, koolitused, kosmeetikatooted.\",\"potentialAction\":[{\"@type\":\"SearchAction\",\"target\":{\"@type\":\"EntryPoint\",\"urlTemplate\":\"https:\/\/beautyinstitute.ee\/?s={search_term_string}\"},\"query-input\":{\"@type\":\"PropertyValueSpecification\",\"valueRequired\":true,\"valueName\":\"search_term_string\"}}],\"inLanguage\":\"ru-RU\"}]}<\/script>\n<!-- \/ Yoast SEO plugin. -->","yoast_head_json":{"title":"24H Whitening Cream - Beauty Institute","robots":{"index":"index","follow":"follow","max-snippet":"max-snippet:-1","max-image-preview":"max-image-preview:large","max-video-preview":"max-video-preview:-1"},"canonical":"https:\/\/beautyinstitute.ee\/toode\/24h-whitening-cream\/","og_locale":"ru_RU","og_type":"article","og_title":"24H Whitening Cream - Beauty Institute","og_description":"Kerge tekstuuriga 24h kreem. Efekt: Innovaatilise formulatsiooniga alfa-arbutiini, niaciamiidi ja C-vitamiiniga p\u00e4rsib h\u00fcperpigmentatsiooni teket, blokeerib melaniini transportimist keratinots\u00fc\u00fctidesse ja helendab regulaarsel kasutamisel olemasolevat pigmentatsiooni. Uuenduslik aktiivaine punane ristikhein v\u00e4hendab naha tsirkadiaanr\u00fctmide (\u00f6\u00f6p\u00e4evase r\u00fctmi h\u00e4irete), p\u00f5hjustatud naha kahjustusi (nt sinise valgus, stress). NB! Mitte kasutada raseduse ja rinnaga toitmise ajal. Sobib: K\u00f5igile nahat\u00fc\u00fcpidele, eriti neile, kellel [&hellip;]","og_url":"https:\/\/beautyinstitute.ee\/toode\/24h-whitening-cream\/","og_site_name":"Beauty Institute","article_modified_time":"2026-04-28T11:08:34+00:00","og_image":[{"width":2000,"height":1882,"url":"https:\/\/beautyinstitute.ee\/wp-content\/uploads\/2024\/05\/whitening.jpg","type":"image\/jpeg"}],"twitter_card":"summary_large_image","twitter_site":"@Beauty_Eesti","twitter_misc":{"\u041f\u0440\u0438\u043c\u0435\u0440\u043d\u043e\u0435 \u0432\u0440\u0435\u043c\u044f \u0434\u043b\u044f \u0447\u0442\u0435\u043d\u0438\u044f":"1 \u043c\u0438\u043d\u0443\u0442\u0430"},"schema":{"@context":"https:\/\/schema.org","@graph":[{"@type":"WebPage","@id":"https:\/\/beautyinstitute.ee\/toode\/24h-whitening-cream\/","url":"https:\/\/beautyinstitute.ee\/toode\/24h-whitening-cream\/","name":"24H Whitening Cream - Beauty Institute","isPartOf":{"@id":"https:\/\/beautyinstitute.ee\/#website"},"primaryImageOfPage":{"@id":"https:\/\/beautyinstitute.ee\/toode\/24h-whitening-cream\/#primaryimage"},"image":{"@id":"https:\/\/beautyinstitute.ee\/toode\/24h-whitening-cream\/#primaryimage"},"thumbnailUrl":"https:\/\/beautyinstitute.ee\/wp-content\/uploads\/2024\/05\/whitening.jpg","datePublished":"2024-05-21T06:33:19+00:00","dateModified":"2026-04-28T11:08:34+00:00","breadcrumb":{"@id":"https:\/\/beautyinstitute.ee\/toode\/24h-whitening-cream\/#breadcrumb"},"inLanguage":"ru-RU","potentialAction":[{"@type":"ReadAction","target":["https:\/\/beautyinstitute.ee\/toode\/24h-whitening-cream\/"]}]},{"@type":"ImageObject","inLanguage":"ru-RU","@id":"https:\/\/beautyinstitute.ee\/toode\/24h-whitening-cream\/#primaryimage","url":"https:\/\/beautyinstitute.ee\/wp-content\/uploads\/2024\/05\/whitening.jpg","contentUrl":"https:\/\/beautyinstitute.ee\/wp-content\/uploads\/2024\/05\/whitening.jpg","width":2000,"height":1882},{"@type":"BreadcrumbList","@id":"https:\/\/beautyinstitute.ee\/toode\/24h-whitening-cream\/#breadcrumb","itemListElement":[{"@type":"ListItem","position":1,"name":"Home","item":"https:\/\/beautyinstitute.ee\/ru\/"},{"@type":"ListItem","position":2,"name":"E-pood","item":"https:\/\/beautyinstitute.ee\/e-pood\/"},{"@type":"ListItem","position":3,"name":"24H Whitening Cream"}]},{"@type":"WebSite","@id":"https:\/\/beautyinstitute.ee\/#website","url":"https:\/\/beautyinstitute.ee\/","name":"Beauty Institute","description":"CNC Cosmetic ametlik maaletooja ja edasim\u00fc\u00fcja Eestis, Soomes, L\u00e4tis. Aparaadikosmeetika, koolitused, kosmeetikatooted.","potentialAction":[{"@type":"SearchAction","target":{"@type":"EntryPoint","urlTemplate":"https:\/\/beautyinstitute.ee\/?s={search_term_string}"},"query-input":{"@type":"PropertyValueSpecification","valueRequired":true,"valueName":"search_term_string"}}],"inLanguage":"ru-RU"}]}},"_links":{"self":[{"href":"https:\/\/beautyinstitute.ee\/ru\/wp-json\/wp\/v2\/product\/28979","targetHints":{"allow":["GET"]}}],"collection":[{"href":"https:\/\/beautyinstitute.ee\/ru\/wp-json\/wp\/v2\/product"}],"about":[{"href":"https:\/\/beautyinstitute.ee\/ru\/wp-json\/wp\/v2\/types\/product"}],"wp:featuredmedia":[{"embeddable":true,"href":"https:\/\/beautyinstitute.ee\/ru\/wp-json\/wp\/v2\/media\/28980"}],"wp:attachment":[{"href":"https:\/\/beautyinstitute.ee\/ru\/wp-json\/wp\/v2\/media?parent=28979"}],"wp:term":[{"taxonomy":"product_cat","embeddable":true,"href":"https:\/\/beautyinstitute.ee\/ru\/wp-json\/wp\/v2\/product_cat?post=28979"},{"taxonomy":"product_tag","embeddable":true,"href":"https:\/\/beautyinstitute.ee\/ru\/wp-json\/wp\/v2\/product_tag?post=28979"}],"curies":[{"name":"wp","href":"https:\/\/api.w.org\/{rel}","templated":true}]}}