{"id":28989,"date":"2024-05-21T10:07:46","date_gmt":"2024-05-21T07:07:46","guid":{"rendered":"https:\/\/beautyinstitute.ee\/?post_type=product&#038;p=28989"},"modified":"2026-04-23T13:17:55","modified_gmt":"2026-04-23T10:17:55","slug":"oxymizer-kit-bright-6-kapslit6-geeli","status":"publish","type":"product","link":"https:\/\/beautyinstitute.ee\/ru\/toode\/oxymizer-kit-bright-6-kapslit6-geeli\/","title":{"rendered":"Oxymizer Kit Bright 6 Kapslit+6 Geeli"},"content":{"rendered":"<p>Skin OXYmizer komplekt Helendav, s\u00e4ra andev<br \/>\nSisaldab 6 hooldust (6x kapslit\/ 6x geel)<\/p>\n<p>OXY- Bright Cap and Gel<\/p>\n<p>Kirjeldus:<br \/>\nUuenduslik kolmekordne hapnikuga varustamise, koorimise ja toimeainetega<br \/>\nvarustamise efekt.<\/p>\n<p>Oxy-Bright UV kiirgusest p\u00f5hjustatud nahamuutuste ennetamiseks ja<br \/>\nkorrigeerimiseks.<br \/>\nKojihape, alfa-arbutiin ja C-vitamiin v\u00e4hendavad n\u00e4htavalt pigmentatsiooni ja<br \/>\n\u00fchtlustavad nahatooni. Antioks\u00fcdant beetakaroteen ja niisutav piimhape tagavad<br \/>\nraku t\u00e4iendava kaitse ning kindla \u00fchtlase jume.<br \/>\nKasutamine:<br \/>\n1. Eemaldage kotikesest Oxy Cap ja kinnitage see OXYmizeri t\u00f6\u00f6otsiku k\u00fclge.<br \/>\n2. Kandke aktivaatorgeeli rohkelt puhastatud nahale ja t\u00f6\u00f6tage t\u00f6\u00f6otsikuga vastavalt<br \/>\njuhistele.<br \/>\n3. Eemaldage allesj\u00e4\u00e4nud aktivaatorgeel korralikult veega ja j\u00e4tkake t\u00f6\u00f6tlemist.<br \/>\nM\u00e4rkus: ainult v\u00e4lispidiseks kasutamiseks; ainult \u00fchekordseks kasutamiseks,<br \/>\nPeamised toimeained:<br \/>\nC-vitamiin, alfa-arbutiin, viigikaktuse vilja ekstrakt, kojihape, sidrunhape, piimhape,<br \/>\nporgandijuure ekstrakt<\/p>\n","protected":false},"excerpt":{"rendered":"<p>Skin OXYmizer komplekt Helendav, s\u00e4ra andev Sisaldab 6 hooldust (6x kapslit\/ 6x geel) OXY- Bright Cap and Gel Kirjeldus: Uuenduslik kolmekordne hapnikuga varustamise, koorimise ja toimeainetega varustamise efekt. Oxy-Bright UV kiirgusest p\u00f5hjustatud nahamuutuste ennetamiseks ja korrigeerimiseks. Kojihape, alfa-arbutiin ja C-vitamiin v\u00e4hendavad n\u00e4htavalt pigmentatsiooni ja \u00fchtlustavad nahatooni. Antioks\u00fcdant beetakaroteen ja niisutav piimhape tagavad raku t\u00e4iendava kaitse [&hellip;]<\/p>\n","protected":false},"featured_media":30088,"template":"","meta":{"_acf_changed":false},"product_cat":[278,115],"product_tag":[],"class_list":["post-28989","product","type-product","status-publish","has-post-thumbnail","hentry","product_cat-cnc","product_cat-aparaadi-kontseptsioonid"],"acf":[],"yoast_head":"<!-- This site is optimized with the Yoast SEO plugin v25.4 - https:\/\/yoast.com\/wordpress\/plugins\/seo\/ -->\n<title>Oxymizer Kit Bright 6 Kapslit+6 Geeli - Beauty Institute<\/title>\n<meta name=\"robots\" content=\"index, follow, max-snippet:-1, max-image-preview:large, max-video-preview:-1\" \/>\n<link rel=\"canonical\" href=\"https:\/\/beautyinstitute.ee\/toode\/oxymizer-kit-bright-6-kapslit6-geeli\/\" \/>\n<meta property=\"og:locale\" content=\"ru_RU\" \/>\n<meta property=\"og:type\" content=\"article\" \/>\n<meta property=\"og:title\" content=\"Oxymizer Kit Bright 6 Kapslit+6 Geeli - Beauty Institute\" \/>\n<meta property=\"og:description\" content=\"Skin OXYmizer komplekt Helendav, s\u00e4ra andev Sisaldab 6 hooldust (6x kapslit\/ 6x geel) OXY- Bright Cap and Gel Kirjeldus: Uuenduslik kolmekordne hapnikuga varustamise, koorimise ja toimeainetega varustamise efekt. Oxy-Bright UV kiirgusest p\u00f5hjustatud nahamuutuste ennetamiseks ja korrigeerimiseks. Kojihape, alfa-arbutiin ja C-vitamiin v\u00e4hendavad n\u00e4htavalt pigmentatsiooni ja \u00fchtlustavad nahatooni. Antioks\u00fcdant beetakaroteen ja niisutav piimhape tagavad raku t\u00e4iendava kaitse [&hellip;]\" \/>\n<meta property=\"og:url\" content=\"https:\/\/beautyinstitute.ee\/toode\/oxymizer-kit-bright-6-kapslit6-geeli\/\" \/>\n<meta property=\"og:site_name\" content=\"Beauty Institute\" \/>\n<meta property=\"article:modified_time\" content=\"2026-04-23T10:17:55+00:00\" \/>\n<meta property=\"og:image\" content=\"https:\/\/beautyinstitute.ee\/wp-content\/uploads\/2024\/05\/OXY-Bright-Box-Ebene.jpg\" \/>\n\t<meta property=\"og:image:width\" content=\"2000\" \/>\n\t<meta property=\"og:image:height\" content=\"2000\" \/>\n\t<meta property=\"og:image:type\" content=\"image\/jpeg\" \/>\n<meta name=\"twitter:card\" content=\"summary_large_image\" \/>\n<meta name=\"twitter:site\" content=\"@Beauty_Eesti\" \/>\n<meta name=\"twitter:label1\" content=\"\u041f\u0440\u0438\u043c\u0435\u0440\u043d\u043e\u0435 \u0432\u0440\u0435\u043c\u044f \u0434\u043b\u044f \u0447\u0442\u0435\u043d\u0438\u044f\" \/>\n\t<meta name=\"twitter:data1\" content=\"1 \u043c\u0438\u043d\u0443\u0442\u0430\" \/>\n<script type=\"application\/ld+json\" class=\"yoast-schema-graph\">{\"@context\":\"https:\/\/schema.org\",\"@graph\":[{\"@type\":\"WebPage\",\"@id\":\"https:\/\/beautyinstitute.ee\/toode\/oxymizer-kit-bright-6-kapslit6-geeli\/\",\"url\":\"https:\/\/beautyinstitute.ee\/toode\/oxymizer-kit-bright-6-kapslit6-geeli\/\",\"name\":\"Oxymizer Kit Bright 6 Kapslit+6 Geeli - Beauty Institute\",\"isPartOf\":{\"@id\":\"https:\/\/beautyinstitute.ee\/#website\"},\"primaryImageOfPage\":{\"@id\":\"https:\/\/beautyinstitute.ee\/toode\/oxymizer-kit-bright-6-kapslit6-geeli\/#primaryimage\"},\"image\":{\"@id\":\"https:\/\/beautyinstitute.ee\/toode\/oxymizer-kit-bright-6-kapslit6-geeli\/#primaryimage\"},\"thumbnailUrl\":\"https:\/\/beautyinstitute.ee\/wp-content\/uploads\/2024\/05\/OXY-Bright-Box-Ebene.jpg\",\"datePublished\":\"2024-05-21T07:07:46+00:00\",\"dateModified\":\"2026-04-23T10:17:55+00:00\",\"breadcrumb\":{\"@id\":\"https:\/\/beautyinstitute.ee\/toode\/oxymizer-kit-bright-6-kapslit6-geeli\/#breadcrumb\"},\"inLanguage\":\"ru-RU\",\"potentialAction\":[{\"@type\":\"ReadAction\",\"target\":[\"https:\/\/beautyinstitute.ee\/toode\/oxymizer-kit-bright-6-kapslit6-geeli\/\"]}]},{\"@type\":\"ImageObject\",\"inLanguage\":\"ru-RU\",\"@id\":\"https:\/\/beautyinstitute.ee\/toode\/oxymizer-kit-bright-6-kapslit6-geeli\/#primaryimage\",\"url\":\"https:\/\/beautyinstitute.ee\/wp-content\/uploads\/2024\/05\/OXY-Bright-Box-Ebene.jpg\",\"contentUrl\":\"https:\/\/beautyinstitute.ee\/wp-content\/uploads\/2024\/05\/OXY-Bright-Box-Ebene.jpg\",\"width\":2000,\"height\":2000},{\"@type\":\"BreadcrumbList\",\"@id\":\"https:\/\/beautyinstitute.ee\/toode\/oxymizer-kit-bright-6-kapslit6-geeli\/#breadcrumb\",\"itemListElement\":[{\"@type\":\"ListItem\",\"position\":1,\"name\":\"Home\",\"item\":\"https:\/\/beautyinstitute.ee\/ru\/\"},{\"@type\":\"ListItem\",\"position\":2,\"name\":\"E-pood\",\"item\":\"https:\/\/beautyinstitute.ee\/e-pood\/\"},{\"@type\":\"ListItem\",\"position\":3,\"name\":\"Oxymizer Kit Bright 6 Kapslit+6 Geeli\"}]},{\"@type\":\"WebSite\",\"@id\":\"https:\/\/beautyinstitute.ee\/#website\",\"url\":\"https:\/\/beautyinstitute.ee\/\",\"name\":\"Beauty Institute\",\"description\":\"CNC Cosmetic ametlik maaletooja ja edasim\u00fc\u00fcja Eestis, Soomes, L\u00e4tis. Aparaadikosmeetika, koolitused, kosmeetikatooted.\",\"potentialAction\":[{\"@type\":\"SearchAction\",\"target\":{\"@type\":\"EntryPoint\",\"urlTemplate\":\"https:\/\/beautyinstitute.ee\/?s={search_term_string}\"},\"query-input\":{\"@type\":\"PropertyValueSpecification\",\"valueRequired\":true,\"valueName\":\"search_term_string\"}}],\"inLanguage\":\"ru-RU\"}]}<\/script>\n<!-- \/ Yoast SEO plugin. -->","yoast_head_json":{"title":"Oxymizer Kit Bright 6 Kapslit+6 Geeli - Beauty Institute","robots":{"index":"index","follow":"follow","max-snippet":"max-snippet:-1","max-image-preview":"max-image-preview:large","max-video-preview":"max-video-preview:-1"},"canonical":"https:\/\/beautyinstitute.ee\/toode\/oxymizer-kit-bright-6-kapslit6-geeli\/","og_locale":"ru_RU","og_type":"article","og_title":"Oxymizer Kit Bright 6 Kapslit+6 Geeli - Beauty Institute","og_description":"Skin OXYmizer komplekt Helendav, s\u00e4ra andev Sisaldab 6 hooldust (6x kapslit\/ 6x geel) OXY- Bright Cap and Gel Kirjeldus: Uuenduslik kolmekordne hapnikuga varustamise, koorimise ja toimeainetega varustamise efekt. Oxy-Bright UV kiirgusest p\u00f5hjustatud nahamuutuste ennetamiseks ja korrigeerimiseks. Kojihape, alfa-arbutiin ja C-vitamiin v\u00e4hendavad n\u00e4htavalt pigmentatsiooni ja \u00fchtlustavad nahatooni. Antioks\u00fcdant beetakaroteen ja niisutav piimhape tagavad raku t\u00e4iendava kaitse [&hellip;]","og_url":"https:\/\/beautyinstitute.ee\/toode\/oxymizer-kit-bright-6-kapslit6-geeli\/","og_site_name":"Beauty Institute","article_modified_time":"2026-04-23T10:17:55+00:00","og_image":[{"width":2000,"height":2000,"url":"https:\/\/beautyinstitute.ee\/wp-content\/uploads\/2024\/05\/OXY-Bright-Box-Ebene.jpg","type":"image\/jpeg"}],"twitter_card":"summary_large_image","twitter_site":"@Beauty_Eesti","twitter_misc":{"\u041f\u0440\u0438\u043c\u0435\u0440\u043d\u043e\u0435 \u0432\u0440\u0435\u043c\u044f \u0434\u043b\u044f \u0447\u0442\u0435\u043d\u0438\u044f":"1 \u043c\u0438\u043d\u0443\u0442\u0430"},"schema":{"@context":"https:\/\/schema.org","@graph":[{"@type":"WebPage","@id":"https:\/\/beautyinstitute.ee\/toode\/oxymizer-kit-bright-6-kapslit6-geeli\/","url":"https:\/\/beautyinstitute.ee\/toode\/oxymizer-kit-bright-6-kapslit6-geeli\/","name":"Oxymizer Kit Bright 6 Kapslit+6 Geeli - Beauty Institute","isPartOf":{"@id":"https:\/\/beautyinstitute.ee\/#website"},"primaryImageOfPage":{"@id":"https:\/\/beautyinstitute.ee\/toode\/oxymizer-kit-bright-6-kapslit6-geeli\/#primaryimage"},"image":{"@id":"https:\/\/beautyinstitute.ee\/toode\/oxymizer-kit-bright-6-kapslit6-geeli\/#primaryimage"},"thumbnailUrl":"https:\/\/beautyinstitute.ee\/wp-content\/uploads\/2024\/05\/OXY-Bright-Box-Ebene.jpg","datePublished":"2024-05-21T07:07:46+00:00","dateModified":"2026-04-23T10:17:55+00:00","breadcrumb":{"@id":"https:\/\/beautyinstitute.ee\/toode\/oxymizer-kit-bright-6-kapslit6-geeli\/#breadcrumb"},"inLanguage":"ru-RU","potentialAction":[{"@type":"ReadAction","target":["https:\/\/beautyinstitute.ee\/toode\/oxymizer-kit-bright-6-kapslit6-geeli\/"]}]},{"@type":"ImageObject","inLanguage":"ru-RU","@id":"https:\/\/beautyinstitute.ee\/toode\/oxymizer-kit-bright-6-kapslit6-geeli\/#primaryimage","url":"https:\/\/beautyinstitute.ee\/wp-content\/uploads\/2024\/05\/OXY-Bright-Box-Ebene.jpg","contentUrl":"https:\/\/beautyinstitute.ee\/wp-content\/uploads\/2024\/05\/OXY-Bright-Box-Ebene.jpg","width":2000,"height":2000},{"@type":"BreadcrumbList","@id":"https:\/\/beautyinstitute.ee\/toode\/oxymizer-kit-bright-6-kapslit6-geeli\/#breadcrumb","itemListElement":[{"@type":"ListItem","position":1,"name":"Home","item":"https:\/\/beautyinstitute.ee\/ru\/"},{"@type":"ListItem","position":2,"name":"E-pood","item":"https:\/\/beautyinstitute.ee\/e-pood\/"},{"@type":"ListItem","position":3,"name":"Oxymizer Kit Bright 6 Kapslit+6 Geeli"}]},{"@type":"WebSite","@id":"https:\/\/beautyinstitute.ee\/#website","url":"https:\/\/beautyinstitute.ee\/","name":"Beauty Institute","description":"CNC Cosmetic ametlik maaletooja ja edasim\u00fc\u00fcja Eestis, Soomes, L\u00e4tis. Aparaadikosmeetika, koolitused, kosmeetikatooted.","potentialAction":[{"@type":"SearchAction","target":{"@type":"EntryPoint","urlTemplate":"https:\/\/beautyinstitute.ee\/?s={search_term_string}"},"query-input":{"@type":"PropertyValueSpecification","valueRequired":true,"valueName":"search_term_string"}}],"inLanguage":"ru-RU"}]}},"_links":{"self":[{"href":"https:\/\/beautyinstitute.ee\/ru\/wp-json\/wp\/v2\/product\/28989","targetHints":{"allow":["GET"]}}],"collection":[{"href":"https:\/\/beautyinstitute.ee\/ru\/wp-json\/wp\/v2\/product"}],"about":[{"href":"https:\/\/beautyinstitute.ee\/ru\/wp-json\/wp\/v2\/types\/product"}],"wp:featuredmedia":[{"embeddable":true,"href":"https:\/\/beautyinstitute.ee\/ru\/wp-json\/wp\/v2\/media\/30088"}],"wp:attachment":[{"href":"https:\/\/beautyinstitute.ee\/ru\/wp-json\/wp\/v2\/media?parent=28989"}],"wp:term":[{"taxonomy":"product_cat","embeddable":true,"href":"https:\/\/beautyinstitute.ee\/ru\/wp-json\/wp\/v2\/product_cat?post=28989"},{"taxonomy":"product_tag","embeddable":true,"href":"https:\/\/beautyinstitute.ee\/ru\/wp-json\/wp\/v2\/product_tag?post=28989"}],"curies":[{"name":"wp","href":"https:\/\/api.w.org\/{rel}","templated":true}]}}