{"id":2901,"date":"2019-01-24T22:47:42","date_gmt":"2019-01-24T20:47:42","guid":{"rendered":"https:\/\/beautyinstitute.ee\/?post_type=product&#038;p=2901"},"modified":"2026-04-22T13:00:47","modified_gmt":"2026-04-22T10:00:47","slug":"intensive-protector","status":"publish","type":"product","link":"https:\/\/beautyinstitute.ee\/ru\/toode\/intensive-protector\/","title":{"rendered":"Skin2Derm\u00ae Intensive Protector"},"content":{"rendered":"<p><strong>Rikkalik multifunktsionaalne kreem\u00a0 k\u00fcpsele ja kuivale nahale.<\/strong><\/p>\n<p>Kreem tasakaalustab nahas niiskust ja lipiide. Taastab rakkude struktuuri. Sisaldab vitamiin E, A ja C kompleksi, mis kaitsevad nahka vabade radikaalide eest, mis tekivad UV kiirgusest, saastest v\u00f5i stressist. Koeens\u00fc\u00fcm Q10 kaitseb naharakke ja aitab aeglustada vananemisprotsessi. Loob samuti kaitse kahjulike UV kiirgustele. Keramiid ja letsitiin annavad nahale kaitse niiskuskao eest. Taimsed hormoonid (Yam ekstrakt ja sojaproteiin) pinguldavad nahka ja aitavad taastada kahjustunud nahka pikaajaliselt. Hyal\u00fcroonhape t\u00e4idab nahat\u00fchimikud, t\u00f5stab nahka, silub kortsukesi ja nahka. Dipeptiidid tagavad ekstreemse pingulduse ja annavad nahale pikaajalise pingulduse. Kreemi v\u00f5ib kasutada p\u00e4eva v\u00f5i \u00f6\u00f6kreemiks. Sobib kasutada ka massaazi kreemina, kiireks naha taastamiseks. Toode kaitseb nahka k\u00fclma ja tuule eest, andes kiire taastuse talvek\u00fclmast tingitud stressile.<\/p>\n<p><strong>Eelised:<\/strong><\/p>\n<ul>\n<li>kaitseb naha kaitsebarj\u00e4\u00e4ri niiskuse kadumise eest<\/li>\n<li>saab kasutada p\u00e4eva- ja \u00f6\u00f6hoolduseks<\/li>\n<\/ul>\n<p><strong>Sobilik:<\/strong> v\u00e4ga kuiv, n\u00f5udlik nahk, mis vajab lisahooldust.<\/p>\n<p><strong>Toimeained:<\/strong> vitamiinid A, C ja E, keramiidid, letsitiin, phytohormones, Q10, dipeptiidid, h\u00fcaluroonhape, yam ekstrakt, sojaproteiin.<\/p>\n<p>&nbsp;<\/p>\n<p>&nbsp;<\/p>\n","protected":false},"excerpt":{"rendered":"<p>Rikkalik multifunktsionaalne kreem\u00a0 k\u00fcpsele ja kuivale nahale. Kreem tasakaalustab nahas niiskust ja lipiide. Taastab rakkude struktuuri. Sisaldab vitamiin E, A ja C kompleksi, mis kaitsevad nahka vabade radikaalide eest, mis tekivad UV kiirgusest, saastest v\u00f5i stressist. Koeens\u00fc\u00fcm Q10 kaitseb naharakke ja aitab aeglustada vananemisprotsessi. Loob samuti kaitse kahjulike UV kiirgustele. Keramiid ja letsitiin annavad nahale [&hellip;]<\/p>\n","protected":false},"featured_media":2906,"template":"","meta":{"_acf_changed":false},"product_cat":[250,114,140],"product_tag":[],"class_list":["post-2901","product","type-product","status-publish","has-post-thumbnail","hentry","product_cat-naokreemid","product_cat-tootesarjad","product_cat-skin-lipid-matrix"],"acf":[],"yoast_head":"<!-- This site is optimized with the Yoast SEO plugin v25.4 - https:\/\/yoast.com\/wordpress\/plugins\/seo\/ -->\n<title>Skin2Derm\u00ae Intensive Protector - Beauty Institute<\/title>\n<meta name=\"robots\" content=\"index, follow, max-snippet:-1, max-image-preview:large, max-video-preview:-1\" \/>\n<link rel=\"canonical\" href=\"https:\/\/beautyinstitute.ee\/toode\/intensive-protector\/\" \/>\n<meta property=\"og:locale\" content=\"ru_RU\" \/>\n<meta property=\"og:type\" content=\"article\" \/>\n<meta property=\"og:title\" content=\"Skin2Derm\u00ae Intensive Protector - Beauty Institute\" \/>\n<meta property=\"og:description\" content=\"Rikkalik multifunktsionaalne kreem\u00a0 k\u00fcpsele ja kuivale nahale. Kreem tasakaalustab nahas niiskust ja lipiide. Taastab rakkude struktuuri. Sisaldab vitamiin E, A ja C kompleksi, mis kaitsevad nahka vabade radikaalide eest, mis tekivad UV kiirgusest, saastest v\u00f5i stressist. Koeens\u00fc\u00fcm Q10 kaitseb naharakke ja aitab aeglustada vananemisprotsessi. Loob samuti kaitse kahjulike UV kiirgustele. Keramiid ja letsitiin annavad nahale [&hellip;]\" \/>\n<meta property=\"og:url\" content=\"https:\/\/beautyinstitute.ee\/toode\/intensive-protector\/\" \/>\n<meta property=\"og:site_name\" content=\"Beauty Institute\" \/>\n<meta property=\"article:modified_time\" content=\"2026-04-22T10:00:47+00:00\" \/>\n<meta property=\"og:image\" content=\"https:\/\/beautyinstitute.ee\/wp-content\/uploads\/2019\/01\/intens.jpg\" \/>\n\t<meta property=\"og:image:width\" content=\"750\" \/>\n\t<meta property=\"og:image:height\" content=\"711\" \/>\n\t<meta property=\"og:image:type\" content=\"image\/jpeg\" \/>\n<meta name=\"twitter:card\" content=\"summary_large_image\" \/>\n<meta name=\"twitter:site\" content=\"@Beauty_Eesti\" \/>\n<meta name=\"twitter:label1\" content=\"\u041f\u0440\u0438\u043c\u0435\u0440\u043d\u043e\u0435 \u0432\u0440\u0435\u043c\u044f \u0434\u043b\u044f \u0447\u0442\u0435\u043d\u0438\u044f\" \/>\n\t<meta name=\"twitter:data1\" content=\"1 \u043c\u0438\u043d\u0443\u0442\u0430\" \/>\n<script type=\"application\/ld+json\" class=\"yoast-schema-graph\">{\"@context\":\"https:\/\/schema.org\",\"@graph\":[{\"@type\":\"WebPage\",\"@id\":\"https:\/\/beautyinstitute.ee\/toode\/intensive-protector\/\",\"url\":\"https:\/\/beautyinstitute.ee\/toode\/intensive-protector\/\",\"name\":\"Skin2Derm\u00ae Intensive Protector - Beauty Institute\",\"isPartOf\":{\"@id\":\"https:\/\/beautyinstitute.ee\/#website\"},\"primaryImageOfPage\":{\"@id\":\"https:\/\/beautyinstitute.ee\/toode\/intensive-protector\/#primaryimage\"},\"image\":{\"@id\":\"https:\/\/beautyinstitute.ee\/toode\/intensive-protector\/#primaryimage\"},\"thumbnailUrl\":\"https:\/\/beautyinstitute.ee\/wp-content\/uploads\/2019\/01\/intens.jpg\",\"datePublished\":\"2019-01-24T20:47:42+00:00\",\"dateModified\":\"2026-04-22T10:00:47+00:00\",\"breadcrumb\":{\"@id\":\"https:\/\/beautyinstitute.ee\/toode\/intensive-protector\/#breadcrumb\"},\"inLanguage\":\"ru-RU\",\"potentialAction\":[{\"@type\":\"ReadAction\",\"target\":[\"https:\/\/beautyinstitute.ee\/toode\/intensive-protector\/\"]}]},{\"@type\":\"ImageObject\",\"inLanguage\":\"ru-RU\",\"@id\":\"https:\/\/beautyinstitute.ee\/toode\/intensive-protector\/#primaryimage\",\"url\":\"https:\/\/beautyinstitute.ee\/wp-content\/uploads\/2019\/01\/intens.jpg\",\"contentUrl\":\"https:\/\/beautyinstitute.ee\/wp-content\/uploads\/2019\/01\/intens.jpg\",\"width\":750,\"height\":711},{\"@type\":\"BreadcrumbList\",\"@id\":\"https:\/\/beautyinstitute.ee\/toode\/intensive-protector\/#breadcrumb\",\"itemListElement\":[{\"@type\":\"ListItem\",\"position\":1,\"name\":\"Home\",\"item\":\"https:\/\/beautyinstitute.ee\/ru\/\"},{\"@type\":\"ListItem\",\"position\":2,\"name\":\"E-pood\",\"item\":\"https:\/\/beautyinstitute.ee\/e-pood\/\"},{\"@type\":\"ListItem\",\"position\":3,\"name\":\"Skin2Derm\u00ae Intensive Protector\"}]},{\"@type\":\"WebSite\",\"@id\":\"https:\/\/beautyinstitute.ee\/#website\",\"url\":\"https:\/\/beautyinstitute.ee\/\",\"name\":\"Beauty Institute\",\"description\":\"CNC Cosmetic ametlik maaletooja ja edasim\u00fc\u00fcja Eestis, Soomes, L\u00e4tis. Aparaadikosmeetika, koolitused, kosmeetikatooted.\",\"potentialAction\":[{\"@type\":\"SearchAction\",\"target\":{\"@type\":\"EntryPoint\",\"urlTemplate\":\"https:\/\/beautyinstitute.ee\/?s={search_term_string}\"},\"query-input\":{\"@type\":\"PropertyValueSpecification\",\"valueRequired\":true,\"valueName\":\"search_term_string\"}}],\"inLanguage\":\"ru-RU\"}]}<\/script>\n<!-- \/ Yoast SEO plugin. -->","yoast_head_json":{"title":"Skin2Derm\u00ae Intensive Protector - Beauty Institute","robots":{"index":"index","follow":"follow","max-snippet":"max-snippet:-1","max-image-preview":"max-image-preview:large","max-video-preview":"max-video-preview:-1"},"canonical":"https:\/\/beautyinstitute.ee\/toode\/intensive-protector\/","og_locale":"ru_RU","og_type":"article","og_title":"Skin2Derm\u00ae Intensive Protector - Beauty Institute","og_description":"Rikkalik multifunktsionaalne kreem\u00a0 k\u00fcpsele ja kuivale nahale. Kreem tasakaalustab nahas niiskust ja lipiide. Taastab rakkude struktuuri. Sisaldab vitamiin E, A ja C kompleksi, mis kaitsevad nahka vabade radikaalide eest, mis tekivad UV kiirgusest, saastest v\u00f5i stressist. Koeens\u00fc\u00fcm Q10 kaitseb naharakke ja aitab aeglustada vananemisprotsessi. Loob samuti kaitse kahjulike UV kiirgustele. Keramiid ja letsitiin annavad nahale [&hellip;]","og_url":"https:\/\/beautyinstitute.ee\/toode\/intensive-protector\/","og_site_name":"Beauty Institute","article_modified_time":"2026-04-22T10:00:47+00:00","og_image":[{"width":750,"height":711,"url":"https:\/\/beautyinstitute.ee\/wp-content\/uploads\/2019\/01\/intens.jpg","type":"image\/jpeg"}],"twitter_card":"summary_large_image","twitter_site":"@Beauty_Eesti","twitter_misc":{"\u041f\u0440\u0438\u043c\u0435\u0440\u043d\u043e\u0435 \u0432\u0440\u0435\u043c\u044f \u0434\u043b\u044f \u0447\u0442\u0435\u043d\u0438\u044f":"1 \u043c\u0438\u043d\u0443\u0442\u0430"},"schema":{"@context":"https:\/\/schema.org","@graph":[{"@type":"WebPage","@id":"https:\/\/beautyinstitute.ee\/toode\/intensive-protector\/","url":"https:\/\/beautyinstitute.ee\/toode\/intensive-protector\/","name":"Skin2Derm\u00ae Intensive Protector - Beauty Institute","isPartOf":{"@id":"https:\/\/beautyinstitute.ee\/#website"},"primaryImageOfPage":{"@id":"https:\/\/beautyinstitute.ee\/toode\/intensive-protector\/#primaryimage"},"image":{"@id":"https:\/\/beautyinstitute.ee\/toode\/intensive-protector\/#primaryimage"},"thumbnailUrl":"https:\/\/beautyinstitute.ee\/wp-content\/uploads\/2019\/01\/intens.jpg","datePublished":"2019-01-24T20:47:42+00:00","dateModified":"2026-04-22T10:00:47+00:00","breadcrumb":{"@id":"https:\/\/beautyinstitute.ee\/toode\/intensive-protector\/#breadcrumb"},"inLanguage":"ru-RU","potentialAction":[{"@type":"ReadAction","target":["https:\/\/beautyinstitute.ee\/toode\/intensive-protector\/"]}]},{"@type":"ImageObject","inLanguage":"ru-RU","@id":"https:\/\/beautyinstitute.ee\/toode\/intensive-protector\/#primaryimage","url":"https:\/\/beautyinstitute.ee\/wp-content\/uploads\/2019\/01\/intens.jpg","contentUrl":"https:\/\/beautyinstitute.ee\/wp-content\/uploads\/2019\/01\/intens.jpg","width":750,"height":711},{"@type":"BreadcrumbList","@id":"https:\/\/beautyinstitute.ee\/toode\/intensive-protector\/#breadcrumb","itemListElement":[{"@type":"ListItem","position":1,"name":"Home","item":"https:\/\/beautyinstitute.ee\/ru\/"},{"@type":"ListItem","position":2,"name":"E-pood","item":"https:\/\/beautyinstitute.ee\/e-pood\/"},{"@type":"ListItem","position":3,"name":"Skin2Derm\u00ae Intensive Protector"}]},{"@type":"WebSite","@id":"https:\/\/beautyinstitute.ee\/#website","url":"https:\/\/beautyinstitute.ee\/","name":"Beauty Institute","description":"CNC Cosmetic ametlik maaletooja ja edasim\u00fc\u00fcja Eestis, Soomes, L\u00e4tis. Aparaadikosmeetika, koolitused, kosmeetikatooted.","potentialAction":[{"@type":"SearchAction","target":{"@type":"EntryPoint","urlTemplate":"https:\/\/beautyinstitute.ee\/?s={search_term_string}"},"query-input":{"@type":"PropertyValueSpecification","valueRequired":true,"valueName":"search_term_string"}}],"inLanguage":"ru-RU"}]}},"_links":{"self":[{"href":"https:\/\/beautyinstitute.ee\/ru\/wp-json\/wp\/v2\/product\/2901","targetHints":{"allow":["GET"]}}],"collection":[{"href":"https:\/\/beautyinstitute.ee\/ru\/wp-json\/wp\/v2\/product"}],"about":[{"href":"https:\/\/beautyinstitute.ee\/ru\/wp-json\/wp\/v2\/types\/product"}],"wp:featuredmedia":[{"embeddable":true,"href":"https:\/\/beautyinstitute.ee\/ru\/wp-json\/wp\/v2\/media\/2906"}],"wp:attachment":[{"href":"https:\/\/beautyinstitute.ee\/ru\/wp-json\/wp\/v2\/media?parent=2901"}],"wp:term":[{"taxonomy":"product_cat","embeddable":true,"href":"https:\/\/beautyinstitute.ee\/ru\/wp-json\/wp\/v2\/product_cat?post=2901"},{"taxonomy":"product_tag","embeddable":true,"href":"https:\/\/beautyinstitute.ee\/ru\/wp-json\/wp\/v2\/product_tag?post=2901"}],"curies":[{"name":"wp","href":"https:\/\/api.w.org\/{rel}","templated":true}]}}