{"id":2908,"date":"2019-01-24T22:51:20","date_gmt":"2019-01-24T20:51:20","guid":{"rendered":"https:\/\/beautyinstitute.ee\/?post_type=product&#038;p=2908"},"modified":"2026-04-27T16:45:10","modified_gmt":"2026-04-27T13:45:10","slug":"straight-mask","status":"publish","type":"product","link":"https:\/\/beautyinstitute.ee\/ru\/toode\/straight-mask\/","title":{"rendered":"Skin2Derm\u00ae Straight Mask"},"content":{"rendered":"<p><strong>Vananemisvastane kreemmask kohese silendava, pinguldava, t\u00e4itva ja deponeeriva toimega.<\/strong><\/p>\n<p>Sisaldab toitvat sheav\u00f5id, mis annab nahale sametise ja pehme tunde. Annab nahale kiire energialisa, mis v\u00e4ljendub eluj\u00f5ulises ja s\u00e4ravas v\u00e4limuses. Dipeptiidid toestavad ja pinguldavad n\u00e4okontuure tagades nooruslikuma v\u00e4ljan\u00e4gemise. Keramiidid, sahhariidid ja squalaan tugevdavad ja kaitsevad nahas sisalduvaid vajalikke happeid ja neid kaitsvaid membraane ning aitavad v\u00e4ltida liigset niiskuse kadu nahas. K\u00f5rge kontsentratsiooniga hyal\u00fcroonhape t\u00e4idab ja t\u00f5stab nahka, silub kortsukesi ja silendab nahka. Tootes sisladuv Ovaliss kompleks stimuleerib lipol\u00fc\u00fcsi, eemaldab adiposytese (rasvaladestuste) teket, taastab kontuure.<\/p>\n<p><strong>Eelised:<\/strong><\/p>\n<ul>\n<li>annab nahale sametiselt pehme tunde<\/li>\n<li>pinguldab n\u00e4okontuure<\/li>\n<\/ul>\n<p><strong>Sobilik:<\/strong> kasutamiseks k\u00f5ikidele nahat\u00fc\u00fcpidele. Ideaalne mask topeltl\u00f5uale ja kaela paksenemisele.<\/p>\n<p><strong>Toimeained:<\/strong> sheav\u00f5i, pullulan, dipeptiidid, glaucine, h\u00fcaluroonhape, keramiidid.<\/p>\n","protected":false},"excerpt":{"rendered":"<p>Vananemisvastane kreemmask kohese silendava, pinguldava, t\u00e4itva ja deponeeriva toimega. Sisaldab toitvat sheav\u00f5id, mis annab nahale sametise ja pehme tunde. Annab nahale kiire energialisa, mis v\u00e4ljendub eluj\u00f5ulises ja s\u00e4ravas v\u00e4limuses. Dipeptiidid toestavad ja pinguldavad n\u00e4okontuure tagades nooruslikuma v\u00e4ljan\u00e4gemise. Keramiidid, sahhariidid ja squalaan tugevdavad ja kaitsevad nahas sisalduvaid vajalikke happeid ja neid kaitsvaid membraane ning aitavad v\u00e4ltida [&hellip;]<\/p>\n","protected":false},"featured_media":2913,"template":"","meta":{"_acf_changed":false},"product_cat":[248,147,114,140],"product_tag":[],"class_list":["post-2908","product","type-product","status-publish","has-post-thumbnail","hentry","product_cat-maskid-2","product_cat-kreemmaskid","product_cat-tootesarjad","product_cat-skin-lipid-matrix"],"acf":[],"yoast_head":"<!-- This site is optimized with the Yoast SEO plugin v25.4 - https:\/\/yoast.com\/wordpress\/plugins\/seo\/ -->\n<title>Skin2Derm\u00ae Straight Mask - Beauty Institute<\/title>\n<meta name=\"robots\" content=\"index, follow, max-snippet:-1, max-image-preview:large, max-video-preview:-1\" \/>\n<link rel=\"canonical\" href=\"https:\/\/beautyinstitute.ee\/toode\/straight-mask\/\" \/>\n<meta property=\"og:locale\" content=\"ru_RU\" \/>\n<meta property=\"og:type\" content=\"article\" \/>\n<meta property=\"og:title\" content=\"Skin2Derm\u00ae Straight Mask - Beauty Institute\" \/>\n<meta property=\"og:description\" content=\"Vananemisvastane kreemmask kohese silendava, pinguldava, t\u00e4itva ja deponeeriva toimega. Sisaldab toitvat sheav\u00f5id, mis annab nahale sametise ja pehme tunde. Annab nahale kiire energialisa, mis v\u00e4ljendub eluj\u00f5ulises ja s\u00e4ravas v\u00e4limuses. Dipeptiidid toestavad ja pinguldavad n\u00e4okontuure tagades nooruslikuma v\u00e4ljan\u00e4gemise. Keramiidid, sahhariidid ja squalaan tugevdavad ja kaitsevad nahas sisalduvaid vajalikke happeid ja neid kaitsvaid membraane ning aitavad v\u00e4ltida [&hellip;]\" \/>\n<meta property=\"og:url\" content=\"https:\/\/beautyinstitute.ee\/toode\/straight-mask\/\" \/>\n<meta property=\"og:site_name\" content=\"Beauty Institute\" \/>\n<meta property=\"article:modified_time\" content=\"2026-04-27T13:45:10+00:00\" \/>\n<meta property=\"og:image\" content=\"https:\/\/beautyinstitute.ee\/wp-content\/uploads\/2019\/01\/mask.jpg\" \/>\n\t<meta property=\"og:image:width\" content=\"750\" \/>\n\t<meta property=\"og:image:height\" content=\"711\" \/>\n\t<meta property=\"og:image:type\" content=\"image\/jpeg\" \/>\n<meta name=\"twitter:card\" content=\"summary_large_image\" \/>\n<meta name=\"twitter:site\" content=\"@Beauty_Eesti\" \/>\n<meta name=\"twitter:label1\" content=\"\u041f\u0440\u0438\u043c\u0435\u0440\u043d\u043e\u0435 \u0432\u0440\u0435\u043c\u044f \u0434\u043b\u044f \u0447\u0442\u0435\u043d\u0438\u044f\" \/>\n\t<meta name=\"twitter:data1\" content=\"1 \u043c\u0438\u043d\u0443\u0442\u0430\" \/>\n<script type=\"application\/ld+json\" class=\"yoast-schema-graph\">{\"@context\":\"https:\/\/schema.org\",\"@graph\":[{\"@type\":\"WebPage\",\"@id\":\"https:\/\/beautyinstitute.ee\/toode\/straight-mask\/\",\"url\":\"https:\/\/beautyinstitute.ee\/toode\/straight-mask\/\",\"name\":\"Skin2Derm\u00ae Straight Mask - Beauty Institute\",\"isPartOf\":{\"@id\":\"https:\/\/beautyinstitute.ee\/#website\"},\"primaryImageOfPage\":{\"@id\":\"https:\/\/beautyinstitute.ee\/toode\/straight-mask\/#primaryimage\"},\"image\":{\"@id\":\"https:\/\/beautyinstitute.ee\/toode\/straight-mask\/#primaryimage\"},\"thumbnailUrl\":\"https:\/\/beautyinstitute.ee\/wp-content\/uploads\/2019\/01\/mask.jpg\",\"datePublished\":\"2019-01-24T20:51:20+00:00\",\"dateModified\":\"2026-04-27T13:45:10+00:00\",\"breadcrumb\":{\"@id\":\"https:\/\/beautyinstitute.ee\/toode\/straight-mask\/#breadcrumb\"},\"inLanguage\":\"ru-RU\",\"potentialAction\":[{\"@type\":\"ReadAction\",\"target\":[\"https:\/\/beautyinstitute.ee\/toode\/straight-mask\/\"]}]},{\"@type\":\"ImageObject\",\"inLanguage\":\"ru-RU\",\"@id\":\"https:\/\/beautyinstitute.ee\/toode\/straight-mask\/#primaryimage\",\"url\":\"https:\/\/beautyinstitute.ee\/wp-content\/uploads\/2019\/01\/mask.jpg\",\"contentUrl\":\"https:\/\/beautyinstitute.ee\/wp-content\/uploads\/2019\/01\/mask.jpg\",\"width\":750,\"height\":711},{\"@type\":\"BreadcrumbList\",\"@id\":\"https:\/\/beautyinstitute.ee\/toode\/straight-mask\/#breadcrumb\",\"itemListElement\":[{\"@type\":\"ListItem\",\"position\":1,\"name\":\"Home\",\"item\":\"https:\/\/beautyinstitute.ee\/ru\/\"},{\"@type\":\"ListItem\",\"position\":2,\"name\":\"E-pood\",\"item\":\"https:\/\/beautyinstitute.ee\/e-pood\/\"},{\"@type\":\"ListItem\",\"position\":3,\"name\":\"Skin2Derm\u00ae Straight Mask\"}]},{\"@type\":\"WebSite\",\"@id\":\"https:\/\/beautyinstitute.ee\/#website\",\"url\":\"https:\/\/beautyinstitute.ee\/\",\"name\":\"Beauty Institute\",\"description\":\"CNC Cosmetic ametlik maaletooja ja edasim\u00fc\u00fcja Eestis, Soomes, L\u00e4tis. Aparaadikosmeetika, koolitused, kosmeetikatooted.\",\"potentialAction\":[{\"@type\":\"SearchAction\",\"target\":{\"@type\":\"EntryPoint\",\"urlTemplate\":\"https:\/\/beautyinstitute.ee\/?s={search_term_string}\"},\"query-input\":{\"@type\":\"PropertyValueSpecification\",\"valueRequired\":true,\"valueName\":\"search_term_string\"}}],\"inLanguage\":\"ru-RU\"}]}<\/script>\n<!-- \/ Yoast SEO plugin. -->","yoast_head_json":{"title":"Skin2Derm\u00ae Straight Mask - Beauty Institute","robots":{"index":"index","follow":"follow","max-snippet":"max-snippet:-1","max-image-preview":"max-image-preview:large","max-video-preview":"max-video-preview:-1"},"canonical":"https:\/\/beautyinstitute.ee\/toode\/straight-mask\/","og_locale":"ru_RU","og_type":"article","og_title":"Skin2Derm\u00ae Straight Mask - Beauty Institute","og_description":"Vananemisvastane kreemmask kohese silendava, pinguldava, t\u00e4itva ja deponeeriva toimega. Sisaldab toitvat sheav\u00f5id, mis annab nahale sametise ja pehme tunde. Annab nahale kiire energialisa, mis v\u00e4ljendub eluj\u00f5ulises ja s\u00e4ravas v\u00e4limuses. Dipeptiidid toestavad ja pinguldavad n\u00e4okontuure tagades nooruslikuma v\u00e4ljan\u00e4gemise. Keramiidid, sahhariidid ja squalaan tugevdavad ja kaitsevad nahas sisalduvaid vajalikke happeid ja neid kaitsvaid membraane ning aitavad v\u00e4ltida [&hellip;]","og_url":"https:\/\/beautyinstitute.ee\/toode\/straight-mask\/","og_site_name":"Beauty Institute","article_modified_time":"2026-04-27T13:45:10+00:00","og_image":[{"width":750,"height":711,"url":"https:\/\/beautyinstitute.ee\/wp-content\/uploads\/2019\/01\/mask.jpg","type":"image\/jpeg"}],"twitter_card":"summary_large_image","twitter_site":"@Beauty_Eesti","twitter_misc":{"\u041f\u0440\u0438\u043c\u0435\u0440\u043d\u043e\u0435 \u0432\u0440\u0435\u043c\u044f \u0434\u043b\u044f \u0447\u0442\u0435\u043d\u0438\u044f":"1 \u043c\u0438\u043d\u0443\u0442\u0430"},"schema":{"@context":"https:\/\/schema.org","@graph":[{"@type":"WebPage","@id":"https:\/\/beautyinstitute.ee\/toode\/straight-mask\/","url":"https:\/\/beautyinstitute.ee\/toode\/straight-mask\/","name":"Skin2Derm\u00ae Straight Mask - Beauty Institute","isPartOf":{"@id":"https:\/\/beautyinstitute.ee\/#website"},"primaryImageOfPage":{"@id":"https:\/\/beautyinstitute.ee\/toode\/straight-mask\/#primaryimage"},"image":{"@id":"https:\/\/beautyinstitute.ee\/toode\/straight-mask\/#primaryimage"},"thumbnailUrl":"https:\/\/beautyinstitute.ee\/wp-content\/uploads\/2019\/01\/mask.jpg","datePublished":"2019-01-24T20:51:20+00:00","dateModified":"2026-04-27T13:45:10+00:00","breadcrumb":{"@id":"https:\/\/beautyinstitute.ee\/toode\/straight-mask\/#breadcrumb"},"inLanguage":"ru-RU","potentialAction":[{"@type":"ReadAction","target":["https:\/\/beautyinstitute.ee\/toode\/straight-mask\/"]}]},{"@type":"ImageObject","inLanguage":"ru-RU","@id":"https:\/\/beautyinstitute.ee\/toode\/straight-mask\/#primaryimage","url":"https:\/\/beautyinstitute.ee\/wp-content\/uploads\/2019\/01\/mask.jpg","contentUrl":"https:\/\/beautyinstitute.ee\/wp-content\/uploads\/2019\/01\/mask.jpg","width":750,"height":711},{"@type":"BreadcrumbList","@id":"https:\/\/beautyinstitute.ee\/toode\/straight-mask\/#breadcrumb","itemListElement":[{"@type":"ListItem","position":1,"name":"Home","item":"https:\/\/beautyinstitute.ee\/ru\/"},{"@type":"ListItem","position":2,"name":"E-pood","item":"https:\/\/beautyinstitute.ee\/e-pood\/"},{"@type":"ListItem","position":3,"name":"Skin2Derm\u00ae Straight Mask"}]},{"@type":"WebSite","@id":"https:\/\/beautyinstitute.ee\/#website","url":"https:\/\/beautyinstitute.ee\/","name":"Beauty Institute","description":"CNC Cosmetic ametlik maaletooja ja edasim\u00fc\u00fcja Eestis, Soomes, L\u00e4tis. Aparaadikosmeetika, koolitused, kosmeetikatooted.","potentialAction":[{"@type":"SearchAction","target":{"@type":"EntryPoint","urlTemplate":"https:\/\/beautyinstitute.ee\/?s={search_term_string}"},"query-input":{"@type":"PropertyValueSpecification","valueRequired":true,"valueName":"search_term_string"}}],"inLanguage":"ru-RU"}]}},"_links":{"self":[{"href":"https:\/\/beautyinstitute.ee\/ru\/wp-json\/wp\/v2\/product\/2908","targetHints":{"allow":["GET"]}}],"collection":[{"href":"https:\/\/beautyinstitute.ee\/ru\/wp-json\/wp\/v2\/product"}],"about":[{"href":"https:\/\/beautyinstitute.ee\/ru\/wp-json\/wp\/v2\/types\/product"}],"wp:featuredmedia":[{"embeddable":true,"href":"https:\/\/beautyinstitute.ee\/ru\/wp-json\/wp\/v2\/media\/2913"}],"wp:attachment":[{"href":"https:\/\/beautyinstitute.ee\/ru\/wp-json\/wp\/v2\/media?parent=2908"}],"wp:term":[{"taxonomy":"product_cat","embeddable":true,"href":"https:\/\/beautyinstitute.ee\/ru\/wp-json\/wp\/v2\/product_cat?post=2908"},{"taxonomy":"product_tag","embeddable":true,"href":"https:\/\/beautyinstitute.ee\/ru\/wp-json\/wp\/v2\/product_tag?post=2908"}],"curies":[{"name":"wp","href":"https:\/\/api.w.org\/{rel}","templated":true}]}}