{"id":2915,"date":"2019-01-24T22:55:46","date_gmt":"2019-01-24T20:55:46","guid":{"rendered":"https:\/\/beautyinstitute.ee\/?post_type=product&#038;p=2915"},"modified":"2026-04-28T07:52:47","modified_gmt":"2026-04-28T04:52:47","slug":"eye-cream","status":"publish","type":"product","link":"https:\/\/beautyinstitute.ee\/ru\/toode\/eye-cream\/","title":{"rendered":"Skin2Derm\u00ae Eye Cream"},"content":{"rendered":"<p><strong>See kerge silmakreem on intensiivselt pinguldav ja kaitsva toimega.<\/strong><\/p>\n<p>Spetsiaalne aktiivainete kombinatsiooni, kuhu kuuluvad nahaga seotud lipiidid, h\u00fcaluroonhape, Kigelia africana ekstrakt, vitamiin E atsetaat ja pol\u00fcsahhariid\u00a0 taasatavad silma\u00fcmbruse nahka, niisutavad ja kaitsevad negatiivsete keskkonna m\u00f5jude eest.<\/p>\n<p><strong>Eelised:<\/strong><\/p>\n<ul>\n<li>silub nahka silman\u00e4htavalt<\/li>\n<li>niisutab<\/li>\n<li>kaitseb negatiivsete keskkonnam\u00f5jude eest<\/li>\n<\/ul>\n<p><strong>Sobilik:<\/strong> k\u00f5ikidele nahat\u00fc\u00fcpidele.<\/p>\n<p><strong>Toimeained:<\/strong> keramiidid, h\u00fcaluroonhape, Kigelia africana ekstrakt, vitamiin E, pol\u00fcsahhariidid.<\/p>\n","protected":false},"excerpt":{"rendered":"<p>See kerge silmakreem on intensiivselt pinguldav ja kaitsva toimega. Spetsiaalne aktiivainete kombinatsiooni, kuhu kuuluvad nahaga seotud lipiidid, h\u00fcaluroonhape, Kigelia africana ekstrakt, vitamiin E atsetaat ja pol\u00fcsahhariid\u00a0 taasatavad silma\u00fcmbruse nahka, niisutavad ja kaitsevad negatiivsete keskkonna m\u00f5jude eest. Eelised: silub nahka silman\u00e4htavalt niisutab kaitseb negatiivsete keskkonnam\u00f5jude eest Sobilik: k\u00f5ikidele nahat\u00fc\u00fcpidele. Toimeained: keramiidid, h\u00fcaluroonhape, Kigelia africana ekstrakt, vitamiin [&hellip;]<\/p>\n","protected":false},"featured_media":2920,"template":"","meta":{"_acf_changed":false},"product_cat":[251,114,140],"product_tag":[],"class_list":["post-2915","product","type-product","status-publish","has-post-thumbnail","hentry","product_cat-silmakreemid","product_cat-tootesarjad","product_cat-skin-lipid-matrix"],"acf":[],"yoast_head":"<!-- This site is optimized with the Yoast SEO plugin v25.4 - https:\/\/yoast.com\/wordpress\/plugins\/seo\/ -->\n<title>Skin2Derm\u00ae Eye Cream - Beauty Institute<\/title>\n<meta name=\"robots\" content=\"index, follow, max-snippet:-1, max-image-preview:large, max-video-preview:-1\" \/>\n<link rel=\"canonical\" href=\"https:\/\/beautyinstitute.ee\/toode\/eye-cream\/\" \/>\n<meta property=\"og:locale\" content=\"ru_RU\" \/>\n<meta property=\"og:type\" content=\"article\" \/>\n<meta property=\"og:title\" content=\"Skin2Derm\u00ae Eye Cream - Beauty Institute\" \/>\n<meta property=\"og:description\" content=\"See kerge silmakreem on intensiivselt pinguldav ja kaitsva toimega. Spetsiaalne aktiivainete kombinatsiooni, kuhu kuuluvad nahaga seotud lipiidid, h\u00fcaluroonhape, Kigelia africana ekstrakt, vitamiin E atsetaat ja pol\u00fcsahhariid\u00a0 taasatavad silma\u00fcmbruse nahka, niisutavad ja kaitsevad negatiivsete keskkonna m\u00f5jude eest. Eelised: silub nahka silman\u00e4htavalt niisutab kaitseb negatiivsete keskkonnam\u00f5jude eest Sobilik: k\u00f5ikidele nahat\u00fc\u00fcpidele. Toimeained: keramiidid, h\u00fcaluroonhape, Kigelia africana ekstrakt, vitamiin [&hellip;]\" \/>\n<meta property=\"og:url\" content=\"https:\/\/beautyinstitute.ee\/toode\/eye-cream\/\" \/>\n<meta property=\"og:site_name\" content=\"Beauty Institute\" \/>\n<meta property=\"article:modified_time\" content=\"2026-04-28T04:52:47+00:00\" \/>\n<meta property=\"og:image\" content=\"https:\/\/beautyinstitute.ee\/wp-content\/uploads\/2019\/01\/silm-1.jpg\" \/>\n\t<meta property=\"og:image:width\" content=\"750\" \/>\n\t<meta property=\"og:image:height\" content=\"711\" \/>\n\t<meta property=\"og:image:type\" content=\"image\/jpeg\" \/>\n<meta name=\"twitter:card\" content=\"summary_large_image\" \/>\n<meta name=\"twitter:site\" content=\"@Beauty_Eesti\" \/>\n<script type=\"application\/ld+json\" class=\"yoast-schema-graph\">{\"@context\":\"https:\/\/schema.org\",\"@graph\":[{\"@type\":\"WebPage\",\"@id\":\"https:\/\/beautyinstitute.ee\/toode\/eye-cream\/\",\"url\":\"https:\/\/beautyinstitute.ee\/toode\/eye-cream\/\",\"name\":\"Skin2Derm\u00ae Eye Cream - Beauty Institute\",\"isPartOf\":{\"@id\":\"https:\/\/beautyinstitute.ee\/#website\"},\"primaryImageOfPage\":{\"@id\":\"https:\/\/beautyinstitute.ee\/toode\/eye-cream\/#primaryimage\"},\"image\":{\"@id\":\"https:\/\/beautyinstitute.ee\/toode\/eye-cream\/#primaryimage\"},\"thumbnailUrl\":\"https:\/\/beautyinstitute.ee\/wp-content\/uploads\/2019\/01\/silm-1.jpg\",\"datePublished\":\"2019-01-24T20:55:46+00:00\",\"dateModified\":\"2026-04-28T04:52:47+00:00\",\"breadcrumb\":{\"@id\":\"https:\/\/beautyinstitute.ee\/toode\/eye-cream\/#breadcrumb\"},\"inLanguage\":\"ru-RU\",\"potentialAction\":[{\"@type\":\"ReadAction\",\"target\":[\"https:\/\/beautyinstitute.ee\/toode\/eye-cream\/\"]}]},{\"@type\":\"ImageObject\",\"inLanguage\":\"ru-RU\",\"@id\":\"https:\/\/beautyinstitute.ee\/toode\/eye-cream\/#primaryimage\",\"url\":\"https:\/\/beautyinstitute.ee\/wp-content\/uploads\/2019\/01\/silm-1.jpg\",\"contentUrl\":\"https:\/\/beautyinstitute.ee\/wp-content\/uploads\/2019\/01\/silm-1.jpg\",\"width\":750,\"height\":711},{\"@type\":\"BreadcrumbList\",\"@id\":\"https:\/\/beautyinstitute.ee\/toode\/eye-cream\/#breadcrumb\",\"itemListElement\":[{\"@type\":\"ListItem\",\"position\":1,\"name\":\"Home\",\"item\":\"https:\/\/beautyinstitute.ee\/ru\/\"},{\"@type\":\"ListItem\",\"position\":2,\"name\":\"E-pood\",\"item\":\"https:\/\/beautyinstitute.ee\/e-pood\/\"},{\"@type\":\"ListItem\",\"position\":3,\"name\":\"Skin2Derm\u00ae Eye Cream\"}]},{\"@type\":\"WebSite\",\"@id\":\"https:\/\/beautyinstitute.ee\/#website\",\"url\":\"https:\/\/beautyinstitute.ee\/\",\"name\":\"Beauty Institute\",\"description\":\"CNC Cosmetic ametlik maaletooja ja edasim\u00fc\u00fcja Eestis, Soomes, L\u00e4tis. Aparaadikosmeetika, koolitused, kosmeetikatooted.\",\"potentialAction\":[{\"@type\":\"SearchAction\",\"target\":{\"@type\":\"EntryPoint\",\"urlTemplate\":\"https:\/\/beautyinstitute.ee\/?s={search_term_string}\"},\"query-input\":{\"@type\":\"PropertyValueSpecification\",\"valueRequired\":true,\"valueName\":\"search_term_string\"}}],\"inLanguage\":\"ru-RU\"}]}<\/script>\n<!-- \/ Yoast SEO plugin. -->","yoast_head_json":{"title":"Skin2Derm\u00ae Eye Cream - Beauty Institute","robots":{"index":"index","follow":"follow","max-snippet":"max-snippet:-1","max-image-preview":"max-image-preview:large","max-video-preview":"max-video-preview:-1"},"canonical":"https:\/\/beautyinstitute.ee\/toode\/eye-cream\/","og_locale":"ru_RU","og_type":"article","og_title":"Skin2Derm\u00ae Eye Cream - Beauty Institute","og_description":"See kerge silmakreem on intensiivselt pinguldav ja kaitsva toimega. Spetsiaalne aktiivainete kombinatsiooni, kuhu kuuluvad nahaga seotud lipiidid, h\u00fcaluroonhape, Kigelia africana ekstrakt, vitamiin E atsetaat ja pol\u00fcsahhariid\u00a0 taasatavad silma\u00fcmbruse nahka, niisutavad ja kaitsevad negatiivsete keskkonna m\u00f5jude eest. Eelised: silub nahka silman\u00e4htavalt niisutab kaitseb negatiivsete keskkonnam\u00f5jude eest Sobilik: k\u00f5ikidele nahat\u00fc\u00fcpidele. Toimeained: keramiidid, h\u00fcaluroonhape, Kigelia africana ekstrakt, vitamiin [&hellip;]","og_url":"https:\/\/beautyinstitute.ee\/toode\/eye-cream\/","og_site_name":"Beauty Institute","article_modified_time":"2026-04-28T04:52:47+00:00","og_image":[{"width":750,"height":711,"url":"https:\/\/beautyinstitute.ee\/wp-content\/uploads\/2019\/01\/silm-1.jpg","type":"image\/jpeg"}],"twitter_card":"summary_large_image","twitter_site":"@Beauty_Eesti","schema":{"@context":"https:\/\/schema.org","@graph":[{"@type":"WebPage","@id":"https:\/\/beautyinstitute.ee\/toode\/eye-cream\/","url":"https:\/\/beautyinstitute.ee\/toode\/eye-cream\/","name":"Skin2Derm\u00ae Eye Cream - Beauty Institute","isPartOf":{"@id":"https:\/\/beautyinstitute.ee\/#website"},"primaryImageOfPage":{"@id":"https:\/\/beautyinstitute.ee\/toode\/eye-cream\/#primaryimage"},"image":{"@id":"https:\/\/beautyinstitute.ee\/toode\/eye-cream\/#primaryimage"},"thumbnailUrl":"https:\/\/beautyinstitute.ee\/wp-content\/uploads\/2019\/01\/silm-1.jpg","datePublished":"2019-01-24T20:55:46+00:00","dateModified":"2026-04-28T04:52:47+00:00","breadcrumb":{"@id":"https:\/\/beautyinstitute.ee\/toode\/eye-cream\/#breadcrumb"},"inLanguage":"ru-RU","potentialAction":[{"@type":"ReadAction","target":["https:\/\/beautyinstitute.ee\/toode\/eye-cream\/"]}]},{"@type":"ImageObject","inLanguage":"ru-RU","@id":"https:\/\/beautyinstitute.ee\/toode\/eye-cream\/#primaryimage","url":"https:\/\/beautyinstitute.ee\/wp-content\/uploads\/2019\/01\/silm-1.jpg","contentUrl":"https:\/\/beautyinstitute.ee\/wp-content\/uploads\/2019\/01\/silm-1.jpg","width":750,"height":711},{"@type":"BreadcrumbList","@id":"https:\/\/beautyinstitute.ee\/toode\/eye-cream\/#breadcrumb","itemListElement":[{"@type":"ListItem","position":1,"name":"Home","item":"https:\/\/beautyinstitute.ee\/ru\/"},{"@type":"ListItem","position":2,"name":"E-pood","item":"https:\/\/beautyinstitute.ee\/e-pood\/"},{"@type":"ListItem","position":3,"name":"Skin2Derm\u00ae Eye Cream"}]},{"@type":"WebSite","@id":"https:\/\/beautyinstitute.ee\/#website","url":"https:\/\/beautyinstitute.ee\/","name":"Beauty Institute","description":"CNC Cosmetic ametlik maaletooja ja edasim\u00fc\u00fcja Eestis, Soomes, L\u00e4tis. Aparaadikosmeetika, koolitused, kosmeetikatooted.","potentialAction":[{"@type":"SearchAction","target":{"@type":"EntryPoint","urlTemplate":"https:\/\/beautyinstitute.ee\/?s={search_term_string}"},"query-input":{"@type":"PropertyValueSpecification","valueRequired":true,"valueName":"search_term_string"}}],"inLanguage":"ru-RU"}]}},"_links":{"self":[{"href":"https:\/\/beautyinstitute.ee\/ru\/wp-json\/wp\/v2\/product\/2915","targetHints":{"allow":["GET"]}}],"collection":[{"href":"https:\/\/beautyinstitute.ee\/ru\/wp-json\/wp\/v2\/product"}],"about":[{"href":"https:\/\/beautyinstitute.ee\/ru\/wp-json\/wp\/v2\/types\/product"}],"wp:featuredmedia":[{"embeddable":true,"href":"https:\/\/beautyinstitute.ee\/ru\/wp-json\/wp\/v2\/media\/2920"}],"wp:attachment":[{"href":"https:\/\/beautyinstitute.ee\/ru\/wp-json\/wp\/v2\/media?parent=2915"}],"wp:term":[{"taxonomy":"product_cat","embeddable":true,"href":"https:\/\/beautyinstitute.ee\/ru\/wp-json\/wp\/v2\/product_cat?post=2915"},{"taxonomy":"product_tag","embeddable":true,"href":"https:\/\/beautyinstitute.ee\/ru\/wp-json\/wp\/v2\/product_tag?post=2915"}],"curies":[{"name":"wp","href":"https:\/\/api.w.org\/{rel}","templated":true}]}}