{"id":2922,"date":"2019-01-24T23:01:27","date_gmt":"2019-01-24T21:01:27","guid":{"rendered":"https:\/\/beautyinstitute.ee\/?post_type=product&#038;p=2922"},"modified":"2026-03-26T15:39:17","modified_gmt":"2026-03-26T13:39:17","slug":"moisturizing-fluid","status":"publish","type":"product","link":"https:\/\/beautyinstitute.ee\/ru\/toode\/moisturizing-fluid\/","title":{"rendered":"Skin2Derm\u00ae Moisturizing Fluid"},"content":{"rendered":"<p><strong>Kerge niisutav emulsioon, mis sisaldab nahaga identseid lipiide.<\/strong><\/p>\n<p>Trigl\u00fctseriidid, skvalaan, ceramidid,\u00a0 fosfolipiidid ja f\u00fctosteroolid, omavad kaitsvat, niisutavat ja nahka pinguldavat toimet.\u00a0 K\u00f5rge kvaliteediline sheav\u00f5i annab nahale s\u00e4rava ja v\u00e4rske jume.<\/p>\n<p><strong>Eelised:\u00a0<\/strong><\/p>\n<ul>\n<li>on kaitsva, niisutava ja nahka siluva toimega<\/li>\n<li>ideaalne fluid kreemi all<\/li>\n<li>ideaalne t\u00e4iskasvanu akne raviks<\/li>\n<li>noorele ebapuhtale nahale<\/li>\n<\/ul>\n<p><strong>Sobib:<\/strong> k\u00f5igile nahat\u00fc\u00fcpidele.<\/p>\n<p><strong>Toimeained:<\/strong> h\u00fcaluroonhape, skvalaan, keramiidid, sheav\u00f5i.<\/p>\n","protected":false},"excerpt":{"rendered":"<p>Kerge niisutav emulsioon, mis sisaldab nahaga identseid lipiide. Trigl\u00fctseriidid, skvalaan, ceramidid,\u00a0 fosfolipiidid ja f\u00fctosteroolid, omavad kaitsvat, niisutavat ja nahka pinguldavat toimet.\u00a0 K\u00f5rge kvaliteediline sheav\u00f5i annab nahale s\u00e4rava ja v\u00e4rske jume. Eelised:\u00a0 on kaitsva, niisutava ja nahka siluva toimega ideaalne fluid kreemi all ideaalne t\u00e4iskasvanu akne raviks noorele ebapuhtale nahale Sobib: k\u00f5igile nahat\u00fc\u00fcpidele. Toimeained: h\u00fcaluroonhape, skvalaan, [&hellip;]<\/p>\n","protected":false},"featured_media":2927,"template":"","meta":{"_acf_changed":false},"product_cat":[250,114,140],"product_tag":[],"class_list":["post-2922","product","type-product","status-publish","has-post-thumbnail","hentry","product_cat-naokreemid","product_cat-tootesarjad","product_cat-skin-lipid-matrix"],"acf":[],"yoast_head":"<!-- This site is optimized with the Yoast SEO plugin v25.4 - https:\/\/yoast.com\/wordpress\/plugins\/seo\/ -->\n<title>Skin2Derm\u00ae Moisturizing Fluid - Beauty Institute<\/title>\n<meta name=\"robots\" content=\"index, follow, max-snippet:-1, max-image-preview:large, max-video-preview:-1\" \/>\n<link rel=\"canonical\" href=\"https:\/\/beautyinstitute.ee\/toode\/moisturizing-fluid\/\" \/>\n<meta property=\"og:locale\" content=\"ru_RU\" \/>\n<meta property=\"og:type\" content=\"article\" \/>\n<meta property=\"og:title\" content=\"Skin2Derm\u00ae Moisturizing Fluid - Beauty Institute\" \/>\n<meta property=\"og:description\" content=\"Kerge niisutav emulsioon, mis sisaldab nahaga identseid lipiide. Trigl\u00fctseriidid, skvalaan, ceramidid,\u00a0 fosfolipiidid ja f\u00fctosteroolid, omavad kaitsvat, niisutavat ja nahka pinguldavat toimet.\u00a0 K\u00f5rge kvaliteediline sheav\u00f5i annab nahale s\u00e4rava ja v\u00e4rske jume. Eelised:\u00a0 on kaitsva, niisutava ja nahka siluva toimega ideaalne fluid kreemi all ideaalne t\u00e4iskasvanu akne raviks noorele ebapuhtale nahale Sobib: k\u00f5igile nahat\u00fc\u00fcpidele. Toimeained: h\u00fcaluroonhape, skvalaan, [&hellip;]\" \/>\n<meta property=\"og:url\" content=\"https:\/\/beautyinstitute.ee\/toode\/moisturizing-fluid\/\" \/>\n<meta property=\"og:site_name\" content=\"Beauty Institute\" \/>\n<meta property=\"article:modified_time\" content=\"2026-03-26T13:39:17+00:00\" \/>\n<meta property=\"og:image\" content=\"https:\/\/beautyinstitute.ee\/wp-content\/uploads\/2019\/01\/moist-1.jpg\" \/>\n\t<meta property=\"og:image:width\" content=\"750\" \/>\n\t<meta property=\"og:image:height\" content=\"711\" \/>\n\t<meta property=\"og:image:type\" content=\"image\/jpeg\" \/>\n<meta name=\"twitter:card\" content=\"summary_large_image\" \/>\n<meta name=\"twitter:site\" content=\"@Beauty_Eesti\" \/>\n<script type=\"application\/ld+json\" class=\"yoast-schema-graph\">{\"@context\":\"https:\/\/schema.org\",\"@graph\":[{\"@type\":\"WebPage\",\"@id\":\"https:\/\/beautyinstitute.ee\/toode\/moisturizing-fluid\/\",\"url\":\"https:\/\/beautyinstitute.ee\/toode\/moisturizing-fluid\/\",\"name\":\"Skin2Derm\u00ae Moisturizing Fluid - Beauty Institute\",\"isPartOf\":{\"@id\":\"https:\/\/beautyinstitute.ee\/#website\"},\"primaryImageOfPage\":{\"@id\":\"https:\/\/beautyinstitute.ee\/toode\/moisturizing-fluid\/#primaryimage\"},\"image\":{\"@id\":\"https:\/\/beautyinstitute.ee\/toode\/moisturizing-fluid\/#primaryimage\"},\"thumbnailUrl\":\"https:\/\/beautyinstitute.ee\/wp-content\/uploads\/2019\/01\/moist-1.jpg\",\"datePublished\":\"2019-01-24T21:01:27+00:00\",\"dateModified\":\"2026-03-26T13:39:17+00:00\",\"breadcrumb\":{\"@id\":\"https:\/\/beautyinstitute.ee\/toode\/moisturizing-fluid\/#breadcrumb\"},\"inLanguage\":\"ru-RU\",\"potentialAction\":[{\"@type\":\"ReadAction\",\"target\":[\"https:\/\/beautyinstitute.ee\/toode\/moisturizing-fluid\/\"]}]},{\"@type\":\"ImageObject\",\"inLanguage\":\"ru-RU\",\"@id\":\"https:\/\/beautyinstitute.ee\/toode\/moisturizing-fluid\/#primaryimage\",\"url\":\"https:\/\/beautyinstitute.ee\/wp-content\/uploads\/2019\/01\/moist-1.jpg\",\"contentUrl\":\"https:\/\/beautyinstitute.ee\/wp-content\/uploads\/2019\/01\/moist-1.jpg\",\"width\":750,\"height\":711},{\"@type\":\"BreadcrumbList\",\"@id\":\"https:\/\/beautyinstitute.ee\/toode\/moisturizing-fluid\/#breadcrumb\",\"itemListElement\":[{\"@type\":\"ListItem\",\"position\":1,\"name\":\"Home\",\"item\":\"https:\/\/beautyinstitute.ee\/ru\/\"},{\"@type\":\"ListItem\",\"position\":2,\"name\":\"E-pood\",\"item\":\"https:\/\/beautyinstitute.ee\/e-pood\/\"},{\"@type\":\"ListItem\",\"position\":3,\"name\":\"Skin2Derm\u00ae Moisturizing Fluid\"}]},{\"@type\":\"WebSite\",\"@id\":\"https:\/\/beautyinstitute.ee\/#website\",\"url\":\"https:\/\/beautyinstitute.ee\/\",\"name\":\"Beauty Institute\",\"description\":\"CNC Cosmetic ametlik maaletooja ja edasim\u00fc\u00fcja Eestis, Soomes, L\u00e4tis. Aparaadikosmeetika, koolitused, kosmeetikatooted.\",\"potentialAction\":[{\"@type\":\"SearchAction\",\"target\":{\"@type\":\"EntryPoint\",\"urlTemplate\":\"https:\/\/beautyinstitute.ee\/?s={search_term_string}\"},\"query-input\":{\"@type\":\"PropertyValueSpecification\",\"valueRequired\":true,\"valueName\":\"search_term_string\"}}],\"inLanguage\":\"ru-RU\"}]}<\/script>\n<!-- \/ Yoast SEO plugin. -->","yoast_head_json":{"title":"Skin2Derm\u00ae Moisturizing Fluid - Beauty Institute","robots":{"index":"index","follow":"follow","max-snippet":"max-snippet:-1","max-image-preview":"max-image-preview:large","max-video-preview":"max-video-preview:-1"},"canonical":"https:\/\/beautyinstitute.ee\/toode\/moisturizing-fluid\/","og_locale":"ru_RU","og_type":"article","og_title":"Skin2Derm\u00ae Moisturizing Fluid - Beauty Institute","og_description":"Kerge niisutav emulsioon, mis sisaldab nahaga identseid lipiide. Trigl\u00fctseriidid, skvalaan, ceramidid,\u00a0 fosfolipiidid ja f\u00fctosteroolid, omavad kaitsvat, niisutavat ja nahka pinguldavat toimet.\u00a0 K\u00f5rge kvaliteediline sheav\u00f5i annab nahale s\u00e4rava ja v\u00e4rske jume. Eelised:\u00a0 on kaitsva, niisutava ja nahka siluva toimega ideaalne fluid kreemi all ideaalne t\u00e4iskasvanu akne raviks noorele ebapuhtale nahale Sobib: k\u00f5igile nahat\u00fc\u00fcpidele. Toimeained: h\u00fcaluroonhape, skvalaan, [&hellip;]","og_url":"https:\/\/beautyinstitute.ee\/toode\/moisturizing-fluid\/","og_site_name":"Beauty Institute","article_modified_time":"2026-03-26T13:39:17+00:00","og_image":[{"width":750,"height":711,"url":"https:\/\/beautyinstitute.ee\/wp-content\/uploads\/2019\/01\/moist-1.jpg","type":"image\/jpeg"}],"twitter_card":"summary_large_image","twitter_site":"@Beauty_Eesti","schema":{"@context":"https:\/\/schema.org","@graph":[{"@type":"WebPage","@id":"https:\/\/beautyinstitute.ee\/toode\/moisturizing-fluid\/","url":"https:\/\/beautyinstitute.ee\/toode\/moisturizing-fluid\/","name":"Skin2Derm\u00ae Moisturizing Fluid - Beauty Institute","isPartOf":{"@id":"https:\/\/beautyinstitute.ee\/#website"},"primaryImageOfPage":{"@id":"https:\/\/beautyinstitute.ee\/toode\/moisturizing-fluid\/#primaryimage"},"image":{"@id":"https:\/\/beautyinstitute.ee\/toode\/moisturizing-fluid\/#primaryimage"},"thumbnailUrl":"https:\/\/beautyinstitute.ee\/wp-content\/uploads\/2019\/01\/moist-1.jpg","datePublished":"2019-01-24T21:01:27+00:00","dateModified":"2026-03-26T13:39:17+00:00","breadcrumb":{"@id":"https:\/\/beautyinstitute.ee\/toode\/moisturizing-fluid\/#breadcrumb"},"inLanguage":"ru-RU","potentialAction":[{"@type":"ReadAction","target":["https:\/\/beautyinstitute.ee\/toode\/moisturizing-fluid\/"]}]},{"@type":"ImageObject","inLanguage":"ru-RU","@id":"https:\/\/beautyinstitute.ee\/toode\/moisturizing-fluid\/#primaryimage","url":"https:\/\/beautyinstitute.ee\/wp-content\/uploads\/2019\/01\/moist-1.jpg","contentUrl":"https:\/\/beautyinstitute.ee\/wp-content\/uploads\/2019\/01\/moist-1.jpg","width":750,"height":711},{"@type":"BreadcrumbList","@id":"https:\/\/beautyinstitute.ee\/toode\/moisturizing-fluid\/#breadcrumb","itemListElement":[{"@type":"ListItem","position":1,"name":"Home","item":"https:\/\/beautyinstitute.ee\/ru\/"},{"@type":"ListItem","position":2,"name":"E-pood","item":"https:\/\/beautyinstitute.ee\/e-pood\/"},{"@type":"ListItem","position":3,"name":"Skin2Derm\u00ae Moisturizing Fluid"}]},{"@type":"WebSite","@id":"https:\/\/beautyinstitute.ee\/#website","url":"https:\/\/beautyinstitute.ee\/","name":"Beauty Institute","description":"CNC Cosmetic ametlik maaletooja ja edasim\u00fc\u00fcja Eestis, Soomes, L\u00e4tis. Aparaadikosmeetika, koolitused, kosmeetikatooted.","potentialAction":[{"@type":"SearchAction","target":{"@type":"EntryPoint","urlTemplate":"https:\/\/beautyinstitute.ee\/?s={search_term_string}"},"query-input":{"@type":"PropertyValueSpecification","valueRequired":true,"valueName":"search_term_string"}}],"inLanguage":"ru-RU"}]}},"_links":{"self":[{"href":"https:\/\/beautyinstitute.ee\/ru\/wp-json\/wp\/v2\/product\/2922","targetHints":{"allow":["GET"]}}],"collection":[{"href":"https:\/\/beautyinstitute.ee\/ru\/wp-json\/wp\/v2\/product"}],"about":[{"href":"https:\/\/beautyinstitute.ee\/ru\/wp-json\/wp\/v2\/types\/product"}],"wp:featuredmedia":[{"embeddable":true,"href":"https:\/\/beautyinstitute.ee\/ru\/wp-json\/wp\/v2\/media\/2927"}],"wp:attachment":[{"href":"https:\/\/beautyinstitute.ee\/ru\/wp-json\/wp\/v2\/media?parent=2922"}],"wp:term":[{"taxonomy":"product_cat","embeddable":true,"href":"https:\/\/beautyinstitute.ee\/ru\/wp-json\/wp\/v2\/product_cat?post=2922"},{"taxonomy":"product_tag","embeddable":true,"href":"https:\/\/beautyinstitute.ee\/ru\/wp-json\/wp\/v2\/product_tag?post=2922"}],"curies":[{"name":"wp","href":"https:\/\/api.w.org\/{rel}","templated":true}]}}