{"id":2929,"date":"2019-01-25T01:05:24","date_gmt":"2019-01-24T23:05:24","guid":{"rendered":"https:\/\/beautyinstitute.ee\/?post_type=product&#038;p=2929"},"modified":"2026-04-27T16:45:10","modified_gmt":"2026-04-27T13:45:10","slug":"enzym-peeling","status":"publish","type":"product","link":"https:\/\/beautyinstitute.ee\/ru\/toode\/enzym-peeling\/","title":{"rendered":"Skin2Derm\u00ae Enzyme Peeling"},"content":{"rendered":"<p><strong>Ens\u00fc\u00fcmkoorija, mis sobib k\u00f5ikidele nahat\u00fc\u00fcpidele.<\/strong><\/p>\n<p>Eemaldab nahalt surnud naharakud, rahustab nahka, aitab kaasa naharakkude uuenemisele ja j\u00e4tab naha klaariks ja s\u00e4ravaks. Valmistab meie naha ette toimeainete imendumiseks. V\u00f5ib\u00a0 kasutada ka silma\u00fcmbruse koorimiseks. Koorija on sobilik ka eriti tundlikule ja allergilisele nahale. Parf\u00fc\u00fcmi-vaba, s\u00e4ilitusainete vaba,v\u00e4rvainete vaba, emulgaatorite ja mineraal-, silikon\u00f5lide vaba. Kasutada 1-2x n\u00e4dalas. Kanda \u00f5huke kiht puhtale n\u00e4ole, lasta m\u00f5juda ca.10 min ja seej\u00e4rel eemaldada veega.<\/p>\n<p><strong>Eelised:<\/strong><\/p>\n<ul>\n<li>eriti \u00f5rn nahale<\/li>\n<li>s\u00e4rava jume saamiseks<\/li>\n<\/ul>\n<p><strong>Sobilik:<\/strong> k\u00f5ik nahat\u00fc\u00fcbid ja tundlik nahk.<\/p>\n<p><strong>Toimeained:<\/strong> skvalaan, sheav\u00f5i, papaiin, pantenool, keramiid.<\/p>\n","protected":false},"excerpt":{"rendered":"<p>Ens\u00fc\u00fcmkoorija, mis sobib k\u00f5ikidele nahat\u00fc\u00fcpidele. Eemaldab nahalt surnud naharakud, rahustab nahka, aitab kaasa naharakkude uuenemisele ja j\u00e4tab naha klaariks ja s\u00e4ravaks. Valmistab meie naha ette toimeainete imendumiseks. V\u00f5ib\u00a0 kasutada ka silma\u00fcmbruse koorimiseks. Koorija on sobilik ka eriti tundlikule ja allergilisele nahale. Parf\u00fc\u00fcmi-vaba, s\u00e4ilitusainete vaba,v\u00e4rvainete vaba, emulgaatorite ja mineraal-, silikon\u00f5lide vaba. Kasutada 1-2x n\u00e4dalas. Kanda \u00f5huke [&hellip;]<\/p>\n","protected":false},"featured_media":2934,"template":"","meta":{"_acf_changed":false},"product_cat":[247,261,114,140],"product_tag":[],"class_list":["post-2929","product","type-product","status-publish","has-post-thumbnail","hentry","product_cat-koorijad","product_cat-ensuum-koorijad","product_cat-tootesarjad","product_cat-skin-lipid-matrix"],"acf":[],"yoast_head":"<!-- This site is optimized with the Yoast SEO plugin v25.4 - https:\/\/yoast.com\/wordpress\/plugins\/seo\/ -->\n<title>Skin2Derm\u00ae Enzyme Peeling - Beauty Institute<\/title>\n<meta name=\"robots\" content=\"index, follow, max-snippet:-1, max-image-preview:large, max-video-preview:-1\" \/>\n<link rel=\"canonical\" href=\"https:\/\/beautyinstitute.ee\/toode\/enzym-peeling\/\" \/>\n<meta property=\"og:locale\" content=\"ru_RU\" \/>\n<meta property=\"og:type\" content=\"article\" \/>\n<meta property=\"og:title\" content=\"Skin2Derm\u00ae Enzyme Peeling - Beauty Institute\" \/>\n<meta property=\"og:description\" content=\"Ens\u00fc\u00fcmkoorija, mis sobib k\u00f5ikidele nahat\u00fc\u00fcpidele. Eemaldab nahalt surnud naharakud, rahustab nahka, aitab kaasa naharakkude uuenemisele ja j\u00e4tab naha klaariks ja s\u00e4ravaks. Valmistab meie naha ette toimeainete imendumiseks. V\u00f5ib\u00a0 kasutada ka silma\u00fcmbruse koorimiseks. Koorija on sobilik ka eriti tundlikule ja allergilisele nahale. Parf\u00fc\u00fcmi-vaba, s\u00e4ilitusainete vaba,v\u00e4rvainete vaba, emulgaatorite ja mineraal-, silikon\u00f5lide vaba. Kasutada 1-2x n\u00e4dalas. Kanda \u00f5huke [&hellip;]\" \/>\n<meta property=\"og:url\" content=\"https:\/\/beautyinstitute.ee\/toode\/enzym-peeling\/\" \/>\n<meta property=\"og:site_name\" content=\"Beauty Institute\" \/>\n<meta property=\"article:modified_time\" content=\"2026-04-27T13:45:10+00:00\" \/>\n<meta property=\"og:image\" content=\"https:\/\/beautyinstitute.ee\/wp-content\/uploads\/2019\/01\/pweel.jpg\" \/>\n\t<meta property=\"og:image:width\" content=\"750\" \/>\n\t<meta property=\"og:image:height\" content=\"711\" \/>\n\t<meta property=\"og:image:type\" content=\"image\/jpeg\" \/>\n<meta name=\"twitter:card\" content=\"summary_large_image\" \/>\n<meta name=\"twitter:site\" content=\"@Beauty_Eesti\" \/>\n<meta name=\"twitter:label1\" content=\"\u041f\u0440\u0438\u043c\u0435\u0440\u043d\u043e\u0435 \u0432\u0440\u0435\u043c\u044f \u0434\u043b\u044f \u0447\u0442\u0435\u043d\u0438\u044f\" \/>\n\t<meta name=\"twitter:data1\" content=\"1 \u043c\u0438\u043d\u0443\u0442\u0430\" \/>\n<script type=\"application\/ld+json\" class=\"yoast-schema-graph\">{\"@context\":\"https:\/\/schema.org\",\"@graph\":[{\"@type\":\"WebPage\",\"@id\":\"https:\/\/beautyinstitute.ee\/toode\/enzym-peeling\/\",\"url\":\"https:\/\/beautyinstitute.ee\/toode\/enzym-peeling\/\",\"name\":\"Skin2Derm\u00ae Enzyme Peeling - Beauty Institute\",\"isPartOf\":{\"@id\":\"https:\/\/beautyinstitute.ee\/#website\"},\"primaryImageOfPage\":{\"@id\":\"https:\/\/beautyinstitute.ee\/toode\/enzym-peeling\/#primaryimage\"},\"image\":{\"@id\":\"https:\/\/beautyinstitute.ee\/toode\/enzym-peeling\/#primaryimage\"},\"thumbnailUrl\":\"https:\/\/beautyinstitute.ee\/wp-content\/uploads\/2019\/01\/pweel.jpg\",\"datePublished\":\"2019-01-24T23:05:24+00:00\",\"dateModified\":\"2026-04-27T13:45:10+00:00\",\"breadcrumb\":{\"@id\":\"https:\/\/beautyinstitute.ee\/toode\/enzym-peeling\/#breadcrumb\"},\"inLanguage\":\"ru-RU\",\"potentialAction\":[{\"@type\":\"ReadAction\",\"target\":[\"https:\/\/beautyinstitute.ee\/toode\/enzym-peeling\/\"]}]},{\"@type\":\"ImageObject\",\"inLanguage\":\"ru-RU\",\"@id\":\"https:\/\/beautyinstitute.ee\/toode\/enzym-peeling\/#primaryimage\",\"url\":\"https:\/\/beautyinstitute.ee\/wp-content\/uploads\/2019\/01\/pweel.jpg\",\"contentUrl\":\"https:\/\/beautyinstitute.ee\/wp-content\/uploads\/2019\/01\/pweel.jpg\",\"width\":750,\"height\":711},{\"@type\":\"BreadcrumbList\",\"@id\":\"https:\/\/beautyinstitute.ee\/toode\/enzym-peeling\/#breadcrumb\",\"itemListElement\":[{\"@type\":\"ListItem\",\"position\":1,\"name\":\"Home\",\"item\":\"https:\/\/beautyinstitute.ee\/ru\/\"},{\"@type\":\"ListItem\",\"position\":2,\"name\":\"E-pood\",\"item\":\"https:\/\/beautyinstitute.ee\/e-pood\/\"},{\"@type\":\"ListItem\",\"position\":3,\"name\":\"Skin2Derm\u00ae Enzyme Peeling\"}]},{\"@type\":\"WebSite\",\"@id\":\"https:\/\/beautyinstitute.ee\/#website\",\"url\":\"https:\/\/beautyinstitute.ee\/\",\"name\":\"Beauty Institute\",\"description\":\"CNC Cosmetic ametlik maaletooja ja edasim\u00fc\u00fcja Eestis, Soomes, L\u00e4tis. Aparaadikosmeetika, koolitused, kosmeetikatooted.\",\"potentialAction\":[{\"@type\":\"SearchAction\",\"target\":{\"@type\":\"EntryPoint\",\"urlTemplate\":\"https:\/\/beautyinstitute.ee\/?s={search_term_string}\"},\"query-input\":{\"@type\":\"PropertyValueSpecification\",\"valueRequired\":true,\"valueName\":\"search_term_string\"}}],\"inLanguage\":\"ru-RU\"}]}<\/script>\n<!-- \/ Yoast SEO plugin. -->","yoast_head_json":{"title":"Skin2Derm\u00ae Enzyme Peeling - Beauty Institute","robots":{"index":"index","follow":"follow","max-snippet":"max-snippet:-1","max-image-preview":"max-image-preview:large","max-video-preview":"max-video-preview:-1"},"canonical":"https:\/\/beautyinstitute.ee\/toode\/enzym-peeling\/","og_locale":"ru_RU","og_type":"article","og_title":"Skin2Derm\u00ae Enzyme Peeling - Beauty Institute","og_description":"Ens\u00fc\u00fcmkoorija, mis sobib k\u00f5ikidele nahat\u00fc\u00fcpidele. Eemaldab nahalt surnud naharakud, rahustab nahka, aitab kaasa naharakkude uuenemisele ja j\u00e4tab naha klaariks ja s\u00e4ravaks. Valmistab meie naha ette toimeainete imendumiseks. V\u00f5ib\u00a0 kasutada ka silma\u00fcmbruse koorimiseks. Koorija on sobilik ka eriti tundlikule ja allergilisele nahale. Parf\u00fc\u00fcmi-vaba, s\u00e4ilitusainete vaba,v\u00e4rvainete vaba, emulgaatorite ja mineraal-, silikon\u00f5lide vaba. Kasutada 1-2x n\u00e4dalas. Kanda \u00f5huke [&hellip;]","og_url":"https:\/\/beautyinstitute.ee\/toode\/enzym-peeling\/","og_site_name":"Beauty Institute","article_modified_time":"2026-04-27T13:45:10+00:00","og_image":[{"width":750,"height":711,"url":"https:\/\/beautyinstitute.ee\/wp-content\/uploads\/2019\/01\/pweel.jpg","type":"image\/jpeg"}],"twitter_card":"summary_large_image","twitter_site":"@Beauty_Eesti","twitter_misc":{"\u041f\u0440\u0438\u043c\u0435\u0440\u043d\u043e\u0435 \u0432\u0440\u0435\u043c\u044f \u0434\u043b\u044f \u0447\u0442\u0435\u043d\u0438\u044f":"1 \u043c\u0438\u043d\u0443\u0442\u0430"},"schema":{"@context":"https:\/\/schema.org","@graph":[{"@type":"WebPage","@id":"https:\/\/beautyinstitute.ee\/toode\/enzym-peeling\/","url":"https:\/\/beautyinstitute.ee\/toode\/enzym-peeling\/","name":"Skin2Derm\u00ae Enzyme Peeling - Beauty Institute","isPartOf":{"@id":"https:\/\/beautyinstitute.ee\/#website"},"primaryImageOfPage":{"@id":"https:\/\/beautyinstitute.ee\/toode\/enzym-peeling\/#primaryimage"},"image":{"@id":"https:\/\/beautyinstitute.ee\/toode\/enzym-peeling\/#primaryimage"},"thumbnailUrl":"https:\/\/beautyinstitute.ee\/wp-content\/uploads\/2019\/01\/pweel.jpg","datePublished":"2019-01-24T23:05:24+00:00","dateModified":"2026-04-27T13:45:10+00:00","breadcrumb":{"@id":"https:\/\/beautyinstitute.ee\/toode\/enzym-peeling\/#breadcrumb"},"inLanguage":"ru-RU","potentialAction":[{"@type":"ReadAction","target":["https:\/\/beautyinstitute.ee\/toode\/enzym-peeling\/"]}]},{"@type":"ImageObject","inLanguage":"ru-RU","@id":"https:\/\/beautyinstitute.ee\/toode\/enzym-peeling\/#primaryimage","url":"https:\/\/beautyinstitute.ee\/wp-content\/uploads\/2019\/01\/pweel.jpg","contentUrl":"https:\/\/beautyinstitute.ee\/wp-content\/uploads\/2019\/01\/pweel.jpg","width":750,"height":711},{"@type":"BreadcrumbList","@id":"https:\/\/beautyinstitute.ee\/toode\/enzym-peeling\/#breadcrumb","itemListElement":[{"@type":"ListItem","position":1,"name":"Home","item":"https:\/\/beautyinstitute.ee\/ru\/"},{"@type":"ListItem","position":2,"name":"E-pood","item":"https:\/\/beautyinstitute.ee\/e-pood\/"},{"@type":"ListItem","position":3,"name":"Skin2Derm\u00ae Enzyme Peeling"}]},{"@type":"WebSite","@id":"https:\/\/beautyinstitute.ee\/#website","url":"https:\/\/beautyinstitute.ee\/","name":"Beauty Institute","description":"CNC Cosmetic ametlik maaletooja ja edasim\u00fc\u00fcja Eestis, Soomes, L\u00e4tis. Aparaadikosmeetika, koolitused, kosmeetikatooted.","potentialAction":[{"@type":"SearchAction","target":{"@type":"EntryPoint","urlTemplate":"https:\/\/beautyinstitute.ee\/?s={search_term_string}"},"query-input":{"@type":"PropertyValueSpecification","valueRequired":true,"valueName":"search_term_string"}}],"inLanguage":"ru-RU"}]}},"_links":{"self":[{"href":"https:\/\/beautyinstitute.ee\/ru\/wp-json\/wp\/v2\/product\/2929","targetHints":{"allow":["GET"]}}],"collection":[{"href":"https:\/\/beautyinstitute.ee\/ru\/wp-json\/wp\/v2\/product"}],"about":[{"href":"https:\/\/beautyinstitute.ee\/ru\/wp-json\/wp\/v2\/types\/product"}],"wp:featuredmedia":[{"embeddable":true,"href":"https:\/\/beautyinstitute.ee\/ru\/wp-json\/wp\/v2\/media\/2934"}],"wp:attachment":[{"href":"https:\/\/beautyinstitute.ee\/ru\/wp-json\/wp\/v2\/media?parent=2929"}],"wp:term":[{"taxonomy":"product_cat","embeddable":true,"href":"https:\/\/beautyinstitute.ee\/ru\/wp-json\/wp\/v2\/product_cat?post=2929"},{"taxonomy":"product_tag","embeddable":true,"href":"https:\/\/beautyinstitute.ee\/ru\/wp-json\/wp\/v2\/product_tag?post=2929"}],"curies":[{"name":"wp","href":"https:\/\/api.w.org\/{rel}","templated":true}]}}