{"id":29333,"date":"2024-06-06T16:05:05","date_gmt":"2024-06-06T13:05:05","guid":{"rendered":"https:\/\/beautyinstitute.ee\/?post_type=product&#038;p=29333"},"modified":"2026-03-26T09:06:50","modified_gmt":"2026-03-26T07:06:50","slug":"3d-massaazirullik","status":"publish","type":"product","link":"https:\/\/beautyinstitute.ee\/ru\/toode\/3d-massaazirullik\/","title":{"rendered":"3D Massaa\u017eirullik"},"content":{"rendered":"<p>BAEHR BEAUTY CONCEPT 3D massaa\u017eirulli kasutatakse n\u00e4o- ja kehamassaa\u017eiks.<\/p>\n<p>Kerge tekstuuriga rullid t\u00f5mbavad ja t\u00f5stavad nahka t\u00f5husalt.<\/p>\n<p>Stimuleeritakse vere- ja l\u00fcmfiringlust ning masseeritakse sidekude. Ainulaadne \u201eY\u201c disain v\u00f5imaldab tihedat kontakti nahaga ja masserib naha \u00f5rnalt ja intensiivselt massaa\u017ei rullide vahel. Surve avaldamisega saab intensiivsust reguleerida. See aktiveerib naharakke, parandab vereringet ja kiirendab naha ainevahetust, mille tulemuseks v\u00f5ivad olla paranenud n\u00e4ojooned ja tugevam nahk. Lisaks sellele k\u00e4epideme otsas olev v\u00e4ike akupunktuurikuulik stimuleerib akupunktuuripunkte l\u00f5\u00f5gastuma. Ergonoomilist massaa\u017eik\u00e4epidet, mida saab h\u00f5lpsasti reguleerida erinevatele massaa\u017eipunktidele, on lihtne hoida, lihtne kasutada. M\u00f5eldud kasutamiseks tugevale ja pehmele nahale n\u00e4ol, k\u00e4tel, jalgadel, rinnal, tuharal v\u00f5i seljal.<\/p>\n<p>&nbsp;<\/p>\n","protected":false},"excerpt":{"rendered":"<p>BAEHR BEAUTY CONCEPT 3D massaa\u017eirulli kasutatakse n\u00e4o- ja kehamassaa\u017eiks. Kerge tekstuuriga rullid t\u00f5mbavad ja t\u00f5stavad nahka t\u00f5husalt. Stimuleeritakse vere- ja l\u00fcmfiringlust ning masseeritakse sidekude. Ainulaadne \u201eY\u201c disain v\u00f5imaldab tihedat kontakti nahaga ja masserib naha \u00f5rnalt ja intensiivselt massaa\u017ei rullide vahel. Surve avaldamisega saab intensiivsust reguleerida. See aktiveerib naharakke, parandab vereringet ja kiirendab naha ainevahetust, mille [&hellip;]<\/p>\n","protected":false},"featured_media":29334,"template":"","meta":{"_acf_changed":false},"product_cat":[291,144,15],"product_tag":[],"class_list":["post-29333","product","type-product","status-publish","has-post-thumbnail","hentry","product_cat-baehr-cosmetic","product_cat-eritooted","product_cat-muud-tooted"],"acf":[],"yoast_head":"<!-- This site is optimized with the Yoast SEO plugin v25.4 - https:\/\/yoast.com\/wordpress\/plugins\/seo\/ -->\n<title>3D Massaa\u017eirullik - Beauty Institute<\/title>\n<meta name=\"robots\" content=\"index, follow, max-snippet:-1, max-image-preview:large, max-video-preview:-1\" \/>\n<link rel=\"canonical\" href=\"https:\/\/beautyinstitute.ee\/toode\/3d-massaazirullik\/\" \/>\n<meta property=\"og:locale\" content=\"ru_RU\" \/>\n<meta property=\"og:type\" content=\"article\" \/>\n<meta property=\"og:title\" content=\"3D Massaa\u017eirullik - Beauty Institute\" \/>\n<meta property=\"og:description\" content=\"BAEHR BEAUTY CONCEPT 3D massaa\u017eirulli kasutatakse n\u00e4o- ja kehamassaa\u017eiks. Kerge tekstuuriga rullid t\u00f5mbavad ja t\u00f5stavad nahka t\u00f5husalt. Stimuleeritakse vere- ja l\u00fcmfiringlust ning masseeritakse sidekude. Ainulaadne \u201eY\u201c disain v\u00f5imaldab tihedat kontakti nahaga ja masserib naha \u00f5rnalt ja intensiivselt massaa\u017ei rullide vahel. Surve avaldamisega saab intensiivsust reguleerida. See aktiveerib naharakke, parandab vereringet ja kiirendab naha ainevahetust, mille [&hellip;]\" \/>\n<meta property=\"og:url\" content=\"https:\/\/beautyinstitute.ee\/toode\/3d-massaazirullik\/\" \/>\n<meta property=\"og:site_name\" content=\"Beauty Institute\" \/>\n<meta property=\"article:modified_time\" content=\"2026-03-26T07:06:50+00:00\" \/>\n<meta property=\"og:image\" content=\"https:\/\/beautyinstitute.ee\/wp-content\/uploads\/2024\/06\/3d-massageroller_30459_e_800x800.png\" \/>\n\t<meta property=\"og:image:width\" content=\"800\" \/>\n\t<meta property=\"og:image:height\" content=\"800\" \/>\n\t<meta property=\"og:image:type\" content=\"image\/png\" \/>\n<meta name=\"twitter:card\" content=\"summary_large_image\" \/>\n<meta name=\"twitter:site\" content=\"@Beauty_Eesti\" \/>\n<meta name=\"twitter:label1\" content=\"\u041f\u0440\u0438\u043c\u0435\u0440\u043d\u043e\u0435 \u0432\u0440\u0435\u043c\u044f \u0434\u043b\u044f \u0447\u0442\u0435\u043d\u0438\u044f\" \/>\n\t<meta name=\"twitter:data1\" content=\"1 \u043c\u0438\u043d\u0443\u0442\u0430\" \/>\n<script type=\"application\/ld+json\" class=\"yoast-schema-graph\">{\"@context\":\"https:\/\/schema.org\",\"@graph\":[{\"@type\":\"WebPage\",\"@id\":\"https:\/\/beautyinstitute.ee\/toode\/3d-massaazirullik\/\",\"url\":\"https:\/\/beautyinstitute.ee\/toode\/3d-massaazirullik\/\",\"name\":\"3D Massaa\u017eirullik - Beauty Institute\",\"isPartOf\":{\"@id\":\"https:\/\/beautyinstitute.ee\/#website\"},\"primaryImageOfPage\":{\"@id\":\"https:\/\/beautyinstitute.ee\/toode\/3d-massaazirullik\/#primaryimage\"},\"image\":{\"@id\":\"https:\/\/beautyinstitute.ee\/toode\/3d-massaazirullik\/#primaryimage\"},\"thumbnailUrl\":\"https:\/\/beautyinstitute.ee\/wp-content\/uploads\/2024\/06\/3d-massageroller_30459_e_800x800.png\",\"datePublished\":\"2024-06-06T13:05:05+00:00\",\"dateModified\":\"2026-03-26T07:06:50+00:00\",\"breadcrumb\":{\"@id\":\"https:\/\/beautyinstitute.ee\/toode\/3d-massaazirullik\/#breadcrumb\"},\"inLanguage\":\"ru-RU\",\"potentialAction\":[{\"@type\":\"ReadAction\",\"target\":[\"https:\/\/beautyinstitute.ee\/toode\/3d-massaazirullik\/\"]}]},{\"@type\":\"ImageObject\",\"inLanguage\":\"ru-RU\",\"@id\":\"https:\/\/beautyinstitute.ee\/toode\/3d-massaazirullik\/#primaryimage\",\"url\":\"https:\/\/beautyinstitute.ee\/wp-content\/uploads\/2024\/06\/3d-massageroller_30459_e_800x800.png\",\"contentUrl\":\"https:\/\/beautyinstitute.ee\/wp-content\/uploads\/2024\/06\/3d-massageroller_30459_e_800x800.png\",\"width\":800,\"height\":800},{\"@type\":\"BreadcrumbList\",\"@id\":\"https:\/\/beautyinstitute.ee\/toode\/3d-massaazirullik\/#breadcrumb\",\"itemListElement\":[{\"@type\":\"ListItem\",\"position\":1,\"name\":\"Home\",\"item\":\"https:\/\/beautyinstitute.ee\/ru\/\"},{\"@type\":\"ListItem\",\"position\":2,\"name\":\"E-pood\",\"item\":\"https:\/\/beautyinstitute.ee\/e-pood\/\"},{\"@type\":\"ListItem\",\"position\":3,\"name\":\"3D Massaa\u017eirullik\"}]},{\"@type\":\"WebSite\",\"@id\":\"https:\/\/beautyinstitute.ee\/#website\",\"url\":\"https:\/\/beautyinstitute.ee\/\",\"name\":\"Beauty Institute\",\"description\":\"CNC Cosmetic ametlik maaletooja ja edasim\u00fc\u00fcja Eestis, Soomes, L\u00e4tis. Aparaadikosmeetika, koolitused, kosmeetikatooted.\",\"potentialAction\":[{\"@type\":\"SearchAction\",\"target\":{\"@type\":\"EntryPoint\",\"urlTemplate\":\"https:\/\/beautyinstitute.ee\/?s={search_term_string}\"},\"query-input\":{\"@type\":\"PropertyValueSpecification\",\"valueRequired\":true,\"valueName\":\"search_term_string\"}}],\"inLanguage\":\"ru-RU\"}]}<\/script>\n<!-- \/ Yoast SEO plugin. -->","yoast_head_json":{"title":"3D Massaa\u017eirullik - Beauty Institute","robots":{"index":"index","follow":"follow","max-snippet":"max-snippet:-1","max-image-preview":"max-image-preview:large","max-video-preview":"max-video-preview:-1"},"canonical":"https:\/\/beautyinstitute.ee\/toode\/3d-massaazirullik\/","og_locale":"ru_RU","og_type":"article","og_title":"3D Massaa\u017eirullik - Beauty Institute","og_description":"BAEHR BEAUTY CONCEPT 3D massaa\u017eirulli kasutatakse n\u00e4o- ja kehamassaa\u017eiks. Kerge tekstuuriga rullid t\u00f5mbavad ja t\u00f5stavad nahka t\u00f5husalt. Stimuleeritakse vere- ja l\u00fcmfiringlust ning masseeritakse sidekude. Ainulaadne \u201eY\u201c disain v\u00f5imaldab tihedat kontakti nahaga ja masserib naha \u00f5rnalt ja intensiivselt massaa\u017ei rullide vahel. Surve avaldamisega saab intensiivsust reguleerida. See aktiveerib naharakke, parandab vereringet ja kiirendab naha ainevahetust, mille [&hellip;]","og_url":"https:\/\/beautyinstitute.ee\/toode\/3d-massaazirullik\/","og_site_name":"Beauty Institute","article_modified_time":"2026-03-26T07:06:50+00:00","og_image":[{"width":800,"height":800,"url":"https:\/\/beautyinstitute.ee\/wp-content\/uploads\/2024\/06\/3d-massageroller_30459_e_800x800.png","type":"image\/png"}],"twitter_card":"summary_large_image","twitter_site":"@Beauty_Eesti","twitter_misc":{"\u041f\u0440\u0438\u043c\u0435\u0440\u043d\u043e\u0435 \u0432\u0440\u0435\u043c\u044f \u0434\u043b\u044f \u0447\u0442\u0435\u043d\u0438\u044f":"1 \u043c\u0438\u043d\u0443\u0442\u0430"},"schema":{"@context":"https:\/\/schema.org","@graph":[{"@type":"WebPage","@id":"https:\/\/beautyinstitute.ee\/toode\/3d-massaazirullik\/","url":"https:\/\/beautyinstitute.ee\/toode\/3d-massaazirullik\/","name":"3D Massaa\u017eirullik - Beauty Institute","isPartOf":{"@id":"https:\/\/beautyinstitute.ee\/#website"},"primaryImageOfPage":{"@id":"https:\/\/beautyinstitute.ee\/toode\/3d-massaazirullik\/#primaryimage"},"image":{"@id":"https:\/\/beautyinstitute.ee\/toode\/3d-massaazirullik\/#primaryimage"},"thumbnailUrl":"https:\/\/beautyinstitute.ee\/wp-content\/uploads\/2024\/06\/3d-massageroller_30459_e_800x800.png","datePublished":"2024-06-06T13:05:05+00:00","dateModified":"2026-03-26T07:06:50+00:00","breadcrumb":{"@id":"https:\/\/beautyinstitute.ee\/toode\/3d-massaazirullik\/#breadcrumb"},"inLanguage":"ru-RU","potentialAction":[{"@type":"ReadAction","target":["https:\/\/beautyinstitute.ee\/toode\/3d-massaazirullik\/"]}]},{"@type":"ImageObject","inLanguage":"ru-RU","@id":"https:\/\/beautyinstitute.ee\/toode\/3d-massaazirullik\/#primaryimage","url":"https:\/\/beautyinstitute.ee\/wp-content\/uploads\/2024\/06\/3d-massageroller_30459_e_800x800.png","contentUrl":"https:\/\/beautyinstitute.ee\/wp-content\/uploads\/2024\/06\/3d-massageroller_30459_e_800x800.png","width":800,"height":800},{"@type":"BreadcrumbList","@id":"https:\/\/beautyinstitute.ee\/toode\/3d-massaazirullik\/#breadcrumb","itemListElement":[{"@type":"ListItem","position":1,"name":"Home","item":"https:\/\/beautyinstitute.ee\/ru\/"},{"@type":"ListItem","position":2,"name":"E-pood","item":"https:\/\/beautyinstitute.ee\/e-pood\/"},{"@type":"ListItem","position":3,"name":"3D Massaa\u017eirullik"}]},{"@type":"WebSite","@id":"https:\/\/beautyinstitute.ee\/#website","url":"https:\/\/beautyinstitute.ee\/","name":"Beauty Institute","description":"CNC Cosmetic ametlik maaletooja ja edasim\u00fc\u00fcja Eestis, Soomes, L\u00e4tis. Aparaadikosmeetika, koolitused, kosmeetikatooted.","potentialAction":[{"@type":"SearchAction","target":{"@type":"EntryPoint","urlTemplate":"https:\/\/beautyinstitute.ee\/?s={search_term_string}"},"query-input":{"@type":"PropertyValueSpecification","valueRequired":true,"valueName":"search_term_string"}}],"inLanguage":"ru-RU"}]}},"_links":{"self":[{"href":"https:\/\/beautyinstitute.ee\/ru\/wp-json\/wp\/v2\/product\/29333","targetHints":{"allow":["GET"]}}],"collection":[{"href":"https:\/\/beautyinstitute.ee\/ru\/wp-json\/wp\/v2\/product"}],"about":[{"href":"https:\/\/beautyinstitute.ee\/ru\/wp-json\/wp\/v2\/types\/product"}],"wp:featuredmedia":[{"embeddable":true,"href":"https:\/\/beautyinstitute.ee\/ru\/wp-json\/wp\/v2\/media\/29334"}],"wp:attachment":[{"href":"https:\/\/beautyinstitute.ee\/ru\/wp-json\/wp\/v2\/media?parent=29333"}],"wp:term":[{"taxonomy":"product_cat","embeddable":true,"href":"https:\/\/beautyinstitute.ee\/ru\/wp-json\/wp\/v2\/product_cat?post=29333"},{"taxonomy":"product_tag","embeddable":true,"href":"https:\/\/beautyinstitute.ee\/ru\/wp-json\/wp\/v2\/product_tag?post=29333"}],"curies":[{"name":"wp","href":"https:\/\/api.w.org\/{rel}","templated":true}]}}