{"id":29344,"date":"2024-06-06T16:13:17","date_gmt":"2024-06-06T13:13:17","guid":{"rendered":"https:\/\/beautyinstitute.ee\/?post_type=product&#038;p=29344"},"modified":"2026-04-15T10:02:31","modified_gmt":"2026-04-15T07:02:31","slug":"kooriv-kateoli-apelsin-piparmunt-lavendel","status":"publish","type":"product","link":"https:\/\/beautyinstitute.ee\/ru\/toode\/kooriv-kateoli-apelsin-piparmunt-lavendel\/","title":{"rendered":"Kooriv K\u00e4te\u00f5li Apelsin-Piparm\u00fcnt-Lavendel"},"content":{"rendered":"<p>Puhtad, looduslikud \u00f5lid ja meresoolakristallid pakuvad nahale v\u00f5rratut hoolduskogemust.<\/p>\n<p>Meresoolakristallid eemaldavad \u00f5rnalt surnud naharakud k\u00e4telt, jalgadelt ja k\u00fc\u00fcntelt.<\/p>\n<p>Toitvad jojoba- ja mandli\u00f5lid ning rukkililleekstrakt muudavad naha pehmeks ja elastseks.<\/p>\n","protected":false},"excerpt":{"rendered":"<p>Puhtad, looduslikud \u00f5lid ja meresoolakristallid pakuvad nahale v\u00f5rratut hoolduskogemust. Meresoolakristallid eemaldavad \u00f5rnalt surnud naharakud k\u00e4telt, jalgadelt ja k\u00fc\u00fcntelt. Toitvad jojoba- ja mandli\u00f5lid ning rukkililleekstrakt muudavad naha pehmeks ja elastseks.<\/p>\n","protected":false},"featured_media":29345,"template":"","meta":{"_acf_changed":false},"product_cat":[291,254],"product_tag":[],"class_list":["post-29344","product","type-product","status-publish","has-post-thumbnail","hentry","product_cat-baehr-cosmetic","product_cat-katehooldustooted"],"acf":[],"yoast_head":"<!-- This site is optimized with the Yoast SEO plugin v25.4 - https:\/\/yoast.com\/wordpress\/plugins\/seo\/ -->\n<title>Kooriv K\u00e4te\u00f5li Apelsin-Piparm\u00fcnt-Lavendel - Beauty Institute<\/title>\n<meta name=\"robots\" content=\"index, follow, max-snippet:-1, max-image-preview:large, max-video-preview:-1\" \/>\n<link rel=\"canonical\" href=\"https:\/\/beautyinstitute.ee\/toode\/kooriv-kateoli-apelsin-piparmunt-lavendel\/\" \/>\n<meta property=\"og:locale\" content=\"ru_RU\" \/>\n<meta property=\"og:type\" content=\"article\" \/>\n<meta property=\"og:title\" content=\"Kooriv K\u00e4te\u00f5li Apelsin-Piparm\u00fcnt-Lavendel - Beauty Institute\" \/>\n<meta property=\"og:description\" content=\"Puhtad, looduslikud \u00f5lid ja meresoolakristallid pakuvad nahale v\u00f5rratut hoolduskogemust. Meresoolakristallid eemaldavad \u00f5rnalt surnud naharakud k\u00e4telt, jalgadelt ja k\u00fc\u00fcntelt. Toitvad jojoba- ja mandli\u00f5lid ning rukkililleekstrakt muudavad naha pehmeks ja elastseks.\" \/>\n<meta property=\"og:url\" content=\"https:\/\/beautyinstitute.ee\/toode\/kooriv-kateoli-apelsin-piparmunt-lavendel\/\" \/>\n<meta property=\"og:site_name\" content=\"Beauty Institute\" \/>\n<meta property=\"article:modified_time\" content=\"2026-04-15T07:02:31+00:00\" \/>\n<meta property=\"og:image\" content=\"https:\/\/beautyinstitute.ee\/wp-content\/uploads\/2024\/06\/peeling-oil-orange-minze-lavendel_25250_800x800.png\" \/>\n\t<meta property=\"og:image:width\" content=\"800\" \/>\n\t<meta property=\"og:image:height\" content=\"800\" \/>\n\t<meta property=\"og:image:type\" content=\"image\/png\" \/>\n<meta name=\"twitter:card\" content=\"summary_large_image\" \/>\n<meta name=\"twitter:site\" content=\"@Beauty_Eesti\" \/>\n<meta name=\"twitter:label1\" content=\"\u041f\u0440\u0438\u043c\u0435\u0440\u043d\u043e\u0435 \u0432\u0440\u0435\u043c\u044f \u0434\u043b\u044f \u0447\u0442\u0435\u043d\u0438\u044f\" \/>\n\t<meta name=\"twitter:data1\" content=\"1 \u043c\u0438\u043d\u0443\u0442\u0430\" \/>\n<script type=\"application\/ld+json\" class=\"yoast-schema-graph\">{\"@context\":\"https:\/\/schema.org\",\"@graph\":[{\"@type\":\"WebPage\",\"@id\":\"https:\/\/beautyinstitute.ee\/toode\/kooriv-kateoli-apelsin-piparmunt-lavendel\/\",\"url\":\"https:\/\/beautyinstitute.ee\/toode\/kooriv-kateoli-apelsin-piparmunt-lavendel\/\",\"name\":\"Kooriv K\u00e4te\u00f5li Apelsin-Piparm\u00fcnt-Lavendel - Beauty Institute\",\"isPartOf\":{\"@id\":\"https:\/\/beautyinstitute.ee\/#website\"},\"primaryImageOfPage\":{\"@id\":\"https:\/\/beautyinstitute.ee\/toode\/kooriv-kateoli-apelsin-piparmunt-lavendel\/#primaryimage\"},\"image\":{\"@id\":\"https:\/\/beautyinstitute.ee\/toode\/kooriv-kateoli-apelsin-piparmunt-lavendel\/#primaryimage\"},\"thumbnailUrl\":\"https:\/\/beautyinstitute.ee\/wp-content\/uploads\/2024\/06\/peeling-oil-orange-minze-lavendel_25250_800x800.png\",\"datePublished\":\"2024-06-06T13:13:17+00:00\",\"dateModified\":\"2026-04-15T07:02:31+00:00\",\"breadcrumb\":{\"@id\":\"https:\/\/beautyinstitute.ee\/toode\/kooriv-kateoli-apelsin-piparmunt-lavendel\/#breadcrumb\"},\"inLanguage\":\"ru-RU\",\"potentialAction\":[{\"@type\":\"ReadAction\",\"target\":[\"https:\/\/beautyinstitute.ee\/toode\/kooriv-kateoli-apelsin-piparmunt-lavendel\/\"]}]},{\"@type\":\"ImageObject\",\"inLanguage\":\"ru-RU\",\"@id\":\"https:\/\/beautyinstitute.ee\/toode\/kooriv-kateoli-apelsin-piparmunt-lavendel\/#primaryimage\",\"url\":\"https:\/\/beautyinstitute.ee\/wp-content\/uploads\/2024\/06\/peeling-oil-orange-minze-lavendel_25250_800x800.png\",\"contentUrl\":\"https:\/\/beautyinstitute.ee\/wp-content\/uploads\/2024\/06\/peeling-oil-orange-minze-lavendel_25250_800x800.png\",\"width\":800,\"height\":800},{\"@type\":\"BreadcrumbList\",\"@id\":\"https:\/\/beautyinstitute.ee\/toode\/kooriv-kateoli-apelsin-piparmunt-lavendel\/#breadcrumb\",\"itemListElement\":[{\"@type\":\"ListItem\",\"position\":1,\"name\":\"Home\",\"item\":\"https:\/\/beautyinstitute.ee\/ru\/\"},{\"@type\":\"ListItem\",\"position\":2,\"name\":\"E-pood\",\"item\":\"https:\/\/beautyinstitute.ee\/e-pood\/\"},{\"@type\":\"ListItem\",\"position\":3,\"name\":\"Kooriv K\u00e4te\u00f5li Apelsin-Piparm\u00fcnt-Lavendel\"}]},{\"@type\":\"WebSite\",\"@id\":\"https:\/\/beautyinstitute.ee\/#website\",\"url\":\"https:\/\/beautyinstitute.ee\/\",\"name\":\"Beauty Institute\",\"description\":\"CNC Cosmetic ametlik maaletooja ja edasim\u00fc\u00fcja Eestis, Soomes, L\u00e4tis. Aparaadikosmeetika, koolitused, kosmeetikatooted.\",\"potentialAction\":[{\"@type\":\"SearchAction\",\"target\":{\"@type\":\"EntryPoint\",\"urlTemplate\":\"https:\/\/beautyinstitute.ee\/?s={search_term_string}\"},\"query-input\":{\"@type\":\"PropertyValueSpecification\",\"valueRequired\":true,\"valueName\":\"search_term_string\"}}],\"inLanguage\":\"ru-RU\"}]}<\/script>\n<!-- \/ Yoast SEO plugin. -->","yoast_head_json":{"title":"Kooriv K\u00e4te\u00f5li Apelsin-Piparm\u00fcnt-Lavendel - Beauty Institute","robots":{"index":"index","follow":"follow","max-snippet":"max-snippet:-1","max-image-preview":"max-image-preview:large","max-video-preview":"max-video-preview:-1"},"canonical":"https:\/\/beautyinstitute.ee\/toode\/kooriv-kateoli-apelsin-piparmunt-lavendel\/","og_locale":"ru_RU","og_type":"article","og_title":"Kooriv K\u00e4te\u00f5li Apelsin-Piparm\u00fcnt-Lavendel - Beauty Institute","og_description":"Puhtad, looduslikud \u00f5lid ja meresoolakristallid pakuvad nahale v\u00f5rratut hoolduskogemust. Meresoolakristallid eemaldavad \u00f5rnalt surnud naharakud k\u00e4telt, jalgadelt ja k\u00fc\u00fcntelt. Toitvad jojoba- ja mandli\u00f5lid ning rukkililleekstrakt muudavad naha pehmeks ja elastseks.","og_url":"https:\/\/beautyinstitute.ee\/toode\/kooriv-kateoli-apelsin-piparmunt-lavendel\/","og_site_name":"Beauty Institute","article_modified_time":"2026-04-15T07:02:31+00:00","og_image":[{"width":800,"height":800,"url":"https:\/\/beautyinstitute.ee\/wp-content\/uploads\/2024\/06\/peeling-oil-orange-minze-lavendel_25250_800x800.png","type":"image\/png"}],"twitter_card":"summary_large_image","twitter_site":"@Beauty_Eesti","twitter_misc":{"\u041f\u0440\u0438\u043c\u0435\u0440\u043d\u043e\u0435 \u0432\u0440\u0435\u043c\u044f \u0434\u043b\u044f \u0447\u0442\u0435\u043d\u0438\u044f":"1 \u043c\u0438\u043d\u0443\u0442\u0430"},"schema":{"@context":"https:\/\/schema.org","@graph":[{"@type":"WebPage","@id":"https:\/\/beautyinstitute.ee\/toode\/kooriv-kateoli-apelsin-piparmunt-lavendel\/","url":"https:\/\/beautyinstitute.ee\/toode\/kooriv-kateoli-apelsin-piparmunt-lavendel\/","name":"Kooriv K\u00e4te\u00f5li Apelsin-Piparm\u00fcnt-Lavendel - Beauty Institute","isPartOf":{"@id":"https:\/\/beautyinstitute.ee\/#website"},"primaryImageOfPage":{"@id":"https:\/\/beautyinstitute.ee\/toode\/kooriv-kateoli-apelsin-piparmunt-lavendel\/#primaryimage"},"image":{"@id":"https:\/\/beautyinstitute.ee\/toode\/kooriv-kateoli-apelsin-piparmunt-lavendel\/#primaryimage"},"thumbnailUrl":"https:\/\/beautyinstitute.ee\/wp-content\/uploads\/2024\/06\/peeling-oil-orange-minze-lavendel_25250_800x800.png","datePublished":"2024-06-06T13:13:17+00:00","dateModified":"2026-04-15T07:02:31+00:00","breadcrumb":{"@id":"https:\/\/beautyinstitute.ee\/toode\/kooriv-kateoli-apelsin-piparmunt-lavendel\/#breadcrumb"},"inLanguage":"ru-RU","potentialAction":[{"@type":"ReadAction","target":["https:\/\/beautyinstitute.ee\/toode\/kooriv-kateoli-apelsin-piparmunt-lavendel\/"]}]},{"@type":"ImageObject","inLanguage":"ru-RU","@id":"https:\/\/beautyinstitute.ee\/toode\/kooriv-kateoli-apelsin-piparmunt-lavendel\/#primaryimage","url":"https:\/\/beautyinstitute.ee\/wp-content\/uploads\/2024\/06\/peeling-oil-orange-minze-lavendel_25250_800x800.png","contentUrl":"https:\/\/beautyinstitute.ee\/wp-content\/uploads\/2024\/06\/peeling-oil-orange-minze-lavendel_25250_800x800.png","width":800,"height":800},{"@type":"BreadcrumbList","@id":"https:\/\/beautyinstitute.ee\/toode\/kooriv-kateoli-apelsin-piparmunt-lavendel\/#breadcrumb","itemListElement":[{"@type":"ListItem","position":1,"name":"Home","item":"https:\/\/beautyinstitute.ee\/ru\/"},{"@type":"ListItem","position":2,"name":"E-pood","item":"https:\/\/beautyinstitute.ee\/e-pood\/"},{"@type":"ListItem","position":3,"name":"Kooriv K\u00e4te\u00f5li Apelsin-Piparm\u00fcnt-Lavendel"}]},{"@type":"WebSite","@id":"https:\/\/beautyinstitute.ee\/#website","url":"https:\/\/beautyinstitute.ee\/","name":"Beauty Institute","description":"CNC Cosmetic ametlik maaletooja ja edasim\u00fc\u00fcja Eestis, Soomes, L\u00e4tis. Aparaadikosmeetika, koolitused, kosmeetikatooted.","potentialAction":[{"@type":"SearchAction","target":{"@type":"EntryPoint","urlTemplate":"https:\/\/beautyinstitute.ee\/?s={search_term_string}"},"query-input":{"@type":"PropertyValueSpecification","valueRequired":true,"valueName":"search_term_string"}}],"inLanguage":"ru-RU"}]}},"_links":{"self":[{"href":"https:\/\/beautyinstitute.ee\/ru\/wp-json\/wp\/v2\/product\/29344","targetHints":{"allow":["GET"]}}],"collection":[{"href":"https:\/\/beautyinstitute.ee\/ru\/wp-json\/wp\/v2\/product"}],"about":[{"href":"https:\/\/beautyinstitute.ee\/ru\/wp-json\/wp\/v2\/types\/product"}],"wp:featuredmedia":[{"embeddable":true,"href":"https:\/\/beautyinstitute.ee\/ru\/wp-json\/wp\/v2\/media\/29345"}],"wp:attachment":[{"href":"https:\/\/beautyinstitute.ee\/ru\/wp-json\/wp\/v2\/media?parent=29344"}],"wp:term":[{"taxonomy":"product_cat","embeddable":true,"href":"https:\/\/beautyinstitute.ee\/ru\/wp-json\/wp\/v2\/product_cat?post=29344"},{"taxonomy":"product_tag","embeddable":true,"href":"https:\/\/beautyinstitute.ee\/ru\/wp-json\/wp\/v2\/product_tag?post=29344"}],"curies":[{"name":"wp","href":"https:\/\/api.w.org\/{rel}","templated":true}]}}