{"id":29436,"date":"2024-06-13T13:29:49","date_gmt":"2024-06-13T10:29:49","guid":{"rendered":"https:\/\/beautyinstitute.ee\/?post_type=product&#038;p=29436"},"modified":"2026-04-26T13:07:31","modified_gmt":"2026-04-26T10:07:31","slug":"edition-lift-3-5-seerum-30ml","status":"publish","type":"product","link":"https:\/\/beautyinstitute.ee\/ru\/toode\/edition-lift-3-5-seerum-30ml\/","title":{"rendered":"Edition Lift 3.5 Seerum 30Ml"},"content":{"rendered":"<p>Koge nooruslikkust ja eluj\u00f5udu, mida pakub meie uuenduslik vananemisvastane kuur! Alusta oma teekonda juba t\u00e4na ja m\u00e4rka selle kiireid tulemusi. Kasutades Edition Lift tooteid kuurina, m\u00e4rkad juba esimestel p\u00e4evadel, kuidas kortsud taanduvad ning nahk muutub siledaks, s\u00e4ravaks ja visuaalselt t\u00f5stetuks.<\/p>\n<p><strong>Edition Lift seerum<\/strong> (30 ml): Mereplankton ja bimolekulaarne h\u00fcaluroonhape t\u00e4idavad kortse juba p\u00e4rast esimest kasutamist. Ampullid muudavad naha siledaks ja nooruslikult pinguldatuks. Bioloogiliselt toodetud intelligentsete peptiidide erakordne kombinatsioon stimuleerib kollageeni kiudude taastootmist, andes nahale pringima v\u00e4limuse ja v\u00e4hendades kortse.<\/p>\n<p><strong>Tulemused, mida v\u00f5id oodata:\u00a0<\/strong><\/p>\n<ul>\n<li>Siledam ja nooruslikum nahk<\/li>\n<li>Intensiivne niisutus eri nahakihtides.<\/li>\n<li>Vanusest tulenevate ja miimikakortsude m\u00e4rkimisv\u00e4\u00e4rne v\u00e4henemine.<\/li>\n<li>Kollageeni tootmise stimuleerimine ja kollageeni kiu kaitsmine lagunemise eest.<\/li>\n<li>Erakordne toimeaine \u201cYouth Gene\u201d, mis stimuleerib nahka looma selle loomup\u00e4raseid t\u00e4iteaineid, taastades naha noorusliku v\u00e4limuse ja vol\u00fc\u00fcmi.<\/li>\n<\/ul>\n","protected":false},"excerpt":{"rendered":"<p>Koge nooruslikkust ja eluj\u00f5udu, mida pakub meie uuenduslik vananemisvastane kuur! Alusta oma teekonda juba t\u00e4na ja m\u00e4rka selle kiireid tulemusi. Kasutades Edition Lift tooteid kuurina, m\u00e4rkad juba esimestel p\u00e4evadel, kuidas kortsud taanduvad ning nahk muutub siledaks, s\u00e4ravaks ja visuaalselt t\u00f5stetuks. Edition Lift seerum (30 ml): Mereplankton ja bimolekulaarne h\u00fcaluroonhape t\u00e4idavad kortse juba p\u00e4rast esimest kasutamist. [&hellip;]<\/p>\n","protected":false},"featured_media":29437,"template":"","meta":{"_acf_changed":false},"product_cat":[323,249],"product_tag":[],"class_list":["post-29436","product","type-product","status-publish","has-post-thumbnail","hentry","product_cat-jooulud-2025","product_cat-seerumid-2"],"acf":[],"yoast_head":"<!-- This site is optimized with the Yoast SEO plugin v25.4 - https:\/\/yoast.com\/wordpress\/plugins\/seo\/ -->\n<title>Edition Lift 3.5 Seerum 30Ml - Beauty Institute<\/title>\n<meta name=\"robots\" content=\"index, follow, max-snippet:-1, max-image-preview:large, max-video-preview:-1\" \/>\n<link rel=\"canonical\" href=\"https:\/\/beautyinstitute.ee\/toode\/edition-lift-3-5-seerum-30ml\/\" \/>\n<meta property=\"og:locale\" content=\"ru_RU\" \/>\n<meta property=\"og:type\" content=\"article\" \/>\n<meta property=\"og:title\" content=\"Edition Lift 3.5 Seerum 30Ml - Beauty Institute\" \/>\n<meta property=\"og:description\" content=\"Koge nooruslikkust ja eluj\u00f5udu, mida pakub meie uuenduslik vananemisvastane kuur! Alusta oma teekonda juba t\u00e4na ja m\u00e4rka selle kiireid tulemusi. Kasutades Edition Lift tooteid kuurina, m\u00e4rkad juba esimestel p\u00e4evadel, kuidas kortsud taanduvad ning nahk muutub siledaks, s\u00e4ravaks ja visuaalselt t\u00f5stetuks. Edition Lift seerum (30 ml): Mereplankton ja bimolekulaarne h\u00fcaluroonhape t\u00e4idavad kortse juba p\u00e4rast esimest kasutamist. [&hellip;]\" \/>\n<meta property=\"og:url\" content=\"https:\/\/beautyinstitute.ee\/toode\/edition-lift-3-5-seerum-30ml\/\" \/>\n<meta property=\"og:site_name\" content=\"Beauty Institute\" \/>\n<meta property=\"article:modified_time\" content=\"2026-04-26T10:07:31+00:00\" \/>\n<meta property=\"og:image\" content=\"https:\/\/beautyinstitute.ee\/wp-content\/uploads\/2024\/06\/edition-lift.jpeg\" \/>\n\t<meta property=\"og:image:width\" content=\"2000\" \/>\n\t<meta property=\"og:image:height\" content=\"2000\" \/>\n\t<meta property=\"og:image:type\" content=\"image\/jpeg\" \/>\n<meta name=\"twitter:card\" content=\"summary_large_image\" \/>\n<meta name=\"twitter:site\" content=\"@Beauty_Eesti\" \/>\n<meta name=\"twitter:label1\" content=\"\u041f\u0440\u0438\u043c\u0435\u0440\u043d\u043e\u0435 \u0432\u0440\u0435\u043c\u044f \u0434\u043b\u044f \u0447\u0442\u0435\u043d\u0438\u044f\" \/>\n\t<meta name=\"twitter:data1\" content=\"1 \u043c\u0438\u043d\u0443\u0442\u0430\" \/>\n<script type=\"application\/ld+json\" class=\"yoast-schema-graph\">{\"@context\":\"https:\/\/schema.org\",\"@graph\":[{\"@type\":\"WebPage\",\"@id\":\"https:\/\/beautyinstitute.ee\/toode\/edition-lift-3-5-seerum-30ml\/\",\"url\":\"https:\/\/beautyinstitute.ee\/toode\/edition-lift-3-5-seerum-30ml\/\",\"name\":\"Edition Lift 3.5 Seerum 30Ml - Beauty Institute\",\"isPartOf\":{\"@id\":\"https:\/\/beautyinstitute.ee\/#website\"},\"primaryImageOfPage\":{\"@id\":\"https:\/\/beautyinstitute.ee\/toode\/edition-lift-3-5-seerum-30ml\/#primaryimage\"},\"image\":{\"@id\":\"https:\/\/beautyinstitute.ee\/toode\/edition-lift-3-5-seerum-30ml\/#primaryimage\"},\"thumbnailUrl\":\"https:\/\/beautyinstitute.ee\/wp-content\/uploads\/2024\/06\/edition-lift.jpeg\",\"datePublished\":\"2024-06-13T10:29:49+00:00\",\"dateModified\":\"2026-04-26T10:07:31+00:00\",\"breadcrumb\":{\"@id\":\"https:\/\/beautyinstitute.ee\/toode\/edition-lift-3-5-seerum-30ml\/#breadcrumb\"},\"inLanguage\":\"ru-RU\",\"potentialAction\":[{\"@type\":\"ReadAction\",\"target\":[\"https:\/\/beautyinstitute.ee\/toode\/edition-lift-3-5-seerum-30ml\/\"]}]},{\"@type\":\"ImageObject\",\"inLanguage\":\"ru-RU\",\"@id\":\"https:\/\/beautyinstitute.ee\/toode\/edition-lift-3-5-seerum-30ml\/#primaryimage\",\"url\":\"https:\/\/beautyinstitute.ee\/wp-content\/uploads\/2024\/06\/edition-lift.jpeg\",\"contentUrl\":\"https:\/\/beautyinstitute.ee\/wp-content\/uploads\/2024\/06\/edition-lift.jpeg\",\"width\":2000,\"height\":2000},{\"@type\":\"BreadcrumbList\",\"@id\":\"https:\/\/beautyinstitute.ee\/toode\/edition-lift-3-5-seerum-30ml\/#breadcrumb\",\"itemListElement\":[{\"@type\":\"ListItem\",\"position\":1,\"name\":\"Home\",\"item\":\"https:\/\/beautyinstitute.ee\/ru\/\"},{\"@type\":\"ListItem\",\"position\":2,\"name\":\"E-pood\",\"item\":\"https:\/\/beautyinstitute.ee\/e-pood\/\"},{\"@type\":\"ListItem\",\"position\":3,\"name\":\"Edition Lift 3.5 Seerum 30Ml\"}]},{\"@type\":\"WebSite\",\"@id\":\"https:\/\/beautyinstitute.ee\/#website\",\"url\":\"https:\/\/beautyinstitute.ee\/\",\"name\":\"Beauty Institute\",\"description\":\"CNC Cosmetic ametlik maaletooja ja edasim\u00fc\u00fcja Eestis, Soomes, L\u00e4tis. Aparaadikosmeetika, koolitused, kosmeetikatooted.\",\"potentialAction\":[{\"@type\":\"SearchAction\",\"target\":{\"@type\":\"EntryPoint\",\"urlTemplate\":\"https:\/\/beautyinstitute.ee\/?s={search_term_string}\"},\"query-input\":{\"@type\":\"PropertyValueSpecification\",\"valueRequired\":true,\"valueName\":\"search_term_string\"}}],\"inLanguage\":\"ru-RU\"}]}<\/script>\n<!-- \/ Yoast SEO plugin. -->","yoast_head_json":{"title":"Edition Lift 3.5 Seerum 30Ml - Beauty Institute","robots":{"index":"index","follow":"follow","max-snippet":"max-snippet:-1","max-image-preview":"max-image-preview:large","max-video-preview":"max-video-preview:-1"},"canonical":"https:\/\/beautyinstitute.ee\/toode\/edition-lift-3-5-seerum-30ml\/","og_locale":"ru_RU","og_type":"article","og_title":"Edition Lift 3.5 Seerum 30Ml - Beauty Institute","og_description":"Koge nooruslikkust ja eluj\u00f5udu, mida pakub meie uuenduslik vananemisvastane kuur! Alusta oma teekonda juba t\u00e4na ja m\u00e4rka selle kiireid tulemusi. Kasutades Edition Lift tooteid kuurina, m\u00e4rkad juba esimestel p\u00e4evadel, kuidas kortsud taanduvad ning nahk muutub siledaks, s\u00e4ravaks ja visuaalselt t\u00f5stetuks. Edition Lift seerum (30 ml): Mereplankton ja bimolekulaarne h\u00fcaluroonhape t\u00e4idavad kortse juba p\u00e4rast esimest kasutamist. [&hellip;]","og_url":"https:\/\/beautyinstitute.ee\/toode\/edition-lift-3-5-seerum-30ml\/","og_site_name":"Beauty Institute","article_modified_time":"2026-04-26T10:07:31+00:00","og_image":[{"width":2000,"height":2000,"url":"https:\/\/beautyinstitute.ee\/wp-content\/uploads\/2024\/06\/edition-lift.jpeg","type":"image\/jpeg"}],"twitter_card":"summary_large_image","twitter_site":"@Beauty_Eesti","twitter_misc":{"\u041f\u0440\u0438\u043c\u0435\u0440\u043d\u043e\u0435 \u0432\u0440\u0435\u043c\u044f \u0434\u043b\u044f \u0447\u0442\u0435\u043d\u0438\u044f":"1 \u043c\u0438\u043d\u0443\u0442\u0430"},"schema":{"@context":"https:\/\/schema.org","@graph":[{"@type":"WebPage","@id":"https:\/\/beautyinstitute.ee\/toode\/edition-lift-3-5-seerum-30ml\/","url":"https:\/\/beautyinstitute.ee\/toode\/edition-lift-3-5-seerum-30ml\/","name":"Edition Lift 3.5 Seerum 30Ml - Beauty Institute","isPartOf":{"@id":"https:\/\/beautyinstitute.ee\/#website"},"primaryImageOfPage":{"@id":"https:\/\/beautyinstitute.ee\/toode\/edition-lift-3-5-seerum-30ml\/#primaryimage"},"image":{"@id":"https:\/\/beautyinstitute.ee\/toode\/edition-lift-3-5-seerum-30ml\/#primaryimage"},"thumbnailUrl":"https:\/\/beautyinstitute.ee\/wp-content\/uploads\/2024\/06\/edition-lift.jpeg","datePublished":"2024-06-13T10:29:49+00:00","dateModified":"2026-04-26T10:07:31+00:00","breadcrumb":{"@id":"https:\/\/beautyinstitute.ee\/toode\/edition-lift-3-5-seerum-30ml\/#breadcrumb"},"inLanguage":"ru-RU","potentialAction":[{"@type":"ReadAction","target":["https:\/\/beautyinstitute.ee\/toode\/edition-lift-3-5-seerum-30ml\/"]}]},{"@type":"ImageObject","inLanguage":"ru-RU","@id":"https:\/\/beautyinstitute.ee\/toode\/edition-lift-3-5-seerum-30ml\/#primaryimage","url":"https:\/\/beautyinstitute.ee\/wp-content\/uploads\/2024\/06\/edition-lift.jpeg","contentUrl":"https:\/\/beautyinstitute.ee\/wp-content\/uploads\/2024\/06\/edition-lift.jpeg","width":2000,"height":2000},{"@type":"BreadcrumbList","@id":"https:\/\/beautyinstitute.ee\/toode\/edition-lift-3-5-seerum-30ml\/#breadcrumb","itemListElement":[{"@type":"ListItem","position":1,"name":"Home","item":"https:\/\/beautyinstitute.ee\/ru\/"},{"@type":"ListItem","position":2,"name":"E-pood","item":"https:\/\/beautyinstitute.ee\/e-pood\/"},{"@type":"ListItem","position":3,"name":"Edition Lift 3.5 Seerum 30Ml"}]},{"@type":"WebSite","@id":"https:\/\/beautyinstitute.ee\/#website","url":"https:\/\/beautyinstitute.ee\/","name":"Beauty Institute","description":"CNC Cosmetic ametlik maaletooja ja edasim\u00fc\u00fcja Eestis, Soomes, L\u00e4tis. Aparaadikosmeetika, koolitused, kosmeetikatooted.","potentialAction":[{"@type":"SearchAction","target":{"@type":"EntryPoint","urlTemplate":"https:\/\/beautyinstitute.ee\/?s={search_term_string}"},"query-input":{"@type":"PropertyValueSpecification","valueRequired":true,"valueName":"search_term_string"}}],"inLanguage":"ru-RU"}]}},"_links":{"self":[{"href":"https:\/\/beautyinstitute.ee\/ru\/wp-json\/wp\/v2\/product\/29436","targetHints":{"allow":["GET"]}}],"collection":[{"href":"https:\/\/beautyinstitute.ee\/ru\/wp-json\/wp\/v2\/product"}],"about":[{"href":"https:\/\/beautyinstitute.ee\/ru\/wp-json\/wp\/v2\/types\/product"}],"wp:featuredmedia":[{"embeddable":true,"href":"https:\/\/beautyinstitute.ee\/ru\/wp-json\/wp\/v2\/media\/29437"}],"wp:attachment":[{"href":"https:\/\/beautyinstitute.ee\/ru\/wp-json\/wp\/v2\/media?parent=29436"}],"wp:term":[{"taxonomy":"product_cat","embeddable":true,"href":"https:\/\/beautyinstitute.ee\/ru\/wp-json\/wp\/v2\/product_cat?post=29436"},{"taxonomy":"product_tag","embeddable":true,"href":"https:\/\/beautyinstitute.ee\/ru\/wp-json\/wp\/v2\/product_tag?post=29436"}],"curies":[{"name":"wp","href":"https:\/\/api.w.org\/{rel}","templated":true}]}}