{"id":2950,"date":"2019-01-25T08:35:31","date_gmt":"2019-01-25T08:35:31","guid":{"rendered":"https:\/\/beautyinstitute.ee\/?post_type=product&#038;p=2950"},"modified":"2026-04-27T12:06:42","modified_gmt":"2026-04-27T09:06:42","slug":"fruit-acid-cleanser","status":"publish","type":"product","link":"https:\/\/beautyinstitute.ee\/ru\/toode\/fruit-acid-cleanser\/","title":{"rendered":"Fruit Acid Cleanser"},"content":{"rendered":"<p><strong>V\u00e4rskendav puhastusgeel, mis sisaldab puuviljahappeid.<\/strong><\/p>\n<p>Happed aitavad \u00f5rnalt nahka koorida ja valmistavad naha ette j\u00e4rgnevateks protseduurideks ning toimeainete paremaks imendumiseks. Nahk j\u00e4\u00e4b peale kasutamist siidiselt pehme, klaar ja v\u00e4rske. Kanna n\u00e4ole, hoia v\u00f5i masseeri. Loputa veega.<\/p>\n<p><strong>SOBILIK<\/strong>: K\u00f5ik nahat\u00fc\u00fcbid, v\u00e4lja arvatud tundlik ja kuperoosne nahk<\/p>\n<p><strong>EELISED:<\/strong><\/p>\n<ul>\n<li>reguleerib rasu tootmist<\/li>\n<li>\u00fchtlustab naha tekstuuri (suured poorid jne)<\/li>\n<li>Nahk v\u00e4rske, klaar ja puhas<\/li>\n<li>eemaldab surnud naharakud<\/li>\n<\/ul>\n<p><strong>TOIMEAINED:<\/strong><span lang=\"et\">\u00a0ekstrakt Gl\u00fckoolhape, PCA (intensiivne niisutus kompleks), panthenool, allantoiin, uurea, n\u00f5iap\u00e4hkel<\/span><\/p>\n<p>&nbsp;<\/p>\n","protected":false},"excerpt":{"rendered":"<p>V\u00e4rskendav puhastusgeel, mis sisaldab puuviljahappeid. Happed aitavad \u00f5rnalt nahka koorida ja valmistavad naha ette j\u00e4rgnevateks protseduurideks ning toimeainete paremaks imendumiseks. Nahk j\u00e4\u00e4b peale kasutamist siidiselt pehme, klaar ja v\u00e4rske. Kanna n\u00e4ole, hoia v\u00f5i masseeri. Loputa veega. SOBILIK: K\u00f5ik nahat\u00fc\u00fcbid, v\u00e4lja arvatud tundlik ja kuperoosne nahk EELISED: reguleerib rasu tootmist \u00fchtlustab naha tekstuuri (suured poorid jne) [&hellip;]<\/p>\n","protected":false},"featured_media":2953,"template":"","meta":{"_acf_changed":false},"product_cat":[323,245,114,124],"product_tag":[],"class_list":["post-2950","product","type-product","status-publish","has-post-thumbnail","hentry","product_cat-jooulud-2025","product_cat-puhastustooted","product_cat-tootesarjad","product_cat-puuviljahapped-tooted-puuviljahapetega"],"acf":[],"yoast_head":"<!-- This site is optimized with the Yoast SEO plugin v25.4 - https:\/\/yoast.com\/wordpress\/plugins\/seo\/ -->\n<title>Fruit Acid Cleanser - Beauty Institute<\/title>\n<meta name=\"robots\" content=\"index, follow, max-snippet:-1, max-image-preview:large, max-video-preview:-1\" \/>\n<link rel=\"canonical\" href=\"https:\/\/beautyinstitute.ee\/toode\/fruit-acid-cleanser\/\" \/>\n<meta property=\"og:locale\" content=\"ru_RU\" \/>\n<meta property=\"og:type\" content=\"article\" \/>\n<meta property=\"og:title\" content=\"Fruit Acid Cleanser - Beauty Institute\" \/>\n<meta property=\"og:description\" content=\"V\u00e4rskendav puhastusgeel, mis sisaldab puuviljahappeid. Happed aitavad \u00f5rnalt nahka koorida ja valmistavad naha ette j\u00e4rgnevateks protseduurideks ning toimeainete paremaks imendumiseks. Nahk j\u00e4\u00e4b peale kasutamist siidiselt pehme, klaar ja v\u00e4rske. Kanna n\u00e4ole, hoia v\u00f5i masseeri. Loputa veega. SOBILIK: K\u00f5ik nahat\u00fc\u00fcbid, v\u00e4lja arvatud tundlik ja kuperoosne nahk EELISED: reguleerib rasu tootmist \u00fchtlustab naha tekstuuri (suured poorid jne) [&hellip;]\" \/>\n<meta property=\"og:url\" content=\"https:\/\/beautyinstitute.ee\/toode\/fruit-acid-cleanser\/\" \/>\n<meta property=\"og:site_name\" content=\"Beauty Institute\" \/>\n<meta property=\"article:modified_time\" content=\"2026-04-27T09:06:42+00:00\" \/>\n<meta property=\"og:image\" content=\"https:\/\/beautyinstitute.ee\/wp-content\/uploads\/2019\/01\/6735774431200.jpg\" \/>\n\t<meta property=\"og:image:width\" content=\"750\" \/>\n\t<meta property=\"og:image:height\" content=\"711\" \/>\n\t<meta property=\"og:image:type\" content=\"image\/jpeg\" \/>\n<meta name=\"twitter:card\" content=\"summary_large_image\" \/>\n<meta name=\"twitter:site\" content=\"@Beauty_Eesti\" \/>\n<meta name=\"twitter:label1\" content=\"\u041f\u0440\u0438\u043c\u0435\u0440\u043d\u043e\u0435 \u0432\u0440\u0435\u043c\u044f \u0434\u043b\u044f \u0447\u0442\u0435\u043d\u0438\u044f\" \/>\n\t<meta name=\"twitter:data1\" content=\"1 \u043c\u0438\u043d\u0443\u0442\u0430\" \/>\n<script type=\"application\/ld+json\" class=\"yoast-schema-graph\">{\"@context\":\"https:\/\/schema.org\",\"@graph\":[{\"@type\":\"WebPage\",\"@id\":\"https:\/\/beautyinstitute.ee\/toode\/fruit-acid-cleanser\/\",\"url\":\"https:\/\/beautyinstitute.ee\/toode\/fruit-acid-cleanser\/\",\"name\":\"Fruit Acid Cleanser - Beauty Institute\",\"isPartOf\":{\"@id\":\"https:\/\/beautyinstitute.ee\/#website\"},\"primaryImageOfPage\":{\"@id\":\"https:\/\/beautyinstitute.ee\/toode\/fruit-acid-cleanser\/#primaryimage\"},\"image\":{\"@id\":\"https:\/\/beautyinstitute.ee\/toode\/fruit-acid-cleanser\/#primaryimage\"},\"thumbnailUrl\":\"https:\/\/beautyinstitute.ee\/wp-content\/uploads\/2019\/01\/6735774431200.jpg\",\"datePublished\":\"2019-01-25T08:35:31+00:00\",\"dateModified\":\"2026-04-27T09:06:42+00:00\",\"breadcrumb\":{\"@id\":\"https:\/\/beautyinstitute.ee\/toode\/fruit-acid-cleanser\/#breadcrumb\"},\"inLanguage\":\"ru-RU\",\"potentialAction\":[{\"@type\":\"ReadAction\",\"target\":[\"https:\/\/beautyinstitute.ee\/toode\/fruit-acid-cleanser\/\"]}]},{\"@type\":\"ImageObject\",\"inLanguage\":\"ru-RU\",\"@id\":\"https:\/\/beautyinstitute.ee\/toode\/fruit-acid-cleanser\/#primaryimage\",\"url\":\"https:\/\/beautyinstitute.ee\/wp-content\/uploads\/2019\/01\/6735774431200.jpg\",\"contentUrl\":\"https:\/\/beautyinstitute.ee\/wp-content\/uploads\/2019\/01\/6735774431200.jpg\",\"width\":750,\"height\":711},{\"@type\":\"BreadcrumbList\",\"@id\":\"https:\/\/beautyinstitute.ee\/toode\/fruit-acid-cleanser\/#breadcrumb\",\"itemListElement\":[{\"@type\":\"ListItem\",\"position\":1,\"name\":\"Home\",\"item\":\"https:\/\/beautyinstitute.ee\/ru\/\"},{\"@type\":\"ListItem\",\"position\":2,\"name\":\"E-pood\",\"item\":\"https:\/\/beautyinstitute.ee\/e-pood\/\"},{\"@type\":\"ListItem\",\"position\":3,\"name\":\"Fruit Acid Cleanser\"}]},{\"@type\":\"WebSite\",\"@id\":\"https:\/\/beautyinstitute.ee\/#website\",\"url\":\"https:\/\/beautyinstitute.ee\/\",\"name\":\"Beauty Institute\",\"description\":\"CNC Cosmetic ametlik maaletooja ja edasim\u00fc\u00fcja Eestis, Soomes, L\u00e4tis. Aparaadikosmeetika, koolitused, kosmeetikatooted.\",\"potentialAction\":[{\"@type\":\"SearchAction\",\"target\":{\"@type\":\"EntryPoint\",\"urlTemplate\":\"https:\/\/beautyinstitute.ee\/?s={search_term_string}\"},\"query-input\":{\"@type\":\"PropertyValueSpecification\",\"valueRequired\":true,\"valueName\":\"search_term_string\"}}],\"inLanguage\":\"ru-RU\"}]}<\/script>\n<!-- \/ Yoast SEO plugin. -->","yoast_head_json":{"title":"Fruit Acid Cleanser - Beauty Institute","robots":{"index":"index","follow":"follow","max-snippet":"max-snippet:-1","max-image-preview":"max-image-preview:large","max-video-preview":"max-video-preview:-1"},"canonical":"https:\/\/beautyinstitute.ee\/toode\/fruit-acid-cleanser\/","og_locale":"ru_RU","og_type":"article","og_title":"Fruit Acid Cleanser - Beauty Institute","og_description":"V\u00e4rskendav puhastusgeel, mis sisaldab puuviljahappeid. Happed aitavad \u00f5rnalt nahka koorida ja valmistavad naha ette j\u00e4rgnevateks protseduurideks ning toimeainete paremaks imendumiseks. Nahk j\u00e4\u00e4b peale kasutamist siidiselt pehme, klaar ja v\u00e4rske. Kanna n\u00e4ole, hoia v\u00f5i masseeri. Loputa veega. SOBILIK: K\u00f5ik nahat\u00fc\u00fcbid, v\u00e4lja arvatud tundlik ja kuperoosne nahk EELISED: reguleerib rasu tootmist \u00fchtlustab naha tekstuuri (suured poorid jne) [&hellip;]","og_url":"https:\/\/beautyinstitute.ee\/toode\/fruit-acid-cleanser\/","og_site_name":"Beauty Institute","article_modified_time":"2026-04-27T09:06:42+00:00","og_image":[{"width":750,"height":711,"url":"https:\/\/beautyinstitute.ee\/wp-content\/uploads\/2019\/01\/6735774431200.jpg","type":"image\/jpeg"}],"twitter_card":"summary_large_image","twitter_site":"@Beauty_Eesti","twitter_misc":{"\u041f\u0440\u0438\u043c\u0435\u0440\u043d\u043e\u0435 \u0432\u0440\u0435\u043c\u044f \u0434\u043b\u044f \u0447\u0442\u0435\u043d\u0438\u044f":"1 \u043c\u0438\u043d\u0443\u0442\u0430"},"schema":{"@context":"https:\/\/schema.org","@graph":[{"@type":"WebPage","@id":"https:\/\/beautyinstitute.ee\/toode\/fruit-acid-cleanser\/","url":"https:\/\/beautyinstitute.ee\/toode\/fruit-acid-cleanser\/","name":"Fruit Acid Cleanser - Beauty Institute","isPartOf":{"@id":"https:\/\/beautyinstitute.ee\/#website"},"primaryImageOfPage":{"@id":"https:\/\/beautyinstitute.ee\/toode\/fruit-acid-cleanser\/#primaryimage"},"image":{"@id":"https:\/\/beautyinstitute.ee\/toode\/fruit-acid-cleanser\/#primaryimage"},"thumbnailUrl":"https:\/\/beautyinstitute.ee\/wp-content\/uploads\/2019\/01\/6735774431200.jpg","datePublished":"2019-01-25T08:35:31+00:00","dateModified":"2026-04-27T09:06:42+00:00","breadcrumb":{"@id":"https:\/\/beautyinstitute.ee\/toode\/fruit-acid-cleanser\/#breadcrumb"},"inLanguage":"ru-RU","potentialAction":[{"@type":"ReadAction","target":["https:\/\/beautyinstitute.ee\/toode\/fruit-acid-cleanser\/"]}]},{"@type":"ImageObject","inLanguage":"ru-RU","@id":"https:\/\/beautyinstitute.ee\/toode\/fruit-acid-cleanser\/#primaryimage","url":"https:\/\/beautyinstitute.ee\/wp-content\/uploads\/2019\/01\/6735774431200.jpg","contentUrl":"https:\/\/beautyinstitute.ee\/wp-content\/uploads\/2019\/01\/6735774431200.jpg","width":750,"height":711},{"@type":"BreadcrumbList","@id":"https:\/\/beautyinstitute.ee\/toode\/fruit-acid-cleanser\/#breadcrumb","itemListElement":[{"@type":"ListItem","position":1,"name":"Home","item":"https:\/\/beautyinstitute.ee\/ru\/"},{"@type":"ListItem","position":2,"name":"E-pood","item":"https:\/\/beautyinstitute.ee\/e-pood\/"},{"@type":"ListItem","position":3,"name":"Fruit Acid Cleanser"}]},{"@type":"WebSite","@id":"https:\/\/beautyinstitute.ee\/#website","url":"https:\/\/beautyinstitute.ee\/","name":"Beauty Institute","description":"CNC Cosmetic ametlik maaletooja ja edasim\u00fc\u00fcja Eestis, Soomes, L\u00e4tis. Aparaadikosmeetika, koolitused, kosmeetikatooted.","potentialAction":[{"@type":"SearchAction","target":{"@type":"EntryPoint","urlTemplate":"https:\/\/beautyinstitute.ee\/?s={search_term_string}"},"query-input":{"@type":"PropertyValueSpecification","valueRequired":true,"valueName":"search_term_string"}}],"inLanguage":"ru-RU"}]}},"_links":{"self":[{"href":"https:\/\/beautyinstitute.ee\/ru\/wp-json\/wp\/v2\/product\/2950","targetHints":{"allow":["GET"]}}],"collection":[{"href":"https:\/\/beautyinstitute.ee\/ru\/wp-json\/wp\/v2\/product"}],"about":[{"href":"https:\/\/beautyinstitute.ee\/ru\/wp-json\/wp\/v2\/types\/product"}],"wp:featuredmedia":[{"embeddable":true,"href":"https:\/\/beautyinstitute.ee\/ru\/wp-json\/wp\/v2\/media\/2953"}],"wp:attachment":[{"href":"https:\/\/beautyinstitute.ee\/ru\/wp-json\/wp\/v2\/media?parent=2950"}],"wp:term":[{"taxonomy":"product_cat","embeddable":true,"href":"https:\/\/beautyinstitute.ee\/ru\/wp-json\/wp\/v2\/product_cat?post=2950"},{"taxonomy":"product_tag","embeddable":true,"href":"https:\/\/beautyinstitute.ee\/ru\/wp-json\/wp\/v2\/product_tag?post=2950"}],"curies":[{"name":"wp","href":"https:\/\/api.w.org\/{rel}","templated":true}]}}