{"id":2992,"date":"2019-01-25T09:01:59","date_gmt":"2019-01-25T09:01:59","guid":{"rendered":"https:\/\/beautyinstitute.ee\/?post_type=product&#038;p=2992"},"modified":"2026-04-13T10:16:33","modified_gmt":"2026-04-13T07:16:33","slug":"bamboo-peeling","status":"publish","type":"product","link":"https:\/\/beautyinstitute.ee\/ru\/toode\/bamboo-peeling\/","title":{"rendered":"Bamboo Peeling"},"content":{"rendered":"<p><strong>Kreemjas koorija.<\/strong><\/p>\n<p>Sisaldab bambusev\u00f5rse pulbrit ja v\u00e4\u00e4rtuslikke taimseid \u00f5lisid. Sobib n\u00e4onaha kergeks koorimiseks. Soodustab naha mikrotsirkulatsiooni. Ideaalne ettevalmistus toimeainete edaspidiseks imendumiseks ja toimeks.<\/p>\n<p><strong>Eelised:<\/strong><\/p>\n<ul>\n<li>\u00fchtlase jume saamiseks<\/li>\n<li>stimuleerib rakkude uuenemist<\/li>\n<\/ul>\n<p><strong>Sobilik:<\/strong> k\u00f5ikidele nahat\u00fc\u00fcpidele.<\/p>\n<p><strong>Toimeained:<\/strong> bambuse v\u00f5rsed, sheav\u00f5i, mandli\u00f5li, jojoba\u00f5li.<\/p>\n","protected":false},"excerpt":{"rendered":"<p>Kreemjas koorija. Sisaldab bambusev\u00f5rse pulbrit ja v\u00e4\u00e4rtuslikke taimseid \u00f5lisid. Sobib n\u00e4onaha kergeks koorimiseks. Soodustab naha mikrotsirkulatsiooni. Ideaalne ettevalmistus toimeainete edaspidiseks imendumiseks ja toimeks. Eelised: \u00fchtlase jume saamiseks stimuleerib rakkude uuenemist Sobilik: k\u00f5ikidele nahat\u00fc\u00fcpidele. Toimeained: bambuse v\u00f5rsed, sheav\u00f5i, mandli\u00f5li, jojoba\u00f5li.<\/p>\n","protected":false},"featured_media":2997,"template":"","meta":{"_acf_changed":false},"product_cat":[247,262,114,131],"product_tag":[],"class_list":["post-2992","product","type-product","status-publish","has-post-thumbnail","hentry","product_cat-koorijad","product_cat-teradega-koorijad","product_cat-tootesarjad","product_cat-pure-organic"],"acf":[],"yoast_head":"<!-- This site is optimized with the Yoast SEO plugin v25.4 - https:\/\/yoast.com\/wordpress\/plugins\/seo\/ -->\n<title>Bamboo Peeling - Beauty Institute<\/title>\n<meta name=\"robots\" content=\"index, follow, max-snippet:-1, max-image-preview:large, max-video-preview:-1\" \/>\n<link rel=\"canonical\" href=\"https:\/\/beautyinstitute.ee\/toode\/bamboo-peeling\/\" \/>\n<meta property=\"og:locale\" content=\"ru_RU\" \/>\n<meta property=\"og:type\" content=\"article\" \/>\n<meta property=\"og:title\" content=\"Bamboo Peeling - Beauty Institute\" \/>\n<meta property=\"og:description\" content=\"Kreemjas koorija. Sisaldab bambusev\u00f5rse pulbrit ja v\u00e4\u00e4rtuslikke taimseid \u00f5lisid. Sobib n\u00e4onaha kergeks koorimiseks. Soodustab naha mikrotsirkulatsiooni. Ideaalne ettevalmistus toimeainete edaspidiseks imendumiseks ja toimeks. Eelised: \u00fchtlase jume saamiseks stimuleerib rakkude uuenemist Sobilik: k\u00f5ikidele nahat\u00fc\u00fcpidele. Toimeained: bambuse v\u00f5rsed, sheav\u00f5i, mandli\u00f5li, jojoba\u00f5li.\" \/>\n<meta property=\"og:url\" content=\"https:\/\/beautyinstitute.ee\/toode\/bamboo-peeling\/\" \/>\n<meta property=\"og:site_name\" content=\"Beauty Institute\" \/>\n<meta property=\"article:modified_time\" content=\"2026-04-13T07:16:33+00:00\" \/>\n<meta property=\"og:image\" content=\"https:\/\/beautyinstitute.ee\/wp-content\/uploads\/2019\/01\/102009.jpg\" \/>\n\t<meta property=\"og:image:width\" content=\"1500\" \/>\n\t<meta property=\"og:image:height\" content=\"1422\" \/>\n\t<meta property=\"og:image:type\" content=\"image\/jpeg\" \/>\n<meta name=\"twitter:card\" content=\"summary_large_image\" \/>\n<meta name=\"twitter:site\" content=\"@Beauty_Eesti\" \/>\n<meta name=\"twitter:label1\" content=\"\u041f\u0440\u0438\u043c\u0435\u0440\u043d\u043e\u0435 \u0432\u0440\u0435\u043c\u044f \u0434\u043b\u044f \u0447\u0442\u0435\u043d\u0438\u044f\" \/>\n\t<meta name=\"twitter:data1\" content=\"1 \u043c\u0438\u043d\u0443\u0442\u0430\" \/>\n<script type=\"application\/ld+json\" class=\"yoast-schema-graph\">{\"@context\":\"https:\/\/schema.org\",\"@graph\":[{\"@type\":\"WebPage\",\"@id\":\"https:\/\/beautyinstitute.ee\/toode\/bamboo-peeling\/\",\"url\":\"https:\/\/beautyinstitute.ee\/toode\/bamboo-peeling\/\",\"name\":\"Bamboo Peeling - Beauty Institute\",\"isPartOf\":{\"@id\":\"https:\/\/beautyinstitute.ee\/#website\"},\"primaryImageOfPage\":{\"@id\":\"https:\/\/beautyinstitute.ee\/toode\/bamboo-peeling\/#primaryimage\"},\"image\":{\"@id\":\"https:\/\/beautyinstitute.ee\/toode\/bamboo-peeling\/#primaryimage\"},\"thumbnailUrl\":\"https:\/\/beautyinstitute.ee\/wp-content\/uploads\/2019\/01\/102009.jpg\",\"datePublished\":\"2019-01-25T09:01:59+00:00\",\"dateModified\":\"2026-04-13T07:16:33+00:00\",\"breadcrumb\":{\"@id\":\"https:\/\/beautyinstitute.ee\/toode\/bamboo-peeling\/#breadcrumb\"},\"inLanguage\":\"ru-RU\",\"potentialAction\":[{\"@type\":\"ReadAction\",\"target\":[\"https:\/\/beautyinstitute.ee\/toode\/bamboo-peeling\/\"]}]},{\"@type\":\"ImageObject\",\"inLanguage\":\"ru-RU\",\"@id\":\"https:\/\/beautyinstitute.ee\/toode\/bamboo-peeling\/#primaryimage\",\"url\":\"https:\/\/beautyinstitute.ee\/wp-content\/uploads\/2019\/01\/102009.jpg\",\"contentUrl\":\"https:\/\/beautyinstitute.ee\/wp-content\/uploads\/2019\/01\/102009.jpg\",\"width\":1500,\"height\":1422},{\"@type\":\"BreadcrumbList\",\"@id\":\"https:\/\/beautyinstitute.ee\/toode\/bamboo-peeling\/#breadcrumb\",\"itemListElement\":[{\"@type\":\"ListItem\",\"position\":1,\"name\":\"Home\",\"item\":\"https:\/\/beautyinstitute.ee\/ru\/\"},{\"@type\":\"ListItem\",\"position\":2,\"name\":\"E-pood\",\"item\":\"https:\/\/beautyinstitute.ee\/e-pood\/\"},{\"@type\":\"ListItem\",\"position\":3,\"name\":\"Bamboo Peeling\"}]},{\"@type\":\"WebSite\",\"@id\":\"https:\/\/beautyinstitute.ee\/#website\",\"url\":\"https:\/\/beautyinstitute.ee\/\",\"name\":\"Beauty Institute\",\"description\":\"CNC Cosmetic ametlik maaletooja ja edasim\u00fc\u00fcja Eestis, Soomes, L\u00e4tis. Aparaadikosmeetika, koolitused, kosmeetikatooted.\",\"potentialAction\":[{\"@type\":\"SearchAction\",\"target\":{\"@type\":\"EntryPoint\",\"urlTemplate\":\"https:\/\/beautyinstitute.ee\/?s={search_term_string}\"},\"query-input\":{\"@type\":\"PropertyValueSpecification\",\"valueRequired\":true,\"valueName\":\"search_term_string\"}}],\"inLanguage\":\"ru-RU\"}]}<\/script>\n<!-- \/ Yoast SEO plugin. -->","yoast_head_json":{"title":"Bamboo Peeling - Beauty Institute","robots":{"index":"index","follow":"follow","max-snippet":"max-snippet:-1","max-image-preview":"max-image-preview:large","max-video-preview":"max-video-preview:-1"},"canonical":"https:\/\/beautyinstitute.ee\/toode\/bamboo-peeling\/","og_locale":"ru_RU","og_type":"article","og_title":"Bamboo Peeling - Beauty Institute","og_description":"Kreemjas koorija. Sisaldab bambusev\u00f5rse pulbrit ja v\u00e4\u00e4rtuslikke taimseid \u00f5lisid. Sobib n\u00e4onaha kergeks koorimiseks. Soodustab naha mikrotsirkulatsiooni. Ideaalne ettevalmistus toimeainete edaspidiseks imendumiseks ja toimeks. Eelised: \u00fchtlase jume saamiseks stimuleerib rakkude uuenemist Sobilik: k\u00f5ikidele nahat\u00fc\u00fcpidele. Toimeained: bambuse v\u00f5rsed, sheav\u00f5i, mandli\u00f5li, jojoba\u00f5li.","og_url":"https:\/\/beautyinstitute.ee\/toode\/bamboo-peeling\/","og_site_name":"Beauty Institute","article_modified_time":"2026-04-13T07:16:33+00:00","og_image":[{"width":1500,"height":1422,"url":"https:\/\/beautyinstitute.ee\/wp-content\/uploads\/2019\/01\/102009.jpg","type":"image\/jpeg"}],"twitter_card":"summary_large_image","twitter_site":"@Beauty_Eesti","twitter_misc":{"\u041f\u0440\u0438\u043c\u0435\u0440\u043d\u043e\u0435 \u0432\u0440\u0435\u043c\u044f \u0434\u043b\u044f \u0447\u0442\u0435\u043d\u0438\u044f":"1 \u043c\u0438\u043d\u0443\u0442\u0430"},"schema":{"@context":"https:\/\/schema.org","@graph":[{"@type":"WebPage","@id":"https:\/\/beautyinstitute.ee\/toode\/bamboo-peeling\/","url":"https:\/\/beautyinstitute.ee\/toode\/bamboo-peeling\/","name":"Bamboo Peeling - Beauty Institute","isPartOf":{"@id":"https:\/\/beautyinstitute.ee\/#website"},"primaryImageOfPage":{"@id":"https:\/\/beautyinstitute.ee\/toode\/bamboo-peeling\/#primaryimage"},"image":{"@id":"https:\/\/beautyinstitute.ee\/toode\/bamboo-peeling\/#primaryimage"},"thumbnailUrl":"https:\/\/beautyinstitute.ee\/wp-content\/uploads\/2019\/01\/102009.jpg","datePublished":"2019-01-25T09:01:59+00:00","dateModified":"2026-04-13T07:16:33+00:00","breadcrumb":{"@id":"https:\/\/beautyinstitute.ee\/toode\/bamboo-peeling\/#breadcrumb"},"inLanguage":"ru-RU","potentialAction":[{"@type":"ReadAction","target":["https:\/\/beautyinstitute.ee\/toode\/bamboo-peeling\/"]}]},{"@type":"ImageObject","inLanguage":"ru-RU","@id":"https:\/\/beautyinstitute.ee\/toode\/bamboo-peeling\/#primaryimage","url":"https:\/\/beautyinstitute.ee\/wp-content\/uploads\/2019\/01\/102009.jpg","contentUrl":"https:\/\/beautyinstitute.ee\/wp-content\/uploads\/2019\/01\/102009.jpg","width":1500,"height":1422},{"@type":"BreadcrumbList","@id":"https:\/\/beautyinstitute.ee\/toode\/bamboo-peeling\/#breadcrumb","itemListElement":[{"@type":"ListItem","position":1,"name":"Home","item":"https:\/\/beautyinstitute.ee\/ru\/"},{"@type":"ListItem","position":2,"name":"E-pood","item":"https:\/\/beautyinstitute.ee\/e-pood\/"},{"@type":"ListItem","position":3,"name":"Bamboo Peeling"}]},{"@type":"WebSite","@id":"https:\/\/beautyinstitute.ee\/#website","url":"https:\/\/beautyinstitute.ee\/","name":"Beauty Institute","description":"CNC Cosmetic ametlik maaletooja ja edasim\u00fc\u00fcja Eestis, Soomes, L\u00e4tis. Aparaadikosmeetika, koolitused, kosmeetikatooted.","potentialAction":[{"@type":"SearchAction","target":{"@type":"EntryPoint","urlTemplate":"https:\/\/beautyinstitute.ee\/?s={search_term_string}"},"query-input":{"@type":"PropertyValueSpecification","valueRequired":true,"valueName":"search_term_string"}}],"inLanguage":"ru-RU"}]}},"_links":{"self":[{"href":"https:\/\/beautyinstitute.ee\/ru\/wp-json\/wp\/v2\/product\/2992","targetHints":{"allow":["GET"]}}],"collection":[{"href":"https:\/\/beautyinstitute.ee\/ru\/wp-json\/wp\/v2\/product"}],"about":[{"href":"https:\/\/beautyinstitute.ee\/ru\/wp-json\/wp\/v2\/types\/product"}],"wp:featuredmedia":[{"embeddable":true,"href":"https:\/\/beautyinstitute.ee\/ru\/wp-json\/wp\/v2\/media\/2997"}],"wp:attachment":[{"href":"https:\/\/beautyinstitute.ee\/ru\/wp-json\/wp\/v2\/media?parent=2992"}],"wp:term":[{"taxonomy":"product_cat","embeddable":true,"href":"https:\/\/beautyinstitute.ee\/ru\/wp-json\/wp\/v2\/product_cat?post=2992"},{"taxonomy":"product_tag","embeddable":true,"href":"https:\/\/beautyinstitute.ee\/ru\/wp-json\/wp\/v2\/product_tag?post=2992"}],"curies":[{"name":"wp","href":"https:\/\/api.w.org\/{rel}","templated":true}]}}