{"id":2999,"date":"2019-01-25T09:12:51","date_gmt":"2019-01-25T09:12:51","guid":{"rendered":"https:\/\/beautyinstitute.ee\/?post_type=product&#038;p=2999"},"modified":"2026-04-15T10:44:10","modified_gmt":"2026-04-15T07:44:10","slug":"amaranth-day-cream","status":"publish","type":"product","link":"https:\/\/beautyinstitute.ee\/ru\/toode\/amaranth-day-cream\/","title":{"rendered":"Amaranth Day Cream"},"content":{"rendered":"<p><strong>Toitev p\u00e4evakreem normaalsele, kuivale ja tundlikule nahale.<\/strong><\/p>\n<p>Kreem sisaldab v\u00e4\u00e4rt looduslikke \u00f5lisid, mis niisutavad\u00a0 ja omavad nahka t\u00f5stvat efekti. Amaranti toimeained, v\u00e4\u00e4rtuslikud \u00f5lid ja lilleekstraktid kaitsevad nahka negatiivsete keskkonnam\u00f5jude eest.\u00a0H\u00fcaluroonhape v\u00e4hendab peeneid kortsujooni.<\/p>\n<p><strong>Eelised:<\/strong><\/p>\n<ul>\n<li>rahustab punetust ja \u00e4rritust, v\u00e4hendab kortse<\/li>\n<li>kaitseb niiskuskao eest<\/li>\n<\/ul>\n<p><strong>Sobilik:<\/strong> kuivale ja tundlikule nahale.<\/p>\n<p><strong>Toimeained:<\/strong> Amarandi seemne\u00f5li, sheav\u00f5i, mandli\u00f5li, jojoba\u00f5li, mimoos vaha, h\u00fcaluroonhape.<\/p>\n","protected":false},"excerpt":{"rendered":"<p>Toitev p\u00e4evakreem normaalsele, kuivale ja tundlikule nahale. Kreem sisaldab v\u00e4\u00e4rt looduslikke \u00f5lisid, mis niisutavad\u00a0 ja omavad nahka t\u00f5stvat efekti. Amaranti toimeained, v\u00e4\u00e4rtuslikud \u00f5lid ja lilleekstraktid kaitsevad nahka negatiivsete keskkonnam\u00f5jude eest.\u00a0H\u00fcaluroonhape v\u00e4hendab peeneid kortsujooni. Eelised: rahustab punetust ja \u00e4rritust, v\u00e4hendab kortse kaitseb niiskuskao eest Sobilik: kuivale ja tundlikule nahale. Toimeained: Amarandi seemne\u00f5li, sheav\u00f5i, mandli\u00f5li, jojoba\u00f5li, mimoos [&hellip;]<\/p>\n","protected":false},"featured_media":12190,"template":"","meta":{"_acf_changed":false},"product_cat":[250,114,131],"product_tag":[],"class_list":["post-2999","product","type-product","status-publish","has-post-thumbnail","hentry","product_cat-naokreemid","product_cat-tootesarjad","product_cat-pure-organic"],"acf":[],"yoast_head":"<!-- This site is optimized with the Yoast SEO plugin v25.4 - https:\/\/yoast.com\/wordpress\/plugins\/seo\/ -->\n<title>Amaranth Day Cream - Beauty Institute<\/title>\n<meta name=\"robots\" content=\"index, follow, max-snippet:-1, max-image-preview:large, max-video-preview:-1\" \/>\n<link rel=\"canonical\" href=\"https:\/\/beautyinstitute.ee\/toode\/amaranth-day-cream\/\" \/>\n<meta property=\"og:locale\" content=\"ru_RU\" \/>\n<meta property=\"og:type\" content=\"article\" \/>\n<meta property=\"og:title\" content=\"Amaranth Day Cream - Beauty Institute\" \/>\n<meta property=\"og:description\" content=\"Toitev p\u00e4evakreem normaalsele, kuivale ja tundlikule nahale. Kreem sisaldab v\u00e4\u00e4rt looduslikke \u00f5lisid, mis niisutavad\u00a0 ja omavad nahka t\u00f5stvat efekti. Amaranti toimeained, v\u00e4\u00e4rtuslikud \u00f5lid ja lilleekstraktid kaitsevad nahka negatiivsete keskkonnam\u00f5jude eest.\u00a0H\u00fcaluroonhape v\u00e4hendab peeneid kortsujooni. Eelised: rahustab punetust ja \u00e4rritust, v\u00e4hendab kortse kaitseb niiskuskao eest Sobilik: kuivale ja tundlikule nahale. Toimeained: Amarandi seemne\u00f5li, sheav\u00f5i, mandli\u00f5li, jojoba\u00f5li, mimoos [&hellip;]\" \/>\n<meta property=\"og:url\" content=\"https:\/\/beautyinstitute.ee\/toode\/amaranth-day-cream\/\" \/>\n<meta property=\"og:site_name\" content=\"Beauty Institute\" \/>\n<meta property=\"article:modified_time\" content=\"2026-04-15T07:44:10+00:00\" \/>\n<meta property=\"og:image\" content=\"https:\/\/beautyinstitute.ee\/wp-content\/uploads\/2019\/01\/Amaranth-Day-cream.jpg\" \/>\n\t<meta property=\"og:image:width\" content=\"750\" \/>\n\t<meta property=\"og:image:height\" content=\"711\" \/>\n\t<meta property=\"og:image:type\" content=\"image\/jpeg\" \/>\n<meta name=\"twitter:card\" content=\"summary_large_image\" \/>\n<meta name=\"twitter:site\" content=\"@Beauty_Eesti\" \/>\n<meta name=\"twitter:label1\" content=\"\u041f\u0440\u0438\u043c\u0435\u0440\u043d\u043e\u0435 \u0432\u0440\u0435\u043c\u044f \u0434\u043b\u044f \u0447\u0442\u0435\u043d\u0438\u044f\" \/>\n\t<meta name=\"twitter:data1\" content=\"1 \u043c\u0438\u043d\u0443\u0442\u0430\" \/>\n<script type=\"application\/ld+json\" class=\"yoast-schema-graph\">{\"@context\":\"https:\/\/schema.org\",\"@graph\":[{\"@type\":\"WebPage\",\"@id\":\"https:\/\/beautyinstitute.ee\/toode\/amaranth-day-cream\/\",\"url\":\"https:\/\/beautyinstitute.ee\/toode\/amaranth-day-cream\/\",\"name\":\"Amaranth Day Cream - Beauty Institute\",\"isPartOf\":{\"@id\":\"https:\/\/beautyinstitute.ee\/#website\"},\"primaryImageOfPage\":{\"@id\":\"https:\/\/beautyinstitute.ee\/toode\/amaranth-day-cream\/#primaryimage\"},\"image\":{\"@id\":\"https:\/\/beautyinstitute.ee\/toode\/amaranth-day-cream\/#primaryimage\"},\"thumbnailUrl\":\"https:\/\/beautyinstitute.ee\/wp-content\/uploads\/2019\/01\/Amaranth-Day-cream.jpg\",\"datePublished\":\"2019-01-25T09:12:51+00:00\",\"dateModified\":\"2026-04-15T07:44:10+00:00\",\"breadcrumb\":{\"@id\":\"https:\/\/beautyinstitute.ee\/toode\/amaranth-day-cream\/#breadcrumb\"},\"inLanguage\":\"ru-RU\",\"potentialAction\":[{\"@type\":\"ReadAction\",\"target\":[\"https:\/\/beautyinstitute.ee\/toode\/amaranth-day-cream\/\"]}]},{\"@type\":\"ImageObject\",\"inLanguage\":\"ru-RU\",\"@id\":\"https:\/\/beautyinstitute.ee\/toode\/amaranth-day-cream\/#primaryimage\",\"url\":\"https:\/\/beautyinstitute.ee\/wp-content\/uploads\/2019\/01\/Amaranth-Day-cream.jpg\",\"contentUrl\":\"https:\/\/beautyinstitute.ee\/wp-content\/uploads\/2019\/01\/Amaranth-Day-cream.jpg\",\"width\":750,\"height\":711},{\"@type\":\"BreadcrumbList\",\"@id\":\"https:\/\/beautyinstitute.ee\/toode\/amaranth-day-cream\/#breadcrumb\",\"itemListElement\":[{\"@type\":\"ListItem\",\"position\":1,\"name\":\"Home\",\"item\":\"https:\/\/beautyinstitute.ee\/ru\/\"},{\"@type\":\"ListItem\",\"position\":2,\"name\":\"E-pood\",\"item\":\"https:\/\/beautyinstitute.ee\/e-pood\/\"},{\"@type\":\"ListItem\",\"position\":3,\"name\":\"Amaranth Day Cream\"}]},{\"@type\":\"WebSite\",\"@id\":\"https:\/\/beautyinstitute.ee\/#website\",\"url\":\"https:\/\/beautyinstitute.ee\/\",\"name\":\"Beauty Institute\",\"description\":\"CNC Cosmetic ametlik maaletooja ja edasim\u00fc\u00fcja Eestis, Soomes, L\u00e4tis. Aparaadikosmeetika, koolitused, kosmeetikatooted.\",\"potentialAction\":[{\"@type\":\"SearchAction\",\"target\":{\"@type\":\"EntryPoint\",\"urlTemplate\":\"https:\/\/beautyinstitute.ee\/?s={search_term_string}\"},\"query-input\":{\"@type\":\"PropertyValueSpecification\",\"valueRequired\":true,\"valueName\":\"search_term_string\"}}],\"inLanguage\":\"ru-RU\"}]}<\/script>\n<!-- \/ Yoast SEO plugin. -->","yoast_head_json":{"title":"Amaranth Day Cream - Beauty Institute","robots":{"index":"index","follow":"follow","max-snippet":"max-snippet:-1","max-image-preview":"max-image-preview:large","max-video-preview":"max-video-preview:-1"},"canonical":"https:\/\/beautyinstitute.ee\/toode\/amaranth-day-cream\/","og_locale":"ru_RU","og_type":"article","og_title":"Amaranth Day Cream - Beauty Institute","og_description":"Toitev p\u00e4evakreem normaalsele, kuivale ja tundlikule nahale. Kreem sisaldab v\u00e4\u00e4rt looduslikke \u00f5lisid, mis niisutavad\u00a0 ja omavad nahka t\u00f5stvat efekti. Amaranti toimeained, v\u00e4\u00e4rtuslikud \u00f5lid ja lilleekstraktid kaitsevad nahka negatiivsete keskkonnam\u00f5jude eest.\u00a0H\u00fcaluroonhape v\u00e4hendab peeneid kortsujooni. Eelised: rahustab punetust ja \u00e4rritust, v\u00e4hendab kortse kaitseb niiskuskao eest Sobilik: kuivale ja tundlikule nahale. Toimeained: Amarandi seemne\u00f5li, sheav\u00f5i, mandli\u00f5li, jojoba\u00f5li, mimoos [&hellip;]","og_url":"https:\/\/beautyinstitute.ee\/toode\/amaranth-day-cream\/","og_site_name":"Beauty Institute","article_modified_time":"2026-04-15T07:44:10+00:00","og_image":[{"width":750,"height":711,"url":"https:\/\/beautyinstitute.ee\/wp-content\/uploads\/2019\/01\/Amaranth-Day-cream.jpg","type":"image\/jpeg"}],"twitter_card":"summary_large_image","twitter_site":"@Beauty_Eesti","twitter_misc":{"\u041f\u0440\u0438\u043c\u0435\u0440\u043d\u043e\u0435 \u0432\u0440\u0435\u043c\u044f \u0434\u043b\u044f \u0447\u0442\u0435\u043d\u0438\u044f":"1 \u043c\u0438\u043d\u0443\u0442\u0430"},"schema":{"@context":"https:\/\/schema.org","@graph":[{"@type":"WebPage","@id":"https:\/\/beautyinstitute.ee\/toode\/amaranth-day-cream\/","url":"https:\/\/beautyinstitute.ee\/toode\/amaranth-day-cream\/","name":"Amaranth Day Cream - Beauty Institute","isPartOf":{"@id":"https:\/\/beautyinstitute.ee\/#website"},"primaryImageOfPage":{"@id":"https:\/\/beautyinstitute.ee\/toode\/amaranth-day-cream\/#primaryimage"},"image":{"@id":"https:\/\/beautyinstitute.ee\/toode\/amaranth-day-cream\/#primaryimage"},"thumbnailUrl":"https:\/\/beautyinstitute.ee\/wp-content\/uploads\/2019\/01\/Amaranth-Day-cream.jpg","datePublished":"2019-01-25T09:12:51+00:00","dateModified":"2026-04-15T07:44:10+00:00","breadcrumb":{"@id":"https:\/\/beautyinstitute.ee\/toode\/amaranth-day-cream\/#breadcrumb"},"inLanguage":"ru-RU","potentialAction":[{"@type":"ReadAction","target":["https:\/\/beautyinstitute.ee\/toode\/amaranth-day-cream\/"]}]},{"@type":"ImageObject","inLanguage":"ru-RU","@id":"https:\/\/beautyinstitute.ee\/toode\/amaranth-day-cream\/#primaryimage","url":"https:\/\/beautyinstitute.ee\/wp-content\/uploads\/2019\/01\/Amaranth-Day-cream.jpg","contentUrl":"https:\/\/beautyinstitute.ee\/wp-content\/uploads\/2019\/01\/Amaranth-Day-cream.jpg","width":750,"height":711},{"@type":"BreadcrumbList","@id":"https:\/\/beautyinstitute.ee\/toode\/amaranth-day-cream\/#breadcrumb","itemListElement":[{"@type":"ListItem","position":1,"name":"Home","item":"https:\/\/beautyinstitute.ee\/ru\/"},{"@type":"ListItem","position":2,"name":"E-pood","item":"https:\/\/beautyinstitute.ee\/e-pood\/"},{"@type":"ListItem","position":3,"name":"Amaranth Day Cream"}]},{"@type":"WebSite","@id":"https:\/\/beautyinstitute.ee\/#website","url":"https:\/\/beautyinstitute.ee\/","name":"Beauty Institute","description":"CNC Cosmetic ametlik maaletooja ja edasim\u00fc\u00fcja Eestis, Soomes, L\u00e4tis. Aparaadikosmeetika, koolitused, kosmeetikatooted.","potentialAction":[{"@type":"SearchAction","target":{"@type":"EntryPoint","urlTemplate":"https:\/\/beautyinstitute.ee\/?s={search_term_string}"},"query-input":{"@type":"PropertyValueSpecification","valueRequired":true,"valueName":"search_term_string"}}],"inLanguage":"ru-RU"}]}},"_links":{"self":[{"href":"https:\/\/beautyinstitute.ee\/ru\/wp-json\/wp\/v2\/product\/2999","targetHints":{"allow":["GET"]}}],"collection":[{"href":"https:\/\/beautyinstitute.ee\/ru\/wp-json\/wp\/v2\/product"}],"about":[{"href":"https:\/\/beautyinstitute.ee\/ru\/wp-json\/wp\/v2\/types\/product"}],"wp:featuredmedia":[{"embeddable":true,"href":"https:\/\/beautyinstitute.ee\/ru\/wp-json\/wp\/v2\/media\/12190"}],"wp:attachment":[{"href":"https:\/\/beautyinstitute.ee\/ru\/wp-json\/wp\/v2\/media?parent=2999"}],"wp:term":[{"taxonomy":"product_cat","embeddable":true,"href":"https:\/\/beautyinstitute.ee\/ru\/wp-json\/wp\/v2\/product_cat?post=2999"},{"taxonomy":"product_tag","embeddable":true,"href":"https:\/\/beautyinstitute.ee\/ru\/wp-json\/wp\/v2\/product_tag?post=2999"}],"curies":[{"name":"wp","href":"https:\/\/api.w.org\/{rel}","templated":true}]}}