{"id":30055,"date":"2024-08-14T12:39:19","date_gmt":"2024-08-14T09:39:19","guid":{"rendered":"https:\/\/beautyinstitute.ee\/?post_type=product&#038;p=30055"},"modified":"2026-04-28T14:18:35","modified_gmt":"2026-04-28T11:18:35","slug":"mask-powder-firming-180-g","status":"publish","type":"product","link":"https:\/\/beautyinstitute.ee\/ru\/toode\/mask-powder-firming-180-g\/","title":{"rendered":"Mask Powder Firming 180 G &#8220;P\u00e4rlid Ja Kuld&#8221;"},"content":{"rendered":"<p>Oklusiivne mask annab v\u00e4\u00e4rtuslikku niisutust ja annab nahale silmn\u00e4htavalt nooruslikuma s\u00e4ra.<br \/>\nLoodusliku p\u00e4rlipuudri ja kulla pinguldavad ja nahka noorendavad omadused v\u00e4hendavad silmn\u00e4htavalt v\u00e4ikseid joonekesi ja kortse, pinguldavad kontuure ja \u00fchtlustavad nahatooni.<\/p>\n<p><strong>Kasutamine: <\/strong><\/p>\n<p>Sega 30 g pulbrit u. 90 ml veega (maksimaalne toatemperatuur), et moodustada homogeenne<br \/>\nmass, kanda kiiresti ja \u00fchtlaselt nahale. Maski eemaldada 15-20 minuti p\u00e4rast. Eemaldage k\u00f5ik<br \/>\nmaski j\u00e4\u00e4gid niiske vatipadjaga.<\/p>\n<p><strong>Sobib:<\/strong><br \/>\nTaastamist vajav nahk, kortsud, kontuuride kadu ja tuhm jume.<\/p>\n<p><strong>Peamised toimeained:<\/strong><br \/>\nAlgiin, 100% looduslik p\u00e4rlipulber<\/p>\n<p>&nbsp;<\/p>\n<p><strong>Algiin<\/strong>, looduslik toimeaine pruunvetikatest<br \/>\nAlgiin, tuntud ka kui vetikaekstrakt, on rikas mineraalide ja<br \/>\nvitamiinide poolest. Looduslikud koostisosad aitavad kaasa naha<br \/>\ntervisele ja ilule, varustades nahka oluliste toitainetega ja tugevdavad<br \/>\nnahabarj\u00e4\u00e4ri.<br \/>\nAlgiinil on nahka rahustav toime ning see v\u00e4hendab punetust ja<br \/>\n\u00e4rritust, soodustab naha niisutamist ja parandab selle elastsust.<br \/>\nOMADUSED<br \/>\n\u2022 suurendab naha elastsust<br \/>\n\u2022 intensiivselt niisutav<br \/>\n\u2022 rahustav<\/p>\n<p><strong>P\u00e4rlid<\/strong> on iidne Hiina ilu saladus, mis on s\u00e4rava, puhta ja kauni naha eest<br \/>\nseisnud juba \u00fcle 3000 aasta. Peeneks jahvatatud p\u00e4rlipulber sisaldab 18 aminohapet ja \u00fcle tosina olulise<br \/>\nmineraali. See imendub nahka v\u00e4ga kergesti ja moodustab naha jaoks<br \/>\nolulised kollageeni ja valkude ehitusplokid. Mis tahes elut\u00e4htsate aminohapete puudumine muudab naha kahvatuks, kuivaks, ja kortsuliseks.<br \/>\nP\u00e4rlid toetavad vereringet nahas ja soodustavad uute naharakkude<br \/>\ntaastumist. Nad tagavad ka s\u00e4rava, noorendatud, veatu ja siidise jume.<\/p>\n<p>OMADUSED<\/p>\n<p>\u2022 v\u00e4hendab kortse ja jooni<br \/>\n\u2022 pinguldab<\/p>\n<p>&nbsp;<\/p>\n<p>&nbsp;<\/p>\n<p>Ideaalne salongimask nahale, mis vajab taastumist. Aitab kaasa kortsude, kontuuride kadumise ja tuhmi<br \/>\njume taastsmisele<br \/>\n\u2022 P\u00e4rast aparatiivsethooldust. V\u00e4lja arvatud MicroNeedling.<br \/>\n\u2022 Optimaalne alternatiiv AW Maskipuuder Strongile<\/p>\n","protected":false},"excerpt":{"rendered":"<p>Oklusiivne mask annab v\u00e4\u00e4rtuslikku niisutust ja annab nahale silmn\u00e4htavalt nooruslikuma s\u00e4ra. Loodusliku p\u00e4rlipuudri ja kulla pinguldavad ja nahka noorendavad omadused v\u00e4hendavad silmn\u00e4htavalt v\u00e4ikseid joonekesi ja kortse, pinguldavad kontuure ja \u00fchtlustavad nahatooni. Kasutamine: Sega 30 g pulbrit u. 90 ml veega (maksimaalne toatemperatuur), et moodustada homogeenne mass, kanda kiiresti ja \u00fchtlaselt nahale. Maski eemaldada 15-20 minuti [&hellip;]<\/p>\n","protected":false},"featured_media":30134,"template":"","meta":{"_acf_changed":false},"product_cat":[278,248,146],"product_tag":[],"class_list":["post-30055","product","type-product","status-publish","has-post-thumbnail","hentry","product_cat-cnc","product_cat-maskid-2","product_cat-kummimaskid"],"acf":[],"yoast_head":"<!-- This site is optimized with the Yoast SEO plugin v25.4 - https:\/\/yoast.com\/wordpress\/plugins\/seo\/ -->\n<title>Mask Powder Firming 180 G &quot;P\u00e4rlid Ja Kuld&quot; - Beauty Institute<\/title>\n<meta name=\"robots\" content=\"index, follow, max-snippet:-1, max-image-preview:large, max-video-preview:-1\" \/>\n<link rel=\"canonical\" href=\"https:\/\/beautyinstitute.ee\/toode\/mask-powder-firming-180-g\/\" \/>\n<meta property=\"og:locale\" content=\"ru_RU\" \/>\n<meta property=\"og:type\" content=\"article\" \/>\n<meta property=\"og:title\" content=\"Mask Powder Firming 180 G &quot;P\u00e4rlid Ja Kuld&quot; - Beauty Institute\" \/>\n<meta property=\"og:description\" content=\"Oklusiivne mask annab v\u00e4\u00e4rtuslikku niisutust ja annab nahale silmn\u00e4htavalt nooruslikuma s\u00e4ra. Loodusliku p\u00e4rlipuudri ja kulla pinguldavad ja nahka noorendavad omadused v\u00e4hendavad silmn\u00e4htavalt v\u00e4ikseid joonekesi ja kortse, pinguldavad kontuure ja \u00fchtlustavad nahatooni. Kasutamine: Sega 30 g pulbrit u. 90 ml veega (maksimaalne toatemperatuur), et moodustada homogeenne mass, kanda kiiresti ja \u00fchtlaselt nahale. Maski eemaldada 15-20 minuti [&hellip;]\" \/>\n<meta property=\"og:url\" content=\"https:\/\/beautyinstitute.ee\/toode\/mask-powder-firming-180-g\/\" \/>\n<meta property=\"og:site_name\" content=\"Beauty Institute\" \/>\n<meta property=\"article:modified_time\" content=\"2026-04-28T11:18:35+00:00\" \/>\n<meta property=\"og:image\" content=\"https:\/\/beautyinstitute.ee\/wp-content\/uploads\/2024\/08\/PowderMask_Firming-145mm-Ebene.jpg\" \/>\n\t<meta property=\"og:image:width\" content=\"2000\" \/>\n\t<meta property=\"og:image:height\" content=\"2000\" \/>\n\t<meta property=\"og:image:type\" content=\"image\/jpeg\" \/>\n<meta name=\"twitter:card\" content=\"summary_large_image\" \/>\n<meta name=\"twitter:site\" content=\"@Beauty_Eesti\" \/>\n<meta name=\"twitter:label1\" content=\"\u041f\u0440\u0438\u043c\u0435\u0440\u043d\u043e\u0435 \u0432\u0440\u0435\u043c\u044f \u0434\u043b\u044f \u0447\u0442\u0435\u043d\u0438\u044f\" \/>\n\t<meta name=\"twitter:data1\" content=\"2 \u043c\u0438\u043d\u0443\u0442\u044b\" \/>\n<script type=\"application\/ld+json\" class=\"yoast-schema-graph\">{\"@context\":\"https:\/\/schema.org\",\"@graph\":[{\"@type\":\"WebPage\",\"@id\":\"https:\/\/beautyinstitute.ee\/toode\/mask-powder-firming-180-g\/\",\"url\":\"https:\/\/beautyinstitute.ee\/toode\/mask-powder-firming-180-g\/\",\"name\":\"Mask Powder Firming 180 G \\\"P\u00e4rlid Ja Kuld\\\" - Beauty Institute\",\"isPartOf\":{\"@id\":\"https:\/\/beautyinstitute.ee\/#website\"},\"primaryImageOfPage\":{\"@id\":\"https:\/\/beautyinstitute.ee\/toode\/mask-powder-firming-180-g\/#primaryimage\"},\"image\":{\"@id\":\"https:\/\/beautyinstitute.ee\/toode\/mask-powder-firming-180-g\/#primaryimage\"},\"thumbnailUrl\":\"https:\/\/beautyinstitute.ee\/wp-content\/uploads\/2024\/08\/PowderMask_Firming-145mm-Ebene.jpg\",\"datePublished\":\"2024-08-14T09:39:19+00:00\",\"dateModified\":\"2026-04-28T11:18:35+00:00\",\"breadcrumb\":{\"@id\":\"https:\/\/beautyinstitute.ee\/toode\/mask-powder-firming-180-g\/#breadcrumb\"},\"inLanguage\":\"ru-RU\",\"potentialAction\":[{\"@type\":\"ReadAction\",\"target\":[\"https:\/\/beautyinstitute.ee\/toode\/mask-powder-firming-180-g\/\"]}]},{\"@type\":\"ImageObject\",\"inLanguage\":\"ru-RU\",\"@id\":\"https:\/\/beautyinstitute.ee\/toode\/mask-powder-firming-180-g\/#primaryimage\",\"url\":\"https:\/\/beautyinstitute.ee\/wp-content\/uploads\/2024\/08\/PowderMask_Firming-145mm-Ebene.jpg\",\"contentUrl\":\"https:\/\/beautyinstitute.ee\/wp-content\/uploads\/2024\/08\/PowderMask_Firming-145mm-Ebene.jpg\",\"width\":2000,\"height\":2000},{\"@type\":\"BreadcrumbList\",\"@id\":\"https:\/\/beautyinstitute.ee\/toode\/mask-powder-firming-180-g\/#breadcrumb\",\"itemListElement\":[{\"@type\":\"ListItem\",\"position\":1,\"name\":\"Home\",\"item\":\"https:\/\/beautyinstitute.ee\/ru\/\"},{\"@type\":\"ListItem\",\"position\":2,\"name\":\"E-pood\",\"item\":\"https:\/\/beautyinstitute.ee\/e-pood\/\"},{\"@type\":\"ListItem\",\"position\":3,\"name\":\"Mask Powder Firming 180 G &#8220;P\u00e4rlid Ja Kuld&#8221;\"}]},{\"@type\":\"WebSite\",\"@id\":\"https:\/\/beautyinstitute.ee\/#website\",\"url\":\"https:\/\/beautyinstitute.ee\/\",\"name\":\"Beauty Institute\",\"description\":\"CNC Cosmetic ametlik maaletooja ja edasim\u00fc\u00fcja Eestis, Soomes, L\u00e4tis. Aparaadikosmeetika, koolitused, kosmeetikatooted.\",\"potentialAction\":[{\"@type\":\"SearchAction\",\"target\":{\"@type\":\"EntryPoint\",\"urlTemplate\":\"https:\/\/beautyinstitute.ee\/?s={search_term_string}\"},\"query-input\":{\"@type\":\"PropertyValueSpecification\",\"valueRequired\":true,\"valueName\":\"search_term_string\"}}],\"inLanguage\":\"ru-RU\"}]}<\/script>\n<!-- \/ Yoast SEO plugin. -->","yoast_head_json":{"title":"Mask Powder Firming 180 G \"P\u00e4rlid Ja Kuld\" - Beauty Institute","robots":{"index":"index","follow":"follow","max-snippet":"max-snippet:-1","max-image-preview":"max-image-preview:large","max-video-preview":"max-video-preview:-1"},"canonical":"https:\/\/beautyinstitute.ee\/toode\/mask-powder-firming-180-g\/","og_locale":"ru_RU","og_type":"article","og_title":"Mask Powder Firming 180 G \"P\u00e4rlid Ja Kuld\" - Beauty Institute","og_description":"Oklusiivne mask annab v\u00e4\u00e4rtuslikku niisutust ja annab nahale silmn\u00e4htavalt nooruslikuma s\u00e4ra. Loodusliku p\u00e4rlipuudri ja kulla pinguldavad ja nahka noorendavad omadused v\u00e4hendavad silmn\u00e4htavalt v\u00e4ikseid joonekesi ja kortse, pinguldavad kontuure ja \u00fchtlustavad nahatooni. Kasutamine: Sega 30 g pulbrit u. 90 ml veega (maksimaalne toatemperatuur), et moodustada homogeenne mass, kanda kiiresti ja \u00fchtlaselt nahale. Maski eemaldada 15-20 minuti [&hellip;]","og_url":"https:\/\/beautyinstitute.ee\/toode\/mask-powder-firming-180-g\/","og_site_name":"Beauty Institute","article_modified_time":"2026-04-28T11:18:35+00:00","og_image":[{"width":2000,"height":2000,"url":"https:\/\/beautyinstitute.ee\/wp-content\/uploads\/2024\/08\/PowderMask_Firming-145mm-Ebene.jpg","type":"image\/jpeg"}],"twitter_card":"summary_large_image","twitter_site":"@Beauty_Eesti","twitter_misc":{"\u041f\u0440\u0438\u043c\u0435\u0440\u043d\u043e\u0435 \u0432\u0440\u0435\u043c\u044f \u0434\u043b\u044f \u0447\u0442\u0435\u043d\u0438\u044f":"2 \u043c\u0438\u043d\u0443\u0442\u044b"},"schema":{"@context":"https:\/\/schema.org","@graph":[{"@type":"WebPage","@id":"https:\/\/beautyinstitute.ee\/toode\/mask-powder-firming-180-g\/","url":"https:\/\/beautyinstitute.ee\/toode\/mask-powder-firming-180-g\/","name":"Mask Powder Firming 180 G \"P\u00e4rlid Ja Kuld\" - Beauty Institute","isPartOf":{"@id":"https:\/\/beautyinstitute.ee\/#website"},"primaryImageOfPage":{"@id":"https:\/\/beautyinstitute.ee\/toode\/mask-powder-firming-180-g\/#primaryimage"},"image":{"@id":"https:\/\/beautyinstitute.ee\/toode\/mask-powder-firming-180-g\/#primaryimage"},"thumbnailUrl":"https:\/\/beautyinstitute.ee\/wp-content\/uploads\/2024\/08\/PowderMask_Firming-145mm-Ebene.jpg","datePublished":"2024-08-14T09:39:19+00:00","dateModified":"2026-04-28T11:18:35+00:00","breadcrumb":{"@id":"https:\/\/beautyinstitute.ee\/toode\/mask-powder-firming-180-g\/#breadcrumb"},"inLanguage":"ru-RU","potentialAction":[{"@type":"ReadAction","target":["https:\/\/beautyinstitute.ee\/toode\/mask-powder-firming-180-g\/"]}]},{"@type":"ImageObject","inLanguage":"ru-RU","@id":"https:\/\/beautyinstitute.ee\/toode\/mask-powder-firming-180-g\/#primaryimage","url":"https:\/\/beautyinstitute.ee\/wp-content\/uploads\/2024\/08\/PowderMask_Firming-145mm-Ebene.jpg","contentUrl":"https:\/\/beautyinstitute.ee\/wp-content\/uploads\/2024\/08\/PowderMask_Firming-145mm-Ebene.jpg","width":2000,"height":2000},{"@type":"BreadcrumbList","@id":"https:\/\/beautyinstitute.ee\/toode\/mask-powder-firming-180-g\/#breadcrumb","itemListElement":[{"@type":"ListItem","position":1,"name":"Home","item":"https:\/\/beautyinstitute.ee\/ru\/"},{"@type":"ListItem","position":2,"name":"E-pood","item":"https:\/\/beautyinstitute.ee\/e-pood\/"},{"@type":"ListItem","position":3,"name":"Mask Powder Firming 180 G &#8220;P\u00e4rlid Ja Kuld&#8221;"}]},{"@type":"WebSite","@id":"https:\/\/beautyinstitute.ee\/#website","url":"https:\/\/beautyinstitute.ee\/","name":"Beauty Institute","description":"CNC Cosmetic ametlik maaletooja ja edasim\u00fc\u00fcja Eestis, Soomes, L\u00e4tis. Aparaadikosmeetika, koolitused, kosmeetikatooted.","potentialAction":[{"@type":"SearchAction","target":{"@type":"EntryPoint","urlTemplate":"https:\/\/beautyinstitute.ee\/?s={search_term_string}"},"query-input":{"@type":"PropertyValueSpecification","valueRequired":true,"valueName":"search_term_string"}}],"inLanguage":"ru-RU"}]}},"_links":{"self":[{"href":"https:\/\/beautyinstitute.ee\/ru\/wp-json\/wp\/v2\/product\/30055","targetHints":{"allow":["GET"]}}],"collection":[{"href":"https:\/\/beautyinstitute.ee\/ru\/wp-json\/wp\/v2\/product"}],"about":[{"href":"https:\/\/beautyinstitute.ee\/ru\/wp-json\/wp\/v2\/types\/product"}],"wp:featuredmedia":[{"embeddable":true,"href":"https:\/\/beautyinstitute.ee\/ru\/wp-json\/wp\/v2\/media\/30134"}],"wp:attachment":[{"href":"https:\/\/beautyinstitute.ee\/ru\/wp-json\/wp\/v2\/media?parent=30055"}],"wp:term":[{"taxonomy":"product_cat","embeddable":true,"href":"https:\/\/beautyinstitute.ee\/ru\/wp-json\/wp\/v2\/product_cat?post=30055"},{"taxonomy":"product_tag","embeddable":true,"href":"https:\/\/beautyinstitute.ee\/ru\/wp-json\/wp\/v2\/product_tag?post=30055"}],"curies":[{"name":"wp","href":"https:\/\/api.w.org\/{rel}","templated":true}]}}