{"id":3006,"date":"2019-01-25T09:16:53","date_gmt":"2019-01-25T09:16:53","guid":{"rendered":"https:\/\/beautyinstitute.ee\/?post_type=product&#038;p=3006"},"modified":"2026-04-15T10:44:10","modified_gmt":"2026-04-15T07:44:10","slug":"chia-repair-night-cream","status":"publish","type":"product","link":"https:\/\/beautyinstitute.ee\/ru\/toode\/chia-repair-night-cream\/","title":{"rendered":"Chia Repair Night Cream"},"content":{"rendered":"<p><strong>Tugevalt toitev \u00f6\u00f6kreem.<\/strong><\/p>\n<p>Erinevad seemned ja puuviljaekstraktid annavad t\u00e4ieliku kaitse. Sinu nahk saab taastuda kui sa magad. Hommikul vaatab peeglist vastu l\u00f5dvestunud ja v\u00e4rske n\u00e4gu.<\/p>\n<p><strong>Eelised:<\/strong><\/p>\n<ul>\n<li>s\u00e4ilitab naha nooruslikkuse, silub kortse<\/li>\n<li>toetab naha taastumist<\/li>\n<\/ul>\n<p><strong>Sobilik:<\/strong> kuiv, tundlik nahk, mis vajab taastamist.<\/p>\n<p><strong>Toimeained:<\/strong> chia seemne\u00f5li, sheav\u00f5i, granaat\u00f5una seemne \u00f5li, mandli\u00f5li, jojoba, mimoosi vaha, hyal\u00fcroonhape.<\/p>\n","protected":false},"excerpt":{"rendered":"<p>Tugevalt toitev \u00f6\u00f6kreem. Erinevad seemned ja puuviljaekstraktid annavad t\u00e4ieliku kaitse. Sinu nahk saab taastuda kui sa magad. Hommikul vaatab peeglist vastu l\u00f5dvestunud ja v\u00e4rske n\u00e4gu. Eelised: s\u00e4ilitab naha nooruslikkuse, silub kortse toetab naha taastumist Sobilik: kuiv, tundlik nahk, mis vajab taastamist. Toimeained: chia seemne\u00f5li, sheav\u00f5i, granaat\u00f5una seemne \u00f5li, mandli\u00f5li, jojoba, mimoosi vaha, hyal\u00fcroonhape.<\/p>\n","protected":false},"featured_media":3011,"template":"","meta":{"_acf_changed":false},"product_cat":[250,114,131],"product_tag":[],"class_list":["post-3006","product","type-product","status-publish","has-post-thumbnail","hentry","product_cat-naokreemid","product_cat-tootesarjad","product_cat-pure-organic"],"acf":[],"yoast_head":"<!-- This site is optimized with the Yoast SEO plugin v25.4 - https:\/\/yoast.com\/wordpress\/plugins\/seo\/ -->\n<title>Chia Repair Night Cream - Beauty Institute<\/title>\n<meta name=\"robots\" content=\"index, follow, max-snippet:-1, max-image-preview:large, max-video-preview:-1\" \/>\n<link rel=\"canonical\" href=\"https:\/\/beautyinstitute.ee\/toode\/chia-repair-night-cream\/\" \/>\n<meta property=\"og:locale\" content=\"ru_RU\" \/>\n<meta property=\"og:type\" content=\"article\" \/>\n<meta property=\"og:title\" content=\"Chia Repair Night Cream - Beauty Institute\" \/>\n<meta property=\"og:description\" content=\"Tugevalt toitev \u00f6\u00f6kreem. Erinevad seemned ja puuviljaekstraktid annavad t\u00e4ieliku kaitse. Sinu nahk saab taastuda kui sa magad. Hommikul vaatab peeglist vastu l\u00f5dvestunud ja v\u00e4rske n\u00e4gu. Eelised: s\u00e4ilitab naha nooruslikkuse, silub kortse toetab naha taastumist Sobilik: kuiv, tundlik nahk, mis vajab taastamist. Toimeained: chia seemne\u00f5li, sheav\u00f5i, granaat\u00f5una seemne \u00f5li, mandli\u00f5li, jojoba, mimoosi vaha, hyal\u00fcroonhape.\" \/>\n<meta property=\"og:url\" content=\"https:\/\/beautyinstitute.ee\/toode\/chia-repair-night-cream\/\" \/>\n<meta property=\"og:site_name\" content=\"Beauty Institute\" \/>\n<meta property=\"article:modified_time\" content=\"2026-04-15T07:44:10+00:00\" \/>\n<meta property=\"og:image\" content=\"https:\/\/beautyinstitute.ee\/wp-content\/uploads\/2019\/01\/102002.jpg\" \/>\n\t<meta property=\"og:image:width\" content=\"1500\" \/>\n\t<meta property=\"og:image:height\" content=\"1422\" \/>\n\t<meta property=\"og:image:type\" content=\"image\/jpeg\" \/>\n<meta name=\"twitter:card\" content=\"summary_large_image\" \/>\n<meta name=\"twitter:site\" content=\"@Beauty_Eesti\" \/>\n<meta name=\"twitter:label1\" content=\"\u041f\u0440\u0438\u043c\u0435\u0440\u043d\u043e\u0435 \u0432\u0440\u0435\u043c\u044f \u0434\u043b\u044f \u0447\u0442\u0435\u043d\u0438\u044f\" \/>\n\t<meta name=\"twitter:data1\" content=\"1 \u043c\u0438\u043d\u0443\u0442\u0430\" \/>\n<script type=\"application\/ld+json\" class=\"yoast-schema-graph\">{\"@context\":\"https:\/\/schema.org\",\"@graph\":[{\"@type\":\"WebPage\",\"@id\":\"https:\/\/beautyinstitute.ee\/toode\/chia-repair-night-cream\/\",\"url\":\"https:\/\/beautyinstitute.ee\/toode\/chia-repair-night-cream\/\",\"name\":\"Chia Repair Night Cream - Beauty Institute\",\"isPartOf\":{\"@id\":\"https:\/\/beautyinstitute.ee\/#website\"},\"primaryImageOfPage\":{\"@id\":\"https:\/\/beautyinstitute.ee\/toode\/chia-repair-night-cream\/#primaryimage\"},\"image\":{\"@id\":\"https:\/\/beautyinstitute.ee\/toode\/chia-repair-night-cream\/#primaryimage\"},\"thumbnailUrl\":\"https:\/\/beautyinstitute.ee\/wp-content\/uploads\/2019\/01\/102002.jpg\",\"datePublished\":\"2019-01-25T09:16:53+00:00\",\"dateModified\":\"2026-04-15T07:44:10+00:00\",\"breadcrumb\":{\"@id\":\"https:\/\/beautyinstitute.ee\/toode\/chia-repair-night-cream\/#breadcrumb\"},\"inLanguage\":\"ru-RU\",\"potentialAction\":[{\"@type\":\"ReadAction\",\"target\":[\"https:\/\/beautyinstitute.ee\/toode\/chia-repair-night-cream\/\"]}]},{\"@type\":\"ImageObject\",\"inLanguage\":\"ru-RU\",\"@id\":\"https:\/\/beautyinstitute.ee\/toode\/chia-repair-night-cream\/#primaryimage\",\"url\":\"https:\/\/beautyinstitute.ee\/wp-content\/uploads\/2019\/01\/102002.jpg\",\"contentUrl\":\"https:\/\/beautyinstitute.ee\/wp-content\/uploads\/2019\/01\/102002.jpg\",\"width\":1500,\"height\":1422},{\"@type\":\"BreadcrumbList\",\"@id\":\"https:\/\/beautyinstitute.ee\/toode\/chia-repair-night-cream\/#breadcrumb\",\"itemListElement\":[{\"@type\":\"ListItem\",\"position\":1,\"name\":\"Home\",\"item\":\"https:\/\/beautyinstitute.ee\/ru\/\"},{\"@type\":\"ListItem\",\"position\":2,\"name\":\"E-pood\",\"item\":\"https:\/\/beautyinstitute.ee\/e-pood\/\"},{\"@type\":\"ListItem\",\"position\":3,\"name\":\"Chia Repair Night Cream\"}]},{\"@type\":\"WebSite\",\"@id\":\"https:\/\/beautyinstitute.ee\/#website\",\"url\":\"https:\/\/beautyinstitute.ee\/\",\"name\":\"Beauty Institute\",\"description\":\"CNC Cosmetic ametlik maaletooja ja edasim\u00fc\u00fcja Eestis, Soomes, L\u00e4tis. Aparaadikosmeetika, koolitused, kosmeetikatooted.\",\"potentialAction\":[{\"@type\":\"SearchAction\",\"target\":{\"@type\":\"EntryPoint\",\"urlTemplate\":\"https:\/\/beautyinstitute.ee\/?s={search_term_string}\"},\"query-input\":{\"@type\":\"PropertyValueSpecification\",\"valueRequired\":true,\"valueName\":\"search_term_string\"}}],\"inLanguage\":\"ru-RU\"}]}<\/script>\n<!-- \/ Yoast SEO plugin. -->","yoast_head_json":{"title":"Chia Repair Night Cream - Beauty Institute","robots":{"index":"index","follow":"follow","max-snippet":"max-snippet:-1","max-image-preview":"max-image-preview:large","max-video-preview":"max-video-preview:-1"},"canonical":"https:\/\/beautyinstitute.ee\/toode\/chia-repair-night-cream\/","og_locale":"ru_RU","og_type":"article","og_title":"Chia Repair Night Cream - Beauty Institute","og_description":"Tugevalt toitev \u00f6\u00f6kreem. Erinevad seemned ja puuviljaekstraktid annavad t\u00e4ieliku kaitse. Sinu nahk saab taastuda kui sa magad. Hommikul vaatab peeglist vastu l\u00f5dvestunud ja v\u00e4rske n\u00e4gu. Eelised: s\u00e4ilitab naha nooruslikkuse, silub kortse toetab naha taastumist Sobilik: kuiv, tundlik nahk, mis vajab taastamist. Toimeained: chia seemne\u00f5li, sheav\u00f5i, granaat\u00f5una seemne \u00f5li, mandli\u00f5li, jojoba, mimoosi vaha, hyal\u00fcroonhape.","og_url":"https:\/\/beautyinstitute.ee\/toode\/chia-repair-night-cream\/","og_site_name":"Beauty Institute","article_modified_time":"2026-04-15T07:44:10+00:00","og_image":[{"width":1500,"height":1422,"url":"https:\/\/beautyinstitute.ee\/wp-content\/uploads\/2019\/01\/102002.jpg","type":"image\/jpeg"}],"twitter_card":"summary_large_image","twitter_site":"@Beauty_Eesti","twitter_misc":{"\u041f\u0440\u0438\u043c\u0435\u0440\u043d\u043e\u0435 \u0432\u0440\u0435\u043c\u044f \u0434\u043b\u044f \u0447\u0442\u0435\u043d\u0438\u044f":"1 \u043c\u0438\u043d\u0443\u0442\u0430"},"schema":{"@context":"https:\/\/schema.org","@graph":[{"@type":"WebPage","@id":"https:\/\/beautyinstitute.ee\/toode\/chia-repair-night-cream\/","url":"https:\/\/beautyinstitute.ee\/toode\/chia-repair-night-cream\/","name":"Chia Repair Night Cream - Beauty Institute","isPartOf":{"@id":"https:\/\/beautyinstitute.ee\/#website"},"primaryImageOfPage":{"@id":"https:\/\/beautyinstitute.ee\/toode\/chia-repair-night-cream\/#primaryimage"},"image":{"@id":"https:\/\/beautyinstitute.ee\/toode\/chia-repair-night-cream\/#primaryimage"},"thumbnailUrl":"https:\/\/beautyinstitute.ee\/wp-content\/uploads\/2019\/01\/102002.jpg","datePublished":"2019-01-25T09:16:53+00:00","dateModified":"2026-04-15T07:44:10+00:00","breadcrumb":{"@id":"https:\/\/beautyinstitute.ee\/toode\/chia-repair-night-cream\/#breadcrumb"},"inLanguage":"ru-RU","potentialAction":[{"@type":"ReadAction","target":["https:\/\/beautyinstitute.ee\/toode\/chia-repair-night-cream\/"]}]},{"@type":"ImageObject","inLanguage":"ru-RU","@id":"https:\/\/beautyinstitute.ee\/toode\/chia-repair-night-cream\/#primaryimage","url":"https:\/\/beautyinstitute.ee\/wp-content\/uploads\/2019\/01\/102002.jpg","contentUrl":"https:\/\/beautyinstitute.ee\/wp-content\/uploads\/2019\/01\/102002.jpg","width":1500,"height":1422},{"@type":"BreadcrumbList","@id":"https:\/\/beautyinstitute.ee\/toode\/chia-repair-night-cream\/#breadcrumb","itemListElement":[{"@type":"ListItem","position":1,"name":"Home","item":"https:\/\/beautyinstitute.ee\/ru\/"},{"@type":"ListItem","position":2,"name":"E-pood","item":"https:\/\/beautyinstitute.ee\/e-pood\/"},{"@type":"ListItem","position":3,"name":"Chia Repair Night Cream"}]},{"@type":"WebSite","@id":"https:\/\/beautyinstitute.ee\/#website","url":"https:\/\/beautyinstitute.ee\/","name":"Beauty Institute","description":"CNC Cosmetic ametlik maaletooja ja edasim\u00fc\u00fcja Eestis, Soomes, L\u00e4tis. Aparaadikosmeetika, koolitused, kosmeetikatooted.","potentialAction":[{"@type":"SearchAction","target":{"@type":"EntryPoint","urlTemplate":"https:\/\/beautyinstitute.ee\/?s={search_term_string}"},"query-input":{"@type":"PropertyValueSpecification","valueRequired":true,"valueName":"search_term_string"}}],"inLanguage":"ru-RU"}]}},"_links":{"self":[{"href":"https:\/\/beautyinstitute.ee\/ru\/wp-json\/wp\/v2\/product\/3006","targetHints":{"allow":["GET"]}}],"collection":[{"href":"https:\/\/beautyinstitute.ee\/ru\/wp-json\/wp\/v2\/product"}],"about":[{"href":"https:\/\/beautyinstitute.ee\/ru\/wp-json\/wp\/v2\/types\/product"}],"wp:featuredmedia":[{"embeddable":true,"href":"https:\/\/beautyinstitute.ee\/ru\/wp-json\/wp\/v2\/media\/3011"}],"wp:attachment":[{"href":"https:\/\/beautyinstitute.ee\/ru\/wp-json\/wp\/v2\/media?parent=3006"}],"wp:term":[{"taxonomy":"product_cat","embeddable":true,"href":"https:\/\/beautyinstitute.ee\/ru\/wp-json\/wp\/v2\/product_cat?post=3006"},{"taxonomy":"product_tag","embeddable":true,"href":"https:\/\/beautyinstitute.ee\/ru\/wp-json\/wp\/v2\/product_tag?post=3006"}],"curies":[{"name":"wp","href":"https:\/\/api.w.org\/{rel}","templated":true}]}}