{"id":30077,"date":"2024-08-15T13:25:07","date_gmt":"2024-08-15T10:25:07","guid":{"rendered":"https:\/\/beautyinstitute.ee\/?post_type=product&#038;p=30077"},"modified":"2026-04-27T15:40:52","modified_gmt":"2026-04-27T12:40:52","slug":"mask-powder-better-aging-180-g-spiruliina-oliivid","status":"publish","type":"product","link":"https:\/\/beautyinstitute.ee\/ru\/toode\/mask-powder-better-aging-180-g-spiruliina-oliivid\/","title":{"rendered":"Mask Powder Better Aging 180 G &#8220;Spiruliina &#038; Oliivid&#8221;"},"content":{"rendered":"<p>Oklusiivne mask annab v\u00e4\u00e4rtuslikku niisutust ja varustab regenereerimist vajavat nahka<br \/>\naminohapete, vitamiinide ja mikrovetika spirulina asendamatute rasvhapetega. Soodustab nahakoe<br \/>\nuuenemist ja toetab regenereerimisprotsesse. Oliivilehe ekstrakt on rakke kaitsva toimega ja<br \/>\ntugevdab nahka v\u00e4lism\u00f5jude eest.<\/p>\n<p><strong>Kasutamine:<\/strong><br \/>\nSega 30 g pulbrit u. 90 ml vett (maksimaalne toatemperatuur), et moodustada homogeenne mass,<br \/>\nkanda kiiresti ja \u00fchtlaselt nahale. Maski v\u00f5ib eemaldada 15-20 minuti p\u00e4rast. Eemaldage k\u00f5ik maski<br \/>\nj\u00e4\u00e4gid niiske vatipadjaga.<\/p>\n<p><strong>Sobib:<\/strong><br \/>\nTaastamist vajavle nahale<br \/>\n<strong>Peamised toimeained:<\/strong><br \/>\nPruunvetikas, oliivilehtede ekstrakt, spirulina, rosmariini\u00f5li<\/p>\n<p><strong>Algiin<\/strong>, looduslik toimeaine pruunvetikatest. Algiin, tuntud ka kui vetikaekstrakt, on rikas mineraalide ja<br \/>\nvitamiinide poolest. Looduslikud koostisosad aitavad kaasa naha tervisele ja ilule, varustades nahka oluliste toitainetega, mis tugevdavad nahabarj\u00e4\u00e4ri. Algiinil on nahka rahustav toime ning see v\u00e4hendab punetust ja<br \/>\n\u00e4rritust. Mask soodustab naha niisutamist ja parandab naha elastsust.<br \/>\nTOIME<br \/>\n\u2022 suurendab naha elastsust<br \/>\n\u2022 intensiivselt niisutav<br \/>\n\u2022 rahustav<\/p>\n<p>Olea Europaea (oliivi\u00f5li) lehtede ekstrakt on taimse p\u00e4ritoluga toimeaine. Biosobiv oliivilehtede ekstrakt saadakse oliivipuu \u2013 Kreeka jumalate p\u00fcha puu \u2013 lehtedest. Oliivilehtedel ja eriti oliivilehtede ekstraktil on meie tervisele palju<br \/>\nsuurem m\u00f5ju kui oliivi\u00f5lil. See on tingitud konkreetsest koostisosast, mida nimetatakse oleuropeiiniks. Tegemist on v\u00e4ga v\u00f5imsa antioks\u00fcdandiga, mida leidub oliivipuu juurtes, koores, viljades ja lehtedes. Oliivilehtede ekstrakt aeglustab vananemisprotsessi.<\/p>\n<p>Teine oliivilehtede tohutult oluline toimeaine on klorof\u00fcll. See stimuleerib punaste vereliblede moodustumist, aitab puhastada verd ja stimuleerib rakkude hingamist. Sellel on positiivne m\u00f5ju organismi rakkude taastumisele ja elueale. T\u00e4nu neile omadustele aeglustab klorof\u00fclli osakaal organismis oluliselt vananemisprotsessi. Aju, n\u00e4rvide ja k\u00f5igi organite ja organs\u00fcsteemide t\u00e4pset toimimist soodustab ka klorof\u00fcll toidus. Oliivilehe ekstrakt aitab t\u00f5sta klorof\u00fclli<br \/>\nsisaldust ja seel\u00e4bi oma antioks\u00fcdantse toime abil ennetada vananemisilminguid. Oliivilehtede ekstrakt on efektiivne bakterite ja seente vastu.Peale juba mainitud oleuropeiini sisaldab oliivilehtede ekstrakt ka teisi sekundaarseid taimseid aineid nagu flavonoide, f\u00fctosteroole, pol\u00fcfenoole, gl\u00fckosiide, terpeene ja m\u00f5ruaineid. Need ained mitte<br \/>\nainult ei kaitse oliivipuud parasiitide, bakterite ja seente nakatumise ning UVA-kiirte p\u00f5hjustatud p\u00f5letuste eest, vaid ka inimesi, kes kasutavad oliivilehtede ekstrakti.<\/p>\n<p>Oliivilehtede ekstrakti \u00fcldine kasu tervisele p\u00f5hineb selle arvukate kasulike koostisosade t\u00e4iuslikul koostoimel. Need toimivad s\u00fcnergiliselt ja tugevdavad seega \u00fcksteist oma t\u00f5hususes. Oliivilehtede ekstrakti tugev antioks\u00fcdantne j\u00f5ud, selle k\u00f5rge klorof\u00fclli sisaldus ja suur hulk sekundaarseid taimseid aineid, mida see sisaldab, selgitavad oliivilehtede ekstrakti j\u00e4rgmisi individuaalseid toimeid, mis k\u00f5ik on teaduslike uuringutega t\u00f5estatud.<\/p>\n<p>OMADUSED<br \/>\n\u2022 antibakteriaalne<br \/>\n\u2022 viirusevastane<br \/>\n\u2022 seenevastane (seentevastane)<br \/>\n\u2022 parasiidivastane<\/p>\n<p>\u2022 p\u00f5letikuvastane, immuuns\u00fcsteemi tugevdav<\/p>\n<p><strong>Spiruliina<\/strong><\/p>\n<p>Spiruliina eelistab troopilisi veekogusi, seda leidub peamiselt Austraalias, Kesk-Ameerikas, Kagu-Aasias ja Aafrikas. Kuid vetikaid kasvatatakse t\u00e4nap\u00e4eval ka avatud ja suletud vesiviljeluses. Niisutav ja meeldiv toime uuendab nahka hetkega. Tulemus pole mitte ainult m\u00e4rgatav, vaid ka p\u00e4rast l\u00fchikest pealekandmisaega peeglist n\u00e4ha. Eemaldab stressi ja v\u00e4simuse j\u00e4ljed. Toime nahale on rakkude uuendamine ja vananemisvastane toime. Mitte \u00fckski teine \u200b\u200btoimeaine ei suuda nii t\u00f5husalt aidata kaasa rakkude uuenemisele. Nahahooldus vahendina v\u00f5itleb spirulina liigse rasu vastu ja on tasakaalustav.<\/p>\n<p>T\u00e4nu oma koostisainetele seleenile, t\u00fcrosiinile ja E-vitamiinile on spiruliina ka t\u00e4iuslikuks aluseks looduslikule vananemisvastasele toimele. Koos arvukate antioks\u00fcdantidega toimivad vetikad aktiivse koostisosana, et v\u00f5idelda vabade radikaalidega, mis stimuleerivad naha vananemist.<\/p>\n<p>OMADUSED<\/p>\n<p>\u2022 antioks\u00fcdant<\/p>\n<p>\u2022 rakkude uuendamine<\/p>\n<p><strong>Rosmariini\u00f5li<\/strong><\/p>\n<p>Rosmarinus Officinalis (rosmariini) lehe\u00f5li on taimse p\u00e4ritoluga eeterlik \u00f5li, millel on nahale palju positiivseid toimeid.<\/p>\n<p>Rosmariinil on toniseerivad omadused, mis peanahale kandes soodustavad juuste kasvu ja hoiavad \u00e4ra juuste v\u00e4ljalangemise. Toimeaine on antibakteriaalne ja seenevastane, aga ka rahustav \u2013 suurep\u00e4rane kombinatsioon k\u00f5\u00f5ma, akne ja armistumise ennetamiseks.<br \/>\nOMADUSED<\/p>\n<p>\u2022 Antibakteriaalne, soodustab naha ainevahetust, tasakaalustades rasu<br \/>\n\u2022 Tugev antioks\u00fcdant, ideaalne k\u00fcpse naha hooldamiseks<br \/>\n\u2022 Stimuleerib vereringet, parandab jumet<\/p>\n<p>&nbsp;<\/p>\n<p>Ideaalne profimask salongis kasutamiseks.<br \/>\nP\u00e4rast aparatiivset hooldust. V\u00e4lja arvatud MicroNeedling.<br \/>\nOptimaalne alternatiiv aesthetic world Mask powder mediumile<\/p>\n<p>&nbsp;<\/p>\n<p>&nbsp;<\/p>\n<p>&nbsp;<\/p>\n","protected":false},"excerpt":{"rendered":"<p>Oklusiivne mask annab v\u00e4\u00e4rtuslikku niisutust ja varustab regenereerimist vajavat nahka aminohapete, vitamiinide ja mikrovetika spirulina asendamatute rasvhapetega. Soodustab nahakoe uuenemist ja toetab regenereerimisprotsesse. Oliivilehe ekstrakt on rakke kaitsva toimega ja tugevdab nahka v\u00e4lism\u00f5jude eest. Kasutamine: Sega 30 g pulbrit u. 90 ml vett (maksimaalne toatemperatuur), et moodustada homogeenne mass, kanda kiiresti ja \u00fchtlaselt nahale. Maski [&hellip;]<\/p>\n","protected":false},"featured_media":30131,"template":"","meta":{"_acf_changed":false},"product_cat":[248,146],"product_tag":[],"class_list":["post-30077","product","type-product","status-publish","has-post-thumbnail","hentry","product_cat-maskid-2","product_cat-kummimaskid"],"acf":[],"yoast_head":"<!-- This site is optimized with the Yoast SEO plugin v25.4 - https:\/\/yoast.com\/wordpress\/plugins\/seo\/ -->\n<title>Mask Powder Better Aging 180 G &quot;Spiruliina &amp; Oliivid&quot; - Beauty Institute<\/title>\n<meta name=\"robots\" content=\"index, follow, max-snippet:-1, max-image-preview:large, max-video-preview:-1\" \/>\n<link rel=\"canonical\" href=\"https:\/\/beautyinstitute.ee\/toode\/mask-powder-better-aging-180-g-spiruliina-oliivid\/\" \/>\n<meta property=\"og:locale\" content=\"ru_RU\" \/>\n<meta property=\"og:type\" content=\"article\" \/>\n<meta property=\"og:title\" content=\"Mask Powder Better Aging 180 G &quot;Spiruliina &amp; Oliivid&quot; - Beauty Institute\" \/>\n<meta property=\"og:description\" content=\"Oklusiivne mask annab v\u00e4\u00e4rtuslikku niisutust ja varustab regenereerimist vajavat nahka aminohapete, vitamiinide ja mikrovetika spirulina asendamatute rasvhapetega. Soodustab nahakoe uuenemist ja toetab regenereerimisprotsesse. Oliivilehe ekstrakt on rakke kaitsva toimega ja tugevdab nahka v\u00e4lism\u00f5jude eest. Kasutamine: Sega 30 g pulbrit u. 90 ml vett (maksimaalne toatemperatuur), et moodustada homogeenne mass, kanda kiiresti ja \u00fchtlaselt nahale. Maski [&hellip;]\" \/>\n<meta property=\"og:url\" content=\"https:\/\/beautyinstitute.ee\/toode\/mask-powder-better-aging-180-g-spiruliina-oliivid\/\" \/>\n<meta property=\"og:site_name\" content=\"Beauty Institute\" \/>\n<meta property=\"article:modified_time\" content=\"2026-04-27T12:40:52+00:00\" \/>\n<meta property=\"og:image\" content=\"https:\/\/beautyinstitute.ee\/wp-content\/uploads\/2024\/08\/PowderMask_Better-Aging-145mm-Ebene-1.jpg\" \/>\n\t<meta property=\"og:image:width\" content=\"2000\" \/>\n\t<meta property=\"og:image:height\" content=\"2000\" \/>\n\t<meta property=\"og:image:type\" content=\"image\/jpeg\" \/>\n<meta name=\"twitter:card\" content=\"summary_large_image\" \/>\n<meta name=\"twitter:site\" content=\"@Beauty_Eesti\" \/>\n<meta name=\"twitter:label1\" content=\"\u041f\u0440\u0438\u043c\u0435\u0440\u043d\u043e\u0435 \u0432\u0440\u0435\u043c\u044f \u0434\u043b\u044f \u0447\u0442\u0435\u043d\u0438\u044f\" \/>\n\t<meta name=\"twitter:data1\" content=\"4 \u043c\u0438\u043d\u0443\u0442\u044b\" \/>\n<script type=\"application\/ld+json\" class=\"yoast-schema-graph\">{\"@context\":\"https:\/\/schema.org\",\"@graph\":[{\"@type\":\"WebPage\",\"@id\":\"https:\/\/beautyinstitute.ee\/toode\/mask-powder-better-aging-180-g-spiruliina-oliivid\/\",\"url\":\"https:\/\/beautyinstitute.ee\/toode\/mask-powder-better-aging-180-g-spiruliina-oliivid\/\",\"name\":\"Mask Powder Better Aging 180 G \\\"Spiruliina & Oliivid\\\" - Beauty Institute\",\"isPartOf\":{\"@id\":\"https:\/\/beautyinstitute.ee\/#website\"},\"primaryImageOfPage\":{\"@id\":\"https:\/\/beautyinstitute.ee\/toode\/mask-powder-better-aging-180-g-spiruliina-oliivid\/#primaryimage\"},\"image\":{\"@id\":\"https:\/\/beautyinstitute.ee\/toode\/mask-powder-better-aging-180-g-spiruliina-oliivid\/#primaryimage\"},\"thumbnailUrl\":\"https:\/\/beautyinstitute.ee\/wp-content\/uploads\/2024\/08\/PowderMask_Better-Aging-145mm-Ebene-1.jpg\",\"datePublished\":\"2024-08-15T10:25:07+00:00\",\"dateModified\":\"2026-04-27T12:40:52+00:00\",\"breadcrumb\":{\"@id\":\"https:\/\/beautyinstitute.ee\/toode\/mask-powder-better-aging-180-g-spiruliina-oliivid\/#breadcrumb\"},\"inLanguage\":\"ru-RU\",\"potentialAction\":[{\"@type\":\"ReadAction\",\"target\":[\"https:\/\/beautyinstitute.ee\/toode\/mask-powder-better-aging-180-g-spiruliina-oliivid\/\"]}]},{\"@type\":\"ImageObject\",\"inLanguage\":\"ru-RU\",\"@id\":\"https:\/\/beautyinstitute.ee\/toode\/mask-powder-better-aging-180-g-spiruliina-oliivid\/#primaryimage\",\"url\":\"https:\/\/beautyinstitute.ee\/wp-content\/uploads\/2024\/08\/PowderMask_Better-Aging-145mm-Ebene-1.jpg\",\"contentUrl\":\"https:\/\/beautyinstitute.ee\/wp-content\/uploads\/2024\/08\/PowderMask_Better-Aging-145mm-Ebene-1.jpg\",\"width\":2000,\"height\":2000},{\"@type\":\"BreadcrumbList\",\"@id\":\"https:\/\/beautyinstitute.ee\/toode\/mask-powder-better-aging-180-g-spiruliina-oliivid\/#breadcrumb\",\"itemListElement\":[{\"@type\":\"ListItem\",\"position\":1,\"name\":\"Home\",\"item\":\"https:\/\/beautyinstitute.ee\/ru\/\"},{\"@type\":\"ListItem\",\"position\":2,\"name\":\"E-pood\",\"item\":\"https:\/\/beautyinstitute.ee\/e-pood\/\"},{\"@type\":\"ListItem\",\"position\":3,\"name\":\"Mask Powder Better Aging 180 G &#8220;Spiruliina &#038; Oliivid&#8221;\"}]},{\"@type\":\"WebSite\",\"@id\":\"https:\/\/beautyinstitute.ee\/#website\",\"url\":\"https:\/\/beautyinstitute.ee\/\",\"name\":\"Beauty Institute\",\"description\":\"CNC Cosmetic ametlik maaletooja ja edasim\u00fc\u00fcja Eestis, Soomes, L\u00e4tis. Aparaadikosmeetika, koolitused, kosmeetikatooted.\",\"potentialAction\":[{\"@type\":\"SearchAction\",\"target\":{\"@type\":\"EntryPoint\",\"urlTemplate\":\"https:\/\/beautyinstitute.ee\/?s={search_term_string}\"},\"query-input\":{\"@type\":\"PropertyValueSpecification\",\"valueRequired\":true,\"valueName\":\"search_term_string\"}}],\"inLanguage\":\"ru-RU\"}]}<\/script>\n<!-- \/ Yoast SEO plugin. -->","yoast_head_json":{"title":"Mask Powder Better Aging 180 G \"Spiruliina & Oliivid\" - Beauty Institute","robots":{"index":"index","follow":"follow","max-snippet":"max-snippet:-1","max-image-preview":"max-image-preview:large","max-video-preview":"max-video-preview:-1"},"canonical":"https:\/\/beautyinstitute.ee\/toode\/mask-powder-better-aging-180-g-spiruliina-oliivid\/","og_locale":"ru_RU","og_type":"article","og_title":"Mask Powder Better Aging 180 G \"Spiruliina & Oliivid\" - Beauty Institute","og_description":"Oklusiivne mask annab v\u00e4\u00e4rtuslikku niisutust ja varustab regenereerimist vajavat nahka aminohapete, vitamiinide ja mikrovetika spirulina asendamatute rasvhapetega. Soodustab nahakoe uuenemist ja toetab regenereerimisprotsesse. Oliivilehe ekstrakt on rakke kaitsva toimega ja tugevdab nahka v\u00e4lism\u00f5jude eest. Kasutamine: Sega 30 g pulbrit u. 90 ml vett (maksimaalne toatemperatuur), et moodustada homogeenne mass, kanda kiiresti ja \u00fchtlaselt nahale. Maski [&hellip;]","og_url":"https:\/\/beautyinstitute.ee\/toode\/mask-powder-better-aging-180-g-spiruliina-oliivid\/","og_site_name":"Beauty Institute","article_modified_time":"2026-04-27T12:40:52+00:00","og_image":[{"width":2000,"height":2000,"url":"https:\/\/beautyinstitute.ee\/wp-content\/uploads\/2024\/08\/PowderMask_Better-Aging-145mm-Ebene-1.jpg","type":"image\/jpeg"}],"twitter_card":"summary_large_image","twitter_site":"@Beauty_Eesti","twitter_misc":{"\u041f\u0440\u0438\u043c\u0435\u0440\u043d\u043e\u0435 \u0432\u0440\u0435\u043c\u044f \u0434\u043b\u044f \u0447\u0442\u0435\u043d\u0438\u044f":"4 \u043c\u0438\u043d\u0443\u0442\u044b"},"schema":{"@context":"https:\/\/schema.org","@graph":[{"@type":"WebPage","@id":"https:\/\/beautyinstitute.ee\/toode\/mask-powder-better-aging-180-g-spiruliina-oliivid\/","url":"https:\/\/beautyinstitute.ee\/toode\/mask-powder-better-aging-180-g-spiruliina-oliivid\/","name":"Mask Powder Better Aging 180 G \"Spiruliina & Oliivid\" - Beauty Institute","isPartOf":{"@id":"https:\/\/beautyinstitute.ee\/#website"},"primaryImageOfPage":{"@id":"https:\/\/beautyinstitute.ee\/toode\/mask-powder-better-aging-180-g-spiruliina-oliivid\/#primaryimage"},"image":{"@id":"https:\/\/beautyinstitute.ee\/toode\/mask-powder-better-aging-180-g-spiruliina-oliivid\/#primaryimage"},"thumbnailUrl":"https:\/\/beautyinstitute.ee\/wp-content\/uploads\/2024\/08\/PowderMask_Better-Aging-145mm-Ebene-1.jpg","datePublished":"2024-08-15T10:25:07+00:00","dateModified":"2026-04-27T12:40:52+00:00","breadcrumb":{"@id":"https:\/\/beautyinstitute.ee\/toode\/mask-powder-better-aging-180-g-spiruliina-oliivid\/#breadcrumb"},"inLanguage":"ru-RU","potentialAction":[{"@type":"ReadAction","target":["https:\/\/beautyinstitute.ee\/toode\/mask-powder-better-aging-180-g-spiruliina-oliivid\/"]}]},{"@type":"ImageObject","inLanguage":"ru-RU","@id":"https:\/\/beautyinstitute.ee\/toode\/mask-powder-better-aging-180-g-spiruliina-oliivid\/#primaryimage","url":"https:\/\/beautyinstitute.ee\/wp-content\/uploads\/2024\/08\/PowderMask_Better-Aging-145mm-Ebene-1.jpg","contentUrl":"https:\/\/beautyinstitute.ee\/wp-content\/uploads\/2024\/08\/PowderMask_Better-Aging-145mm-Ebene-1.jpg","width":2000,"height":2000},{"@type":"BreadcrumbList","@id":"https:\/\/beautyinstitute.ee\/toode\/mask-powder-better-aging-180-g-spiruliina-oliivid\/#breadcrumb","itemListElement":[{"@type":"ListItem","position":1,"name":"Home","item":"https:\/\/beautyinstitute.ee\/ru\/"},{"@type":"ListItem","position":2,"name":"E-pood","item":"https:\/\/beautyinstitute.ee\/e-pood\/"},{"@type":"ListItem","position":3,"name":"Mask Powder Better Aging 180 G &#8220;Spiruliina &#038; Oliivid&#8221;"}]},{"@type":"WebSite","@id":"https:\/\/beautyinstitute.ee\/#website","url":"https:\/\/beautyinstitute.ee\/","name":"Beauty Institute","description":"CNC Cosmetic ametlik maaletooja ja edasim\u00fc\u00fcja Eestis, Soomes, L\u00e4tis. Aparaadikosmeetika, koolitused, kosmeetikatooted.","potentialAction":[{"@type":"SearchAction","target":{"@type":"EntryPoint","urlTemplate":"https:\/\/beautyinstitute.ee\/?s={search_term_string}"},"query-input":{"@type":"PropertyValueSpecification","valueRequired":true,"valueName":"search_term_string"}}],"inLanguage":"ru-RU"}]}},"_links":{"self":[{"href":"https:\/\/beautyinstitute.ee\/ru\/wp-json\/wp\/v2\/product\/30077","targetHints":{"allow":["GET"]}}],"collection":[{"href":"https:\/\/beautyinstitute.ee\/ru\/wp-json\/wp\/v2\/product"}],"about":[{"href":"https:\/\/beautyinstitute.ee\/ru\/wp-json\/wp\/v2\/types\/product"}],"wp:featuredmedia":[{"embeddable":true,"href":"https:\/\/beautyinstitute.ee\/ru\/wp-json\/wp\/v2\/media\/30131"}],"wp:attachment":[{"href":"https:\/\/beautyinstitute.ee\/ru\/wp-json\/wp\/v2\/media?parent=30077"}],"wp:term":[{"taxonomy":"product_cat","embeddable":true,"href":"https:\/\/beautyinstitute.ee\/ru\/wp-json\/wp\/v2\/product_cat?post=30077"},{"taxonomy":"product_tag","embeddable":true,"href":"https:\/\/beautyinstitute.ee\/ru\/wp-json\/wp\/v2\/product_tag?post=30077"}],"curies":[{"name":"wp","href":"https:\/\/api.w.org\/{rel}","templated":true}]}}