{"id":30098,"date":"2024-08-15T15:05:51","date_gmt":"2024-08-15T12:05:51","guid":{"rendered":"https:\/\/beautyinstitute.ee\/?post_type=product&#038;p=30098"},"modified":"2026-04-27T09:32:10","modified_gmt":"2026-04-27T06:32:10","slug":"mask-powderanti-redness-180-g-mustsostar-ja-c-vitamiin","status":"publish","type":"product","link":"https:\/\/beautyinstitute.ee\/ru\/toode\/mask-powderanti-redness-180-g-mustsostar-ja-c-vitamiin\/","title":{"rendered":"Mask Powder Anti-Redness 180 G &#8220;Musts\u00f5star Ja C-Vitamiin&#8221;"},"content":{"rendered":"<p>Oklusiivne mask annab v\u00e4\u00e4rtuslikku niisutust, rahustab vaskulaarselt tundlikku nahka ja<br \/>\nv\u00e4hendab punetust. Musts\u00f5stra flavonoidid stimuleerivad mikrotsirkulatsiooni ja tugevdavad<br \/>\npeeneid kapillaare. Koos C-vitamiiniga aitavad v\u00f5ideldaa elastsuse kadumise vastu ja v\u00e4hendada<br \/>\noks\u00fcdatiivset stressi.<\/p>\n<p><strong>Kasutamine:<\/strong><br \/>\nSega 30 g pulbrit u. 90 ml veega (maksimaalne toatemperatuur), et moodustada homogeenne<br \/>\nmass, kanda kiiresti ja \u00fchtlaselt nahale. Mask eemaldada 15-20 minuti p\u00e4rast. Eemaldage k\u00f5ik<br \/>\nmaski j\u00e4\u00e4gid niiske vatipadjaga.<\/p>\n<p><strong>Sobib:<\/strong><br \/>\ntundlik nahk, veresoonte labiilne nahk<\/p>\n<p><strong>Peamised toimeained:<\/strong><br \/>\nAlgiin, must s\u00f5star, C-vitamiin, kaoliin<\/p>\n<p>&nbsp;<\/p>\n<p><strong>Algiin<\/strong>, looduslik toimeaine pruunvetikatest<br \/>\nAlgiin, tuntud ka kui vetikaekstrakt, on rikas mineraalide ja<br \/>\nvitamiinide poolest. Looduslikud koostisosad aitavad kaasa naha<br \/>\ntervisele ja ilule. Varustavad nahka oluliste toitainetega ja<br \/>\ntugevdavad nahabarj\u00e4\u00e4ri.<br \/>\nAlgiinil on nahka rahustav toime ning see v\u00e4hendab punetust ja<br \/>\n\u00e4rritust, soodustades naha niisutamist ja parandab naha elastsust.<br \/>\nOMADUSED<br \/>\n\u2022 suurendab naha elastsust<br \/>\n\u2022 intensiivselt niisutav<br \/>\n\u2022 rahustav<\/p>\n<p><strong>Musts\u00f5star<\/strong>\u00a0on p\u00e4rit Euroopast ja Aasiast.<br \/>\nTraditsioonilises meditsiinis on musts\u00f5star v\u00e4ga populaarne oma<br \/>\np\u00f5letikuvastaste omaduste poolest ning musts\u00f5stra viljad on rikkalikud C-<br \/>\nvitamiini poolest, aidates s\u00e4ilitada naha elastsust. Sellel on v\u00e4ga k\u00f5rge<br \/>\nantioks\u00fcdantne toime ja kaitseb rakke oks\u00fcdatiivse stressi eest.<\/p>\n<p>Omab rahustavat toimet ja aitab v\u00e4hendada naha elastsuse kadu.<br \/>\nStimuleerib mikrotsirkulatsiooni ja tugevdada veresooni.<\/p>\n<p>OMADUSED<br \/>\n\u2022 p\u00f5letiku- ja s\u00fcgelemisvastane<br \/>\n\u2022 taastav ja kaitsev<br \/>\n\u2022 ideaalne ebapuhtale, rasusele ja tundlikule nahale<br \/>\n\u2022 ideaalne ka k\u00fcpsele nahale<\/p>\n<p><strong>C-vitamiin<\/strong> derivaat<\/p>\n<p>T\u00f5hus antioks\u00fcdant, mis k\u00f5rvaldab vabu radikaale. C vitamiin osaleb<br \/>\nm\u00e4rkimisv\u00e4\u00e4rselt kollageeni moodustumisel, tagades sileda ja<br \/>\nv\u00e4hemate kortsudega naha. C vitamiini p\u00f5letikuvastased omadused<br \/>\navaldavad positiivset m\u00f5ju pigmendilaikudele kalduvale nahale ja<br \/>\nkuperoosale.<br \/>\nOMADUSED<br \/>\n\u2022 antioks\u00fcdant<br \/>\n\u2022 p\u00f5letikuvastased omadused<br \/>\n\u2022 aitab kaasa kollageeni moodustumisele<\/p>\n<p><strong>Kaoliin<\/strong> ekstraheeritud tahke aine maakera ladestustest, mis sisaldab<br \/>\npeamiselt kaoliniiti, aga ka silikaati ja mitmesuguseid muid mineraale<br \/>\nKaoliin imab endasse \u00f5li ja tagab sel viisil \u00fchtlase mati jume,<br \/>\neemaldades l\u00e4ike ja naha ebapuhtuse. Seda taluvad h\u00e4sti ka<br \/>\nallergikud ja nahahaigustega inimesed.<\/p>\n<p>OMADUSED<br \/>\n\u2022 imav<\/p>\n<p>Ideaalne salongimask tundlikule nahale, veresoonte labiilsele nahale<br \/>\nP\u00e4rast apparatiivset hooldust, v\u00e4lja arvatud MicroNeedling.<br \/>\nOptimaalne alternatiiv AW Maskipuuder Couperosele<\/p>\n<p>&nbsp;<\/p>\n","protected":false},"excerpt":{"rendered":"<p>Oklusiivne mask annab v\u00e4\u00e4rtuslikku niisutust, rahustab vaskulaarselt tundlikku nahka ja v\u00e4hendab punetust. Musts\u00f5stra flavonoidid stimuleerivad mikrotsirkulatsiooni ja tugevdavad peeneid kapillaare. Koos C-vitamiiniga aitavad v\u00f5ideldaa elastsuse kadumise vastu ja v\u00e4hendada oks\u00fcdatiivset stressi. Kasutamine: Sega 30 g pulbrit u. 90 ml veega (maksimaalne toatemperatuur), et moodustada homogeenne mass, kanda kiiresti ja \u00fchtlaselt nahale. Mask eemaldada 15-20 minuti [&hellip;]<\/p>\n","protected":false},"featured_media":30128,"template":"","meta":{"_acf_changed":false},"product_cat":[248,146],"product_tag":[],"class_list":["post-30098","product","type-product","status-publish","has-post-thumbnail","hentry","product_cat-maskid-2","product_cat-kummimaskid"],"acf":[],"yoast_head":"<!-- This site is optimized with the Yoast SEO plugin v25.4 - https:\/\/yoast.com\/wordpress\/plugins\/seo\/ -->\n<title>Mask Powder Anti-Redness 180 G &quot;Musts\u00f5star Ja C-Vitamiin&quot; - Beauty Institute<\/title>\n<meta name=\"robots\" content=\"index, follow, max-snippet:-1, max-image-preview:large, max-video-preview:-1\" \/>\n<link rel=\"canonical\" href=\"https:\/\/beautyinstitute.ee\/toode\/mask-powderanti-redness-180-g-mustsostar-ja-c-vitamiin\/\" \/>\n<meta property=\"og:locale\" content=\"ru_RU\" \/>\n<meta property=\"og:type\" content=\"article\" \/>\n<meta property=\"og:title\" content=\"Mask Powder Anti-Redness 180 G &quot;Musts\u00f5star Ja C-Vitamiin&quot; - Beauty Institute\" \/>\n<meta property=\"og:description\" content=\"Oklusiivne mask annab v\u00e4\u00e4rtuslikku niisutust, rahustab vaskulaarselt tundlikku nahka ja v\u00e4hendab punetust. Musts\u00f5stra flavonoidid stimuleerivad mikrotsirkulatsiooni ja tugevdavad peeneid kapillaare. Koos C-vitamiiniga aitavad v\u00f5ideldaa elastsuse kadumise vastu ja v\u00e4hendada oks\u00fcdatiivset stressi. Kasutamine: Sega 30 g pulbrit u. 90 ml veega (maksimaalne toatemperatuur), et moodustada homogeenne mass, kanda kiiresti ja \u00fchtlaselt nahale. Mask eemaldada 15-20 minuti [&hellip;]\" \/>\n<meta property=\"og:url\" content=\"https:\/\/beautyinstitute.ee\/toode\/mask-powderanti-redness-180-g-mustsostar-ja-c-vitamiin\/\" \/>\n<meta property=\"og:site_name\" content=\"Beauty Institute\" \/>\n<meta property=\"article:modified_time\" content=\"2026-04-27T06:32:10+00:00\" \/>\n<meta property=\"og:image\" content=\"https:\/\/beautyinstitute.ee\/wp-content\/uploads\/2024\/08\/PowderMask_Anti-Redness-145mm-Ebene.jpg\" \/>\n\t<meta property=\"og:image:width\" content=\"2000\" \/>\n\t<meta property=\"og:image:height\" content=\"2000\" \/>\n\t<meta property=\"og:image:type\" content=\"image\/jpeg\" \/>\n<meta name=\"twitter:card\" content=\"summary_large_image\" \/>\n<meta name=\"twitter:site\" content=\"@Beauty_Eesti\" \/>\n<meta name=\"twitter:label1\" content=\"\u041f\u0440\u0438\u043c\u0435\u0440\u043d\u043e\u0435 \u0432\u0440\u0435\u043c\u044f \u0434\u043b\u044f \u0447\u0442\u0435\u043d\u0438\u044f\" \/>\n\t<meta name=\"twitter:data1\" content=\"2 \u043c\u0438\u043d\u0443\u0442\u044b\" \/>\n<script type=\"application\/ld+json\" class=\"yoast-schema-graph\">{\"@context\":\"https:\/\/schema.org\",\"@graph\":[{\"@type\":\"WebPage\",\"@id\":\"https:\/\/beautyinstitute.ee\/toode\/mask-powderanti-redness-180-g-mustsostar-ja-c-vitamiin\/\",\"url\":\"https:\/\/beautyinstitute.ee\/toode\/mask-powderanti-redness-180-g-mustsostar-ja-c-vitamiin\/\",\"name\":\"Mask Powder Anti-Redness 180 G \\\"Musts\u00f5star Ja C-Vitamiin\\\" - Beauty Institute\",\"isPartOf\":{\"@id\":\"https:\/\/beautyinstitute.ee\/#website\"},\"primaryImageOfPage\":{\"@id\":\"https:\/\/beautyinstitute.ee\/toode\/mask-powderanti-redness-180-g-mustsostar-ja-c-vitamiin\/#primaryimage\"},\"image\":{\"@id\":\"https:\/\/beautyinstitute.ee\/toode\/mask-powderanti-redness-180-g-mustsostar-ja-c-vitamiin\/#primaryimage\"},\"thumbnailUrl\":\"https:\/\/beautyinstitute.ee\/wp-content\/uploads\/2024\/08\/PowderMask_Anti-Redness-145mm-Ebene.jpg\",\"datePublished\":\"2024-08-15T12:05:51+00:00\",\"dateModified\":\"2026-04-27T06:32:10+00:00\",\"breadcrumb\":{\"@id\":\"https:\/\/beautyinstitute.ee\/toode\/mask-powderanti-redness-180-g-mustsostar-ja-c-vitamiin\/#breadcrumb\"},\"inLanguage\":\"ru-RU\",\"potentialAction\":[{\"@type\":\"ReadAction\",\"target\":[\"https:\/\/beautyinstitute.ee\/toode\/mask-powderanti-redness-180-g-mustsostar-ja-c-vitamiin\/\"]}]},{\"@type\":\"ImageObject\",\"inLanguage\":\"ru-RU\",\"@id\":\"https:\/\/beautyinstitute.ee\/toode\/mask-powderanti-redness-180-g-mustsostar-ja-c-vitamiin\/#primaryimage\",\"url\":\"https:\/\/beautyinstitute.ee\/wp-content\/uploads\/2024\/08\/PowderMask_Anti-Redness-145mm-Ebene.jpg\",\"contentUrl\":\"https:\/\/beautyinstitute.ee\/wp-content\/uploads\/2024\/08\/PowderMask_Anti-Redness-145mm-Ebene.jpg\",\"width\":2000,\"height\":2000},{\"@type\":\"BreadcrumbList\",\"@id\":\"https:\/\/beautyinstitute.ee\/toode\/mask-powderanti-redness-180-g-mustsostar-ja-c-vitamiin\/#breadcrumb\",\"itemListElement\":[{\"@type\":\"ListItem\",\"position\":1,\"name\":\"Home\",\"item\":\"https:\/\/beautyinstitute.ee\/ru\/\"},{\"@type\":\"ListItem\",\"position\":2,\"name\":\"E-pood\",\"item\":\"https:\/\/beautyinstitute.ee\/e-pood\/\"},{\"@type\":\"ListItem\",\"position\":3,\"name\":\"Mask Powder Anti-Redness 180 G &#8220;Musts\u00f5star Ja C-Vitamiin&#8221;\"}]},{\"@type\":\"WebSite\",\"@id\":\"https:\/\/beautyinstitute.ee\/#website\",\"url\":\"https:\/\/beautyinstitute.ee\/\",\"name\":\"Beauty Institute\",\"description\":\"CNC Cosmetic ametlik maaletooja ja edasim\u00fc\u00fcja Eestis, Soomes, L\u00e4tis. Aparaadikosmeetika, koolitused, kosmeetikatooted.\",\"potentialAction\":[{\"@type\":\"SearchAction\",\"target\":{\"@type\":\"EntryPoint\",\"urlTemplate\":\"https:\/\/beautyinstitute.ee\/?s={search_term_string}\"},\"query-input\":{\"@type\":\"PropertyValueSpecification\",\"valueRequired\":true,\"valueName\":\"search_term_string\"}}],\"inLanguage\":\"ru-RU\"}]}<\/script>\n<!-- \/ Yoast SEO plugin. -->","yoast_head_json":{"title":"Mask Powder Anti-Redness 180 G \"Musts\u00f5star Ja C-Vitamiin\" - Beauty Institute","robots":{"index":"index","follow":"follow","max-snippet":"max-snippet:-1","max-image-preview":"max-image-preview:large","max-video-preview":"max-video-preview:-1"},"canonical":"https:\/\/beautyinstitute.ee\/toode\/mask-powderanti-redness-180-g-mustsostar-ja-c-vitamiin\/","og_locale":"ru_RU","og_type":"article","og_title":"Mask Powder Anti-Redness 180 G \"Musts\u00f5star Ja C-Vitamiin\" - Beauty Institute","og_description":"Oklusiivne mask annab v\u00e4\u00e4rtuslikku niisutust, rahustab vaskulaarselt tundlikku nahka ja v\u00e4hendab punetust. Musts\u00f5stra flavonoidid stimuleerivad mikrotsirkulatsiooni ja tugevdavad peeneid kapillaare. Koos C-vitamiiniga aitavad v\u00f5ideldaa elastsuse kadumise vastu ja v\u00e4hendada oks\u00fcdatiivset stressi. Kasutamine: Sega 30 g pulbrit u. 90 ml veega (maksimaalne toatemperatuur), et moodustada homogeenne mass, kanda kiiresti ja \u00fchtlaselt nahale. Mask eemaldada 15-20 minuti [&hellip;]","og_url":"https:\/\/beautyinstitute.ee\/toode\/mask-powderanti-redness-180-g-mustsostar-ja-c-vitamiin\/","og_site_name":"Beauty Institute","article_modified_time":"2026-04-27T06:32:10+00:00","og_image":[{"width":2000,"height":2000,"url":"https:\/\/beautyinstitute.ee\/wp-content\/uploads\/2024\/08\/PowderMask_Anti-Redness-145mm-Ebene.jpg","type":"image\/jpeg"}],"twitter_card":"summary_large_image","twitter_site":"@Beauty_Eesti","twitter_misc":{"\u041f\u0440\u0438\u043c\u0435\u0440\u043d\u043e\u0435 \u0432\u0440\u0435\u043c\u044f \u0434\u043b\u044f \u0447\u0442\u0435\u043d\u0438\u044f":"2 \u043c\u0438\u043d\u0443\u0442\u044b"},"schema":{"@context":"https:\/\/schema.org","@graph":[{"@type":"WebPage","@id":"https:\/\/beautyinstitute.ee\/toode\/mask-powderanti-redness-180-g-mustsostar-ja-c-vitamiin\/","url":"https:\/\/beautyinstitute.ee\/toode\/mask-powderanti-redness-180-g-mustsostar-ja-c-vitamiin\/","name":"Mask Powder Anti-Redness 180 G \"Musts\u00f5star Ja C-Vitamiin\" - Beauty Institute","isPartOf":{"@id":"https:\/\/beautyinstitute.ee\/#website"},"primaryImageOfPage":{"@id":"https:\/\/beautyinstitute.ee\/toode\/mask-powderanti-redness-180-g-mustsostar-ja-c-vitamiin\/#primaryimage"},"image":{"@id":"https:\/\/beautyinstitute.ee\/toode\/mask-powderanti-redness-180-g-mustsostar-ja-c-vitamiin\/#primaryimage"},"thumbnailUrl":"https:\/\/beautyinstitute.ee\/wp-content\/uploads\/2024\/08\/PowderMask_Anti-Redness-145mm-Ebene.jpg","datePublished":"2024-08-15T12:05:51+00:00","dateModified":"2026-04-27T06:32:10+00:00","breadcrumb":{"@id":"https:\/\/beautyinstitute.ee\/toode\/mask-powderanti-redness-180-g-mustsostar-ja-c-vitamiin\/#breadcrumb"},"inLanguage":"ru-RU","potentialAction":[{"@type":"ReadAction","target":["https:\/\/beautyinstitute.ee\/toode\/mask-powderanti-redness-180-g-mustsostar-ja-c-vitamiin\/"]}]},{"@type":"ImageObject","inLanguage":"ru-RU","@id":"https:\/\/beautyinstitute.ee\/toode\/mask-powderanti-redness-180-g-mustsostar-ja-c-vitamiin\/#primaryimage","url":"https:\/\/beautyinstitute.ee\/wp-content\/uploads\/2024\/08\/PowderMask_Anti-Redness-145mm-Ebene.jpg","contentUrl":"https:\/\/beautyinstitute.ee\/wp-content\/uploads\/2024\/08\/PowderMask_Anti-Redness-145mm-Ebene.jpg","width":2000,"height":2000},{"@type":"BreadcrumbList","@id":"https:\/\/beautyinstitute.ee\/toode\/mask-powderanti-redness-180-g-mustsostar-ja-c-vitamiin\/#breadcrumb","itemListElement":[{"@type":"ListItem","position":1,"name":"Home","item":"https:\/\/beautyinstitute.ee\/ru\/"},{"@type":"ListItem","position":2,"name":"E-pood","item":"https:\/\/beautyinstitute.ee\/e-pood\/"},{"@type":"ListItem","position":3,"name":"Mask Powder Anti-Redness 180 G &#8220;Musts\u00f5star Ja C-Vitamiin&#8221;"}]},{"@type":"WebSite","@id":"https:\/\/beautyinstitute.ee\/#website","url":"https:\/\/beautyinstitute.ee\/","name":"Beauty Institute","description":"CNC Cosmetic ametlik maaletooja ja edasim\u00fc\u00fcja Eestis, Soomes, L\u00e4tis. Aparaadikosmeetika, koolitused, kosmeetikatooted.","potentialAction":[{"@type":"SearchAction","target":{"@type":"EntryPoint","urlTemplate":"https:\/\/beautyinstitute.ee\/?s={search_term_string}"},"query-input":{"@type":"PropertyValueSpecification","valueRequired":true,"valueName":"search_term_string"}}],"inLanguage":"ru-RU"}]}},"_links":{"self":[{"href":"https:\/\/beautyinstitute.ee\/ru\/wp-json\/wp\/v2\/product\/30098","targetHints":{"allow":["GET"]}}],"collection":[{"href":"https:\/\/beautyinstitute.ee\/ru\/wp-json\/wp\/v2\/product"}],"about":[{"href":"https:\/\/beautyinstitute.ee\/ru\/wp-json\/wp\/v2\/types\/product"}],"wp:featuredmedia":[{"embeddable":true,"href":"https:\/\/beautyinstitute.ee\/ru\/wp-json\/wp\/v2\/media\/30128"}],"wp:attachment":[{"href":"https:\/\/beautyinstitute.ee\/ru\/wp-json\/wp\/v2\/media?parent=30098"}],"wp:term":[{"taxonomy":"product_cat","embeddable":true,"href":"https:\/\/beautyinstitute.ee\/ru\/wp-json\/wp\/v2\/product_cat?post=30098"},{"taxonomy":"product_tag","embeddable":true,"href":"https:\/\/beautyinstitute.ee\/ru\/wp-json\/wp\/v2\/product_tag?post=30098"}],"curies":[{"name":"wp","href":"https:\/\/api.w.org\/{rel}","templated":true}]}}