{"id":30101,"date":"2024-08-15T15:34:07","date_gmt":"2024-08-15T12:34:07","guid":{"rendered":"https:\/\/beautyinstitute.ee\/?post_type=product&#038;p=30101"},"modified":"2026-04-23T13:16:22","modified_gmt":"2026-04-23T10:16:22","slug":"mask-powder-purifying-180-g-lavendel-greip","status":"publish","type":"product","link":"https:\/\/beautyinstitute.ee\/ru\/toode\/mask-powder-purifying-180-g-lavendel-greip\/","title":{"rendered":"Mask Powder Purifying 180 G &#8220;Laavasavi &#038; Greip&#8221;"},"content":{"rendered":"<p>Oklusiivne mask annab v\u00e4\u00e4rtuslikku niisutust ning viib rasuse, ebapuhtale kalduva ja<br \/>\nkombineeritud naha taas tasakaalu. Maroko laavasavi puhastav ja imav toime koos tugevdava<br \/>\ngreibi\u00f5liga j\u00e4tab nahale klaari ja rahuliku tunde ning takistab ebapuhtuste teket.<\/p>\n<p><strong>Kasutamine:<\/strong><br \/>\nSega 30 g pulbrit u 90 ml veega (maksimaalselt toatemperatuuril), et moodustuks homogeenne<br \/>\nmass ning kanna kiiresti ja \u00fchtlaselt nahale. Mask eemaldada 15-20 minuti p\u00e4rast. Eemaldage<br \/>\nk\u00f5ik maski j\u00e4\u00e4gid niiske vatipadjaga.<\/p>\n<p><strong>Sobib:<\/strong><br \/>\nebapuhas nahk, rasune nahk, kombineeritud nahk<\/p>\n<p><strong>Peamised toimeained:<\/strong><br \/>\nAlgiin, ghassoul (Maroko laava savi), kobediatomiit, greip, sidrun<\/p>\n<p><strong>Algiin<\/strong>, looduslik toimeaine pruunvetikatest<br \/>\nAlgiin, tuntud ka kui vetikaekstrakt, on rikas mineraalide ja<br \/>\nvitamiinide poolest. Looduslikud koostisosad aitavad kaasa naha<br \/>\ntervisele ja ilule, varustades nahka oluliste toitainetega ja<br \/>\ntugevdavad nahabarj\u00e4\u00e4ri.<br \/>\nAlgiinil on nahka rahustav toime ning ta v\u00e4hendab punetust ja<br \/>\n\u00e4rritust. Soodustab naha niisutamist ja parandab selle elastsust.<br \/>\nOMADUSED<br \/>\n\u2022 suurendab naha elastsust<br \/>\n\u2022 intensiivselt niisutav<br \/>\n\u2022 rahustav<\/p>\n<p><strong>Ghassoul<\/strong> on araabiakeelne termin, seda h\u00e4\u00e4ldatakse &#8220;Rassoul&#8221;.<br \/>\nT\u00f5lkes t\u00e4hendab see &#8220;pesemist&#8221;. V\u00e4\u00e4rtuslik savimineraal, mida leidub<br \/>\nainult Maroko Atlase m\u00e4gedes, kus seda kaevandatakse maa all.<br \/>\nGhassoul on rikas muuhulgas magneesiumi, r\u00e4ni, kaltsiumi, raua ja<br \/>\nkaaliumi poolest. T\u00e4nu sellele ainulaadsele koostisele on pesusavil antistaatilised omadused ja tohutu imamisv\u00f5ime. Kui Ghassouli kasutatakse naha ja\/v\u00f5i juuste pesemiseks, seob aine vaid<br \/>\nmustuseosakesed ja liigse rasu. M\u00f5lemat saab seej\u00e4rel kergesti veega<br \/>\nmaha loputada.<\/p>\n<p>OMADUSED<br \/>\n\u2022 puhastamine<br \/>\n\u2022 seob mustuse ja liigse rasu<\/p>\n<p><strong>Kobediatomiitmuld<\/strong> on lahtine kivim, mis koosneb suures osas r\u00e4nivetikate<br \/>\n(\u00fcherakuliste vetikate) opaalkestadest, mist\u00f5ttu seda tuntakse ka<br \/>\nkobediatomiiti nime all.<br \/>\nOluline komponent on r\u00e4ni. R\u00e4ni on inimkeha jaoks \u00fclioluline. See on<br \/>\npaljude ens\u00fc\u00fcmide oluline komponent, mis kontrollib meie kehas<br \/>\ntoimuvaid keemilisi reaktsioone. Koos kaltsiumi ja magneesiumiga (Ghassouli tootes) aitab see kaasa sidekoe moodustumisele ning annab<br \/>\nnahale tugevuse ja elastsuse. Tal on tugev p\u00f5letikuvastane toime, kiirendab<br \/>\nhaavade paranemist ja omab nahale vananemisvastast toimet.<\/p>\n<p>OMADUSED<br \/>\n\u2022 imav<br \/>\n\u2022\u00a0taastav<\/p>\n<p><strong>Greip,<\/strong> mida harva nimetatakse ka paradiisi\u00f5unaks v\u00f5i Citrus paradisoks, on<br \/>\ngreibipuu vili, tsitruseline taim, subtroopiline puu sugukonnast Rutaceae.<br \/>\nSisaldab puuviljahappeid, vitamiine, suhkruid ja flavonoide. Kasutatakse nii<br \/>\nloodusliku koorijana kui ka nahka parandavas kosmeetikas. Nagu teisedki<br \/>\ntsitrusviljad, on puuviljad rikkad sidrunhappe poolest (tavaline AHA), mis<br \/>\neemaldab naha pinnalt tuhmid ja surnud rakud ning parandab<br \/>\nkeratinots\u00fc\u00fctide migratsiooni ja uuenemiskiirust. Lisaks sisaldab greibi<br \/>\nekstrakt pol\u00fcfenoole, mis v\u00e4hendavad UV-kiirguse kahjustusi ja kaitsevad<br \/>\nrakumembraane oks\u00fcdatsiooni eest, j\u00e4ttes m\u00e4rgatava antioks\u00fcdantse<br \/>\ntoime. Samuti sisaldab see m\u00e4rkimisv\u00e4\u00e4rses koguses C-vitamiini, mis<br \/>\nstimuleerib kollageeni tootmist, kaitseb vabade radikaalide eest ja v\u00f5itleb<br \/>\nh\u00fcperpigmentatsiooniga, p\u00e4rssides melaniini s\u00fcnteesi.<br \/>\nOMADUSED<br \/>\n\u2022 keratol\u00fc\u00fctiline toime<br \/>\n\u2022 parandab naha uuenemist<br \/>\n\u2022 antioks\u00fcdant<br \/>\n\u2022 v\u00f5itleb h\u00fcperpigmentatsiooniga<\/p>\n<p><strong>Sidrun<\/strong> kuulub tsitruseliste perekonda. Sidrunil on antiseptiline, antibakteriaalne ja viirusevastane toime. \u00d5li sobib<br \/>\nakne ja naha\u00e4rrituste, aga ka sidekoe n\u00f5rkuse ja tselluliidi raviks.<br \/>\nOMADUSED<br \/>\n\u2022 antiseptiline<br \/>\n\u2022 stimuleeriv<br \/>\n\u2022 pinguldav, naha toniseerimine<\/p>\n<p>Ideaalne salongimask rasusele, pigmentatsioonile kalduvale nahale<br \/>\nP\u00e4rast aparatiivset hooldust. V\u00e4lja arvatud MicroNeedling.<br \/>\nOptimaalne alternatiiv AW Mask Powder Softile<\/p>\n","protected":false},"excerpt":{"rendered":"<p>Oklusiivne mask annab v\u00e4\u00e4rtuslikku niisutust ning viib rasuse, ebapuhtale kalduva ja kombineeritud naha taas tasakaalu. Maroko laavasavi puhastav ja imav toime koos tugevdava greibi\u00f5liga j\u00e4tab nahale klaari ja rahuliku tunde ning takistab ebapuhtuste teket. Kasutamine: Sega 30 g pulbrit u 90 ml veega (maksimaalselt toatemperatuuril), et moodustuks homogeenne mass ning kanna kiiresti ja \u00fchtlaselt nahale. [&hellip;]<\/p>\n","protected":false},"featured_media":30125,"template":"","meta":{"_acf_changed":false},"product_cat":[248,146],"product_tag":[],"class_list":["post-30101","product","type-product","status-publish","has-post-thumbnail","hentry","product_cat-maskid-2","product_cat-kummimaskid"],"acf":[],"yoast_head":"<!-- This site is optimized with the Yoast SEO plugin v25.4 - https:\/\/yoast.com\/wordpress\/plugins\/seo\/ -->\n<title>Mask Powder Purifying 180 G &quot;Laavasavi &amp; Greip&quot; - Beauty Institute<\/title>\n<meta name=\"robots\" content=\"index, follow, max-snippet:-1, max-image-preview:large, max-video-preview:-1\" \/>\n<link rel=\"canonical\" href=\"https:\/\/beautyinstitute.ee\/toode\/mask-powder-purifying-180-g-lavendel-greip\/\" \/>\n<meta property=\"og:locale\" content=\"ru_RU\" \/>\n<meta property=\"og:type\" content=\"article\" \/>\n<meta property=\"og:title\" content=\"Mask Powder Purifying 180 G &quot;Laavasavi &amp; Greip&quot; - Beauty Institute\" \/>\n<meta property=\"og:description\" content=\"Oklusiivne mask annab v\u00e4\u00e4rtuslikku niisutust ning viib rasuse, ebapuhtale kalduva ja kombineeritud naha taas tasakaalu. Maroko laavasavi puhastav ja imav toime koos tugevdava greibi\u00f5liga j\u00e4tab nahale klaari ja rahuliku tunde ning takistab ebapuhtuste teket. Kasutamine: Sega 30 g pulbrit u 90 ml veega (maksimaalselt toatemperatuuril), et moodustuks homogeenne mass ning kanna kiiresti ja \u00fchtlaselt nahale. [&hellip;]\" \/>\n<meta property=\"og:url\" content=\"https:\/\/beautyinstitute.ee\/toode\/mask-powder-purifying-180-g-lavendel-greip\/\" \/>\n<meta property=\"og:site_name\" content=\"Beauty Institute\" \/>\n<meta property=\"article:modified_time\" content=\"2026-04-23T10:16:22+00:00\" \/>\n<meta property=\"og:image\" content=\"https:\/\/beautyinstitute.ee\/wp-content\/uploads\/2024\/08\/PowderMask_Purifying-145mm-Ebene.jpg\" \/>\n\t<meta property=\"og:image:width\" content=\"2000\" \/>\n\t<meta property=\"og:image:height\" content=\"2000\" \/>\n\t<meta property=\"og:image:type\" content=\"image\/jpeg\" \/>\n<meta name=\"twitter:card\" content=\"summary_large_image\" \/>\n<meta name=\"twitter:site\" content=\"@Beauty_Eesti\" \/>\n<meta name=\"twitter:label1\" content=\"\u041f\u0440\u0438\u043c\u0435\u0440\u043d\u043e\u0435 \u0432\u0440\u0435\u043c\u044f \u0434\u043b\u044f \u0447\u0442\u0435\u043d\u0438\u044f\" \/>\n\t<meta name=\"twitter:data1\" content=\"3 \u043c\u0438\u043d\u0443\u0442\u044b\" \/>\n<script type=\"application\/ld+json\" class=\"yoast-schema-graph\">{\"@context\":\"https:\/\/schema.org\",\"@graph\":[{\"@type\":\"WebPage\",\"@id\":\"https:\/\/beautyinstitute.ee\/toode\/mask-powder-purifying-180-g-lavendel-greip\/\",\"url\":\"https:\/\/beautyinstitute.ee\/toode\/mask-powder-purifying-180-g-lavendel-greip\/\",\"name\":\"Mask Powder Purifying 180 G \\\"Laavasavi & Greip\\\" - Beauty Institute\",\"isPartOf\":{\"@id\":\"https:\/\/beautyinstitute.ee\/#website\"},\"primaryImageOfPage\":{\"@id\":\"https:\/\/beautyinstitute.ee\/toode\/mask-powder-purifying-180-g-lavendel-greip\/#primaryimage\"},\"image\":{\"@id\":\"https:\/\/beautyinstitute.ee\/toode\/mask-powder-purifying-180-g-lavendel-greip\/#primaryimage\"},\"thumbnailUrl\":\"https:\/\/beautyinstitute.ee\/wp-content\/uploads\/2024\/08\/PowderMask_Purifying-145mm-Ebene.jpg\",\"datePublished\":\"2024-08-15T12:34:07+00:00\",\"dateModified\":\"2026-04-23T10:16:22+00:00\",\"breadcrumb\":{\"@id\":\"https:\/\/beautyinstitute.ee\/toode\/mask-powder-purifying-180-g-lavendel-greip\/#breadcrumb\"},\"inLanguage\":\"ru-RU\",\"potentialAction\":[{\"@type\":\"ReadAction\",\"target\":[\"https:\/\/beautyinstitute.ee\/toode\/mask-powder-purifying-180-g-lavendel-greip\/\"]}]},{\"@type\":\"ImageObject\",\"inLanguage\":\"ru-RU\",\"@id\":\"https:\/\/beautyinstitute.ee\/toode\/mask-powder-purifying-180-g-lavendel-greip\/#primaryimage\",\"url\":\"https:\/\/beautyinstitute.ee\/wp-content\/uploads\/2024\/08\/PowderMask_Purifying-145mm-Ebene.jpg\",\"contentUrl\":\"https:\/\/beautyinstitute.ee\/wp-content\/uploads\/2024\/08\/PowderMask_Purifying-145mm-Ebene.jpg\",\"width\":2000,\"height\":2000},{\"@type\":\"BreadcrumbList\",\"@id\":\"https:\/\/beautyinstitute.ee\/toode\/mask-powder-purifying-180-g-lavendel-greip\/#breadcrumb\",\"itemListElement\":[{\"@type\":\"ListItem\",\"position\":1,\"name\":\"Home\",\"item\":\"https:\/\/beautyinstitute.ee\/ru\/\"},{\"@type\":\"ListItem\",\"position\":2,\"name\":\"E-pood\",\"item\":\"https:\/\/beautyinstitute.ee\/e-pood\/\"},{\"@type\":\"ListItem\",\"position\":3,\"name\":\"Mask Powder Purifying 180 G &#8220;Laavasavi &#038; Greip&#8221;\"}]},{\"@type\":\"WebSite\",\"@id\":\"https:\/\/beautyinstitute.ee\/#website\",\"url\":\"https:\/\/beautyinstitute.ee\/\",\"name\":\"Beauty Institute\",\"description\":\"CNC Cosmetic ametlik maaletooja ja edasim\u00fc\u00fcja Eestis, Soomes, L\u00e4tis. Aparaadikosmeetika, koolitused, kosmeetikatooted.\",\"potentialAction\":[{\"@type\":\"SearchAction\",\"target\":{\"@type\":\"EntryPoint\",\"urlTemplate\":\"https:\/\/beautyinstitute.ee\/?s={search_term_string}\"},\"query-input\":{\"@type\":\"PropertyValueSpecification\",\"valueRequired\":true,\"valueName\":\"search_term_string\"}}],\"inLanguage\":\"ru-RU\"}]}<\/script>\n<!-- \/ Yoast SEO plugin. -->","yoast_head_json":{"title":"Mask Powder Purifying 180 G \"Laavasavi & Greip\" - Beauty Institute","robots":{"index":"index","follow":"follow","max-snippet":"max-snippet:-1","max-image-preview":"max-image-preview:large","max-video-preview":"max-video-preview:-1"},"canonical":"https:\/\/beautyinstitute.ee\/toode\/mask-powder-purifying-180-g-lavendel-greip\/","og_locale":"ru_RU","og_type":"article","og_title":"Mask Powder Purifying 180 G \"Laavasavi & Greip\" - Beauty Institute","og_description":"Oklusiivne mask annab v\u00e4\u00e4rtuslikku niisutust ning viib rasuse, ebapuhtale kalduva ja kombineeritud naha taas tasakaalu. Maroko laavasavi puhastav ja imav toime koos tugevdava greibi\u00f5liga j\u00e4tab nahale klaari ja rahuliku tunde ning takistab ebapuhtuste teket. Kasutamine: Sega 30 g pulbrit u 90 ml veega (maksimaalselt toatemperatuuril), et moodustuks homogeenne mass ning kanna kiiresti ja \u00fchtlaselt nahale. [&hellip;]","og_url":"https:\/\/beautyinstitute.ee\/toode\/mask-powder-purifying-180-g-lavendel-greip\/","og_site_name":"Beauty Institute","article_modified_time":"2026-04-23T10:16:22+00:00","og_image":[{"width":2000,"height":2000,"url":"https:\/\/beautyinstitute.ee\/wp-content\/uploads\/2024\/08\/PowderMask_Purifying-145mm-Ebene.jpg","type":"image\/jpeg"}],"twitter_card":"summary_large_image","twitter_site":"@Beauty_Eesti","twitter_misc":{"\u041f\u0440\u0438\u043c\u0435\u0440\u043d\u043e\u0435 \u0432\u0440\u0435\u043c\u044f \u0434\u043b\u044f \u0447\u0442\u0435\u043d\u0438\u044f":"3 \u043c\u0438\u043d\u0443\u0442\u044b"},"schema":{"@context":"https:\/\/schema.org","@graph":[{"@type":"WebPage","@id":"https:\/\/beautyinstitute.ee\/toode\/mask-powder-purifying-180-g-lavendel-greip\/","url":"https:\/\/beautyinstitute.ee\/toode\/mask-powder-purifying-180-g-lavendel-greip\/","name":"Mask Powder Purifying 180 G \"Laavasavi & Greip\" - Beauty Institute","isPartOf":{"@id":"https:\/\/beautyinstitute.ee\/#website"},"primaryImageOfPage":{"@id":"https:\/\/beautyinstitute.ee\/toode\/mask-powder-purifying-180-g-lavendel-greip\/#primaryimage"},"image":{"@id":"https:\/\/beautyinstitute.ee\/toode\/mask-powder-purifying-180-g-lavendel-greip\/#primaryimage"},"thumbnailUrl":"https:\/\/beautyinstitute.ee\/wp-content\/uploads\/2024\/08\/PowderMask_Purifying-145mm-Ebene.jpg","datePublished":"2024-08-15T12:34:07+00:00","dateModified":"2026-04-23T10:16:22+00:00","breadcrumb":{"@id":"https:\/\/beautyinstitute.ee\/toode\/mask-powder-purifying-180-g-lavendel-greip\/#breadcrumb"},"inLanguage":"ru-RU","potentialAction":[{"@type":"ReadAction","target":["https:\/\/beautyinstitute.ee\/toode\/mask-powder-purifying-180-g-lavendel-greip\/"]}]},{"@type":"ImageObject","inLanguage":"ru-RU","@id":"https:\/\/beautyinstitute.ee\/toode\/mask-powder-purifying-180-g-lavendel-greip\/#primaryimage","url":"https:\/\/beautyinstitute.ee\/wp-content\/uploads\/2024\/08\/PowderMask_Purifying-145mm-Ebene.jpg","contentUrl":"https:\/\/beautyinstitute.ee\/wp-content\/uploads\/2024\/08\/PowderMask_Purifying-145mm-Ebene.jpg","width":2000,"height":2000},{"@type":"BreadcrumbList","@id":"https:\/\/beautyinstitute.ee\/toode\/mask-powder-purifying-180-g-lavendel-greip\/#breadcrumb","itemListElement":[{"@type":"ListItem","position":1,"name":"Home","item":"https:\/\/beautyinstitute.ee\/ru\/"},{"@type":"ListItem","position":2,"name":"E-pood","item":"https:\/\/beautyinstitute.ee\/e-pood\/"},{"@type":"ListItem","position":3,"name":"Mask Powder Purifying 180 G &#8220;Laavasavi &#038; Greip&#8221;"}]},{"@type":"WebSite","@id":"https:\/\/beautyinstitute.ee\/#website","url":"https:\/\/beautyinstitute.ee\/","name":"Beauty Institute","description":"CNC Cosmetic ametlik maaletooja ja edasim\u00fc\u00fcja Eestis, Soomes, L\u00e4tis. Aparaadikosmeetika, koolitused, kosmeetikatooted.","potentialAction":[{"@type":"SearchAction","target":{"@type":"EntryPoint","urlTemplate":"https:\/\/beautyinstitute.ee\/?s={search_term_string}"},"query-input":{"@type":"PropertyValueSpecification","valueRequired":true,"valueName":"search_term_string"}}],"inLanguage":"ru-RU"}]}},"_links":{"self":[{"href":"https:\/\/beautyinstitute.ee\/ru\/wp-json\/wp\/v2\/product\/30101","targetHints":{"allow":["GET"]}}],"collection":[{"href":"https:\/\/beautyinstitute.ee\/ru\/wp-json\/wp\/v2\/product"}],"about":[{"href":"https:\/\/beautyinstitute.ee\/ru\/wp-json\/wp\/v2\/types\/product"}],"wp:featuredmedia":[{"embeddable":true,"href":"https:\/\/beautyinstitute.ee\/ru\/wp-json\/wp\/v2\/media\/30125"}],"wp:attachment":[{"href":"https:\/\/beautyinstitute.ee\/ru\/wp-json\/wp\/v2\/media?parent=30101"}],"wp:term":[{"taxonomy":"product_cat","embeddable":true,"href":"https:\/\/beautyinstitute.ee\/ru\/wp-json\/wp\/v2\/product_cat?post=30101"},{"taxonomy":"product_tag","embeddable":true,"href":"https:\/\/beautyinstitute.ee\/ru\/wp-json\/wp\/v2\/product_tag?post=30101"}],"curies":[{"name":"wp","href":"https:\/\/api.w.org\/{rel}","templated":true}]}}