{"id":30219,"date":"2024-08-27T16:21:52","date_gmt":"2024-08-27T13:21:52","guid":{"rendered":"https:\/\/beautyinstitute.ee\/?post_type=product&#038;p=30219"},"modified":"2026-04-18T00:25:21","modified_gmt":"2026-04-17T21:25:21","slug":"dusivaht-koh-samui","status":"publish","type":"product","link":"https:\/\/beautyinstitute.ee\/ru\/toode\/dusivaht-koh-samui\/","title":{"rendered":"Du\u0161igeel Koh Samui"},"content":{"rendered":"<p>Hellita ennast puhta luksusega koos Koh Samui du\u0161ivgeeliga! Geeli ainulaadne koostis muutub veega kokku puutudes kreemjaks vahuks. Kosutav vaht sobib k\u00f5ikidele nahat\u00fc\u00fcpidele, puhastab \u00f5rnalt, j\u00e4tab naha pehmeks ja siledaks. Sukeldu mandariini, piparm\u00fcndi ja seedripuu ahvatlevasse l\u00f5hnasse, mis viib sind Koh Samui kaunitele randadele. Hellitage oma meeli ja nahka &#8211; v\u00e4rskendav ja kosutav du\u0161ikogemus nagu paradiisis. Dermatoloogiliselt testitud.<\/p>\n<p>&nbsp;<\/p>\n","protected":false},"excerpt":{"rendered":"<p>Hellita ennast puhta luksusega koos Koh Samui du\u0161ivgeeliga! Geeli ainulaadne koostis muutub veega kokku puutudes kreemjaks vahuks. Kosutav vaht sobib k\u00f5ikidele nahat\u00fc\u00fcpidele, puhastab \u00f5rnalt, j\u00e4tab naha pehmeks ja siledaks. Sukeldu mandariini, piparm\u00fcndi ja seedripuu ahvatlevasse l\u00f5hnasse, mis viib sind Koh Samui kaunitele randadele. Hellitage oma meeli ja nahka &#8211; v\u00e4rskendav ja kosutav du\u0161ikogemus nagu paradiisis. [&hellip;]<\/p>\n","protected":false},"featured_media":30225,"template":"","meta":{"_acf_changed":false},"product_cat":[291,256],"product_tag":[],"class_list":["post-30219","product","type-product","status-publish","has-post-thumbnail","hentry","product_cat-baehr-cosmetic","product_cat-kehahooldustooted"],"acf":[],"yoast_head":"<!-- This site is optimized with the Yoast SEO plugin v25.4 - https:\/\/yoast.com\/wordpress\/plugins\/seo\/ -->\n<title>Du\u0161igeel Koh Samui - Beauty Institute<\/title>\n<meta name=\"robots\" content=\"index, follow, max-snippet:-1, max-image-preview:large, max-video-preview:-1\" \/>\n<link rel=\"canonical\" href=\"https:\/\/beautyinstitute.ee\/toode\/dusivaht-koh-samui\/\" \/>\n<meta property=\"og:locale\" content=\"ru_RU\" \/>\n<meta property=\"og:type\" content=\"article\" \/>\n<meta property=\"og:title\" content=\"Du\u0161igeel Koh Samui - Beauty Institute\" \/>\n<meta property=\"og:description\" content=\"Hellita ennast puhta luksusega koos Koh Samui du\u0161ivgeeliga! Geeli ainulaadne koostis muutub veega kokku puutudes kreemjaks vahuks. Kosutav vaht sobib k\u00f5ikidele nahat\u00fc\u00fcpidele, puhastab \u00f5rnalt, j\u00e4tab naha pehmeks ja siledaks. Sukeldu mandariini, piparm\u00fcndi ja seedripuu ahvatlevasse l\u00f5hnasse, mis viib sind Koh Samui kaunitele randadele. Hellitage oma meeli ja nahka &#8211; v\u00e4rskendav ja kosutav du\u0161ikogemus nagu paradiisis. [&hellip;]\" \/>\n<meta property=\"og:url\" content=\"https:\/\/beautyinstitute.ee\/toode\/dusivaht-koh-samui\/\" \/>\n<meta property=\"og:site_name\" content=\"Beauty Institute\" \/>\n<meta property=\"article:modified_time\" content=\"2026-04-17T21:25:21+00:00\" \/>\n<meta property=\"og:image\" content=\"https:\/\/beautyinstitute.ee\/wp-content\/uploads\/2024\/08\/koh-samui-200-ml.webp\" \/>\n\t<meta property=\"og:image:width\" content=\"800\" \/>\n\t<meta property=\"og:image:height\" content=\"800\" \/>\n\t<meta property=\"og:image:type\" content=\"image\/webp\" \/>\n<meta name=\"twitter:card\" content=\"summary_large_image\" \/>\n<meta name=\"twitter:site\" content=\"@Beauty_Eesti\" \/>\n<meta name=\"twitter:label1\" content=\"\u041f\u0440\u0438\u043c\u0435\u0440\u043d\u043e\u0435 \u0432\u0440\u0435\u043c\u044f \u0434\u043b\u044f \u0447\u0442\u0435\u043d\u0438\u044f\" \/>\n\t<meta name=\"twitter:data1\" content=\"1 \u043c\u0438\u043d\u0443\u0442\u0430\" \/>\n<script type=\"application\/ld+json\" class=\"yoast-schema-graph\">{\"@context\":\"https:\/\/schema.org\",\"@graph\":[{\"@type\":\"WebPage\",\"@id\":\"https:\/\/beautyinstitute.ee\/toode\/dusivaht-koh-samui\/\",\"url\":\"https:\/\/beautyinstitute.ee\/toode\/dusivaht-koh-samui\/\",\"name\":\"Du\u0161igeel Koh Samui - Beauty Institute\",\"isPartOf\":{\"@id\":\"https:\/\/beautyinstitute.ee\/#website\"},\"primaryImageOfPage\":{\"@id\":\"https:\/\/beautyinstitute.ee\/toode\/dusivaht-koh-samui\/#primaryimage\"},\"image\":{\"@id\":\"https:\/\/beautyinstitute.ee\/toode\/dusivaht-koh-samui\/#primaryimage\"},\"thumbnailUrl\":\"https:\/\/beautyinstitute.ee\/wp-content\/uploads\/2024\/08\/koh-samui-200-ml.webp\",\"datePublished\":\"2024-08-27T13:21:52+00:00\",\"dateModified\":\"2026-04-17T21:25:21+00:00\",\"breadcrumb\":{\"@id\":\"https:\/\/beautyinstitute.ee\/toode\/dusivaht-koh-samui\/#breadcrumb\"},\"inLanguage\":\"ru-RU\",\"potentialAction\":[{\"@type\":\"ReadAction\",\"target\":[\"https:\/\/beautyinstitute.ee\/toode\/dusivaht-koh-samui\/\"]}]},{\"@type\":\"ImageObject\",\"inLanguage\":\"ru-RU\",\"@id\":\"https:\/\/beautyinstitute.ee\/toode\/dusivaht-koh-samui\/#primaryimage\",\"url\":\"https:\/\/beautyinstitute.ee\/wp-content\/uploads\/2024\/08\/koh-samui-200-ml.webp\",\"contentUrl\":\"https:\/\/beautyinstitute.ee\/wp-content\/uploads\/2024\/08\/koh-samui-200-ml.webp\",\"width\":800,\"height\":800},{\"@type\":\"BreadcrumbList\",\"@id\":\"https:\/\/beautyinstitute.ee\/toode\/dusivaht-koh-samui\/#breadcrumb\",\"itemListElement\":[{\"@type\":\"ListItem\",\"position\":1,\"name\":\"Home\",\"item\":\"https:\/\/beautyinstitute.ee\/ru\/\"},{\"@type\":\"ListItem\",\"position\":2,\"name\":\"E-pood\",\"item\":\"https:\/\/beautyinstitute.ee\/e-pood\/\"},{\"@type\":\"ListItem\",\"position\":3,\"name\":\"Du\u0161igeel Koh Samui\"}]},{\"@type\":\"WebSite\",\"@id\":\"https:\/\/beautyinstitute.ee\/#website\",\"url\":\"https:\/\/beautyinstitute.ee\/\",\"name\":\"Beauty Institute\",\"description\":\"CNC Cosmetic ametlik maaletooja ja edasim\u00fc\u00fcja Eestis, Soomes, L\u00e4tis. Aparaadikosmeetika, koolitused, kosmeetikatooted.\",\"potentialAction\":[{\"@type\":\"SearchAction\",\"target\":{\"@type\":\"EntryPoint\",\"urlTemplate\":\"https:\/\/beautyinstitute.ee\/?s={search_term_string}\"},\"query-input\":{\"@type\":\"PropertyValueSpecification\",\"valueRequired\":true,\"valueName\":\"search_term_string\"}}],\"inLanguage\":\"ru-RU\"}]}<\/script>\n<!-- \/ Yoast SEO plugin. -->","yoast_head_json":{"title":"Du\u0161igeel Koh Samui - Beauty Institute","robots":{"index":"index","follow":"follow","max-snippet":"max-snippet:-1","max-image-preview":"max-image-preview:large","max-video-preview":"max-video-preview:-1"},"canonical":"https:\/\/beautyinstitute.ee\/toode\/dusivaht-koh-samui\/","og_locale":"ru_RU","og_type":"article","og_title":"Du\u0161igeel Koh Samui - Beauty Institute","og_description":"Hellita ennast puhta luksusega koos Koh Samui du\u0161ivgeeliga! Geeli ainulaadne koostis muutub veega kokku puutudes kreemjaks vahuks. Kosutav vaht sobib k\u00f5ikidele nahat\u00fc\u00fcpidele, puhastab \u00f5rnalt, j\u00e4tab naha pehmeks ja siledaks. Sukeldu mandariini, piparm\u00fcndi ja seedripuu ahvatlevasse l\u00f5hnasse, mis viib sind Koh Samui kaunitele randadele. Hellitage oma meeli ja nahka &#8211; v\u00e4rskendav ja kosutav du\u0161ikogemus nagu paradiisis. [&hellip;]","og_url":"https:\/\/beautyinstitute.ee\/toode\/dusivaht-koh-samui\/","og_site_name":"Beauty Institute","article_modified_time":"2026-04-17T21:25:21+00:00","og_image":[{"width":800,"height":800,"url":"https:\/\/beautyinstitute.ee\/wp-content\/uploads\/2024\/08\/koh-samui-200-ml.webp","type":"image\/webp"}],"twitter_card":"summary_large_image","twitter_site":"@Beauty_Eesti","twitter_misc":{"\u041f\u0440\u0438\u043c\u0435\u0440\u043d\u043e\u0435 \u0432\u0440\u0435\u043c\u044f \u0434\u043b\u044f \u0447\u0442\u0435\u043d\u0438\u044f":"1 \u043c\u0438\u043d\u0443\u0442\u0430"},"schema":{"@context":"https:\/\/schema.org","@graph":[{"@type":"WebPage","@id":"https:\/\/beautyinstitute.ee\/toode\/dusivaht-koh-samui\/","url":"https:\/\/beautyinstitute.ee\/toode\/dusivaht-koh-samui\/","name":"Du\u0161igeel Koh Samui - Beauty Institute","isPartOf":{"@id":"https:\/\/beautyinstitute.ee\/#website"},"primaryImageOfPage":{"@id":"https:\/\/beautyinstitute.ee\/toode\/dusivaht-koh-samui\/#primaryimage"},"image":{"@id":"https:\/\/beautyinstitute.ee\/toode\/dusivaht-koh-samui\/#primaryimage"},"thumbnailUrl":"https:\/\/beautyinstitute.ee\/wp-content\/uploads\/2024\/08\/koh-samui-200-ml.webp","datePublished":"2024-08-27T13:21:52+00:00","dateModified":"2026-04-17T21:25:21+00:00","breadcrumb":{"@id":"https:\/\/beautyinstitute.ee\/toode\/dusivaht-koh-samui\/#breadcrumb"},"inLanguage":"ru-RU","potentialAction":[{"@type":"ReadAction","target":["https:\/\/beautyinstitute.ee\/toode\/dusivaht-koh-samui\/"]}]},{"@type":"ImageObject","inLanguage":"ru-RU","@id":"https:\/\/beautyinstitute.ee\/toode\/dusivaht-koh-samui\/#primaryimage","url":"https:\/\/beautyinstitute.ee\/wp-content\/uploads\/2024\/08\/koh-samui-200-ml.webp","contentUrl":"https:\/\/beautyinstitute.ee\/wp-content\/uploads\/2024\/08\/koh-samui-200-ml.webp","width":800,"height":800},{"@type":"BreadcrumbList","@id":"https:\/\/beautyinstitute.ee\/toode\/dusivaht-koh-samui\/#breadcrumb","itemListElement":[{"@type":"ListItem","position":1,"name":"Home","item":"https:\/\/beautyinstitute.ee\/ru\/"},{"@type":"ListItem","position":2,"name":"E-pood","item":"https:\/\/beautyinstitute.ee\/e-pood\/"},{"@type":"ListItem","position":3,"name":"Du\u0161igeel Koh Samui"}]},{"@type":"WebSite","@id":"https:\/\/beautyinstitute.ee\/#website","url":"https:\/\/beautyinstitute.ee\/","name":"Beauty Institute","description":"CNC Cosmetic ametlik maaletooja ja edasim\u00fc\u00fcja Eestis, Soomes, L\u00e4tis. Aparaadikosmeetika, koolitused, kosmeetikatooted.","potentialAction":[{"@type":"SearchAction","target":{"@type":"EntryPoint","urlTemplate":"https:\/\/beautyinstitute.ee\/?s={search_term_string}"},"query-input":{"@type":"PropertyValueSpecification","valueRequired":true,"valueName":"search_term_string"}}],"inLanguage":"ru-RU"}]}},"_links":{"self":[{"href":"https:\/\/beautyinstitute.ee\/ru\/wp-json\/wp\/v2\/product\/30219","targetHints":{"allow":["GET"]}}],"collection":[{"href":"https:\/\/beautyinstitute.ee\/ru\/wp-json\/wp\/v2\/product"}],"about":[{"href":"https:\/\/beautyinstitute.ee\/ru\/wp-json\/wp\/v2\/types\/product"}],"wp:featuredmedia":[{"embeddable":true,"href":"https:\/\/beautyinstitute.ee\/ru\/wp-json\/wp\/v2\/media\/30225"}],"wp:attachment":[{"href":"https:\/\/beautyinstitute.ee\/ru\/wp-json\/wp\/v2\/media?parent=30219"}],"wp:term":[{"taxonomy":"product_cat","embeddable":true,"href":"https:\/\/beautyinstitute.ee\/ru\/wp-json\/wp\/v2\/product_cat?post=30219"},{"taxonomy":"product_tag","embeddable":true,"href":"https:\/\/beautyinstitute.ee\/ru\/wp-json\/wp\/v2\/product_tag?post=30219"}],"curies":[{"name":"wp","href":"https:\/\/api.w.org\/{rel}","templated":true}]}}