{"id":30247,"date":"2024-08-29T13:20:32","date_gmt":"2024-08-29T10:20:32","guid":{"rendered":"https:\/\/beautyinstitute.ee\/?post_type=product&#038;p=30247"},"modified":"2026-03-26T09:47:23","modified_gmt":"2026-03-26T07:47:23","slug":"ripsmete-varvimise-jaoks-silmaaluse-kaitsepaber-refectocil-extra","status":"publish","type":"product","link":"https:\/\/beautyinstitute.ee\/ru\/toode\/ripsmete-varvimise-jaoks-silmaaluse-kaitsepaber-refectocil-extra\/","title":{"rendered":"Ripsmete V\u00e4rvimise Jaoks Silmaaluse Kaitsepaber Refectocil Extra"},"content":{"rendered":"<p>\u00dclipehme ja erilise l\u00e4bimatu kattega RefectoCil\u2019i silmade kaitsepaber Eye Protection Papers Extra aitab kaitsta klientide silmalauge soovimatu v\u00e4rvumise eest. Need on lihtsasti kasutatavad, sobituvad ideaalselt ja pakuvad t\u00e4nu oma spetsiaalsele kattele parimat naha kaitset.<\/p>\n<p>Pakis on 80 tk.<\/p>\n","protected":false},"excerpt":{"rendered":"<p>\u00dclipehme ja erilise l\u00e4bimatu kattega RefectoCil\u2019i silmade kaitsepaber Eye Protection Papers Extra aitab kaitsta klientide silmalauge soovimatu v\u00e4rvumise eest. Need on lihtsasti kasutatavad, sobituvad ideaalselt ja pakuvad t\u00e4nu oma spetsiaalsele kattele parimat naha kaitset. Pakis on 80 tk.<\/p>\n","protected":false},"featured_media":30248,"template":"","meta":{"_acf_changed":false},"product_cat":[191],"product_tag":[],"class_list":["post-30247","product","type-product","status-publish","has-post-thumbnail","hentry","product_cat-kabineti-tooted"],"acf":[],"yoast_head":"<!-- This site is optimized with the Yoast SEO plugin v25.4 - https:\/\/yoast.com\/wordpress\/plugins\/seo\/ -->\n<title>Ripsmete V\u00e4rvimise Jaoks Silmaaluse Kaitsepaber Refectocil Extra - Beauty Institute<\/title>\n<meta name=\"robots\" content=\"index, follow, max-snippet:-1, max-image-preview:large, max-video-preview:-1\" \/>\n<link rel=\"canonical\" href=\"https:\/\/beautyinstitute.ee\/toode\/ripsmete-varvimise-jaoks-silmaaluse-kaitsepaber-refectocil-extra\/\" \/>\n<meta property=\"og:locale\" content=\"ru_RU\" \/>\n<meta property=\"og:type\" content=\"article\" \/>\n<meta property=\"og:title\" content=\"Ripsmete V\u00e4rvimise Jaoks Silmaaluse Kaitsepaber Refectocil Extra - Beauty Institute\" \/>\n<meta property=\"og:description\" content=\"\u00dclipehme ja erilise l\u00e4bimatu kattega RefectoCil\u2019i silmade kaitsepaber Eye Protection Papers Extra aitab kaitsta klientide silmalauge soovimatu v\u00e4rvumise eest. Need on lihtsasti kasutatavad, sobituvad ideaalselt ja pakuvad t\u00e4nu oma spetsiaalsele kattele parimat naha kaitset. Pakis on 80 tk.\" \/>\n<meta property=\"og:url\" content=\"https:\/\/beautyinstitute.ee\/toode\/ripsmete-varvimise-jaoks-silmaaluse-kaitsepaber-refectocil-extra\/\" \/>\n<meta property=\"og:site_name\" content=\"Beauty Institute\" \/>\n<meta property=\"article:modified_time\" content=\"2026-03-26T07:47:23+00:00\" \/>\n<meta property=\"og:image\" content=\"https:\/\/beautyinstitute.ee\/wp-content\/uploads\/2024\/08\/image_442039_1-scaled.jpg\" \/>\n\t<meta property=\"og:image:width\" content=\"2560\" \/>\n\t<meta property=\"og:image:height\" content=\"2560\" \/>\n\t<meta property=\"og:image:type\" content=\"image\/jpeg\" \/>\n<meta name=\"twitter:card\" content=\"summary_large_image\" \/>\n<meta name=\"twitter:site\" content=\"@Beauty_Eesti\" \/>\n<meta name=\"twitter:label1\" content=\"\u041f\u0440\u0438\u043c\u0435\u0440\u043d\u043e\u0435 \u0432\u0440\u0435\u043c\u044f \u0434\u043b\u044f \u0447\u0442\u0435\u043d\u0438\u044f\" \/>\n\t<meta name=\"twitter:data1\" content=\"1 \u043c\u0438\u043d\u0443\u0442\u0430\" \/>\n<script type=\"application\/ld+json\" class=\"yoast-schema-graph\">{\"@context\":\"https:\/\/schema.org\",\"@graph\":[{\"@type\":\"WebPage\",\"@id\":\"https:\/\/beautyinstitute.ee\/toode\/ripsmete-varvimise-jaoks-silmaaluse-kaitsepaber-refectocil-extra\/\",\"url\":\"https:\/\/beautyinstitute.ee\/toode\/ripsmete-varvimise-jaoks-silmaaluse-kaitsepaber-refectocil-extra\/\",\"name\":\"Ripsmete V\u00e4rvimise Jaoks Silmaaluse Kaitsepaber Refectocil Extra - Beauty Institute\",\"isPartOf\":{\"@id\":\"https:\/\/beautyinstitute.ee\/#website\"},\"primaryImageOfPage\":{\"@id\":\"https:\/\/beautyinstitute.ee\/toode\/ripsmete-varvimise-jaoks-silmaaluse-kaitsepaber-refectocil-extra\/#primaryimage\"},\"image\":{\"@id\":\"https:\/\/beautyinstitute.ee\/toode\/ripsmete-varvimise-jaoks-silmaaluse-kaitsepaber-refectocil-extra\/#primaryimage\"},\"thumbnailUrl\":\"https:\/\/beautyinstitute.ee\/wp-content\/uploads\/2024\/08\/image_442039_1-scaled.jpg\",\"datePublished\":\"2024-08-29T10:20:32+00:00\",\"dateModified\":\"2026-03-26T07:47:23+00:00\",\"breadcrumb\":{\"@id\":\"https:\/\/beautyinstitute.ee\/toode\/ripsmete-varvimise-jaoks-silmaaluse-kaitsepaber-refectocil-extra\/#breadcrumb\"},\"inLanguage\":\"ru-RU\",\"potentialAction\":[{\"@type\":\"ReadAction\",\"target\":[\"https:\/\/beautyinstitute.ee\/toode\/ripsmete-varvimise-jaoks-silmaaluse-kaitsepaber-refectocil-extra\/\"]}]},{\"@type\":\"ImageObject\",\"inLanguage\":\"ru-RU\",\"@id\":\"https:\/\/beautyinstitute.ee\/toode\/ripsmete-varvimise-jaoks-silmaaluse-kaitsepaber-refectocil-extra\/#primaryimage\",\"url\":\"https:\/\/beautyinstitute.ee\/wp-content\/uploads\/2024\/08\/image_442039_1-scaled.jpg\",\"contentUrl\":\"https:\/\/beautyinstitute.ee\/wp-content\/uploads\/2024\/08\/image_442039_1-scaled.jpg\",\"width\":2560,\"height\":2560},{\"@type\":\"BreadcrumbList\",\"@id\":\"https:\/\/beautyinstitute.ee\/toode\/ripsmete-varvimise-jaoks-silmaaluse-kaitsepaber-refectocil-extra\/#breadcrumb\",\"itemListElement\":[{\"@type\":\"ListItem\",\"position\":1,\"name\":\"Home\",\"item\":\"https:\/\/beautyinstitute.ee\/ru\/\"},{\"@type\":\"ListItem\",\"position\":2,\"name\":\"E-pood\",\"item\":\"https:\/\/beautyinstitute.ee\/e-pood\/\"},{\"@type\":\"ListItem\",\"position\":3,\"name\":\"Ripsmete V\u00e4rvimise Jaoks Silmaaluse Kaitsepaber Refectocil Extra\"}]},{\"@type\":\"WebSite\",\"@id\":\"https:\/\/beautyinstitute.ee\/#website\",\"url\":\"https:\/\/beautyinstitute.ee\/\",\"name\":\"Beauty Institute\",\"description\":\"CNC Cosmetic ametlik maaletooja ja edasim\u00fc\u00fcja Eestis, Soomes, L\u00e4tis. Aparaadikosmeetika, koolitused, kosmeetikatooted.\",\"potentialAction\":[{\"@type\":\"SearchAction\",\"target\":{\"@type\":\"EntryPoint\",\"urlTemplate\":\"https:\/\/beautyinstitute.ee\/?s={search_term_string}\"},\"query-input\":{\"@type\":\"PropertyValueSpecification\",\"valueRequired\":true,\"valueName\":\"search_term_string\"}}],\"inLanguage\":\"ru-RU\"}]}<\/script>\n<!-- \/ Yoast SEO plugin. -->","yoast_head_json":{"title":"Ripsmete V\u00e4rvimise Jaoks Silmaaluse Kaitsepaber Refectocil Extra - Beauty Institute","robots":{"index":"index","follow":"follow","max-snippet":"max-snippet:-1","max-image-preview":"max-image-preview:large","max-video-preview":"max-video-preview:-1"},"canonical":"https:\/\/beautyinstitute.ee\/toode\/ripsmete-varvimise-jaoks-silmaaluse-kaitsepaber-refectocil-extra\/","og_locale":"ru_RU","og_type":"article","og_title":"Ripsmete V\u00e4rvimise Jaoks Silmaaluse Kaitsepaber Refectocil Extra - Beauty Institute","og_description":"\u00dclipehme ja erilise l\u00e4bimatu kattega RefectoCil\u2019i silmade kaitsepaber Eye Protection Papers Extra aitab kaitsta klientide silmalauge soovimatu v\u00e4rvumise eest. Need on lihtsasti kasutatavad, sobituvad ideaalselt ja pakuvad t\u00e4nu oma spetsiaalsele kattele parimat naha kaitset. Pakis on 80 tk.","og_url":"https:\/\/beautyinstitute.ee\/toode\/ripsmete-varvimise-jaoks-silmaaluse-kaitsepaber-refectocil-extra\/","og_site_name":"Beauty Institute","article_modified_time":"2026-03-26T07:47:23+00:00","og_image":[{"width":2560,"height":2560,"url":"https:\/\/beautyinstitute.ee\/wp-content\/uploads\/2024\/08\/image_442039_1-scaled.jpg","type":"image\/jpeg"}],"twitter_card":"summary_large_image","twitter_site":"@Beauty_Eesti","twitter_misc":{"\u041f\u0440\u0438\u043c\u0435\u0440\u043d\u043e\u0435 \u0432\u0440\u0435\u043c\u044f \u0434\u043b\u044f \u0447\u0442\u0435\u043d\u0438\u044f":"1 \u043c\u0438\u043d\u0443\u0442\u0430"},"schema":{"@context":"https:\/\/schema.org","@graph":[{"@type":"WebPage","@id":"https:\/\/beautyinstitute.ee\/toode\/ripsmete-varvimise-jaoks-silmaaluse-kaitsepaber-refectocil-extra\/","url":"https:\/\/beautyinstitute.ee\/toode\/ripsmete-varvimise-jaoks-silmaaluse-kaitsepaber-refectocil-extra\/","name":"Ripsmete V\u00e4rvimise Jaoks Silmaaluse Kaitsepaber Refectocil Extra - Beauty Institute","isPartOf":{"@id":"https:\/\/beautyinstitute.ee\/#website"},"primaryImageOfPage":{"@id":"https:\/\/beautyinstitute.ee\/toode\/ripsmete-varvimise-jaoks-silmaaluse-kaitsepaber-refectocil-extra\/#primaryimage"},"image":{"@id":"https:\/\/beautyinstitute.ee\/toode\/ripsmete-varvimise-jaoks-silmaaluse-kaitsepaber-refectocil-extra\/#primaryimage"},"thumbnailUrl":"https:\/\/beautyinstitute.ee\/wp-content\/uploads\/2024\/08\/image_442039_1-scaled.jpg","datePublished":"2024-08-29T10:20:32+00:00","dateModified":"2026-03-26T07:47:23+00:00","breadcrumb":{"@id":"https:\/\/beautyinstitute.ee\/toode\/ripsmete-varvimise-jaoks-silmaaluse-kaitsepaber-refectocil-extra\/#breadcrumb"},"inLanguage":"ru-RU","potentialAction":[{"@type":"ReadAction","target":["https:\/\/beautyinstitute.ee\/toode\/ripsmete-varvimise-jaoks-silmaaluse-kaitsepaber-refectocil-extra\/"]}]},{"@type":"ImageObject","inLanguage":"ru-RU","@id":"https:\/\/beautyinstitute.ee\/toode\/ripsmete-varvimise-jaoks-silmaaluse-kaitsepaber-refectocil-extra\/#primaryimage","url":"https:\/\/beautyinstitute.ee\/wp-content\/uploads\/2024\/08\/image_442039_1-scaled.jpg","contentUrl":"https:\/\/beautyinstitute.ee\/wp-content\/uploads\/2024\/08\/image_442039_1-scaled.jpg","width":2560,"height":2560},{"@type":"BreadcrumbList","@id":"https:\/\/beautyinstitute.ee\/toode\/ripsmete-varvimise-jaoks-silmaaluse-kaitsepaber-refectocil-extra\/#breadcrumb","itemListElement":[{"@type":"ListItem","position":1,"name":"Home","item":"https:\/\/beautyinstitute.ee\/ru\/"},{"@type":"ListItem","position":2,"name":"E-pood","item":"https:\/\/beautyinstitute.ee\/e-pood\/"},{"@type":"ListItem","position":3,"name":"Ripsmete V\u00e4rvimise Jaoks Silmaaluse Kaitsepaber Refectocil Extra"}]},{"@type":"WebSite","@id":"https:\/\/beautyinstitute.ee\/#website","url":"https:\/\/beautyinstitute.ee\/","name":"Beauty Institute","description":"CNC Cosmetic ametlik maaletooja ja edasim\u00fc\u00fcja Eestis, Soomes, L\u00e4tis. Aparaadikosmeetika, koolitused, kosmeetikatooted.","potentialAction":[{"@type":"SearchAction","target":{"@type":"EntryPoint","urlTemplate":"https:\/\/beautyinstitute.ee\/?s={search_term_string}"},"query-input":{"@type":"PropertyValueSpecification","valueRequired":true,"valueName":"search_term_string"}}],"inLanguage":"ru-RU"}]}},"_links":{"self":[{"href":"https:\/\/beautyinstitute.ee\/ru\/wp-json\/wp\/v2\/product\/30247","targetHints":{"allow":["GET"]}}],"collection":[{"href":"https:\/\/beautyinstitute.ee\/ru\/wp-json\/wp\/v2\/product"}],"about":[{"href":"https:\/\/beautyinstitute.ee\/ru\/wp-json\/wp\/v2\/types\/product"}],"wp:featuredmedia":[{"embeddable":true,"href":"https:\/\/beautyinstitute.ee\/ru\/wp-json\/wp\/v2\/media\/30248"}],"wp:attachment":[{"href":"https:\/\/beautyinstitute.ee\/ru\/wp-json\/wp\/v2\/media?parent=30247"}],"wp:term":[{"taxonomy":"product_cat","embeddable":true,"href":"https:\/\/beautyinstitute.ee\/ru\/wp-json\/wp\/v2\/product_cat?post=30247"},{"taxonomy":"product_tag","embeddable":true,"href":"https:\/\/beautyinstitute.ee\/ru\/wp-json\/wp\/v2\/product_tag?post=30247"}],"curies":[{"name":"wp","href":"https:\/\/api.w.org\/{rel}","templated":true}]}}