{"id":30334,"date":"2024-09-05T16:01:37","date_gmt":"2024-09-05T13:01:37","guid":{"rendered":"https:\/\/beautyinstitute.ee\/?post_type=product&#038;p=30334"},"modified":"2026-04-23T13:23:13","modified_gmt":"2026-04-23T10:23:13","slug":"mikrozid-sensitiv-premium-alkoholivabad-puhastuslapid-80-tk","status":"publish","type":"product","link":"https:\/\/beautyinstitute.ee\/ru\/toode\/mikrozid-sensitiv-premium-alkoholivabad-puhastuslapid-80-tk\/","title":{"rendered":"Mikrozid Sensitiv Premium Alkoholivabad Puhastuslapid 80 Tk"},"content":{"rendered":"<p>Kasutusvalmis, alkoholivabad desinfitseerimispuhastuslapid \u00f5rnade pindade ja tundlike meditsiiniseadmete puhastamiseks ja desinfitseerimiseks, suurus \u00fche lapi kohta 25x25cm, v\u00f5ib kasutada kuni 1,5m\u00b2 suurusele alale.<\/p>\n<p>&#8211; Valmis kasutamiseks.<\/p>\n<p>&#8211; V\u00e4ga kiire ja t\u00f5hus.<\/p>\n<p>&#8211; Bakteritsiidne ja piiratud viirust\u00f5rjev\u00f5ime.<\/p>\n<p>&#8211; Sobib ideaalselt tundlikele pindadele.<\/p>\n<p>&#8211; Hea puhastusv\u00f5ime.<\/p>\n<p>&#8211; VAH-nimekirja kantud.<\/p>\n<p>Pakis 80 tk<\/p>\n","protected":false},"excerpt":{"rendered":"<p>Kasutusvalmis, alkoholivabad desinfitseerimispuhastuslapid \u00f5rnade pindade ja tundlike meditsiiniseadmete puhastamiseks ja desinfitseerimiseks, suurus \u00fche lapi kohta 25x25cm, v\u00f5ib kasutada kuni 1,5m\u00b2 suurusele alale. &#8211; Valmis kasutamiseks. &#8211; V\u00e4ga kiire ja t\u00f5hus. &#8211; Bakteritsiidne ja piiratud viirust\u00f5rjev\u00f5ime. &#8211; Sobib ideaalselt tundlikele pindadele. &#8211; Hea puhastusv\u00f5ime. &#8211; VAH-nimekirja kantud. Pakis 80 tk<\/p>\n","protected":false},"featured_media":30336,"template":"","meta":{"_acf_changed":false},"product_cat":[191],"product_tag":[],"class_list":["post-30334","product","type-product","status-publish","has-post-thumbnail","hentry","product_cat-kabineti-tooted"],"acf":[],"yoast_head":"<!-- This site is optimized with the Yoast SEO plugin v25.4 - https:\/\/yoast.com\/wordpress\/plugins\/seo\/ -->\n<title>Mikrozid Sensitiv Premium Alkoholivabad Puhastuslapid 80 Tk - Beauty Institute<\/title>\n<meta name=\"robots\" content=\"index, follow, max-snippet:-1, max-image-preview:large, max-video-preview:-1\" \/>\n<link rel=\"canonical\" href=\"https:\/\/beautyinstitute.ee\/toode\/mikrozid-sensitiv-premium-alkoholivabad-puhastuslapid-80-tk\/\" \/>\n<meta property=\"og:locale\" content=\"ru_RU\" \/>\n<meta property=\"og:type\" content=\"article\" \/>\n<meta property=\"og:title\" content=\"Mikrozid Sensitiv Premium Alkoholivabad Puhastuslapid 80 Tk - Beauty Institute\" \/>\n<meta property=\"og:description\" content=\"Kasutusvalmis, alkoholivabad desinfitseerimispuhastuslapid \u00f5rnade pindade ja tundlike meditsiiniseadmete puhastamiseks ja desinfitseerimiseks, suurus \u00fche lapi kohta 25x25cm, v\u00f5ib kasutada kuni 1,5m\u00b2 suurusele alale. &#8211; Valmis kasutamiseks. &#8211; V\u00e4ga kiire ja t\u00f5hus. &#8211; Bakteritsiidne ja piiratud viirust\u00f5rjev\u00f5ime. &#8211; Sobib ideaalselt tundlikele pindadele. &#8211; Hea puhastusv\u00f5ime. &#8211; VAH-nimekirja kantud. Pakis 80 tk\" \/>\n<meta property=\"og:url\" content=\"https:\/\/beautyinstitute.ee\/toode\/mikrozid-sensitiv-premium-alkoholivabad-puhastuslapid-80-tk\/\" \/>\n<meta property=\"og:site_name\" content=\"Beauty Institute\" \/>\n<meta property=\"article:modified_time\" content=\"2026-04-23T10:23:13+00:00\" \/>\n<meta property=\"og:image\" content=\"https:\/\/beautyinstitute.ee\/wp-content\/uploads\/2024\/09\/mikrozid-sensitiv-premium-scaled.jpg\" \/>\n\t<meta property=\"og:image:width\" content=\"2560\" \/>\n\t<meta property=\"og:image:height\" content=\"1405\" \/>\n\t<meta property=\"og:image:type\" content=\"image\/jpeg\" \/>\n<meta name=\"twitter:card\" content=\"summary_large_image\" \/>\n<meta name=\"twitter:site\" content=\"@Beauty_Eesti\" \/>\n<meta name=\"twitter:label1\" content=\"\u041f\u0440\u0438\u043c\u0435\u0440\u043d\u043e\u0435 \u0432\u0440\u0435\u043c\u044f \u0434\u043b\u044f \u0447\u0442\u0435\u043d\u0438\u044f\" \/>\n\t<meta name=\"twitter:data1\" content=\"1 \u043c\u0438\u043d\u0443\u0442\u0430\" \/>\n<script type=\"application\/ld+json\" class=\"yoast-schema-graph\">{\"@context\":\"https:\/\/schema.org\",\"@graph\":[{\"@type\":\"WebPage\",\"@id\":\"https:\/\/beautyinstitute.ee\/toode\/mikrozid-sensitiv-premium-alkoholivabad-puhastuslapid-80-tk\/\",\"url\":\"https:\/\/beautyinstitute.ee\/toode\/mikrozid-sensitiv-premium-alkoholivabad-puhastuslapid-80-tk\/\",\"name\":\"Mikrozid Sensitiv Premium Alkoholivabad Puhastuslapid 80 Tk - Beauty Institute\",\"isPartOf\":{\"@id\":\"https:\/\/beautyinstitute.ee\/#website\"},\"primaryImageOfPage\":{\"@id\":\"https:\/\/beautyinstitute.ee\/toode\/mikrozid-sensitiv-premium-alkoholivabad-puhastuslapid-80-tk\/#primaryimage\"},\"image\":{\"@id\":\"https:\/\/beautyinstitute.ee\/toode\/mikrozid-sensitiv-premium-alkoholivabad-puhastuslapid-80-tk\/#primaryimage\"},\"thumbnailUrl\":\"https:\/\/beautyinstitute.ee\/wp-content\/uploads\/2024\/09\/mikrozid-sensitiv-premium-scaled.jpg\",\"datePublished\":\"2024-09-05T13:01:37+00:00\",\"dateModified\":\"2026-04-23T10:23:13+00:00\",\"breadcrumb\":{\"@id\":\"https:\/\/beautyinstitute.ee\/toode\/mikrozid-sensitiv-premium-alkoholivabad-puhastuslapid-80-tk\/#breadcrumb\"},\"inLanguage\":\"ru-RU\",\"potentialAction\":[{\"@type\":\"ReadAction\",\"target\":[\"https:\/\/beautyinstitute.ee\/toode\/mikrozid-sensitiv-premium-alkoholivabad-puhastuslapid-80-tk\/\"]}]},{\"@type\":\"ImageObject\",\"inLanguage\":\"ru-RU\",\"@id\":\"https:\/\/beautyinstitute.ee\/toode\/mikrozid-sensitiv-premium-alkoholivabad-puhastuslapid-80-tk\/#primaryimage\",\"url\":\"https:\/\/beautyinstitute.ee\/wp-content\/uploads\/2024\/09\/mikrozid-sensitiv-premium-scaled.jpg\",\"contentUrl\":\"https:\/\/beautyinstitute.ee\/wp-content\/uploads\/2024\/09\/mikrozid-sensitiv-premium-scaled.jpg\",\"width\":2560,\"height\":1405},{\"@type\":\"BreadcrumbList\",\"@id\":\"https:\/\/beautyinstitute.ee\/toode\/mikrozid-sensitiv-premium-alkoholivabad-puhastuslapid-80-tk\/#breadcrumb\",\"itemListElement\":[{\"@type\":\"ListItem\",\"position\":1,\"name\":\"Home\",\"item\":\"https:\/\/beautyinstitute.ee\/ru\/\"},{\"@type\":\"ListItem\",\"position\":2,\"name\":\"E-pood\",\"item\":\"https:\/\/beautyinstitute.ee\/e-pood\/\"},{\"@type\":\"ListItem\",\"position\":3,\"name\":\"Mikrozid Sensitiv Premium Alkoholivabad Puhastuslapid 80 Tk\"}]},{\"@type\":\"WebSite\",\"@id\":\"https:\/\/beautyinstitute.ee\/#website\",\"url\":\"https:\/\/beautyinstitute.ee\/\",\"name\":\"Beauty Institute\",\"description\":\"CNC Cosmetic ametlik maaletooja ja edasim\u00fc\u00fcja Eestis, Soomes, L\u00e4tis. Aparaadikosmeetika, koolitused, kosmeetikatooted.\",\"potentialAction\":[{\"@type\":\"SearchAction\",\"target\":{\"@type\":\"EntryPoint\",\"urlTemplate\":\"https:\/\/beautyinstitute.ee\/?s={search_term_string}\"},\"query-input\":{\"@type\":\"PropertyValueSpecification\",\"valueRequired\":true,\"valueName\":\"search_term_string\"}}],\"inLanguage\":\"ru-RU\"}]}<\/script>\n<!-- \/ Yoast SEO plugin. -->","yoast_head_json":{"title":"Mikrozid Sensitiv Premium Alkoholivabad Puhastuslapid 80 Tk - Beauty Institute","robots":{"index":"index","follow":"follow","max-snippet":"max-snippet:-1","max-image-preview":"max-image-preview:large","max-video-preview":"max-video-preview:-1"},"canonical":"https:\/\/beautyinstitute.ee\/toode\/mikrozid-sensitiv-premium-alkoholivabad-puhastuslapid-80-tk\/","og_locale":"ru_RU","og_type":"article","og_title":"Mikrozid Sensitiv Premium Alkoholivabad Puhastuslapid 80 Tk - Beauty Institute","og_description":"Kasutusvalmis, alkoholivabad desinfitseerimispuhastuslapid \u00f5rnade pindade ja tundlike meditsiiniseadmete puhastamiseks ja desinfitseerimiseks, suurus \u00fche lapi kohta 25x25cm, v\u00f5ib kasutada kuni 1,5m\u00b2 suurusele alale. &#8211; Valmis kasutamiseks. &#8211; V\u00e4ga kiire ja t\u00f5hus. &#8211; Bakteritsiidne ja piiratud viirust\u00f5rjev\u00f5ime. &#8211; Sobib ideaalselt tundlikele pindadele. &#8211; Hea puhastusv\u00f5ime. &#8211; VAH-nimekirja kantud. Pakis 80 tk","og_url":"https:\/\/beautyinstitute.ee\/toode\/mikrozid-sensitiv-premium-alkoholivabad-puhastuslapid-80-tk\/","og_site_name":"Beauty Institute","article_modified_time":"2026-04-23T10:23:13+00:00","og_image":[{"width":2560,"height":1405,"url":"https:\/\/beautyinstitute.ee\/wp-content\/uploads\/2024\/09\/mikrozid-sensitiv-premium-scaled.jpg","type":"image\/jpeg"}],"twitter_card":"summary_large_image","twitter_site":"@Beauty_Eesti","twitter_misc":{"\u041f\u0440\u0438\u043c\u0435\u0440\u043d\u043e\u0435 \u0432\u0440\u0435\u043c\u044f \u0434\u043b\u044f \u0447\u0442\u0435\u043d\u0438\u044f":"1 \u043c\u0438\u043d\u0443\u0442\u0430"},"schema":{"@context":"https:\/\/schema.org","@graph":[{"@type":"WebPage","@id":"https:\/\/beautyinstitute.ee\/toode\/mikrozid-sensitiv-premium-alkoholivabad-puhastuslapid-80-tk\/","url":"https:\/\/beautyinstitute.ee\/toode\/mikrozid-sensitiv-premium-alkoholivabad-puhastuslapid-80-tk\/","name":"Mikrozid Sensitiv Premium Alkoholivabad Puhastuslapid 80 Tk - Beauty Institute","isPartOf":{"@id":"https:\/\/beautyinstitute.ee\/#website"},"primaryImageOfPage":{"@id":"https:\/\/beautyinstitute.ee\/toode\/mikrozid-sensitiv-premium-alkoholivabad-puhastuslapid-80-tk\/#primaryimage"},"image":{"@id":"https:\/\/beautyinstitute.ee\/toode\/mikrozid-sensitiv-premium-alkoholivabad-puhastuslapid-80-tk\/#primaryimage"},"thumbnailUrl":"https:\/\/beautyinstitute.ee\/wp-content\/uploads\/2024\/09\/mikrozid-sensitiv-premium-scaled.jpg","datePublished":"2024-09-05T13:01:37+00:00","dateModified":"2026-04-23T10:23:13+00:00","breadcrumb":{"@id":"https:\/\/beautyinstitute.ee\/toode\/mikrozid-sensitiv-premium-alkoholivabad-puhastuslapid-80-tk\/#breadcrumb"},"inLanguage":"ru-RU","potentialAction":[{"@type":"ReadAction","target":["https:\/\/beautyinstitute.ee\/toode\/mikrozid-sensitiv-premium-alkoholivabad-puhastuslapid-80-tk\/"]}]},{"@type":"ImageObject","inLanguage":"ru-RU","@id":"https:\/\/beautyinstitute.ee\/toode\/mikrozid-sensitiv-premium-alkoholivabad-puhastuslapid-80-tk\/#primaryimage","url":"https:\/\/beautyinstitute.ee\/wp-content\/uploads\/2024\/09\/mikrozid-sensitiv-premium-scaled.jpg","contentUrl":"https:\/\/beautyinstitute.ee\/wp-content\/uploads\/2024\/09\/mikrozid-sensitiv-premium-scaled.jpg","width":2560,"height":1405},{"@type":"BreadcrumbList","@id":"https:\/\/beautyinstitute.ee\/toode\/mikrozid-sensitiv-premium-alkoholivabad-puhastuslapid-80-tk\/#breadcrumb","itemListElement":[{"@type":"ListItem","position":1,"name":"Home","item":"https:\/\/beautyinstitute.ee\/ru\/"},{"@type":"ListItem","position":2,"name":"E-pood","item":"https:\/\/beautyinstitute.ee\/e-pood\/"},{"@type":"ListItem","position":3,"name":"Mikrozid Sensitiv Premium Alkoholivabad Puhastuslapid 80 Tk"}]},{"@type":"WebSite","@id":"https:\/\/beautyinstitute.ee\/#website","url":"https:\/\/beautyinstitute.ee\/","name":"Beauty Institute","description":"CNC Cosmetic ametlik maaletooja ja edasim\u00fc\u00fcja Eestis, Soomes, L\u00e4tis. Aparaadikosmeetika, koolitused, kosmeetikatooted.","potentialAction":[{"@type":"SearchAction","target":{"@type":"EntryPoint","urlTemplate":"https:\/\/beautyinstitute.ee\/?s={search_term_string}"},"query-input":{"@type":"PropertyValueSpecification","valueRequired":true,"valueName":"search_term_string"}}],"inLanguage":"ru-RU"}]}},"_links":{"self":[{"href":"https:\/\/beautyinstitute.ee\/ru\/wp-json\/wp\/v2\/product\/30334","targetHints":{"allow":["GET"]}}],"collection":[{"href":"https:\/\/beautyinstitute.ee\/ru\/wp-json\/wp\/v2\/product"}],"about":[{"href":"https:\/\/beautyinstitute.ee\/ru\/wp-json\/wp\/v2\/types\/product"}],"wp:featuredmedia":[{"embeddable":true,"href":"https:\/\/beautyinstitute.ee\/ru\/wp-json\/wp\/v2\/media\/30336"}],"wp:attachment":[{"href":"https:\/\/beautyinstitute.ee\/ru\/wp-json\/wp\/v2\/media?parent=30334"}],"wp:term":[{"taxonomy":"product_cat","embeddable":true,"href":"https:\/\/beautyinstitute.ee\/ru\/wp-json\/wp\/v2\/product_cat?post=30334"},{"taxonomy":"product_tag","embeddable":true,"href":"https:\/\/beautyinstitute.ee\/ru\/wp-json\/wp\/v2\/product_tag?post=30334"}],"curies":[{"name":"wp","href":"https:\/\/api.w.org\/{rel}","templated":true}]}}