{"id":3046,"date":"2019-01-25T10:01:01","date_gmt":"2019-01-25T08:01:01","guid":{"rendered":"https:\/\/beautyinstitute.ee\/?post_type=product&#038;p=3046"},"modified":"2026-04-28T14:18:35","modified_gmt":"2026-04-28T11:18:35","slug":"purifying-gel-cleanser","status":"publish","type":"product","link":"https:\/\/beautyinstitute.ee\/ru\/toode\/purifying-gel-cleanser\/","title":{"rendered":"Purifying Gel Cleanser"},"content":{"rendered":"<p><strong>L\u00e4bipaistev \u00f5lijas geel \u00f5rnaks rasuse n\u00e4onaha puhastuseks.<\/strong><\/p>\n<p>Ei sisalda alkoholi, seepi ega vett. Sisaldab l\u00f5hna\u00f5li, mis on \u00f5rnatoimeline, kuna see ei sisalda nahka \u00e4rritavaid aineid. Sobib kasutamiseks enne puuvilja hapetega koorimist.<\/p>\n<p><strong>Eelised:<\/strong><\/p>\n<ul>\n<li>usaldusv\u00e4\u00e4rne ja p\u00f5hjalik puhastamine<\/li>\n<li>p\u00f5letikuvastane<\/li>\n<\/ul>\n<p><strong>Sobilik:\u00a0<\/strong>rasune ja \/ v\u00f5i probleemne nahk<\/p>\n<p><strong>Toimeained:<\/strong> saialille ekstrakt, r\u00e4nidioksiid.<\/p>\n","protected":false},"excerpt":{"rendered":"<p>L\u00e4bipaistev \u00f5lijas geel \u00f5rnaks rasuse n\u00e4onaha puhastuseks. Ei sisalda alkoholi, seepi ega vett. Sisaldab l\u00f5hna\u00f5li, mis on \u00f5rnatoimeline, kuna see ei sisalda nahka \u00e4rritavaid aineid. Sobib kasutamiseks enne puuvilja hapetega koorimist. Eelised: usaldusv\u00e4\u00e4rne ja p\u00f5hjalik puhastamine p\u00f5letikuvastane Sobilik:\u00a0rasune ja \/ v\u00f5i probleemne nahk Toimeained: saialille ekstrakt, r\u00e4nidioksiid.<\/p>\n","protected":false},"featured_media":11702,"template":"","meta":{"_acf_changed":false},"product_cat":[214,245,124],"product_tag":[],"class_list":["post-3046","product","type-product","status-publish","has-post-thumbnail","hentry","product_cat-pharma-uus","product_cat-puhastustooted","product_cat-puuviljahapped-tooted-puuviljahapetega"],"acf":[],"yoast_head":"<!-- This site is optimized with the Yoast SEO plugin v25.4 - https:\/\/yoast.com\/wordpress\/plugins\/seo\/ -->\n<title>Purifying Gel Cleanser - Beauty Institute<\/title>\n<meta name=\"robots\" content=\"index, follow, max-snippet:-1, max-image-preview:large, max-video-preview:-1\" \/>\n<link rel=\"canonical\" href=\"https:\/\/beautyinstitute.ee\/toode\/purifying-gel-cleanser\/\" \/>\n<meta property=\"og:locale\" content=\"ru_RU\" \/>\n<meta property=\"og:type\" content=\"article\" \/>\n<meta property=\"og:title\" content=\"Purifying Gel Cleanser - Beauty Institute\" \/>\n<meta property=\"og:description\" content=\"L\u00e4bipaistev \u00f5lijas geel \u00f5rnaks rasuse n\u00e4onaha puhastuseks. Ei sisalda alkoholi, seepi ega vett. Sisaldab l\u00f5hna\u00f5li, mis on \u00f5rnatoimeline, kuna see ei sisalda nahka \u00e4rritavaid aineid. Sobib kasutamiseks enne puuvilja hapetega koorimist. Eelised: usaldusv\u00e4\u00e4rne ja p\u00f5hjalik puhastamine p\u00f5letikuvastane Sobilik:\u00a0rasune ja \/ v\u00f5i probleemne nahk Toimeained: saialille ekstrakt, r\u00e4nidioksiid.\" \/>\n<meta property=\"og:url\" content=\"https:\/\/beautyinstitute.ee\/toode\/purifying-gel-cleanser\/\" \/>\n<meta property=\"og:site_name\" content=\"Beauty Institute\" \/>\n<meta property=\"article:modified_time\" content=\"2026-04-28T11:18:35+00:00\" \/>\n<meta property=\"og:image\" content=\"https:\/\/beautyinstitute.ee\/wp-content\/uploads\/2019\/01\/aest-vaike-halb.png\" \/>\n\t<meta property=\"og:image:width\" content=\"1500\" \/>\n\t<meta property=\"og:image:height\" content=\"1422\" \/>\n\t<meta property=\"og:image:type\" content=\"image\/png\" \/>\n<meta name=\"twitter:card\" content=\"summary_large_image\" \/>\n<meta name=\"twitter:site\" content=\"@Beauty_Eesti\" \/>\n<meta name=\"twitter:label1\" content=\"\u041f\u0440\u0438\u043c\u0435\u0440\u043d\u043e\u0435 \u0432\u0440\u0435\u043c\u044f \u0434\u043b\u044f \u0447\u0442\u0435\u043d\u0438\u044f\" \/>\n\t<meta name=\"twitter:data1\" content=\"1 \u043c\u0438\u043d\u0443\u0442\u0430\" \/>\n<script type=\"application\/ld+json\" class=\"yoast-schema-graph\">{\"@context\":\"https:\/\/schema.org\",\"@graph\":[{\"@type\":\"WebPage\",\"@id\":\"https:\/\/beautyinstitute.ee\/toode\/purifying-gel-cleanser\/\",\"url\":\"https:\/\/beautyinstitute.ee\/toode\/purifying-gel-cleanser\/\",\"name\":\"Purifying Gel Cleanser - Beauty Institute\",\"isPartOf\":{\"@id\":\"https:\/\/beautyinstitute.ee\/#website\"},\"primaryImageOfPage\":{\"@id\":\"https:\/\/beautyinstitute.ee\/toode\/purifying-gel-cleanser\/#primaryimage\"},\"image\":{\"@id\":\"https:\/\/beautyinstitute.ee\/toode\/purifying-gel-cleanser\/#primaryimage\"},\"thumbnailUrl\":\"https:\/\/beautyinstitute.ee\/wp-content\/uploads\/2019\/01\/aest-vaike-halb.png\",\"datePublished\":\"2019-01-25T08:01:01+00:00\",\"dateModified\":\"2026-04-28T11:18:35+00:00\",\"breadcrumb\":{\"@id\":\"https:\/\/beautyinstitute.ee\/toode\/purifying-gel-cleanser\/#breadcrumb\"},\"inLanguage\":\"ru-RU\",\"potentialAction\":[{\"@type\":\"ReadAction\",\"target\":[\"https:\/\/beautyinstitute.ee\/toode\/purifying-gel-cleanser\/\"]}]},{\"@type\":\"ImageObject\",\"inLanguage\":\"ru-RU\",\"@id\":\"https:\/\/beautyinstitute.ee\/toode\/purifying-gel-cleanser\/#primaryimage\",\"url\":\"https:\/\/beautyinstitute.ee\/wp-content\/uploads\/2019\/01\/aest-vaike-halb.png\",\"contentUrl\":\"https:\/\/beautyinstitute.ee\/wp-content\/uploads\/2019\/01\/aest-vaike-halb.png\",\"width\":1500,\"height\":1422},{\"@type\":\"BreadcrumbList\",\"@id\":\"https:\/\/beautyinstitute.ee\/toode\/purifying-gel-cleanser\/#breadcrumb\",\"itemListElement\":[{\"@type\":\"ListItem\",\"position\":1,\"name\":\"Home\",\"item\":\"https:\/\/beautyinstitute.ee\/ru\/\"},{\"@type\":\"ListItem\",\"position\":2,\"name\":\"E-pood\",\"item\":\"https:\/\/beautyinstitute.ee\/e-pood\/\"},{\"@type\":\"ListItem\",\"position\":3,\"name\":\"Purifying Gel Cleanser\"}]},{\"@type\":\"WebSite\",\"@id\":\"https:\/\/beautyinstitute.ee\/#website\",\"url\":\"https:\/\/beautyinstitute.ee\/\",\"name\":\"Beauty Institute\",\"description\":\"CNC Cosmetic ametlik maaletooja ja edasim\u00fc\u00fcja Eestis, Soomes, L\u00e4tis. Aparaadikosmeetika, koolitused, kosmeetikatooted.\",\"potentialAction\":[{\"@type\":\"SearchAction\",\"target\":{\"@type\":\"EntryPoint\",\"urlTemplate\":\"https:\/\/beautyinstitute.ee\/?s={search_term_string}\"},\"query-input\":{\"@type\":\"PropertyValueSpecification\",\"valueRequired\":true,\"valueName\":\"search_term_string\"}}],\"inLanguage\":\"ru-RU\"}]}<\/script>\n<!-- \/ Yoast SEO plugin. -->","yoast_head_json":{"title":"Purifying Gel Cleanser - Beauty Institute","robots":{"index":"index","follow":"follow","max-snippet":"max-snippet:-1","max-image-preview":"max-image-preview:large","max-video-preview":"max-video-preview:-1"},"canonical":"https:\/\/beautyinstitute.ee\/toode\/purifying-gel-cleanser\/","og_locale":"ru_RU","og_type":"article","og_title":"Purifying Gel Cleanser - Beauty Institute","og_description":"L\u00e4bipaistev \u00f5lijas geel \u00f5rnaks rasuse n\u00e4onaha puhastuseks. Ei sisalda alkoholi, seepi ega vett. Sisaldab l\u00f5hna\u00f5li, mis on \u00f5rnatoimeline, kuna see ei sisalda nahka \u00e4rritavaid aineid. Sobib kasutamiseks enne puuvilja hapetega koorimist. Eelised: usaldusv\u00e4\u00e4rne ja p\u00f5hjalik puhastamine p\u00f5letikuvastane Sobilik:\u00a0rasune ja \/ v\u00f5i probleemne nahk Toimeained: saialille ekstrakt, r\u00e4nidioksiid.","og_url":"https:\/\/beautyinstitute.ee\/toode\/purifying-gel-cleanser\/","og_site_name":"Beauty Institute","article_modified_time":"2026-04-28T11:18:35+00:00","og_image":[{"width":1500,"height":1422,"url":"https:\/\/beautyinstitute.ee\/wp-content\/uploads\/2019\/01\/aest-vaike-halb.png","type":"image\/png"}],"twitter_card":"summary_large_image","twitter_site":"@Beauty_Eesti","twitter_misc":{"\u041f\u0440\u0438\u043c\u0435\u0440\u043d\u043e\u0435 \u0432\u0440\u0435\u043c\u044f \u0434\u043b\u044f \u0447\u0442\u0435\u043d\u0438\u044f":"1 \u043c\u0438\u043d\u0443\u0442\u0430"},"schema":{"@context":"https:\/\/schema.org","@graph":[{"@type":"WebPage","@id":"https:\/\/beautyinstitute.ee\/toode\/purifying-gel-cleanser\/","url":"https:\/\/beautyinstitute.ee\/toode\/purifying-gel-cleanser\/","name":"Purifying Gel Cleanser - Beauty Institute","isPartOf":{"@id":"https:\/\/beautyinstitute.ee\/#website"},"primaryImageOfPage":{"@id":"https:\/\/beautyinstitute.ee\/toode\/purifying-gel-cleanser\/#primaryimage"},"image":{"@id":"https:\/\/beautyinstitute.ee\/toode\/purifying-gel-cleanser\/#primaryimage"},"thumbnailUrl":"https:\/\/beautyinstitute.ee\/wp-content\/uploads\/2019\/01\/aest-vaike-halb.png","datePublished":"2019-01-25T08:01:01+00:00","dateModified":"2026-04-28T11:18:35+00:00","breadcrumb":{"@id":"https:\/\/beautyinstitute.ee\/toode\/purifying-gel-cleanser\/#breadcrumb"},"inLanguage":"ru-RU","potentialAction":[{"@type":"ReadAction","target":["https:\/\/beautyinstitute.ee\/toode\/purifying-gel-cleanser\/"]}]},{"@type":"ImageObject","inLanguage":"ru-RU","@id":"https:\/\/beautyinstitute.ee\/toode\/purifying-gel-cleanser\/#primaryimage","url":"https:\/\/beautyinstitute.ee\/wp-content\/uploads\/2019\/01\/aest-vaike-halb.png","contentUrl":"https:\/\/beautyinstitute.ee\/wp-content\/uploads\/2019\/01\/aest-vaike-halb.png","width":1500,"height":1422},{"@type":"BreadcrumbList","@id":"https:\/\/beautyinstitute.ee\/toode\/purifying-gel-cleanser\/#breadcrumb","itemListElement":[{"@type":"ListItem","position":1,"name":"Home","item":"https:\/\/beautyinstitute.ee\/ru\/"},{"@type":"ListItem","position":2,"name":"E-pood","item":"https:\/\/beautyinstitute.ee\/e-pood\/"},{"@type":"ListItem","position":3,"name":"Purifying Gel Cleanser"}]},{"@type":"WebSite","@id":"https:\/\/beautyinstitute.ee\/#website","url":"https:\/\/beautyinstitute.ee\/","name":"Beauty Institute","description":"CNC Cosmetic ametlik maaletooja ja edasim\u00fc\u00fcja Eestis, Soomes, L\u00e4tis. Aparaadikosmeetika, koolitused, kosmeetikatooted.","potentialAction":[{"@type":"SearchAction","target":{"@type":"EntryPoint","urlTemplate":"https:\/\/beautyinstitute.ee\/?s={search_term_string}"},"query-input":{"@type":"PropertyValueSpecification","valueRequired":true,"valueName":"search_term_string"}}],"inLanguage":"ru-RU"}]}},"_links":{"self":[{"href":"https:\/\/beautyinstitute.ee\/ru\/wp-json\/wp\/v2\/product\/3046","targetHints":{"allow":["GET"]}}],"collection":[{"href":"https:\/\/beautyinstitute.ee\/ru\/wp-json\/wp\/v2\/product"}],"about":[{"href":"https:\/\/beautyinstitute.ee\/ru\/wp-json\/wp\/v2\/types\/product"}],"wp:featuredmedia":[{"embeddable":true,"href":"https:\/\/beautyinstitute.ee\/ru\/wp-json\/wp\/v2\/media\/11702"}],"wp:attachment":[{"href":"https:\/\/beautyinstitute.ee\/ru\/wp-json\/wp\/v2\/media?parent=3046"}],"wp:term":[{"taxonomy":"product_cat","embeddable":true,"href":"https:\/\/beautyinstitute.ee\/ru\/wp-json\/wp\/v2\/product_cat?post=3046"},{"taxonomy":"product_tag","embeddable":true,"href":"https:\/\/beautyinstitute.ee\/ru\/wp-json\/wp\/v2\/product_tag?post=3046"}],"curies":[{"name":"wp","href":"https:\/\/api.w.org\/{rel}","templated":true}]}}