{"id":3053,"date":"2019-01-25T10:12:46","date_gmt":"2019-01-25T08:12:46","guid":{"rendered":"https:\/\/beautyinstitute.ee\/?post_type=product&#038;p=3053"},"modified":"2026-04-28T09:58:17","modified_gmt":"2026-04-28T06:58:17","slug":"purifying-face-tonic","status":"publish","type":"product","link":"https:\/\/beautyinstitute.ee\/ru\/toode\/purifying-face-tonic\/","title":{"rendered":"Purifying Face Tonic"},"content":{"rendered":"<p><strong>Intensiivne alkoholiga (9,5 %) toonik kombineeritud ja rasusele nahale.<\/strong><\/p>\n<p>Aktiivne koostisainete kompleks p\u00e4rmist ja vitamiinidest normaliseerib rasu teket. Salvei puhastab poorid, NMF-i niisutav koostisaine v\u00e4rskendab ning puhastab andes terve ja v\u00e4rske jume. Kasutada n\u00e4opuhastuse j\u00e4rgselt, kandes toonikut vatipadjaga n\u00e4ole. pH-tase: 5.4.<\/p>\n<p><strong>Eelised:<\/strong><\/p>\n<ul>\n<li>reguleerib rasu tootmist<\/li>\n<li>on rahustava ja p\u00f5letikuvastase toimega<\/li>\n<li>viimistleb naha tekstuuri<\/li>\n<li>niisutab<\/li>\n<\/ul>\n<p><strong>Sobilik: <\/strong>rasune ja \/ v\u00f5i probleemne nahk<\/p>\n<p><strong>Aktiivained:<\/strong> salvei ekstrakt, oleanolic hape, NDGA, PCA<\/p>\n","protected":false},"excerpt":{"rendered":"<p>Intensiivne alkoholiga (9,5 %) toonik kombineeritud ja rasusele nahale. Aktiivne koostisainete kompleks p\u00e4rmist ja vitamiinidest normaliseerib rasu teket. Salvei puhastab poorid, NMF-i niisutav koostisaine v\u00e4rskendab ning puhastab andes terve ja v\u00e4rske jume. Kasutada n\u00e4opuhastuse j\u00e4rgselt, kandes toonikut vatipadjaga n\u00e4ole. pH-tase: 5.4. Eelised: reguleerib rasu tootmist on rahustava ja p\u00f5letikuvastase toimega viimistleb naha tekstuuri niisutab Sobilik: [&hellip;]<\/p>\n","protected":false},"featured_media":11697,"template":"","meta":{"_acf_changed":false},"product_cat":[214,246,124],"product_tag":[],"class_list":["post-3053","product","type-product","status-publish","has-post-thumbnail","hentry","product_cat-pharma-uus","product_cat-toonikud","product_cat-puuviljahapped-tooted-puuviljahapetega"],"acf":[],"yoast_head":"<!-- This site is optimized with the Yoast SEO plugin v25.4 - https:\/\/yoast.com\/wordpress\/plugins\/seo\/ -->\n<title>Purifying Face Tonic - Beauty Institute<\/title>\n<meta name=\"robots\" content=\"index, follow, max-snippet:-1, max-image-preview:large, max-video-preview:-1\" \/>\n<link rel=\"canonical\" href=\"https:\/\/beautyinstitute.ee\/toode\/purifying-face-tonic\/\" \/>\n<meta property=\"og:locale\" content=\"ru_RU\" \/>\n<meta property=\"og:type\" content=\"article\" \/>\n<meta property=\"og:title\" content=\"Purifying Face Tonic - Beauty Institute\" \/>\n<meta property=\"og:description\" content=\"Intensiivne alkoholiga (9,5 %) toonik kombineeritud ja rasusele nahale. Aktiivne koostisainete kompleks p\u00e4rmist ja vitamiinidest normaliseerib rasu teket. Salvei puhastab poorid, NMF-i niisutav koostisaine v\u00e4rskendab ning puhastab andes terve ja v\u00e4rske jume. Kasutada n\u00e4opuhastuse j\u00e4rgselt, kandes toonikut vatipadjaga n\u00e4ole. pH-tase: 5.4. Eelised: reguleerib rasu tootmist on rahustava ja p\u00f5letikuvastase toimega viimistleb naha tekstuuri niisutab Sobilik: [&hellip;]\" \/>\n<meta property=\"og:url\" content=\"https:\/\/beautyinstitute.ee\/toode\/purifying-face-tonic\/\" \/>\n<meta property=\"og:site_name\" content=\"Beauty Institute\" \/>\n<meta property=\"article:modified_time\" content=\"2026-04-28T06:58:17+00:00\" \/>\n<meta property=\"og:image\" content=\"https:\/\/beautyinstitute.ee\/wp-content\/uploads\/2019\/01\/purifying-tonic.jpg\" \/>\n\t<meta property=\"og:image:width\" content=\"1500\" \/>\n\t<meta property=\"og:image:height\" content=\"1422\" \/>\n\t<meta property=\"og:image:type\" content=\"image\/jpeg\" \/>\n<meta name=\"twitter:card\" content=\"summary_large_image\" \/>\n<meta name=\"twitter:site\" content=\"@Beauty_Eesti\" \/>\n<meta name=\"twitter:label1\" content=\"\u041f\u0440\u0438\u043c\u0435\u0440\u043d\u043e\u0435 \u0432\u0440\u0435\u043c\u044f \u0434\u043b\u044f \u0447\u0442\u0435\u043d\u0438\u044f\" \/>\n\t<meta name=\"twitter:data1\" content=\"1 \u043c\u0438\u043d\u0443\u0442\u0430\" \/>\n<script type=\"application\/ld+json\" class=\"yoast-schema-graph\">{\"@context\":\"https:\/\/schema.org\",\"@graph\":[{\"@type\":\"WebPage\",\"@id\":\"https:\/\/beautyinstitute.ee\/toode\/purifying-face-tonic\/\",\"url\":\"https:\/\/beautyinstitute.ee\/toode\/purifying-face-tonic\/\",\"name\":\"Purifying Face Tonic - Beauty Institute\",\"isPartOf\":{\"@id\":\"https:\/\/beautyinstitute.ee\/#website\"},\"primaryImageOfPage\":{\"@id\":\"https:\/\/beautyinstitute.ee\/toode\/purifying-face-tonic\/#primaryimage\"},\"image\":{\"@id\":\"https:\/\/beautyinstitute.ee\/toode\/purifying-face-tonic\/#primaryimage\"},\"thumbnailUrl\":\"https:\/\/beautyinstitute.ee\/wp-content\/uploads\/2019\/01\/purifying-tonic.jpg\",\"datePublished\":\"2019-01-25T08:12:46+00:00\",\"dateModified\":\"2026-04-28T06:58:17+00:00\",\"breadcrumb\":{\"@id\":\"https:\/\/beautyinstitute.ee\/toode\/purifying-face-tonic\/#breadcrumb\"},\"inLanguage\":\"ru-RU\",\"potentialAction\":[{\"@type\":\"ReadAction\",\"target\":[\"https:\/\/beautyinstitute.ee\/toode\/purifying-face-tonic\/\"]}]},{\"@type\":\"ImageObject\",\"inLanguage\":\"ru-RU\",\"@id\":\"https:\/\/beautyinstitute.ee\/toode\/purifying-face-tonic\/#primaryimage\",\"url\":\"https:\/\/beautyinstitute.ee\/wp-content\/uploads\/2019\/01\/purifying-tonic.jpg\",\"contentUrl\":\"https:\/\/beautyinstitute.ee\/wp-content\/uploads\/2019\/01\/purifying-tonic.jpg\",\"width\":1500,\"height\":1422},{\"@type\":\"BreadcrumbList\",\"@id\":\"https:\/\/beautyinstitute.ee\/toode\/purifying-face-tonic\/#breadcrumb\",\"itemListElement\":[{\"@type\":\"ListItem\",\"position\":1,\"name\":\"Home\",\"item\":\"https:\/\/beautyinstitute.ee\/ru\/\"},{\"@type\":\"ListItem\",\"position\":2,\"name\":\"E-pood\",\"item\":\"https:\/\/beautyinstitute.ee\/e-pood\/\"},{\"@type\":\"ListItem\",\"position\":3,\"name\":\"Purifying Face Tonic\"}]},{\"@type\":\"WebSite\",\"@id\":\"https:\/\/beautyinstitute.ee\/#website\",\"url\":\"https:\/\/beautyinstitute.ee\/\",\"name\":\"Beauty Institute\",\"description\":\"CNC Cosmetic ametlik maaletooja ja edasim\u00fc\u00fcja Eestis, Soomes, L\u00e4tis. Aparaadikosmeetika, koolitused, kosmeetikatooted.\",\"potentialAction\":[{\"@type\":\"SearchAction\",\"target\":{\"@type\":\"EntryPoint\",\"urlTemplate\":\"https:\/\/beautyinstitute.ee\/?s={search_term_string}\"},\"query-input\":{\"@type\":\"PropertyValueSpecification\",\"valueRequired\":true,\"valueName\":\"search_term_string\"}}],\"inLanguage\":\"ru-RU\"}]}<\/script>\n<!-- \/ Yoast SEO plugin. -->","yoast_head_json":{"title":"Purifying Face Tonic - Beauty Institute","robots":{"index":"index","follow":"follow","max-snippet":"max-snippet:-1","max-image-preview":"max-image-preview:large","max-video-preview":"max-video-preview:-1"},"canonical":"https:\/\/beautyinstitute.ee\/toode\/purifying-face-tonic\/","og_locale":"ru_RU","og_type":"article","og_title":"Purifying Face Tonic - Beauty Institute","og_description":"Intensiivne alkoholiga (9,5 %) toonik kombineeritud ja rasusele nahale. Aktiivne koostisainete kompleks p\u00e4rmist ja vitamiinidest normaliseerib rasu teket. Salvei puhastab poorid, NMF-i niisutav koostisaine v\u00e4rskendab ning puhastab andes terve ja v\u00e4rske jume. Kasutada n\u00e4opuhastuse j\u00e4rgselt, kandes toonikut vatipadjaga n\u00e4ole. pH-tase: 5.4. Eelised: reguleerib rasu tootmist on rahustava ja p\u00f5letikuvastase toimega viimistleb naha tekstuuri niisutab Sobilik: [&hellip;]","og_url":"https:\/\/beautyinstitute.ee\/toode\/purifying-face-tonic\/","og_site_name":"Beauty Institute","article_modified_time":"2026-04-28T06:58:17+00:00","og_image":[{"width":1500,"height":1422,"url":"https:\/\/beautyinstitute.ee\/wp-content\/uploads\/2019\/01\/purifying-tonic.jpg","type":"image\/jpeg"}],"twitter_card":"summary_large_image","twitter_site":"@Beauty_Eesti","twitter_misc":{"\u041f\u0440\u0438\u043c\u0435\u0440\u043d\u043e\u0435 \u0432\u0440\u0435\u043c\u044f \u0434\u043b\u044f \u0447\u0442\u0435\u043d\u0438\u044f":"1 \u043c\u0438\u043d\u0443\u0442\u0430"},"schema":{"@context":"https:\/\/schema.org","@graph":[{"@type":"WebPage","@id":"https:\/\/beautyinstitute.ee\/toode\/purifying-face-tonic\/","url":"https:\/\/beautyinstitute.ee\/toode\/purifying-face-tonic\/","name":"Purifying Face Tonic - Beauty Institute","isPartOf":{"@id":"https:\/\/beautyinstitute.ee\/#website"},"primaryImageOfPage":{"@id":"https:\/\/beautyinstitute.ee\/toode\/purifying-face-tonic\/#primaryimage"},"image":{"@id":"https:\/\/beautyinstitute.ee\/toode\/purifying-face-tonic\/#primaryimage"},"thumbnailUrl":"https:\/\/beautyinstitute.ee\/wp-content\/uploads\/2019\/01\/purifying-tonic.jpg","datePublished":"2019-01-25T08:12:46+00:00","dateModified":"2026-04-28T06:58:17+00:00","breadcrumb":{"@id":"https:\/\/beautyinstitute.ee\/toode\/purifying-face-tonic\/#breadcrumb"},"inLanguage":"ru-RU","potentialAction":[{"@type":"ReadAction","target":["https:\/\/beautyinstitute.ee\/toode\/purifying-face-tonic\/"]}]},{"@type":"ImageObject","inLanguage":"ru-RU","@id":"https:\/\/beautyinstitute.ee\/toode\/purifying-face-tonic\/#primaryimage","url":"https:\/\/beautyinstitute.ee\/wp-content\/uploads\/2019\/01\/purifying-tonic.jpg","contentUrl":"https:\/\/beautyinstitute.ee\/wp-content\/uploads\/2019\/01\/purifying-tonic.jpg","width":1500,"height":1422},{"@type":"BreadcrumbList","@id":"https:\/\/beautyinstitute.ee\/toode\/purifying-face-tonic\/#breadcrumb","itemListElement":[{"@type":"ListItem","position":1,"name":"Home","item":"https:\/\/beautyinstitute.ee\/ru\/"},{"@type":"ListItem","position":2,"name":"E-pood","item":"https:\/\/beautyinstitute.ee\/e-pood\/"},{"@type":"ListItem","position":3,"name":"Purifying Face Tonic"}]},{"@type":"WebSite","@id":"https:\/\/beautyinstitute.ee\/#website","url":"https:\/\/beautyinstitute.ee\/","name":"Beauty Institute","description":"CNC Cosmetic ametlik maaletooja ja edasim\u00fc\u00fcja Eestis, Soomes, L\u00e4tis. Aparaadikosmeetika, koolitused, kosmeetikatooted.","potentialAction":[{"@type":"SearchAction","target":{"@type":"EntryPoint","urlTemplate":"https:\/\/beautyinstitute.ee\/?s={search_term_string}"},"query-input":{"@type":"PropertyValueSpecification","valueRequired":true,"valueName":"search_term_string"}}],"inLanguage":"ru-RU"}]}},"_links":{"self":[{"href":"https:\/\/beautyinstitute.ee\/ru\/wp-json\/wp\/v2\/product\/3053","targetHints":{"allow":["GET"]}}],"collection":[{"href":"https:\/\/beautyinstitute.ee\/ru\/wp-json\/wp\/v2\/product"}],"about":[{"href":"https:\/\/beautyinstitute.ee\/ru\/wp-json\/wp\/v2\/types\/product"}],"wp:featuredmedia":[{"embeddable":true,"href":"https:\/\/beautyinstitute.ee\/ru\/wp-json\/wp\/v2\/media\/11697"}],"wp:attachment":[{"href":"https:\/\/beautyinstitute.ee\/ru\/wp-json\/wp\/v2\/media?parent=3053"}],"wp:term":[{"taxonomy":"product_cat","embeddable":true,"href":"https:\/\/beautyinstitute.ee\/ru\/wp-json\/wp\/v2\/product_cat?post=3053"},{"taxonomy":"product_tag","embeddable":true,"href":"https:\/\/beautyinstitute.ee\/ru\/wp-json\/wp\/v2\/product_tag?post=3053"}],"curies":[{"name":"wp","href":"https:\/\/api.w.org\/{rel}","templated":true}]}}