{"id":30735,"date":"2024-10-03T15:40:56","date_gmt":"2024-10-03T12:40:56","guid":{"rendered":"https:\/\/beautyinstitute.ee\/?post_type=product&#038;p=30735"},"modified":"2026-04-29T16:34:36","modified_gmt":"2026-04-29T13:34:36","slug":"power-lift-cream-15-ml-kohese-efektiga-kreem-erilisteks-hetkedeks","status":"publish","type":"product","link":"https:\/\/beautyinstitute.ee\/ru\/toode\/power-lift-cream-15-ml-kohese-efektiga-kreem-erilisteks-hetkedeks\/","title":{"rendered":"Power Lift Cream, 15 Ml- Kohese Efektiga Kreem Erilisteks Hetkedeks"},"content":{"rendered":"<p><span data-sheets-root=\"1\">Lifting-efekt ja intensiivne kortsude silumine juba 2 tunniga. Efektne p\u00e4evahooldus koos biomeetriliste peptiididega v\u00e4hendab silmn\u00e4htavalt kortse juba 2 tundi p\u00e4rast pealekandmist. Nahk on pinguldatud, siledam ja miimikalihased l\u00f5dvestunud (ca 8h). Kvaliteetsed ja k\u00f5rgtehnoloogilised koostisained toidavad nahka intensiivselt ja tagavad regulaarsel kasutamisel pikaajalise toime.<br \/>\nTopeltefekt kasutades koos Power Lift Elixiriga, 10 x 2 m<\/span><\/p>\n","protected":false},"excerpt":{"rendered":"<p>Lifting-efekt ja intensiivne kortsude silumine juba 2 tunniga. Efektne p\u00e4evahooldus koos biomeetriliste peptiididega v\u00e4hendab silmn\u00e4htavalt kortse juba 2 tundi p\u00e4rast pealekandmist. Nahk on pinguldatud, siledam ja miimikalihased l\u00f5dvestunud (ca 8h). Kvaliteetsed ja k\u00f5rgtehnoloogilised koostisained toidavad nahka intensiivselt ja tagavad regulaarsel kasutamisel pikaajalise toime. Topeltefekt kasutades koos Power Lift Elixiriga, 10 x 2 m<\/p>\n","protected":false},"featured_media":30736,"template":"","meta":{"_acf_changed":false},"product_cat":[186],"product_tag":[],"class_list":["post-30735","product","type-product","status-publish","has-post-thumbnail","hentry","product_cat-uued-tulijad"],"acf":[],"yoast_head":"<!-- This site is optimized with the Yoast SEO plugin v25.4 - https:\/\/yoast.com\/wordpress\/plugins\/seo\/ -->\n<title>Power Lift Cream, 15 Ml- Kohese Efektiga Kreem Erilisteks Hetkedeks - Beauty Institute<\/title>\n<meta name=\"robots\" content=\"index, follow, max-snippet:-1, max-image-preview:large, max-video-preview:-1\" \/>\n<link rel=\"canonical\" href=\"https:\/\/beautyinstitute.ee\/toode\/power-lift-cream-15-ml-kohese-efektiga-kreem-erilisteks-hetkedeks\/\" \/>\n<meta property=\"og:locale\" content=\"ru_RU\" \/>\n<meta property=\"og:type\" content=\"article\" \/>\n<meta property=\"og:title\" content=\"Power Lift Cream, 15 Ml- Kohese Efektiga Kreem Erilisteks Hetkedeks - Beauty Institute\" \/>\n<meta property=\"og:description\" content=\"Lifting-efekt ja intensiivne kortsude silumine juba 2 tunniga. Efektne p\u00e4evahooldus koos biomeetriliste peptiididega v\u00e4hendab silmn\u00e4htavalt kortse juba 2 tundi p\u00e4rast pealekandmist. Nahk on pinguldatud, siledam ja miimikalihased l\u00f5dvestunud (ca 8h). Kvaliteetsed ja k\u00f5rgtehnoloogilised koostisained toidavad nahka intensiivselt ja tagavad regulaarsel kasutamisel pikaajalise toime. Topeltefekt kasutades koos Power Lift Elixiriga, 10 x 2 m\" \/>\n<meta property=\"og:url\" content=\"https:\/\/beautyinstitute.ee\/toode\/power-lift-cream-15-ml-kohese-efektiga-kreem-erilisteks-hetkedeks\/\" \/>\n<meta property=\"og:site_name\" content=\"Beauty Institute\" \/>\n<meta property=\"article:modified_time\" content=\"2026-04-29T13:34:36+00:00\" \/>\n<meta property=\"og:image\" content=\"https:\/\/beautyinstitute.ee\/wp-content\/uploads\/2024\/10\/power-lift-15-ml.jpg\" \/>\n\t<meta property=\"og:image:width\" content=\"1500\" \/>\n\t<meta property=\"og:image:height\" content=\"1422\" \/>\n\t<meta property=\"og:image:type\" content=\"image\/jpeg\" \/>\n<meta name=\"twitter:card\" content=\"summary_large_image\" \/>\n<meta name=\"twitter:site\" content=\"@Beauty_Eesti\" \/>\n<meta name=\"twitter:label1\" content=\"\u041f\u0440\u0438\u043c\u0435\u0440\u043d\u043e\u0435 \u0432\u0440\u0435\u043c\u044f \u0434\u043b\u044f \u0447\u0442\u0435\u043d\u0438\u044f\" \/>\n\t<meta name=\"twitter:data1\" content=\"1 \u043c\u0438\u043d\u0443\u0442\u0430\" \/>\n<script type=\"application\/ld+json\" class=\"yoast-schema-graph\">{\"@context\":\"https:\/\/schema.org\",\"@graph\":[{\"@type\":\"WebPage\",\"@id\":\"https:\/\/beautyinstitute.ee\/toode\/power-lift-cream-15-ml-kohese-efektiga-kreem-erilisteks-hetkedeks\/\",\"url\":\"https:\/\/beautyinstitute.ee\/toode\/power-lift-cream-15-ml-kohese-efektiga-kreem-erilisteks-hetkedeks\/\",\"name\":\"Power Lift Cream, 15 Ml- Kohese Efektiga Kreem Erilisteks Hetkedeks - Beauty Institute\",\"isPartOf\":{\"@id\":\"https:\/\/beautyinstitute.ee\/#website\"},\"primaryImageOfPage\":{\"@id\":\"https:\/\/beautyinstitute.ee\/toode\/power-lift-cream-15-ml-kohese-efektiga-kreem-erilisteks-hetkedeks\/#primaryimage\"},\"image\":{\"@id\":\"https:\/\/beautyinstitute.ee\/toode\/power-lift-cream-15-ml-kohese-efektiga-kreem-erilisteks-hetkedeks\/#primaryimage\"},\"thumbnailUrl\":\"https:\/\/beautyinstitute.ee\/wp-content\/uploads\/2024\/10\/power-lift-15-ml.jpg\",\"datePublished\":\"2024-10-03T12:40:56+00:00\",\"dateModified\":\"2026-04-29T13:34:36+00:00\",\"breadcrumb\":{\"@id\":\"https:\/\/beautyinstitute.ee\/toode\/power-lift-cream-15-ml-kohese-efektiga-kreem-erilisteks-hetkedeks\/#breadcrumb\"},\"inLanguage\":\"ru-RU\",\"potentialAction\":[{\"@type\":\"ReadAction\",\"target\":[\"https:\/\/beautyinstitute.ee\/toode\/power-lift-cream-15-ml-kohese-efektiga-kreem-erilisteks-hetkedeks\/\"]}]},{\"@type\":\"ImageObject\",\"inLanguage\":\"ru-RU\",\"@id\":\"https:\/\/beautyinstitute.ee\/toode\/power-lift-cream-15-ml-kohese-efektiga-kreem-erilisteks-hetkedeks\/#primaryimage\",\"url\":\"https:\/\/beautyinstitute.ee\/wp-content\/uploads\/2024\/10\/power-lift-15-ml.jpg\",\"contentUrl\":\"https:\/\/beautyinstitute.ee\/wp-content\/uploads\/2024\/10\/power-lift-15-ml.jpg\",\"width\":1500,\"height\":1422},{\"@type\":\"BreadcrumbList\",\"@id\":\"https:\/\/beautyinstitute.ee\/toode\/power-lift-cream-15-ml-kohese-efektiga-kreem-erilisteks-hetkedeks\/#breadcrumb\",\"itemListElement\":[{\"@type\":\"ListItem\",\"position\":1,\"name\":\"Home\",\"item\":\"https:\/\/beautyinstitute.ee\/ru\/\"},{\"@type\":\"ListItem\",\"position\":2,\"name\":\"E-pood\",\"item\":\"https:\/\/beautyinstitute.ee\/e-pood\/\"},{\"@type\":\"ListItem\",\"position\":3,\"name\":\"Power Lift Cream, 15 Ml- Kohese Efektiga Kreem Erilisteks Hetkedeks\"}]},{\"@type\":\"WebSite\",\"@id\":\"https:\/\/beautyinstitute.ee\/#website\",\"url\":\"https:\/\/beautyinstitute.ee\/\",\"name\":\"Beauty Institute\",\"description\":\"CNC Cosmetic ametlik maaletooja ja edasim\u00fc\u00fcja Eestis, Soomes, L\u00e4tis. Aparaadikosmeetika, koolitused, kosmeetikatooted.\",\"potentialAction\":[{\"@type\":\"SearchAction\",\"target\":{\"@type\":\"EntryPoint\",\"urlTemplate\":\"https:\/\/beautyinstitute.ee\/?s={search_term_string}\"},\"query-input\":{\"@type\":\"PropertyValueSpecification\",\"valueRequired\":true,\"valueName\":\"search_term_string\"}}],\"inLanguage\":\"ru-RU\"}]}<\/script>\n<!-- \/ Yoast SEO plugin. -->","yoast_head_json":{"title":"Power Lift Cream, 15 Ml- Kohese Efektiga Kreem Erilisteks Hetkedeks - Beauty Institute","robots":{"index":"index","follow":"follow","max-snippet":"max-snippet:-1","max-image-preview":"max-image-preview:large","max-video-preview":"max-video-preview:-1"},"canonical":"https:\/\/beautyinstitute.ee\/toode\/power-lift-cream-15-ml-kohese-efektiga-kreem-erilisteks-hetkedeks\/","og_locale":"ru_RU","og_type":"article","og_title":"Power Lift Cream, 15 Ml- Kohese Efektiga Kreem Erilisteks Hetkedeks - Beauty Institute","og_description":"Lifting-efekt ja intensiivne kortsude silumine juba 2 tunniga. Efektne p\u00e4evahooldus koos biomeetriliste peptiididega v\u00e4hendab silmn\u00e4htavalt kortse juba 2 tundi p\u00e4rast pealekandmist. Nahk on pinguldatud, siledam ja miimikalihased l\u00f5dvestunud (ca 8h). Kvaliteetsed ja k\u00f5rgtehnoloogilised koostisained toidavad nahka intensiivselt ja tagavad regulaarsel kasutamisel pikaajalise toime. Topeltefekt kasutades koos Power Lift Elixiriga, 10 x 2 m","og_url":"https:\/\/beautyinstitute.ee\/toode\/power-lift-cream-15-ml-kohese-efektiga-kreem-erilisteks-hetkedeks\/","og_site_name":"Beauty Institute","article_modified_time":"2026-04-29T13:34:36+00:00","og_image":[{"width":1500,"height":1422,"url":"https:\/\/beautyinstitute.ee\/wp-content\/uploads\/2024\/10\/power-lift-15-ml.jpg","type":"image\/jpeg"}],"twitter_card":"summary_large_image","twitter_site":"@Beauty_Eesti","twitter_misc":{"\u041f\u0440\u0438\u043c\u0435\u0440\u043d\u043e\u0435 \u0432\u0440\u0435\u043c\u044f \u0434\u043b\u044f \u0447\u0442\u0435\u043d\u0438\u044f":"1 \u043c\u0438\u043d\u0443\u0442\u0430"},"schema":{"@context":"https:\/\/schema.org","@graph":[{"@type":"WebPage","@id":"https:\/\/beautyinstitute.ee\/toode\/power-lift-cream-15-ml-kohese-efektiga-kreem-erilisteks-hetkedeks\/","url":"https:\/\/beautyinstitute.ee\/toode\/power-lift-cream-15-ml-kohese-efektiga-kreem-erilisteks-hetkedeks\/","name":"Power Lift Cream, 15 Ml- Kohese Efektiga Kreem Erilisteks Hetkedeks - Beauty Institute","isPartOf":{"@id":"https:\/\/beautyinstitute.ee\/#website"},"primaryImageOfPage":{"@id":"https:\/\/beautyinstitute.ee\/toode\/power-lift-cream-15-ml-kohese-efektiga-kreem-erilisteks-hetkedeks\/#primaryimage"},"image":{"@id":"https:\/\/beautyinstitute.ee\/toode\/power-lift-cream-15-ml-kohese-efektiga-kreem-erilisteks-hetkedeks\/#primaryimage"},"thumbnailUrl":"https:\/\/beautyinstitute.ee\/wp-content\/uploads\/2024\/10\/power-lift-15-ml.jpg","datePublished":"2024-10-03T12:40:56+00:00","dateModified":"2026-04-29T13:34:36+00:00","breadcrumb":{"@id":"https:\/\/beautyinstitute.ee\/toode\/power-lift-cream-15-ml-kohese-efektiga-kreem-erilisteks-hetkedeks\/#breadcrumb"},"inLanguage":"ru-RU","potentialAction":[{"@type":"ReadAction","target":["https:\/\/beautyinstitute.ee\/toode\/power-lift-cream-15-ml-kohese-efektiga-kreem-erilisteks-hetkedeks\/"]}]},{"@type":"ImageObject","inLanguage":"ru-RU","@id":"https:\/\/beautyinstitute.ee\/toode\/power-lift-cream-15-ml-kohese-efektiga-kreem-erilisteks-hetkedeks\/#primaryimage","url":"https:\/\/beautyinstitute.ee\/wp-content\/uploads\/2024\/10\/power-lift-15-ml.jpg","contentUrl":"https:\/\/beautyinstitute.ee\/wp-content\/uploads\/2024\/10\/power-lift-15-ml.jpg","width":1500,"height":1422},{"@type":"BreadcrumbList","@id":"https:\/\/beautyinstitute.ee\/toode\/power-lift-cream-15-ml-kohese-efektiga-kreem-erilisteks-hetkedeks\/#breadcrumb","itemListElement":[{"@type":"ListItem","position":1,"name":"Home","item":"https:\/\/beautyinstitute.ee\/ru\/"},{"@type":"ListItem","position":2,"name":"E-pood","item":"https:\/\/beautyinstitute.ee\/e-pood\/"},{"@type":"ListItem","position":3,"name":"Power Lift Cream, 15 Ml- Kohese Efektiga Kreem Erilisteks Hetkedeks"}]},{"@type":"WebSite","@id":"https:\/\/beautyinstitute.ee\/#website","url":"https:\/\/beautyinstitute.ee\/","name":"Beauty Institute","description":"CNC Cosmetic ametlik maaletooja ja edasim\u00fc\u00fcja Eestis, Soomes, L\u00e4tis. Aparaadikosmeetika, koolitused, kosmeetikatooted.","potentialAction":[{"@type":"SearchAction","target":{"@type":"EntryPoint","urlTemplate":"https:\/\/beautyinstitute.ee\/?s={search_term_string}"},"query-input":{"@type":"PropertyValueSpecification","valueRequired":true,"valueName":"search_term_string"}}],"inLanguage":"ru-RU"}]}},"_links":{"self":[{"href":"https:\/\/beautyinstitute.ee\/ru\/wp-json\/wp\/v2\/product\/30735","targetHints":{"allow":["GET"]}}],"collection":[{"href":"https:\/\/beautyinstitute.ee\/ru\/wp-json\/wp\/v2\/product"}],"about":[{"href":"https:\/\/beautyinstitute.ee\/ru\/wp-json\/wp\/v2\/types\/product"}],"wp:featuredmedia":[{"embeddable":true,"href":"https:\/\/beautyinstitute.ee\/ru\/wp-json\/wp\/v2\/media\/30736"}],"wp:attachment":[{"href":"https:\/\/beautyinstitute.ee\/ru\/wp-json\/wp\/v2\/media?parent=30735"}],"wp:term":[{"taxonomy":"product_cat","embeddable":true,"href":"https:\/\/beautyinstitute.ee\/ru\/wp-json\/wp\/v2\/product_cat?post=30735"},{"taxonomy":"product_tag","embeddable":true,"href":"https:\/\/beautyinstitute.ee\/ru\/wp-json\/wp\/v2\/product_tag?post=30735"}],"curies":[{"name":"wp","href":"https:\/\/api.w.org\/{rel}","templated":true}]}}