{"id":30881,"date":"2024-10-07T15:04:41","date_gmt":"2024-10-07T12:04:41","guid":{"rendered":"https:\/\/beautyinstitute.ee\/?post_type=product&#038;p=30881"},"modified":"2026-04-15T10:45:02","modified_gmt":"2026-04-15T07:45:02","slug":"ampullide-kinkekomplekt-day-night-paeva-ja-oo-ampullid-kulmaks-talveajaks","status":"publish","type":"product","link":"https:\/\/beautyinstitute.ee\/ru\/toode\/ampullide-kinkekomplekt-day-night-paeva-ja-oo-ampullid-kulmaks-talveajaks\/","title":{"rendered":"Ampullide Kinkekomplekt &#8220;Day &#038; Night&#8221; P\u00e4eva Ja \u00d6\u00f6 Ampullid K\u00fclmaks Talveajaks"},"content":{"rendered":"<p><span data-sheets-root=\"1\">Kingi oma nahale luksuslik talvine ilurutiin! Luksuslik kinkekomplekt aktiivaine ampullidega Argaania\u00f5li ja taastavad \u00f6\u00f6ampullid j\u00e4tavad unustamatu esmamulje ja panevad Sind ihaldama veelgi rohkem ilukontsentraate!<br \/>\nArgaania\u00f5li: Intensiivselt toitev ampull nahakuivuse vastu: Argaania\u00f5li ampull on ideaalne abivahend k\u00fcpsele ja rabedale nahale. Antioks\u00fcdantsete omadustega argaania\u00f5li toidab \u00e4rritunud nahka ning muudab selle tasakaalukamaks ja vastupidavamaks. Mangov\u00f5i niisutab ja annab nahale v\u00e4rske, harmoonilise l\u00f5hna. Tundlik nahk on tasakaalustatum ja vastupidavam. M\u00e4rkus: Sisaldab A-vitamiini. Enne kasutamist arvestage oma p\u00e4evase kogusega.<br \/>\n\u00d6ine taastamine: see unikaalse hooldava toimega turgutav ampull taastab naha \u00fcle\u00f6\u00f6. Eksootiline kukui p\u00e4hkli\u00f5li ja kokumv\u00f5i koos aprikoosiseemne- ja p\u00e4evalille\u00f5liga niisutavad nahka ning tagavad l\u00f5\u00f5gastuse ja elastsuse. Hommikul s\u00e4rab n\u00e4gu v\u00e4rske ja siledana.<br \/>\nSisu: 1 x 5 ampulli (p\u00e4ev) Sisu: 1 x 5 ampulli (\u00f6\u00f6)<\/span><\/p>\n","protected":false},"excerpt":{"rendered":"<p>Kingi oma nahale luksuslik talvine ilurutiin! Luksuslik kinkekomplekt aktiivaine ampullidega Argaania\u00f5li ja taastavad \u00f6\u00f6ampullid j\u00e4tavad unustamatu esmamulje ja panevad Sind ihaldama veelgi rohkem ilukontsentraate! Argaania\u00f5li: Intensiivselt toitev ampull nahakuivuse vastu: Argaania\u00f5li ampull on ideaalne abivahend k\u00fcpsele ja rabedale nahale. Antioks\u00fcdantsete omadustega argaania\u00f5li toidab \u00e4rritunud nahka ning muudab selle tasakaalukamaks ja vastupidavamaks. Mangov\u00f5i niisutab ja annab [&hellip;]<\/p>\n","protected":false},"featured_media":30882,"template":"","meta":{"_acf_changed":false},"product_cat":[291,150],"product_tag":[],"class_list":["post-30881","product","type-product","status-publish","has-post-thumbnail","hentry","product_cat-baehr-cosmetic","product_cat-ampullikontsentraadid"],"acf":[],"yoast_head":"<!-- This site is optimized with the Yoast SEO plugin v25.4 - https:\/\/yoast.com\/wordpress\/plugins\/seo\/ -->\n<title>Ampullide Kinkekomplekt &quot;Day &amp; Night&quot; P\u00e4eva Ja \u00d6\u00f6 Ampullid K\u00fclmaks Talveajaks - Beauty Institute<\/title>\n<meta name=\"robots\" content=\"index, follow, max-snippet:-1, max-image-preview:large, max-video-preview:-1\" \/>\n<link rel=\"canonical\" href=\"https:\/\/beautyinstitute.ee\/toode\/ampullide-kinkekomplekt-day-night-paeva-ja-oo-ampullid-kulmaks-talveajaks\/\" \/>\n<meta property=\"og:locale\" content=\"ru_RU\" \/>\n<meta property=\"og:type\" content=\"article\" \/>\n<meta property=\"og:title\" content=\"Ampullide Kinkekomplekt &quot;Day &amp; Night&quot; P\u00e4eva Ja \u00d6\u00f6 Ampullid K\u00fclmaks Talveajaks - Beauty Institute\" \/>\n<meta property=\"og:description\" content=\"Kingi oma nahale luksuslik talvine ilurutiin! Luksuslik kinkekomplekt aktiivaine ampullidega Argaania\u00f5li ja taastavad \u00f6\u00f6ampullid j\u00e4tavad unustamatu esmamulje ja panevad Sind ihaldama veelgi rohkem ilukontsentraate! Argaania\u00f5li: Intensiivselt toitev ampull nahakuivuse vastu: Argaania\u00f5li ampull on ideaalne abivahend k\u00fcpsele ja rabedale nahale. Antioks\u00fcdantsete omadustega argaania\u00f5li toidab \u00e4rritunud nahka ning muudab selle tasakaalukamaks ja vastupidavamaks. Mangov\u00f5i niisutab ja annab [&hellip;]\" \/>\n<meta property=\"og:url\" content=\"https:\/\/beautyinstitute.ee\/toode\/ampullide-kinkekomplekt-day-night-paeva-ja-oo-ampullid-kulmaks-talveajaks\/\" \/>\n<meta property=\"og:site_name\" content=\"Beauty Institute\" \/>\n<meta property=\"article:modified_time\" content=\"2026-04-15T07:45:02+00:00\" \/>\n<meta property=\"og:image\" content=\"https:\/\/beautyinstitute.ee\/wp-content\/uploads\/2024\/10\/ampullen-geschenk-set_55685_800x800.webp\" \/>\n\t<meta property=\"og:image:width\" content=\"800\" \/>\n\t<meta property=\"og:image:height\" content=\"800\" \/>\n\t<meta property=\"og:image:type\" content=\"image\/webp\" \/>\n<meta name=\"twitter:card\" content=\"summary_large_image\" \/>\n<meta name=\"twitter:site\" content=\"@Beauty_Eesti\" \/>\n<meta name=\"twitter:label1\" content=\"\u041f\u0440\u0438\u043c\u0435\u0440\u043d\u043e\u0435 \u0432\u0440\u0435\u043c\u044f \u0434\u043b\u044f \u0447\u0442\u0435\u043d\u0438\u044f\" \/>\n\t<meta name=\"twitter:data1\" content=\"1 \u043c\u0438\u043d\u0443\u0442\u0430\" \/>\n<script type=\"application\/ld+json\" class=\"yoast-schema-graph\">{\"@context\":\"https:\/\/schema.org\",\"@graph\":[{\"@type\":\"WebPage\",\"@id\":\"https:\/\/beautyinstitute.ee\/toode\/ampullide-kinkekomplekt-day-night-paeva-ja-oo-ampullid-kulmaks-talveajaks\/\",\"url\":\"https:\/\/beautyinstitute.ee\/toode\/ampullide-kinkekomplekt-day-night-paeva-ja-oo-ampullid-kulmaks-talveajaks\/\",\"name\":\"Ampullide Kinkekomplekt \\\"Day & Night\\\" P\u00e4eva Ja \u00d6\u00f6 Ampullid K\u00fclmaks Talveajaks - Beauty Institute\",\"isPartOf\":{\"@id\":\"https:\/\/beautyinstitute.ee\/#website\"},\"primaryImageOfPage\":{\"@id\":\"https:\/\/beautyinstitute.ee\/toode\/ampullide-kinkekomplekt-day-night-paeva-ja-oo-ampullid-kulmaks-talveajaks\/#primaryimage\"},\"image\":{\"@id\":\"https:\/\/beautyinstitute.ee\/toode\/ampullide-kinkekomplekt-day-night-paeva-ja-oo-ampullid-kulmaks-talveajaks\/#primaryimage\"},\"thumbnailUrl\":\"https:\/\/beautyinstitute.ee\/wp-content\/uploads\/2024\/10\/ampullen-geschenk-set_55685_800x800.webp\",\"datePublished\":\"2024-10-07T12:04:41+00:00\",\"dateModified\":\"2026-04-15T07:45:02+00:00\",\"breadcrumb\":{\"@id\":\"https:\/\/beautyinstitute.ee\/toode\/ampullide-kinkekomplekt-day-night-paeva-ja-oo-ampullid-kulmaks-talveajaks\/#breadcrumb\"},\"inLanguage\":\"ru-RU\",\"potentialAction\":[{\"@type\":\"ReadAction\",\"target\":[\"https:\/\/beautyinstitute.ee\/toode\/ampullide-kinkekomplekt-day-night-paeva-ja-oo-ampullid-kulmaks-talveajaks\/\"]}]},{\"@type\":\"ImageObject\",\"inLanguage\":\"ru-RU\",\"@id\":\"https:\/\/beautyinstitute.ee\/toode\/ampullide-kinkekomplekt-day-night-paeva-ja-oo-ampullid-kulmaks-talveajaks\/#primaryimage\",\"url\":\"https:\/\/beautyinstitute.ee\/wp-content\/uploads\/2024\/10\/ampullen-geschenk-set_55685_800x800.webp\",\"contentUrl\":\"https:\/\/beautyinstitute.ee\/wp-content\/uploads\/2024\/10\/ampullen-geschenk-set_55685_800x800.webp\",\"width\":800,\"height\":800},{\"@type\":\"BreadcrumbList\",\"@id\":\"https:\/\/beautyinstitute.ee\/toode\/ampullide-kinkekomplekt-day-night-paeva-ja-oo-ampullid-kulmaks-talveajaks\/#breadcrumb\",\"itemListElement\":[{\"@type\":\"ListItem\",\"position\":1,\"name\":\"Home\",\"item\":\"https:\/\/beautyinstitute.ee\/ru\/\"},{\"@type\":\"ListItem\",\"position\":2,\"name\":\"E-pood\",\"item\":\"https:\/\/beautyinstitute.ee\/e-pood\/\"},{\"@type\":\"ListItem\",\"position\":3,\"name\":\"Ampullide Kinkekomplekt &#8220;Day &#038; Night&#8221; P\u00e4eva Ja \u00d6\u00f6 Ampullid K\u00fclmaks Talveajaks\"}]},{\"@type\":\"WebSite\",\"@id\":\"https:\/\/beautyinstitute.ee\/#website\",\"url\":\"https:\/\/beautyinstitute.ee\/\",\"name\":\"Beauty Institute\",\"description\":\"CNC Cosmetic ametlik maaletooja ja edasim\u00fc\u00fcja Eestis, Soomes, L\u00e4tis. Aparaadikosmeetika, koolitused, kosmeetikatooted.\",\"potentialAction\":[{\"@type\":\"SearchAction\",\"target\":{\"@type\":\"EntryPoint\",\"urlTemplate\":\"https:\/\/beautyinstitute.ee\/?s={search_term_string}\"},\"query-input\":{\"@type\":\"PropertyValueSpecification\",\"valueRequired\":true,\"valueName\":\"search_term_string\"}}],\"inLanguage\":\"ru-RU\"}]}<\/script>\n<!-- \/ Yoast SEO plugin. -->","yoast_head_json":{"title":"Ampullide Kinkekomplekt \"Day & Night\" P\u00e4eva Ja \u00d6\u00f6 Ampullid K\u00fclmaks Talveajaks - Beauty Institute","robots":{"index":"index","follow":"follow","max-snippet":"max-snippet:-1","max-image-preview":"max-image-preview:large","max-video-preview":"max-video-preview:-1"},"canonical":"https:\/\/beautyinstitute.ee\/toode\/ampullide-kinkekomplekt-day-night-paeva-ja-oo-ampullid-kulmaks-talveajaks\/","og_locale":"ru_RU","og_type":"article","og_title":"Ampullide Kinkekomplekt \"Day & Night\" P\u00e4eva Ja \u00d6\u00f6 Ampullid K\u00fclmaks Talveajaks - Beauty Institute","og_description":"Kingi oma nahale luksuslik talvine ilurutiin! Luksuslik kinkekomplekt aktiivaine ampullidega Argaania\u00f5li ja taastavad \u00f6\u00f6ampullid j\u00e4tavad unustamatu esmamulje ja panevad Sind ihaldama veelgi rohkem ilukontsentraate! Argaania\u00f5li: Intensiivselt toitev ampull nahakuivuse vastu: Argaania\u00f5li ampull on ideaalne abivahend k\u00fcpsele ja rabedale nahale. Antioks\u00fcdantsete omadustega argaania\u00f5li toidab \u00e4rritunud nahka ning muudab selle tasakaalukamaks ja vastupidavamaks. Mangov\u00f5i niisutab ja annab [&hellip;]","og_url":"https:\/\/beautyinstitute.ee\/toode\/ampullide-kinkekomplekt-day-night-paeva-ja-oo-ampullid-kulmaks-talveajaks\/","og_site_name":"Beauty Institute","article_modified_time":"2026-04-15T07:45:02+00:00","og_image":[{"width":800,"height":800,"url":"https:\/\/beautyinstitute.ee\/wp-content\/uploads\/2024\/10\/ampullen-geschenk-set_55685_800x800.webp","type":"image\/webp"}],"twitter_card":"summary_large_image","twitter_site":"@Beauty_Eesti","twitter_misc":{"\u041f\u0440\u0438\u043c\u0435\u0440\u043d\u043e\u0435 \u0432\u0440\u0435\u043c\u044f \u0434\u043b\u044f \u0447\u0442\u0435\u043d\u0438\u044f":"1 \u043c\u0438\u043d\u0443\u0442\u0430"},"schema":{"@context":"https:\/\/schema.org","@graph":[{"@type":"WebPage","@id":"https:\/\/beautyinstitute.ee\/toode\/ampullide-kinkekomplekt-day-night-paeva-ja-oo-ampullid-kulmaks-talveajaks\/","url":"https:\/\/beautyinstitute.ee\/toode\/ampullide-kinkekomplekt-day-night-paeva-ja-oo-ampullid-kulmaks-talveajaks\/","name":"Ampullide Kinkekomplekt \"Day & Night\" P\u00e4eva Ja \u00d6\u00f6 Ampullid K\u00fclmaks Talveajaks - Beauty Institute","isPartOf":{"@id":"https:\/\/beautyinstitute.ee\/#website"},"primaryImageOfPage":{"@id":"https:\/\/beautyinstitute.ee\/toode\/ampullide-kinkekomplekt-day-night-paeva-ja-oo-ampullid-kulmaks-talveajaks\/#primaryimage"},"image":{"@id":"https:\/\/beautyinstitute.ee\/toode\/ampullide-kinkekomplekt-day-night-paeva-ja-oo-ampullid-kulmaks-talveajaks\/#primaryimage"},"thumbnailUrl":"https:\/\/beautyinstitute.ee\/wp-content\/uploads\/2024\/10\/ampullen-geschenk-set_55685_800x800.webp","datePublished":"2024-10-07T12:04:41+00:00","dateModified":"2026-04-15T07:45:02+00:00","breadcrumb":{"@id":"https:\/\/beautyinstitute.ee\/toode\/ampullide-kinkekomplekt-day-night-paeva-ja-oo-ampullid-kulmaks-talveajaks\/#breadcrumb"},"inLanguage":"ru-RU","potentialAction":[{"@type":"ReadAction","target":["https:\/\/beautyinstitute.ee\/toode\/ampullide-kinkekomplekt-day-night-paeva-ja-oo-ampullid-kulmaks-talveajaks\/"]}]},{"@type":"ImageObject","inLanguage":"ru-RU","@id":"https:\/\/beautyinstitute.ee\/toode\/ampullide-kinkekomplekt-day-night-paeva-ja-oo-ampullid-kulmaks-talveajaks\/#primaryimage","url":"https:\/\/beautyinstitute.ee\/wp-content\/uploads\/2024\/10\/ampullen-geschenk-set_55685_800x800.webp","contentUrl":"https:\/\/beautyinstitute.ee\/wp-content\/uploads\/2024\/10\/ampullen-geschenk-set_55685_800x800.webp","width":800,"height":800},{"@type":"BreadcrumbList","@id":"https:\/\/beautyinstitute.ee\/toode\/ampullide-kinkekomplekt-day-night-paeva-ja-oo-ampullid-kulmaks-talveajaks\/#breadcrumb","itemListElement":[{"@type":"ListItem","position":1,"name":"Home","item":"https:\/\/beautyinstitute.ee\/ru\/"},{"@type":"ListItem","position":2,"name":"E-pood","item":"https:\/\/beautyinstitute.ee\/e-pood\/"},{"@type":"ListItem","position":3,"name":"Ampullide Kinkekomplekt &#8220;Day &#038; Night&#8221; P\u00e4eva Ja \u00d6\u00f6 Ampullid K\u00fclmaks Talveajaks"}]},{"@type":"WebSite","@id":"https:\/\/beautyinstitute.ee\/#website","url":"https:\/\/beautyinstitute.ee\/","name":"Beauty Institute","description":"CNC Cosmetic ametlik maaletooja ja edasim\u00fc\u00fcja Eestis, Soomes, L\u00e4tis. Aparaadikosmeetika, koolitused, kosmeetikatooted.","potentialAction":[{"@type":"SearchAction","target":{"@type":"EntryPoint","urlTemplate":"https:\/\/beautyinstitute.ee\/?s={search_term_string}"},"query-input":{"@type":"PropertyValueSpecification","valueRequired":true,"valueName":"search_term_string"}}],"inLanguage":"ru-RU"}]}},"_links":{"self":[{"href":"https:\/\/beautyinstitute.ee\/ru\/wp-json\/wp\/v2\/product\/30881","targetHints":{"allow":["GET"]}}],"collection":[{"href":"https:\/\/beautyinstitute.ee\/ru\/wp-json\/wp\/v2\/product"}],"about":[{"href":"https:\/\/beautyinstitute.ee\/ru\/wp-json\/wp\/v2\/types\/product"}],"wp:featuredmedia":[{"embeddable":true,"href":"https:\/\/beautyinstitute.ee\/ru\/wp-json\/wp\/v2\/media\/30882"}],"wp:attachment":[{"href":"https:\/\/beautyinstitute.ee\/ru\/wp-json\/wp\/v2\/media?parent=30881"}],"wp:term":[{"taxonomy":"product_cat","embeddable":true,"href":"https:\/\/beautyinstitute.ee\/ru\/wp-json\/wp\/v2\/product_cat?post=30881"},{"taxonomy":"product_tag","embeddable":true,"href":"https:\/\/beautyinstitute.ee\/ru\/wp-json\/wp\/v2\/product_tag?post=30881"}],"curies":[{"name":"wp","href":"https:\/\/api.w.org\/{rel}","templated":true}]}}