{"id":31499,"date":"2024-11-12T13:51:11","date_gmt":"2024-11-12T11:51:11","guid":{"rendered":"https:\/\/beautyinstitute.ee\/?post_type=product&#038;p=31499"},"modified":"2026-04-17T23:07:49","modified_gmt":"2026-04-17T20:07:49","slug":"gold-rush-luksuslik-ookreem-50ml","status":"publish","type":"product","link":"https:\/\/beautyinstitute.ee\/ru\/toode\/gold-rush-luksuslik-ookreem-50ml\/","title":{"rendered":"Gold Rush &#8211; Luksuslik \u00d6\u00f6kreem 50Ml"},"content":{"rendered":"<p><strong>NB! TOODE SAABUB M\u00dc\u00dcKI 18.11\u00a0<\/strong><\/p>\n<p><strong><span class=\"il\">GOLD Rush<\/span> <\/strong>\u2013 luksuslik \u00f6\u00f6hooldus argaania\u00f5liga, ilumaailma vedela kullaga. (P\u00f5hjamaise naise ilu saladus)<\/p>\n<p style=\"font-weight: 400;\">Hinnalise argaania\u00f5liga, ilumaailma vedela kullaga. Rahustab nahka igap\u00e4evasest stressist, toetatab naharakkude ja nahastruktuuri uuenemist ning kindlustab j\u00e4rgmise p\u00e4eva v\u00e4rske alguse. Nahk on hommikul v\u00e4rske, s\u00e4rav, sametpehme- ja valmis uueks p\u00e4evaks.<\/p>\n<p style=\"font-weight: 400;\">Luksuslik \u00f6ine hooldus on nahale t\u00f5eline aare, eriti jahedal aastaajal. Sensuaalselt soojendav l\u00f5hn k\u00e4ivitab igap\u00e4evase \u00f5htuse rituaali ning hinnaline argaania\u00f5li, kookosp\u00e4hkli ekstrakt ja valitus taimeekstraktid hellitavad nahka \u00f6\u00f6une ajal.<\/p>\n<p style=\"font-weight: 400;\">&#8211; rahustab \u00e4rritunud nahka<\/p>\n<p style=\"font-weight: 400;\">&#8211; v\u00e4hendab punetust ja s\u00fcgelust<\/p>\n<p style=\"font-weight: 400;\">&#8211; niisutav<\/p>\n<p style=\"font-weight: 400;\">&#8211; rasueritust reguleeriv<\/p>\n<p style=\"font-weight: 400;\">&#8211; taastab naha barj\u00e4\u00e4ri<\/p>\n<p style=\"font-weight: 400;\"><strong>Nahat\u00fc\u00fcp:<\/strong>\u00a0Stressis nahk, mis vajab taastumist.<\/p>\n<p style=\"font-weight: 400;\">Toime:Niisutav, taastav. M\u00f5jub rahustavalt \u00e4rritunud nahale, v\u00e4hendab punetust ja s\u00fcgelust.<\/p>\n<p style=\"font-weight: 400;\"><strong>Kasutamine:<\/strong>\u00a0Kandke \u00f5htul puhastatud nahale ja masseerige \u00f5rnalt.<\/p>\n<p style=\"font-weight: 400;\"><strong>Peamised toimeained:\u00a0<\/strong>Argaania\u00f5li, kookosp\u00e4hkli ekstrakt, pilliroo ekstrakt, s\u00f5straseemne\u00f5li, \u00f5hupallipuu ekstrakt, skvalaan.<\/p>\n<p>&nbsp;<\/p>\n","protected":false},"excerpt":{"rendered":"<p>NB! TOODE SAABUB M\u00dc\u00dcKI 18.11\u00a0 GOLD Rush \u2013 luksuslik \u00f6\u00f6hooldus argaania\u00f5liga, ilumaailma vedela kullaga. (P\u00f5hjamaise naise ilu saladus) Hinnalise argaania\u00f5liga, ilumaailma vedela kullaga. Rahustab nahka igap\u00e4evasest stressist, toetatab naharakkude ja nahastruktuuri uuenemist ning kindlustab j\u00e4rgmise p\u00e4eva v\u00e4rske alguse. Nahk on hommikul v\u00e4rske, s\u00e4rav, sametpehme- ja valmis uueks p\u00e4evaks. Luksuslik \u00f6ine hooldus on nahale t\u00f5eline aare, [&hellip;]<\/p>\n","protected":false},"featured_media":31500,"template":"","meta":{"_acf_changed":false},"product_cat":[186],"product_tag":[],"class_list":["post-31499","product","type-product","status-publish","has-post-thumbnail","hentry","product_cat-uued-tulijad"],"acf":[],"yoast_head":"<!-- This site is optimized with the Yoast SEO plugin v25.4 - https:\/\/yoast.com\/wordpress\/plugins\/seo\/ -->\n<title>Gold Rush - Luksuslik \u00d6\u00f6kreem 50Ml - Beauty Institute<\/title>\n<meta name=\"robots\" content=\"index, follow, max-snippet:-1, max-image-preview:large, max-video-preview:-1\" \/>\n<link rel=\"canonical\" href=\"https:\/\/beautyinstitute.ee\/toode\/gold-rush-luksuslik-ookreem-50ml\/\" \/>\n<meta property=\"og:locale\" content=\"ru_RU\" \/>\n<meta property=\"og:type\" content=\"article\" \/>\n<meta property=\"og:title\" content=\"Gold Rush - Luksuslik \u00d6\u00f6kreem 50Ml - Beauty Institute\" \/>\n<meta property=\"og:description\" content=\"NB! TOODE SAABUB M\u00dc\u00dcKI 18.11\u00a0 GOLD Rush \u2013 luksuslik \u00f6\u00f6hooldus argaania\u00f5liga, ilumaailma vedela kullaga. (P\u00f5hjamaise naise ilu saladus) Hinnalise argaania\u00f5liga, ilumaailma vedela kullaga. Rahustab nahka igap\u00e4evasest stressist, toetatab naharakkude ja nahastruktuuri uuenemist ning kindlustab j\u00e4rgmise p\u00e4eva v\u00e4rske alguse. Nahk on hommikul v\u00e4rske, s\u00e4rav, sametpehme- ja valmis uueks p\u00e4evaks. Luksuslik \u00f6ine hooldus on nahale t\u00f5eline aare, [&hellip;]\" \/>\n<meta property=\"og:url\" content=\"https:\/\/beautyinstitute.ee\/toode\/gold-rush-luksuslik-ookreem-50ml\/\" \/>\n<meta property=\"og:site_name\" content=\"Beauty Institute\" \/>\n<meta property=\"article:modified_time\" content=\"2026-04-17T20:07:49+00:00\" \/>\n<meta property=\"og:image\" content=\"https:\/\/beautyinstitute.ee\/wp-content\/uploads\/2024\/11\/GOLD-Rush-Tiegel-auf-weiss.jpeg\" \/>\n\t<meta property=\"og:image:width\" content=\"2145\" \/>\n\t<meta property=\"og:image:height\" content=\"1977\" \/>\n\t<meta property=\"og:image:type\" content=\"image\/jpeg\" \/>\n<meta name=\"twitter:card\" content=\"summary_large_image\" \/>\n<meta name=\"twitter:site\" content=\"@Beauty_Eesti\" \/>\n<meta name=\"twitter:label1\" content=\"\u041f\u0440\u0438\u043c\u0435\u0440\u043d\u043e\u0435 \u0432\u0440\u0435\u043c\u044f \u0434\u043b\u044f \u0447\u0442\u0435\u043d\u0438\u044f\" \/>\n\t<meta name=\"twitter:data1\" content=\"1 \u043c\u0438\u043d\u0443\u0442\u0430\" \/>\n<script type=\"application\/ld+json\" class=\"yoast-schema-graph\">{\"@context\":\"https:\/\/schema.org\",\"@graph\":[{\"@type\":\"WebPage\",\"@id\":\"https:\/\/beautyinstitute.ee\/toode\/gold-rush-luksuslik-ookreem-50ml\/\",\"url\":\"https:\/\/beautyinstitute.ee\/toode\/gold-rush-luksuslik-ookreem-50ml\/\",\"name\":\"Gold Rush - Luksuslik \u00d6\u00f6kreem 50Ml - Beauty Institute\",\"isPartOf\":{\"@id\":\"https:\/\/beautyinstitute.ee\/#website\"},\"primaryImageOfPage\":{\"@id\":\"https:\/\/beautyinstitute.ee\/toode\/gold-rush-luksuslik-ookreem-50ml\/#primaryimage\"},\"image\":{\"@id\":\"https:\/\/beautyinstitute.ee\/toode\/gold-rush-luksuslik-ookreem-50ml\/#primaryimage\"},\"thumbnailUrl\":\"https:\/\/beautyinstitute.ee\/wp-content\/uploads\/2024\/11\/GOLD-Rush-Tiegel-auf-weiss.jpeg\",\"datePublished\":\"2024-11-12T11:51:11+00:00\",\"dateModified\":\"2026-04-17T20:07:49+00:00\",\"breadcrumb\":{\"@id\":\"https:\/\/beautyinstitute.ee\/toode\/gold-rush-luksuslik-ookreem-50ml\/#breadcrumb\"},\"inLanguage\":\"ru-RU\",\"potentialAction\":[{\"@type\":\"ReadAction\",\"target\":[\"https:\/\/beautyinstitute.ee\/toode\/gold-rush-luksuslik-ookreem-50ml\/\"]}]},{\"@type\":\"ImageObject\",\"inLanguage\":\"ru-RU\",\"@id\":\"https:\/\/beautyinstitute.ee\/toode\/gold-rush-luksuslik-ookreem-50ml\/#primaryimage\",\"url\":\"https:\/\/beautyinstitute.ee\/wp-content\/uploads\/2024\/11\/GOLD-Rush-Tiegel-auf-weiss.jpeg\",\"contentUrl\":\"https:\/\/beautyinstitute.ee\/wp-content\/uploads\/2024\/11\/GOLD-Rush-Tiegel-auf-weiss.jpeg\",\"width\":2145,\"height\":1977},{\"@type\":\"BreadcrumbList\",\"@id\":\"https:\/\/beautyinstitute.ee\/toode\/gold-rush-luksuslik-ookreem-50ml\/#breadcrumb\",\"itemListElement\":[{\"@type\":\"ListItem\",\"position\":1,\"name\":\"Home\",\"item\":\"https:\/\/beautyinstitute.ee\/ru\/\"},{\"@type\":\"ListItem\",\"position\":2,\"name\":\"E-pood\",\"item\":\"https:\/\/beautyinstitute.ee\/e-pood\/\"},{\"@type\":\"ListItem\",\"position\":3,\"name\":\"Gold Rush &#8211; Luksuslik \u00d6\u00f6kreem 50Ml\"}]},{\"@type\":\"WebSite\",\"@id\":\"https:\/\/beautyinstitute.ee\/#website\",\"url\":\"https:\/\/beautyinstitute.ee\/\",\"name\":\"Beauty Institute\",\"description\":\"CNC Cosmetic ametlik maaletooja ja edasim\u00fc\u00fcja Eestis, Soomes, L\u00e4tis. Aparaadikosmeetika, koolitused, kosmeetikatooted.\",\"potentialAction\":[{\"@type\":\"SearchAction\",\"target\":{\"@type\":\"EntryPoint\",\"urlTemplate\":\"https:\/\/beautyinstitute.ee\/?s={search_term_string}\"},\"query-input\":{\"@type\":\"PropertyValueSpecification\",\"valueRequired\":true,\"valueName\":\"search_term_string\"}}],\"inLanguage\":\"ru-RU\"}]}<\/script>\n<!-- \/ Yoast SEO plugin. -->","yoast_head_json":{"title":"Gold Rush - Luksuslik \u00d6\u00f6kreem 50Ml - Beauty Institute","robots":{"index":"index","follow":"follow","max-snippet":"max-snippet:-1","max-image-preview":"max-image-preview:large","max-video-preview":"max-video-preview:-1"},"canonical":"https:\/\/beautyinstitute.ee\/toode\/gold-rush-luksuslik-ookreem-50ml\/","og_locale":"ru_RU","og_type":"article","og_title":"Gold Rush - Luksuslik \u00d6\u00f6kreem 50Ml - Beauty Institute","og_description":"NB! TOODE SAABUB M\u00dc\u00dcKI 18.11\u00a0 GOLD Rush \u2013 luksuslik \u00f6\u00f6hooldus argaania\u00f5liga, ilumaailma vedela kullaga. (P\u00f5hjamaise naise ilu saladus) Hinnalise argaania\u00f5liga, ilumaailma vedela kullaga. Rahustab nahka igap\u00e4evasest stressist, toetatab naharakkude ja nahastruktuuri uuenemist ning kindlustab j\u00e4rgmise p\u00e4eva v\u00e4rske alguse. Nahk on hommikul v\u00e4rske, s\u00e4rav, sametpehme- ja valmis uueks p\u00e4evaks. Luksuslik \u00f6ine hooldus on nahale t\u00f5eline aare, [&hellip;]","og_url":"https:\/\/beautyinstitute.ee\/toode\/gold-rush-luksuslik-ookreem-50ml\/","og_site_name":"Beauty Institute","article_modified_time":"2026-04-17T20:07:49+00:00","og_image":[{"width":2145,"height":1977,"url":"https:\/\/beautyinstitute.ee\/wp-content\/uploads\/2024\/11\/GOLD-Rush-Tiegel-auf-weiss.jpeg","type":"image\/jpeg"}],"twitter_card":"summary_large_image","twitter_site":"@Beauty_Eesti","twitter_misc":{"\u041f\u0440\u0438\u043c\u0435\u0440\u043d\u043e\u0435 \u0432\u0440\u0435\u043c\u044f \u0434\u043b\u044f \u0447\u0442\u0435\u043d\u0438\u044f":"1 \u043c\u0438\u043d\u0443\u0442\u0430"},"schema":{"@context":"https:\/\/schema.org","@graph":[{"@type":"WebPage","@id":"https:\/\/beautyinstitute.ee\/toode\/gold-rush-luksuslik-ookreem-50ml\/","url":"https:\/\/beautyinstitute.ee\/toode\/gold-rush-luksuslik-ookreem-50ml\/","name":"Gold Rush - Luksuslik \u00d6\u00f6kreem 50Ml - Beauty Institute","isPartOf":{"@id":"https:\/\/beautyinstitute.ee\/#website"},"primaryImageOfPage":{"@id":"https:\/\/beautyinstitute.ee\/toode\/gold-rush-luksuslik-ookreem-50ml\/#primaryimage"},"image":{"@id":"https:\/\/beautyinstitute.ee\/toode\/gold-rush-luksuslik-ookreem-50ml\/#primaryimage"},"thumbnailUrl":"https:\/\/beautyinstitute.ee\/wp-content\/uploads\/2024\/11\/GOLD-Rush-Tiegel-auf-weiss.jpeg","datePublished":"2024-11-12T11:51:11+00:00","dateModified":"2026-04-17T20:07:49+00:00","breadcrumb":{"@id":"https:\/\/beautyinstitute.ee\/toode\/gold-rush-luksuslik-ookreem-50ml\/#breadcrumb"},"inLanguage":"ru-RU","potentialAction":[{"@type":"ReadAction","target":["https:\/\/beautyinstitute.ee\/toode\/gold-rush-luksuslik-ookreem-50ml\/"]}]},{"@type":"ImageObject","inLanguage":"ru-RU","@id":"https:\/\/beautyinstitute.ee\/toode\/gold-rush-luksuslik-ookreem-50ml\/#primaryimage","url":"https:\/\/beautyinstitute.ee\/wp-content\/uploads\/2024\/11\/GOLD-Rush-Tiegel-auf-weiss.jpeg","contentUrl":"https:\/\/beautyinstitute.ee\/wp-content\/uploads\/2024\/11\/GOLD-Rush-Tiegel-auf-weiss.jpeg","width":2145,"height":1977},{"@type":"BreadcrumbList","@id":"https:\/\/beautyinstitute.ee\/toode\/gold-rush-luksuslik-ookreem-50ml\/#breadcrumb","itemListElement":[{"@type":"ListItem","position":1,"name":"Home","item":"https:\/\/beautyinstitute.ee\/ru\/"},{"@type":"ListItem","position":2,"name":"E-pood","item":"https:\/\/beautyinstitute.ee\/e-pood\/"},{"@type":"ListItem","position":3,"name":"Gold Rush &#8211; Luksuslik \u00d6\u00f6kreem 50Ml"}]},{"@type":"WebSite","@id":"https:\/\/beautyinstitute.ee\/#website","url":"https:\/\/beautyinstitute.ee\/","name":"Beauty Institute","description":"CNC Cosmetic ametlik maaletooja ja edasim\u00fc\u00fcja Eestis, Soomes, L\u00e4tis. Aparaadikosmeetika, koolitused, kosmeetikatooted.","potentialAction":[{"@type":"SearchAction","target":{"@type":"EntryPoint","urlTemplate":"https:\/\/beautyinstitute.ee\/?s={search_term_string}"},"query-input":{"@type":"PropertyValueSpecification","valueRequired":true,"valueName":"search_term_string"}}],"inLanguage":"ru-RU"}]}},"_links":{"self":[{"href":"https:\/\/beautyinstitute.ee\/ru\/wp-json\/wp\/v2\/product\/31499","targetHints":{"allow":["GET"]}}],"collection":[{"href":"https:\/\/beautyinstitute.ee\/ru\/wp-json\/wp\/v2\/product"}],"about":[{"href":"https:\/\/beautyinstitute.ee\/ru\/wp-json\/wp\/v2\/types\/product"}],"wp:featuredmedia":[{"embeddable":true,"href":"https:\/\/beautyinstitute.ee\/ru\/wp-json\/wp\/v2\/media\/31500"}],"wp:attachment":[{"href":"https:\/\/beautyinstitute.ee\/ru\/wp-json\/wp\/v2\/media?parent=31499"}],"wp:term":[{"taxonomy":"product_cat","embeddable":true,"href":"https:\/\/beautyinstitute.ee\/ru\/wp-json\/wp\/v2\/product_cat?post=31499"},{"taxonomy":"product_tag","embeddable":true,"href":"https:\/\/beautyinstitute.ee\/ru\/wp-json\/wp\/v2\/product_tag?post=31499"}],"curies":[{"name":"wp","href":"https:\/\/api.w.org\/{rel}","templated":true}]}}