{"id":3178,"date":"2019-01-25T21:23:31","date_gmt":"2019-01-25T21:23:31","guid":{"rendered":"https:\/\/beautyinstitute.ee\/?post_type=product&#038;p=3178"},"modified":"2026-04-16T12:30:55","modified_gmt":"2026-04-16T09:30:55","slug":"feel-good","status":"publish","type":"product","link":"https:\/\/beautyinstitute.ee\/ru\/toode\/feel-good\/","title":{"rendered":"Mop Feel Good"},"content":{"rendered":"<p><strong>Niisutav, t\u00f5stva efektiga p\u00e4evakreem n\u00f5udlikule, uuenemist vajavale nahale.<\/strong><\/p>\n<p>V\u00e4\u00e4rtuslik p\u00e4rliekstrakt, looduslikud \u00f5lid ja v\u00e4ga rikkalikud oligosahhariidid on merelise p\u00e4ritoluga, mis siluvad meie nahka ja aitavad kaasa selle uuenemisele. Taastab n\u00e4o kontuure. Tooted on dermatoloogiliselt testitud ja on nahas\u00f5bralikud. Optimaalse tulemuse saavutamiseks kanna kreem puhastatud n\u00e4ole ja kaelale igal hommikul.<\/p>\n<p><strong>Eelised:<\/strong><\/p>\n<ul>\n<li>n\u00e4okontuure t\u00f5stva efektiga<\/li>\n<li>varustab naharakke energiaga<\/li>\n<li>kaitseb nahka kahjulike m\u00f5jude eest<\/li>\n<\/ul>\n<p><strong>Sobilik:<\/strong> n\u00f5udlik nahk, mis vajab taastamist.<\/p>\n<p><strong>Toimeained:<\/strong> ekstrakt rohevetikast Ulva lactuca, pika- ja l\u00fchikese ahelaga h\u00fcaluroonhape, sahhariidid, bisabolool, allantoiin, sheav\u00f5i, makadaamiap\u00e4hkli\u00f5li, p\u00e4rliekstrakt.<\/p>\n","protected":false},"excerpt":{"rendered":"<p>Niisutav, t\u00f5stva efektiga p\u00e4evakreem n\u00f5udlikule, uuenemist vajavale nahale. V\u00e4\u00e4rtuslik p\u00e4rliekstrakt, looduslikud \u00f5lid ja v\u00e4ga rikkalikud oligosahhariidid on merelise p\u00e4ritoluga, mis siluvad meie nahka ja aitavad kaasa selle uuenemisele. Taastab n\u00e4o kontuure. Tooted on dermatoloogiliselt testitud ja on nahas\u00f5bralikud. Optimaalse tulemuse saavutamiseks kanna kreem puhastatud n\u00e4ole ja kaelale igal hommikul. Eelised: n\u00e4okontuure t\u00f5stva efektiga varustab naharakke [&hellip;]<\/p>\n","protected":false},"featured_media":12184,"template":"","meta":{"_acf_changed":false},"product_cat":[250,114,129],"product_tag":[],"class_list":["post-3178","product","type-product","status-publish","has-post-thumbnail","hentry","product_cat-naokreemid","product_cat-tootesarjad","product_cat-moments-of-pearl"],"acf":[],"yoast_head":"<!-- This site is optimized with the Yoast SEO plugin v25.4 - https:\/\/yoast.com\/wordpress\/plugins\/seo\/ -->\n<title>Mop Feel Good - Beauty Institute<\/title>\n<meta name=\"robots\" content=\"index, follow, max-snippet:-1, max-image-preview:large, max-video-preview:-1\" \/>\n<link rel=\"canonical\" href=\"https:\/\/beautyinstitute.ee\/toode\/feel-good\/\" \/>\n<meta property=\"og:locale\" content=\"ru_RU\" \/>\n<meta property=\"og:type\" content=\"article\" \/>\n<meta property=\"og:title\" content=\"Mop Feel Good - Beauty Institute\" \/>\n<meta property=\"og:description\" content=\"Niisutav, t\u00f5stva efektiga p\u00e4evakreem n\u00f5udlikule, uuenemist vajavale nahale. V\u00e4\u00e4rtuslik p\u00e4rliekstrakt, looduslikud \u00f5lid ja v\u00e4ga rikkalikud oligosahhariidid on merelise p\u00e4ritoluga, mis siluvad meie nahka ja aitavad kaasa selle uuenemisele. Taastab n\u00e4o kontuure. Tooted on dermatoloogiliselt testitud ja on nahas\u00f5bralikud. Optimaalse tulemuse saavutamiseks kanna kreem puhastatud n\u00e4ole ja kaelale igal hommikul. Eelised: n\u00e4okontuure t\u00f5stva efektiga varustab naharakke [&hellip;]\" \/>\n<meta property=\"og:url\" content=\"https:\/\/beautyinstitute.ee\/toode\/feel-good\/\" \/>\n<meta property=\"og:site_name\" content=\"Beauty Institute\" \/>\n<meta property=\"article:modified_time\" content=\"2026-04-16T09:30:55+00:00\" \/>\n<meta property=\"og:image\" content=\"https:\/\/beautyinstitute.ee\/wp-content\/uploads\/2019\/01\/feel-good-1.jpg\" \/>\n\t<meta property=\"og:image:width\" content=\"2480\" \/>\n\t<meta property=\"og:image:height\" content=\"2333\" \/>\n\t<meta property=\"og:image:type\" content=\"image\/jpeg\" \/>\n<meta name=\"twitter:card\" content=\"summary_large_image\" \/>\n<meta name=\"twitter:site\" content=\"@Beauty_Eesti\" \/>\n<meta name=\"twitter:label1\" content=\"\u041f\u0440\u0438\u043c\u0435\u0440\u043d\u043e\u0435 \u0432\u0440\u0435\u043c\u044f \u0434\u043b\u044f \u0447\u0442\u0435\u043d\u0438\u044f\" \/>\n\t<meta name=\"twitter:data1\" content=\"1 \u043c\u0438\u043d\u0443\u0442\u0430\" \/>\n<script type=\"application\/ld+json\" class=\"yoast-schema-graph\">{\"@context\":\"https:\/\/schema.org\",\"@graph\":[{\"@type\":\"WebPage\",\"@id\":\"https:\/\/beautyinstitute.ee\/toode\/feel-good\/\",\"url\":\"https:\/\/beautyinstitute.ee\/toode\/feel-good\/\",\"name\":\"Mop Feel Good - Beauty Institute\",\"isPartOf\":{\"@id\":\"https:\/\/beautyinstitute.ee\/#website\"},\"primaryImageOfPage\":{\"@id\":\"https:\/\/beautyinstitute.ee\/toode\/feel-good\/#primaryimage\"},\"image\":{\"@id\":\"https:\/\/beautyinstitute.ee\/toode\/feel-good\/#primaryimage\"},\"thumbnailUrl\":\"https:\/\/beautyinstitute.ee\/wp-content\/uploads\/2019\/01\/feel-good-1.jpg\",\"datePublished\":\"2019-01-25T21:23:31+00:00\",\"dateModified\":\"2026-04-16T09:30:55+00:00\",\"breadcrumb\":{\"@id\":\"https:\/\/beautyinstitute.ee\/toode\/feel-good\/#breadcrumb\"},\"inLanguage\":\"ru-RU\",\"potentialAction\":[{\"@type\":\"ReadAction\",\"target\":[\"https:\/\/beautyinstitute.ee\/toode\/feel-good\/\"]}]},{\"@type\":\"ImageObject\",\"inLanguage\":\"ru-RU\",\"@id\":\"https:\/\/beautyinstitute.ee\/toode\/feel-good\/#primaryimage\",\"url\":\"https:\/\/beautyinstitute.ee\/wp-content\/uploads\/2019\/01\/feel-good-1.jpg\",\"contentUrl\":\"https:\/\/beautyinstitute.ee\/wp-content\/uploads\/2019\/01\/feel-good-1.jpg\",\"width\":2480,\"height\":2333},{\"@type\":\"BreadcrumbList\",\"@id\":\"https:\/\/beautyinstitute.ee\/toode\/feel-good\/#breadcrumb\",\"itemListElement\":[{\"@type\":\"ListItem\",\"position\":1,\"name\":\"Home\",\"item\":\"https:\/\/beautyinstitute.ee\/ru\/\"},{\"@type\":\"ListItem\",\"position\":2,\"name\":\"E-pood\",\"item\":\"https:\/\/beautyinstitute.ee\/e-pood\/\"},{\"@type\":\"ListItem\",\"position\":3,\"name\":\"Mop Feel Good\"}]},{\"@type\":\"WebSite\",\"@id\":\"https:\/\/beautyinstitute.ee\/#website\",\"url\":\"https:\/\/beautyinstitute.ee\/\",\"name\":\"Beauty Institute\",\"description\":\"CNC Cosmetic ametlik maaletooja ja edasim\u00fc\u00fcja Eestis, Soomes, L\u00e4tis. Aparaadikosmeetika, koolitused, kosmeetikatooted.\",\"potentialAction\":[{\"@type\":\"SearchAction\",\"target\":{\"@type\":\"EntryPoint\",\"urlTemplate\":\"https:\/\/beautyinstitute.ee\/?s={search_term_string}\"},\"query-input\":{\"@type\":\"PropertyValueSpecification\",\"valueRequired\":true,\"valueName\":\"search_term_string\"}}],\"inLanguage\":\"ru-RU\"}]}<\/script>\n<!-- \/ Yoast SEO plugin. -->","yoast_head_json":{"title":"Mop Feel Good - Beauty Institute","robots":{"index":"index","follow":"follow","max-snippet":"max-snippet:-1","max-image-preview":"max-image-preview:large","max-video-preview":"max-video-preview:-1"},"canonical":"https:\/\/beautyinstitute.ee\/toode\/feel-good\/","og_locale":"ru_RU","og_type":"article","og_title":"Mop Feel Good - Beauty Institute","og_description":"Niisutav, t\u00f5stva efektiga p\u00e4evakreem n\u00f5udlikule, uuenemist vajavale nahale. V\u00e4\u00e4rtuslik p\u00e4rliekstrakt, looduslikud \u00f5lid ja v\u00e4ga rikkalikud oligosahhariidid on merelise p\u00e4ritoluga, mis siluvad meie nahka ja aitavad kaasa selle uuenemisele. Taastab n\u00e4o kontuure. Tooted on dermatoloogiliselt testitud ja on nahas\u00f5bralikud. Optimaalse tulemuse saavutamiseks kanna kreem puhastatud n\u00e4ole ja kaelale igal hommikul. Eelised: n\u00e4okontuure t\u00f5stva efektiga varustab naharakke [&hellip;]","og_url":"https:\/\/beautyinstitute.ee\/toode\/feel-good\/","og_site_name":"Beauty Institute","article_modified_time":"2026-04-16T09:30:55+00:00","og_image":[{"width":2480,"height":2333,"url":"https:\/\/beautyinstitute.ee\/wp-content\/uploads\/2019\/01\/feel-good-1.jpg","type":"image\/jpeg"}],"twitter_card":"summary_large_image","twitter_site":"@Beauty_Eesti","twitter_misc":{"\u041f\u0440\u0438\u043c\u0435\u0440\u043d\u043e\u0435 \u0432\u0440\u0435\u043c\u044f \u0434\u043b\u044f \u0447\u0442\u0435\u043d\u0438\u044f":"1 \u043c\u0438\u043d\u0443\u0442\u0430"},"schema":{"@context":"https:\/\/schema.org","@graph":[{"@type":"WebPage","@id":"https:\/\/beautyinstitute.ee\/toode\/feel-good\/","url":"https:\/\/beautyinstitute.ee\/toode\/feel-good\/","name":"Mop Feel Good - Beauty Institute","isPartOf":{"@id":"https:\/\/beautyinstitute.ee\/#website"},"primaryImageOfPage":{"@id":"https:\/\/beautyinstitute.ee\/toode\/feel-good\/#primaryimage"},"image":{"@id":"https:\/\/beautyinstitute.ee\/toode\/feel-good\/#primaryimage"},"thumbnailUrl":"https:\/\/beautyinstitute.ee\/wp-content\/uploads\/2019\/01\/feel-good-1.jpg","datePublished":"2019-01-25T21:23:31+00:00","dateModified":"2026-04-16T09:30:55+00:00","breadcrumb":{"@id":"https:\/\/beautyinstitute.ee\/toode\/feel-good\/#breadcrumb"},"inLanguage":"ru-RU","potentialAction":[{"@type":"ReadAction","target":["https:\/\/beautyinstitute.ee\/toode\/feel-good\/"]}]},{"@type":"ImageObject","inLanguage":"ru-RU","@id":"https:\/\/beautyinstitute.ee\/toode\/feel-good\/#primaryimage","url":"https:\/\/beautyinstitute.ee\/wp-content\/uploads\/2019\/01\/feel-good-1.jpg","contentUrl":"https:\/\/beautyinstitute.ee\/wp-content\/uploads\/2019\/01\/feel-good-1.jpg","width":2480,"height":2333},{"@type":"BreadcrumbList","@id":"https:\/\/beautyinstitute.ee\/toode\/feel-good\/#breadcrumb","itemListElement":[{"@type":"ListItem","position":1,"name":"Home","item":"https:\/\/beautyinstitute.ee\/ru\/"},{"@type":"ListItem","position":2,"name":"E-pood","item":"https:\/\/beautyinstitute.ee\/e-pood\/"},{"@type":"ListItem","position":3,"name":"Mop Feel Good"}]},{"@type":"WebSite","@id":"https:\/\/beautyinstitute.ee\/#website","url":"https:\/\/beautyinstitute.ee\/","name":"Beauty Institute","description":"CNC Cosmetic ametlik maaletooja ja edasim\u00fc\u00fcja Eestis, Soomes, L\u00e4tis. Aparaadikosmeetika, koolitused, kosmeetikatooted.","potentialAction":[{"@type":"SearchAction","target":{"@type":"EntryPoint","urlTemplate":"https:\/\/beautyinstitute.ee\/?s={search_term_string}"},"query-input":{"@type":"PropertyValueSpecification","valueRequired":true,"valueName":"search_term_string"}}],"inLanguage":"ru-RU"}]}},"_links":{"self":[{"href":"https:\/\/beautyinstitute.ee\/ru\/wp-json\/wp\/v2\/product\/3178","targetHints":{"allow":["GET"]}}],"collection":[{"href":"https:\/\/beautyinstitute.ee\/ru\/wp-json\/wp\/v2\/product"}],"about":[{"href":"https:\/\/beautyinstitute.ee\/ru\/wp-json\/wp\/v2\/types\/product"}],"wp:featuredmedia":[{"embeddable":true,"href":"https:\/\/beautyinstitute.ee\/ru\/wp-json\/wp\/v2\/media\/12184"}],"wp:attachment":[{"href":"https:\/\/beautyinstitute.ee\/ru\/wp-json\/wp\/v2\/media?parent=3178"}],"wp:term":[{"taxonomy":"product_cat","embeddable":true,"href":"https:\/\/beautyinstitute.ee\/ru\/wp-json\/wp\/v2\/product_cat?post=3178"},{"taxonomy":"product_tag","embeddable":true,"href":"https:\/\/beautyinstitute.ee\/ru\/wp-json\/wp\/v2\/product_tag?post=3178"}],"curies":[{"name":"wp","href":"https:\/\/api.w.org\/{rel}","templated":true}]}}