{"id":3185,"date":"2019-01-25T23:27:21","date_gmt":"2019-01-25T21:27:21","guid":{"rendered":"https:\/\/beautyinstitute.ee\/?post_type=product&#038;p=3185"},"modified":"2026-04-22T15:23:22","modified_gmt":"2026-04-22T12:23:22","slug":"sleep-well","status":"publish","type":"product","link":"https:\/\/beautyinstitute.ee\/ru\/toode\/sleep-well\/","title":{"rendered":"Mop Sleep Well \u00d6\u00f6kreem 50Ml"},"content":{"rendered":"<p><strong>Intensiivselt niisutav vananemisvastane \u00f6\u00f6kreem n\u00f5udlikule, uuenemist vajavale nahale.<\/strong><\/p>\n<p>V\u00e4\u00e4rtuslik p\u00e4rliekstrakt, looduslikud \u00f5lid, A-vitamiin ja rikkalikud oligosahhariidid on merelise p\u00e4ritoluga, mis siluvad meie nahka ja aitavad kaasa selle uuenemisele. Tulemuseks siledam nahk, millel on v\u00e4hem kortse ja n\u00e4o kontuurid on taastatud. Tooted on dermatoloogiliselt testitud ja on nahas\u00f5bralikud. Optimaalse tulemuse saavutamiseks kanna kreem puhastatud n\u00e4ole ja kaelale igal \u00f5htul.<\/p>\n<p><strong>Eelised:<\/strong><\/p>\n<ul>\n<li>toetab naha struktuuri<\/li>\n<li>t\u00f6\u00f6tab vabade radikaalide vastu<\/li>\n<li>nahk on siledam<\/li>\n<li>n\u00e4okontuurid on taastatud<\/li>\n<\/ul>\n<p><strong>Sobilik:<\/strong> n\u00f5udlik, regenereerimisest vajav nahk.<\/p>\n<p><strong>Toimeained:<\/strong> rohevetika ekstrakt, pika-ja l\u00fchikese ahelaga h\u00fcaluroonhape, sahhariidid, bisabolool, allantoiin, sheav\u00f5i, makadaamiap\u00e4hkli\u00f5li, p\u00e4rliekstrakt, A-vitamiini palmitaat.<\/p>\n","protected":false},"excerpt":{"rendered":"<p>Intensiivselt niisutav vananemisvastane \u00f6\u00f6kreem n\u00f5udlikule, uuenemist vajavale nahale. V\u00e4\u00e4rtuslik p\u00e4rliekstrakt, looduslikud \u00f5lid, A-vitamiin ja rikkalikud oligosahhariidid on merelise p\u00e4ritoluga, mis siluvad meie nahka ja aitavad kaasa selle uuenemisele. Tulemuseks siledam nahk, millel on v\u00e4hem kortse ja n\u00e4o kontuurid on taastatud. Tooted on dermatoloogiliselt testitud ja on nahas\u00f5bralikud. Optimaalse tulemuse saavutamiseks kanna kreem puhastatud n\u00e4ole ja [&hellip;]<\/p>\n","protected":false},"featured_media":12129,"template":"","meta":{"_acf_changed":false},"product_cat":[250,114,129],"product_tag":[],"class_list":["post-3185","product","type-product","status-publish","has-post-thumbnail","hentry","product_cat-naokreemid","product_cat-tootesarjad","product_cat-moments-of-pearl"],"acf":[],"yoast_head":"<!-- This site is optimized with the Yoast SEO plugin v25.4 - https:\/\/yoast.com\/wordpress\/plugins\/seo\/ -->\n<title>Mop Sleep Well \u00d6\u00f6kreem 50Ml - Beauty Institute<\/title>\n<meta name=\"robots\" content=\"index, follow, max-snippet:-1, max-image-preview:large, max-video-preview:-1\" \/>\n<link rel=\"canonical\" href=\"https:\/\/beautyinstitute.ee\/toode\/sleep-well\/\" \/>\n<meta property=\"og:locale\" content=\"ru_RU\" \/>\n<meta property=\"og:type\" content=\"article\" \/>\n<meta property=\"og:title\" content=\"Mop Sleep Well \u00d6\u00f6kreem 50Ml - Beauty Institute\" \/>\n<meta property=\"og:description\" content=\"Intensiivselt niisutav vananemisvastane \u00f6\u00f6kreem n\u00f5udlikule, uuenemist vajavale nahale. V\u00e4\u00e4rtuslik p\u00e4rliekstrakt, looduslikud \u00f5lid, A-vitamiin ja rikkalikud oligosahhariidid on merelise p\u00e4ritoluga, mis siluvad meie nahka ja aitavad kaasa selle uuenemisele. Tulemuseks siledam nahk, millel on v\u00e4hem kortse ja n\u00e4o kontuurid on taastatud. Tooted on dermatoloogiliselt testitud ja on nahas\u00f5bralikud. Optimaalse tulemuse saavutamiseks kanna kreem puhastatud n\u00e4ole ja [&hellip;]\" \/>\n<meta property=\"og:url\" content=\"https:\/\/beautyinstitute.ee\/toode\/sleep-well\/\" \/>\n<meta property=\"og:site_name\" content=\"Beauty Institute\" \/>\n<meta property=\"article:modified_time\" content=\"2026-04-22T12:23:22+00:00\" \/>\n<meta property=\"og:image\" content=\"https:\/\/beautyinstitute.ee\/wp-content\/uploads\/2019\/01\/sleep-well.jpg\" \/>\n\t<meta property=\"og:image:width\" content=\"2480\" \/>\n\t<meta property=\"og:image:height\" content=\"2333\" \/>\n\t<meta property=\"og:image:type\" content=\"image\/jpeg\" \/>\n<meta name=\"twitter:card\" content=\"summary_large_image\" \/>\n<meta name=\"twitter:site\" content=\"@Beauty_Eesti\" \/>\n<meta name=\"twitter:label1\" content=\"\u041f\u0440\u0438\u043c\u0435\u0440\u043d\u043e\u0435 \u0432\u0440\u0435\u043c\u044f \u0434\u043b\u044f \u0447\u0442\u0435\u043d\u0438\u044f\" \/>\n\t<meta name=\"twitter:data1\" content=\"1 \u043c\u0438\u043d\u0443\u0442\u0430\" \/>\n<script type=\"application\/ld+json\" class=\"yoast-schema-graph\">{\"@context\":\"https:\/\/schema.org\",\"@graph\":[{\"@type\":\"WebPage\",\"@id\":\"https:\/\/beautyinstitute.ee\/toode\/sleep-well\/\",\"url\":\"https:\/\/beautyinstitute.ee\/toode\/sleep-well\/\",\"name\":\"Mop Sleep Well \u00d6\u00f6kreem 50Ml - Beauty Institute\",\"isPartOf\":{\"@id\":\"https:\/\/beautyinstitute.ee\/#website\"},\"primaryImageOfPage\":{\"@id\":\"https:\/\/beautyinstitute.ee\/toode\/sleep-well\/#primaryimage\"},\"image\":{\"@id\":\"https:\/\/beautyinstitute.ee\/toode\/sleep-well\/#primaryimage\"},\"thumbnailUrl\":\"https:\/\/beautyinstitute.ee\/wp-content\/uploads\/2019\/01\/sleep-well.jpg\",\"datePublished\":\"2019-01-25T21:27:21+00:00\",\"dateModified\":\"2026-04-22T12:23:22+00:00\",\"breadcrumb\":{\"@id\":\"https:\/\/beautyinstitute.ee\/toode\/sleep-well\/#breadcrumb\"},\"inLanguage\":\"ru-RU\",\"potentialAction\":[{\"@type\":\"ReadAction\",\"target\":[\"https:\/\/beautyinstitute.ee\/toode\/sleep-well\/\"]}]},{\"@type\":\"ImageObject\",\"inLanguage\":\"ru-RU\",\"@id\":\"https:\/\/beautyinstitute.ee\/toode\/sleep-well\/#primaryimage\",\"url\":\"https:\/\/beautyinstitute.ee\/wp-content\/uploads\/2019\/01\/sleep-well.jpg\",\"contentUrl\":\"https:\/\/beautyinstitute.ee\/wp-content\/uploads\/2019\/01\/sleep-well.jpg\",\"width\":2480,\"height\":2333},{\"@type\":\"BreadcrumbList\",\"@id\":\"https:\/\/beautyinstitute.ee\/toode\/sleep-well\/#breadcrumb\",\"itemListElement\":[{\"@type\":\"ListItem\",\"position\":1,\"name\":\"Home\",\"item\":\"https:\/\/beautyinstitute.ee\/ru\/\"},{\"@type\":\"ListItem\",\"position\":2,\"name\":\"E-pood\",\"item\":\"https:\/\/beautyinstitute.ee\/e-pood\/\"},{\"@type\":\"ListItem\",\"position\":3,\"name\":\"Mop Sleep Well \u00d6\u00f6kreem 50Ml\"}]},{\"@type\":\"WebSite\",\"@id\":\"https:\/\/beautyinstitute.ee\/#website\",\"url\":\"https:\/\/beautyinstitute.ee\/\",\"name\":\"Beauty Institute\",\"description\":\"CNC Cosmetic ametlik maaletooja ja edasim\u00fc\u00fcja Eestis, Soomes, L\u00e4tis. Aparaadikosmeetika, koolitused, kosmeetikatooted.\",\"potentialAction\":[{\"@type\":\"SearchAction\",\"target\":{\"@type\":\"EntryPoint\",\"urlTemplate\":\"https:\/\/beautyinstitute.ee\/?s={search_term_string}\"},\"query-input\":{\"@type\":\"PropertyValueSpecification\",\"valueRequired\":true,\"valueName\":\"search_term_string\"}}],\"inLanguage\":\"ru-RU\"}]}<\/script>\n<!-- \/ Yoast SEO plugin. -->","yoast_head_json":{"title":"Mop Sleep Well \u00d6\u00f6kreem 50Ml - Beauty Institute","robots":{"index":"index","follow":"follow","max-snippet":"max-snippet:-1","max-image-preview":"max-image-preview:large","max-video-preview":"max-video-preview:-1"},"canonical":"https:\/\/beautyinstitute.ee\/toode\/sleep-well\/","og_locale":"ru_RU","og_type":"article","og_title":"Mop Sleep Well \u00d6\u00f6kreem 50Ml - Beauty Institute","og_description":"Intensiivselt niisutav vananemisvastane \u00f6\u00f6kreem n\u00f5udlikule, uuenemist vajavale nahale. V\u00e4\u00e4rtuslik p\u00e4rliekstrakt, looduslikud \u00f5lid, A-vitamiin ja rikkalikud oligosahhariidid on merelise p\u00e4ritoluga, mis siluvad meie nahka ja aitavad kaasa selle uuenemisele. Tulemuseks siledam nahk, millel on v\u00e4hem kortse ja n\u00e4o kontuurid on taastatud. Tooted on dermatoloogiliselt testitud ja on nahas\u00f5bralikud. Optimaalse tulemuse saavutamiseks kanna kreem puhastatud n\u00e4ole ja [&hellip;]","og_url":"https:\/\/beautyinstitute.ee\/toode\/sleep-well\/","og_site_name":"Beauty Institute","article_modified_time":"2026-04-22T12:23:22+00:00","og_image":[{"width":2480,"height":2333,"url":"https:\/\/beautyinstitute.ee\/wp-content\/uploads\/2019\/01\/sleep-well.jpg","type":"image\/jpeg"}],"twitter_card":"summary_large_image","twitter_site":"@Beauty_Eesti","twitter_misc":{"\u041f\u0440\u0438\u043c\u0435\u0440\u043d\u043e\u0435 \u0432\u0440\u0435\u043c\u044f \u0434\u043b\u044f \u0447\u0442\u0435\u043d\u0438\u044f":"1 \u043c\u0438\u043d\u0443\u0442\u0430"},"schema":{"@context":"https:\/\/schema.org","@graph":[{"@type":"WebPage","@id":"https:\/\/beautyinstitute.ee\/toode\/sleep-well\/","url":"https:\/\/beautyinstitute.ee\/toode\/sleep-well\/","name":"Mop Sleep Well \u00d6\u00f6kreem 50Ml - Beauty Institute","isPartOf":{"@id":"https:\/\/beautyinstitute.ee\/#website"},"primaryImageOfPage":{"@id":"https:\/\/beautyinstitute.ee\/toode\/sleep-well\/#primaryimage"},"image":{"@id":"https:\/\/beautyinstitute.ee\/toode\/sleep-well\/#primaryimage"},"thumbnailUrl":"https:\/\/beautyinstitute.ee\/wp-content\/uploads\/2019\/01\/sleep-well.jpg","datePublished":"2019-01-25T21:27:21+00:00","dateModified":"2026-04-22T12:23:22+00:00","breadcrumb":{"@id":"https:\/\/beautyinstitute.ee\/toode\/sleep-well\/#breadcrumb"},"inLanguage":"ru-RU","potentialAction":[{"@type":"ReadAction","target":["https:\/\/beautyinstitute.ee\/toode\/sleep-well\/"]}]},{"@type":"ImageObject","inLanguage":"ru-RU","@id":"https:\/\/beautyinstitute.ee\/toode\/sleep-well\/#primaryimage","url":"https:\/\/beautyinstitute.ee\/wp-content\/uploads\/2019\/01\/sleep-well.jpg","contentUrl":"https:\/\/beautyinstitute.ee\/wp-content\/uploads\/2019\/01\/sleep-well.jpg","width":2480,"height":2333},{"@type":"BreadcrumbList","@id":"https:\/\/beautyinstitute.ee\/toode\/sleep-well\/#breadcrumb","itemListElement":[{"@type":"ListItem","position":1,"name":"Home","item":"https:\/\/beautyinstitute.ee\/ru\/"},{"@type":"ListItem","position":2,"name":"E-pood","item":"https:\/\/beautyinstitute.ee\/e-pood\/"},{"@type":"ListItem","position":3,"name":"Mop Sleep Well \u00d6\u00f6kreem 50Ml"}]},{"@type":"WebSite","@id":"https:\/\/beautyinstitute.ee\/#website","url":"https:\/\/beautyinstitute.ee\/","name":"Beauty Institute","description":"CNC Cosmetic ametlik maaletooja ja edasim\u00fc\u00fcja Eestis, Soomes, L\u00e4tis. Aparaadikosmeetika, koolitused, kosmeetikatooted.","potentialAction":[{"@type":"SearchAction","target":{"@type":"EntryPoint","urlTemplate":"https:\/\/beautyinstitute.ee\/?s={search_term_string}"},"query-input":{"@type":"PropertyValueSpecification","valueRequired":true,"valueName":"search_term_string"}}],"inLanguage":"ru-RU"}]}},"_links":{"self":[{"href":"https:\/\/beautyinstitute.ee\/ru\/wp-json\/wp\/v2\/product\/3185","targetHints":{"allow":["GET"]}}],"collection":[{"href":"https:\/\/beautyinstitute.ee\/ru\/wp-json\/wp\/v2\/product"}],"about":[{"href":"https:\/\/beautyinstitute.ee\/ru\/wp-json\/wp\/v2\/types\/product"}],"wp:featuredmedia":[{"embeddable":true,"href":"https:\/\/beautyinstitute.ee\/ru\/wp-json\/wp\/v2\/media\/12129"}],"wp:attachment":[{"href":"https:\/\/beautyinstitute.ee\/ru\/wp-json\/wp\/v2\/media?parent=3185"}],"wp:term":[{"taxonomy":"product_cat","embeddable":true,"href":"https:\/\/beautyinstitute.ee\/ru\/wp-json\/wp\/v2\/product_cat?post=3185"},{"taxonomy":"product_tag","embeddable":true,"href":"https:\/\/beautyinstitute.ee\/ru\/wp-json\/wp\/v2\/product_tag?post=3185"}],"curies":[{"name":"wp","href":"https:\/\/api.w.org\/{rel}","templated":true}]}}