{"id":3188,"date":"2019-01-25T21:30:59","date_gmt":"2019-01-25T21:30:59","guid":{"rendered":"https:\/\/beautyinstitute.ee\/?post_type=product&#038;p=3188"},"modified":"2026-04-15T13:28:16","modified_gmt":"2026-04-15T10:28:16","slug":"keep-calm-relax","status":"publish","type":"product","link":"https:\/\/beautyinstitute.ee\/ru\/toode\/keep-calm-relax\/","title":{"rendered":"Mop Keep Calm &#038; Relax"},"content":{"rendered":"<p><strong>Rikkalikult niisutav t\u00f5stva efektiga kreemmask.<\/strong><\/p>\n<p>Ideaalne n\u00f5udlikule, uuenemist vajavale nahale. P\u00e4rliekstrakt, looduslikud \u00f5lid, A-vitamiin ja oligosahhariidid on merelise p\u00e4ritoluga, mis siluvad nahka ja aitavad kaasa selle uuenemisele. Taastab n\u00e4o kontuure. Tooted on dermatoloogiliselt testitud ja on nahas\u00f5bralikud.<\/p>\n<p>Kasutada 2x n\u00e4dalas. Kanna puhastatud n\u00e4ole ja kaelale (v\u00e4ltida silmade \u00fcmbrust) ja lase m\u00f5juda 15-20 minutit. Loputa leige veega v\u00f5i eemaldada niiskete svammidega.<\/p>\n<p><strong>Eelised:<\/strong><\/p>\n<ul>\n<li>n\u00e4okontuure t\u00f5stva efektiga<\/li>\n<li>toetab naha struktuuri arengut<\/li>\n<li>t\u00f6\u00f6tab vabade radikaalide vastu<\/li>\n<li>nahk n\u00e4ib siledam ja \u00fchtlasem<\/li>\n<\/ul>\n<p><strong>Sobilik:<\/strong> n\u00f5udlik nahk, mis vajab taastamist.<\/p>\n<p><strong>Toimeained:<\/strong> ekstrakt rohevetikast Ulva lactuca, pika- ja l\u00fchikese ahelaga h\u00fcaluroonhape, sahhariidid, sheav\u00f5i, p\u00e4rliekstrakt, A-vitamiini palmitaat.<\/p>\n","protected":false},"excerpt":{"rendered":"<p>Rikkalikult niisutav t\u00f5stva efektiga kreemmask. Ideaalne n\u00f5udlikule, uuenemist vajavale nahale. P\u00e4rliekstrakt, looduslikud \u00f5lid, A-vitamiin ja oligosahhariidid on merelise p\u00e4ritoluga, mis siluvad nahka ja aitavad kaasa selle uuenemisele. Taastab n\u00e4o kontuure. Tooted on dermatoloogiliselt testitud ja on nahas\u00f5bralikud. Kasutada 2x n\u00e4dalas. Kanna puhastatud n\u00e4ole ja kaelale (v\u00e4ltida silmade \u00fcmbrust) ja lase m\u00f5juda 15-20 minutit. Loputa leige [&hellip;]<\/p>\n","protected":false},"featured_media":12178,"template":"","meta":{"_acf_changed":false},"product_cat":[248,147,114,129],"product_tag":[],"class_list":["post-3188","product","type-product","status-publish","has-post-thumbnail","hentry","product_cat-maskid-2","product_cat-kreemmaskid","product_cat-tootesarjad","product_cat-moments-of-pearl"],"acf":[],"yoast_head":"<!-- This site is optimized with the Yoast SEO plugin v25.4 - https:\/\/yoast.com\/wordpress\/plugins\/seo\/ -->\n<title>Mop Keep Calm &amp; Relax - Beauty Institute<\/title>\n<meta name=\"robots\" content=\"index, follow, max-snippet:-1, max-image-preview:large, max-video-preview:-1\" \/>\n<link rel=\"canonical\" href=\"https:\/\/beautyinstitute.ee\/toode\/keep-calm-relax\/\" \/>\n<meta property=\"og:locale\" content=\"ru_RU\" \/>\n<meta property=\"og:type\" content=\"article\" \/>\n<meta property=\"og:title\" content=\"Mop Keep Calm &amp; Relax - Beauty Institute\" \/>\n<meta property=\"og:description\" content=\"Rikkalikult niisutav t\u00f5stva efektiga kreemmask. Ideaalne n\u00f5udlikule, uuenemist vajavale nahale. P\u00e4rliekstrakt, looduslikud \u00f5lid, A-vitamiin ja oligosahhariidid on merelise p\u00e4ritoluga, mis siluvad nahka ja aitavad kaasa selle uuenemisele. Taastab n\u00e4o kontuure. Tooted on dermatoloogiliselt testitud ja on nahas\u00f5bralikud. Kasutada 2x n\u00e4dalas. Kanna puhastatud n\u00e4ole ja kaelale (v\u00e4ltida silmade \u00fcmbrust) ja lase m\u00f5juda 15-20 minutit. Loputa leige [&hellip;]\" \/>\n<meta property=\"og:url\" content=\"https:\/\/beautyinstitute.ee\/toode\/keep-calm-relax\/\" \/>\n<meta property=\"og:site_name\" content=\"Beauty Institute\" \/>\n<meta property=\"article:modified_time\" content=\"2026-04-15T10:28:16+00:00\" \/>\n<meta property=\"og:image\" content=\"https:\/\/beautyinstitute.ee\/wp-content\/uploads\/2019\/01\/keep-calm-and-relax.jpg\" \/>\n\t<meta property=\"og:image:width\" content=\"2480\" \/>\n\t<meta property=\"og:image:height\" content=\"2333\" \/>\n\t<meta property=\"og:image:type\" content=\"image\/jpeg\" \/>\n<meta name=\"twitter:card\" content=\"summary_large_image\" \/>\n<meta name=\"twitter:site\" content=\"@Beauty_Eesti\" \/>\n<meta name=\"twitter:label1\" content=\"\u041f\u0440\u0438\u043c\u0435\u0440\u043d\u043e\u0435 \u0432\u0440\u0435\u043c\u044f \u0434\u043b\u044f \u0447\u0442\u0435\u043d\u0438\u044f\" \/>\n\t<meta name=\"twitter:data1\" content=\"1 \u043c\u0438\u043d\u0443\u0442\u0430\" \/>\n<script type=\"application\/ld+json\" class=\"yoast-schema-graph\">{\"@context\":\"https:\/\/schema.org\",\"@graph\":[{\"@type\":\"WebPage\",\"@id\":\"https:\/\/beautyinstitute.ee\/toode\/keep-calm-relax\/\",\"url\":\"https:\/\/beautyinstitute.ee\/toode\/keep-calm-relax\/\",\"name\":\"Mop Keep Calm & Relax - Beauty Institute\",\"isPartOf\":{\"@id\":\"https:\/\/beautyinstitute.ee\/#website\"},\"primaryImageOfPage\":{\"@id\":\"https:\/\/beautyinstitute.ee\/toode\/keep-calm-relax\/#primaryimage\"},\"image\":{\"@id\":\"https:\/\/beautyinstitute.ee\/toode\/keep-calm-relax\/#primaryimage\"},\"thumbnailUrl\":\"https:\/\/beautyinstitute.ee\/wp-content\/uploads\/2019\/01\/keep-calm-and-relax.jpg\",\"datePublished\":\"2019-01-25T21:30:59+00:00\",\"dateModified\":\"2026-04-15T10:28:16+00:00\",\"breadcrumb\":{\"@id\":\"https:\/\/beautyinstitute.ee\/toode\/keep-calm-relax\/#breadcrumb\"},\"inLanguage\":\"ru-RU\",\"potentialAction\":[{\"@type\":\"ReadAction\",\"target\":[\"https:\/\/beautyinstitute.ee\/toode\/keep-calm-relax\/\"]}]},{\"@type\":\"ImageObject\",\"inLanguage\":\"ru-RU\",\"@id\":\"https:\/\/beautyinstitute.ee\/toode\/keep-calm-relax\/#primaryimage\",\"url\":\"https:\/\/beautyinstitute.ee\/wp-content\/uploads\/2019\/01\/keep-calm-and-relax.jpg\",\"contentUrl\":\"https:\/\/beautyinstitute.ee\/wp-content\/uploads\/2019\/01\/keep-calm-and-relax.jpg\",\"width\":2480,\"height\":2333},{\"@type\":\"BreadcrumbList\",\"@id\":\"https:\/\/beautyinstitute.ee\/toode\/keep-calm-relax\/#breadcrumb\",\"itemListElement\":[{\"@type\":\"ListItem\",\"position\":1,\"name\":\"Home\",\"item\":\"https:\/\/beautyinstitute.ee\/ru\/\"},{\"@type\":\"ListItem\",\"position\":2,\"name\":\"E-pood\",\"item\":\"https:\/\/beautyinstitute.ee\/e-pood\/\"},{\"@type\":\"ListItem\",\"position\":3,\"name\":\"Mop Keep Calm &#038; Relax\"}]},{\"@type\":\"WebSite\",\"@id\":\"https:\/\/beautyinstitute.ee\/#website\",\"url\":\"https:\/\/beautyinstitute.ee\/\",\"name\":\"Beauty Institute\",\"description\":\"CNC Cosmetic ametlik maaletooja ja edasim\u00fc\u00fcja Eestis, Soomes, L\u00e4tis. Aparaadikosmeetika, koolitused, kosmeetikatooted.\",\"potentialAction\":[{\"@type\":\"SearchAction\",\"target\":{\"@type\":\"EntryPoint\",\"urlTemplate\":\"https:\/\/beautyinstitute.ee\/?s={search_term_string}\"},\"query-input\":{\"@type\":\"PropertyValueSpecification\",\"valueRequired\":true,\"valueName\":\"search_term_string\"}}],\"inLanguage\":\"ru-RU\"}]}<\/script>\n<!-- \/ Yoast SEO plugin. -->","yoast_head_json":{"title":"Mop Keep Calm & Relax - Beauty Institute","robots":{"index":"index","follow":"follow","max-snippet":"max-snippet:-1","max-image-preview":"max-image-preview:large","max-video-preview":"max-video-preview:-1"},"canonical":"https:\/\/beautyinstitute.ee\/toode\/keep-calm-relax\/","og_locale":"ru_RU","og_type":"article","og_title":"Mop Keep Calm & Relax - Beauty Institute","og_description":"Rikkalikult niisutav t\u00f5stva efektiga kreemmask. Ideaalne n\u00f5udlikule, uuenemist vajavale nahale. P\u00e4rliekstrakt, looduslikud \u00f5lid, A-vitamiin ja oligosahhariidid on merelise p\u00e4ritoluga, mis siluvad nahka ja aitavad kaasa selle uuenemisele. Taastab n\u00e4o kontuure. Tooted on dermatoloogiliselt testitud ja on nahas\u00f5bralikud. Kasutada 2x n\u00e4dalas. Kanna puhastatud n\u00e4ole ja kaelale (v\u00e4ltida silmade \u00fcmbrust) ja lase m\u00f5juda 15-20 minutit. Loputa leige [&hellip;]","og_url":"https:\/\/beautyinstitute.ee\/toode\/keep-calm-relax\/","og_site_name":"Beauty Institute","article_modified_time":"2026-04-15T10:28:16+00:00","og_image":[{"width":2480,"height":2333,"url":"https:\/\/beautyinstitute.ee\/wp-content\/uploads\/2019\/01\/keep-calm-and-relax.jpg","type":"image\/jpeg"}],"twitter_card":"summary_large_image","twitter_site":"@Beauty_Eesti","twitter_misc":{"\u041f\u0440\u0438\u043c\u0435\u0440\u043d\u043e\u0435 \u0432\u0440\u0435\u043c\u044f \u0434\u043b\u044f \u0447\u0442\u0435\u043d\u0438\u044f":"1 \u043c\u0438\u043d\u0443\u0442\u0430"},"schema":{"@context":"https:\/\/schema.org","@graph":[{"@type":"WebPage","@id":"https:\/\/beautyinstitute.ee\/toode\/keep-calm-relax\/","url":"https:\/\/beautyinstitute.ee\/toode\/keep-calm-relax\/","name":"Mop Keep Calm & Relax - Beauty Institute","isPartOf":{"@id":"https:\/\/beautyinstitute.ee\/#website"},"primaryImageOfPage":{"@id":"https:\/\/beautyinstitute.ee\/toode\/keep-calm-relax\/#primaryimage"},"image":{"@id":"https:\/\/beautyinstitute.ee\/toode\/keep-calm-relax\/#primaryimage"},"thumbnailUrl":"https:\/\/beautyinstitute.ee\/wp-content\/uploads\/2019\/01\/keep-calm-and-relax.jpg","datePublished":"2019-01-25T21:30:59+00:00","dateModified":"2026-04-15T10:28:16+00:00","breadcrumb":{"@id":"https:\/\/beautyinstitute.ee\/toode\/keep-calm-relax\/#breadcrumb"},"inLanguage":"ru-RU","potentialAction":[{"@type":"ReadAction","target":["https:\/\/beautyinstitute.ee\/toode\/keep-calm-relax\/"]}]},{"@type":"ImageObject","inLanguage":"ru-RU","@id":"https:\/\/beautyinstitute.ee\/toode\/keep-calm-relax\/#primaryimage","url":"https:\/\/beautyinstitute.ee\/wp-content\/uploads\/2019\/01\/keep-calm-and-relax.jpg","contentUrl":"https:\/\/beautyinstitute.ee\/wp-content\/uploads\/2019\/01\/keep-calm-and-relax.jpg","width":2480,"height":2333},{"@type":"BreadcrumbList","@id":"https:\/\/beautyinstitute.ee\/toode\/keep-calm-relax\/#breadcrumb","itemListElement":[{"@type":"ListItem","position":1,"name":"Home","item":"https:\/\/beautyinstitute.ee\/ru\/"},{"@type":"ListItem","position":2,"name":"E-pood","item":"https:\/\/beautyinstitute.ee\/e-pood\/"},{"@type":"ListItem","position":3,"name":"Mop Keep Calm &#038; Relax"}]},{"@type":"WebSite","@id":"https:\/\/beautyinstitute.ee\/#website","url":"https:\/\/beautyinstitute.ee\/","name":"Beauty Institute","description":"CNC Cosmetic ametlik maaletooja ja edasim\u00fc\u00fcja Eestis, Soomes, L\u00e4tis. Aparaadikosmeetika, koolitused, kosmeetikatooted.","potentialAction":[{"@type":"SearchAction","target":{"@type":"EntryPoint","urlTemplate":"https:\/\/beautyinstitute.ee\/?s={search_term_string}"},"query-input":{"@type":"PropertyValueSpecification","valueRequired":true,"valueName":"search_term_string"}}],"inLanguage":"ru-RU"}]}},"_links":{"self":[{"href":"https:\/\/beautyinstitute.ee\/ru\/wp-json\/wp\/v2\/product\/3188","targetHints":{"allow":["GET"]}}],"collection":[{"href":"https:\/\/beautyinstitute.ee\/ru\/wp-json\/wp\/v2\/product"}],"about":[{"href":"https:\/\/beautyinstitute.ee\/ru\/wp-json\/wp\/v2\/types\/product"}],"wp:featuredmedia":[{"embeddable":true,"href":"https:\/\/beautyinstitute.ee\/ru\/wp-json\/wp\/v2\/media\/12178"}],"wp:attachment":[{"href":"https:\/\/beautyinstitute.ee\/ru\/wp-json\/wp\/v2\/media?parent=3188"}],"wp:term":[{"taxonomy":"product_cat","embeddable":true,"href":"https:\/\/beautyinstitute.ee\/ru\/wp-json\/wp\/v2\/product_cat?post=3188"},{"taxonomy":"product_tag","embeddable":true,"href":"https:\/\/beautyinstitute.ee\/ru\/wp-json\/wp\/v2\/product_tag?post=3188"}],"curies":[{"name":"wp","href":"https:\/\/api.w.org\/{rel}","templated":true}]}}