{"id":3195,"date":"2019-01-25T21:37:24","date_gmt":"2019-01-25T19:37:24","guid":{"rendered":"https:\/\/beautyinstitute.ee\/?post_type=product&#038;p=3195"},"modified":"2026-04-27T15:40:52","modified_gmt":"2026-04-27T12:40:52","slug":"pearly-peel","status":"publish","type":"product","link":"https:\/\/beautyinstitute.ee\/ru\/toode\/pearly-peel\/","title":{"rendered":"Mop Pearly Peel"},"content":{"rendered":"<p><strong>\u00d5rn koorimiskreem, mis sisaldavad p\u00e4rli koorivaid osakesi.<\/strong><\/p>\n<p>Eemaldab \u00f5rnalt sarvestunud naha ja puhastab selle rasust. Makadaamia \u00f5li ja v\u00e4\u00e4rtuslik p\u00e4rli ekstrakt toidab nahka. Tooted on dermatoloogiliselt testitud ja on nahas\u00f5bralikud. Kasutada 1-2 korda n\u00e4dalas, kanna kreemi puhastatud n\u00e4onahale ja kaelale (v\u00e4ltides silmade piirkonda). Masseeri 2-3 minutit, loputa leige veega.<\/p>\n<p><strong>Eelised:<\/strong><\/p>\n<ul>\n<li>muudab naha sametiselt pehmeks ja elastseks<\/li>\n<li>puhastab ja niisutab<\/li>\n<li>\u00fchtlustab jumet<\/li>\n<\/ul>\n<p><strong>Sobilik:<\/strong> k\u00f5ikidele nahat\u00fc\u00fcpidele.<\/p>\n<p><strong>Toimeained:<\/strong> p\u00e4rliekstrakt, makadaamiap\u00e4hkli\u00f5li.<\/p>\n","protected":false},"excerpt":{"rendered":"<p>\u00d5rn koorimiskreem, mis sisaldavad p\u00e4rli koorivaid osakesi. Eemaldab \u00f5rnalt sarvestunud naha ja puhastab selle rasust. Makadaamia \u00f5li ja v\u00e4\u00e4rtuslik p\u00e4rli ekstrakt toidab nahka. Tooted on dermatoloogiliselt testitud ja on nahas\u00f5bralikud. Kasutada 1-2 korda n\u00e4dalas, kanna kreemi puhastatud n\u00e4onahale ja kaelale (v\u00e4ltides silmade piirkonda). Masseeri 2-3 minutit, loputa leige veega. Eelised: muudab naha sametiselt pehmeks ja [&hellip;]<\/p>\n","protected":false},"featured_media":12175,"template":"","meta":{"_acf_changed":false},"product_cat":[247,262,114,129],"product_tag":[],"class_list":["post-3195","product","type-product","status-publish","has-post-thumbnail","hentry","product_cat-koorijad","product_cat-teradega-koorijad","product_cat-tootesarjad","product_cat-moments-of-pearl"],"acf":[],"yoast_head":"<!-- This site is optimized with the Yoast SEO plugin v25.4 - https:\/\/yoast.com\/wordpress\/plugins\/seo\/ -->\n<title>Mop Pearly Peel - Beauty Institute<\/title>\n<meta name=\"robots\" content=\"index, follow, max-snippet:-1, max-image-preview:large, max-video-preview:-1\" \/>\n<link rel=\"canonical\" href=\"https:\/\/beautyinstitute.ee\/toode\/pearly-peel\/\" \/>\n<meta property=\"og:locale\" content=\"ru_RU\" \/>\n<meta property=\"og:type\" content=\"article\" \/>\n<meta property=\"og:title\" content=\"Mop Pearly Peel - Beauty Institute\" \/>\n<meta property=\"og:description\" content=\"\u00d5rn koorimiskreem, mis sisaldavad p\u00e4rli koorivaid osakesi. Eemaldab \u00f5rnalt sarvestunud naha ja puhastab selle rasust. Makadaamia \u00f5li ja v\u00e4\u00e4rtuslik p\u00e4rli ekstrakt toidab nahka. Tooted on dermatoloogiliselt testitud ja on nahas\u00f5bralikud. Kasutada 1-2 korda n\u00e4dalas, kanna kreemi puhastatud n\u00e4onahale ja kaelale (v\u00e4ltides silmade piirkonda). Masseeri 2-3 minutit, loputa leige veega. Eelised: muudab naha sametiselt pehmeks ja [&hellip;]\" \/>\n<meta property=\"og:url\" content=\"https:\/\/beautyinstitute.ee\/toode\/pearly-peel\/\" \/>\n<meta property=\"og:site_name\" content=\"Beauty Institute\" \/>\n<meta property=\"article:modified_time\" content=\"2026-04-27T12:40:52+00:00\" \/>\n<meta property=\"og:image\" content=\"https:\/\/beautyinstitute.ee\/wp-content\/uploads\/2019\/01\/pearly-peel.jpg\" \/>\n\t<meta property=\"og:image:width\" content=\"2480\" \/>\n\t<meta property=\"og:image:height\" content=\"2333\" \/>\n\t<meta property=\"og:image:type\" content=\"image\/jpeg\" \/>\n<meta name=\"twitter:card\" content=\"summary_large_image\" \/>\n<meta name=\"twitter:site\" content=\"@Beauty_Eesti\" \/>\n<meta name=\"twitter:label1\" content=\"\u041f\u0440\u0438\u043c\u0435\u0440\u043d\u043e\u0435 \u0432\u0440\u0435\u043c\u044f \u0434\u043b\u044f \u0447\u0442\u0435\u043d\u0438\u044f\" \/>\n\t<meta name=\"twitter:data1\" content=\"1 \u043c\u0438\u043d\u0443\u0442\u0430\" \/>\n<script type=\"application\/ld+json\" class=\"yoast-schema-graph\">{\"@context\":\"https:\/\/schema.org\",\"@graph\":[{\"@type\":\"WebPage\",\"@id\":\"https:\/\/beautyinstitute.ee\/toode\/pearly-peel\/\",\"url\":\"https:\/\/beautyinstitute.ee\/toode\/pearly-peel\/\",\"name\":\"Mop Pearly Peel - Beauty Institute\",\"isPartOf\":{\"@id\":\"https:\/\/beautyinstitute.ee\/#website\"},\"primaryImageOfPage\":{\"@id\":\"https:\/\/beautyinstitute.ee\/toode\/pearly-peel\/#primaryimage\"},\"image\":{\"@id\":\"https:\/\/beautyinstitute.ee\/toode\/pearly-peel\/#primaryimage\"},\"thumbnailUrl\":\"https:\/\/beautyinstitute.ee\/wp-content\/uploads\/2019\/01\/pearly-peel.jpg\",\"datePublished\":\"2019-01-25T19:37:24+00:00\",\"dateModified\":\"2026-04-27T12:40:52+00:00\",\"breadcrumb\":{\"@id\":\"https:\/\/beautyinstitute.ee\/toode\/pearly-peel\/#breadcrumb\"},\"inLanguage\":\"ru-RU\",\"potentialAction\":[{\"@type\":\"ReadAction\",\"target\":[\"https:\/\/beautyinstitute.ee\/toode\/pearly-peel\/\"]}]},{\"@type\":\"ImageObject\",\"inLanguage\":\"ru-RU\",\"@id\":\"https:\/\/beautyinstitute.ee\/toode\/pearly-peel\/#primaryimage\",\"url\":\"https:\/\/beautyinstitute.ee\/wp-content\/uploads\/2019\/01\/pearly-peel.jpg\",\"contentUrl\":\"https:\/\/beautyinstitute.ee\/wp-content\/uploads\/2019\/01\/pearly-peel.jpg\",\"width\":2480,\"height\":2333},{\"@type\":\"BreadcrumbList\",\"@id\":\"https:\/\/beautyinstitute.ee\/toode\/pearly-peel\/#breadcrumb\",\"itemListElement\":[{\"@type\":\"ListItem\",\"position\":1,\"name\":\"Home\",\"item\":\"https:\/\/beautyinstitute.ee\/ru\/\"},{\"@type\":\"ListItem\",\"position\":2,\"name\":\"E-pood\",\"item\":\"https:\/\/beautyinstitute.ee\/e-pood\/\"},{\"@type\":\"ListItem\",\"position\":3,\"name\":\"Mop Pearly Peel\"}]},{\"@type\":\"WebSite\",\"@id\":\"https:\/\/beautyinstitute.ee\/#website\",\"url\":\"https:\/\/beautyinstitute.ee\/\",\"name\":\"Beauty Institute\",\"description\":\"CNC Cosmetic ametlik maaletooja ja edasim\u00fc\u00fcja Eestis, Soomes, L\u00e4tis. Aparaadikosmeetika, koolitused, kosmeetikatooted.\",\"potentialAction\":[{\"@type\":\"SearchAction\",\"target\":{\"@type\":\"EntryPoint\",\"urlTemplate\":\"https:\/\/beautyinstitute.ee\/?s={search_term_string}\"},\"query-input\":{\"@type\":\"PropertyValueSpecification\",\"valueRequired\":true,\"valueName\":\"search_term_string\"}}],\"inLanguage\":\"ru-RU\"}]}<\/script>\n<!-- \/ Yoast SEO plugin. -->","yoast_head_json":{"title":"Mop Pearly Peel - Beauty Institute","robots":{"index":"index","follow":"follow","max-snippet":"max-snippet:-1","max-image-preview":"max-image-preview:large","max-video-preview":"max-video-preview:-1"},"canonical":"https:\/\/beautyinstitute.ee\/toode\/pearly-peel\/","og_locale":"ru_RU","og_type":"article","og_title":"Mop Pearly Peel - Beauty Institute","og_description":"\u00d5rn koorimiskreem, mis sisaldavad p\u00e4rli koorivaid osakesi. Eemaldab \u00f5rnalt sarvestunud naha ja puhastab selle rasust. Makadaamia \u00f5li ja v\u00e4\u00e4rtuslik p\u00e4rli ekstrakt toidab nahka. Tooted on dermatoloogiliselt testitud ja on nahas\u00f5bralikud. Kasutada 1-2 korda n\u00e4dalas, kanna kreemi puhastatud n\u00e4onahale ja kaelale (v\u00e4ltides silmade piirkonda). Masseeri 2-3 minutit, loputa leige veega. Eelised: muudab naha sametiselt pehmeks ja [&hellip;]","og_url":"https:\/\/beautyinstitute.ee\/toode\/pearly-peel\/","og_site_name":"Beauty Institute","article_modified_time":"2026-04-27T12:40:52+00:00","og_image":[{"width":2480,"height":2333,"url":"https:\/\/beautyinstitute.ee\/wp-content\/uploads\/2019\/01\/pearly-peel.jpg","type":"image\/jpeg"}],"twitter_card":"summary_large_image","twitter_site":"@Beauty_Eesti","twitter_misc":{"\u041f\u0440\u0438\u043c\u0435\u0440\u043d\u043e\u0435 \u0432\u0440\u0435\u043c\u044f \u0434\u043b\u044f \u0447\u0442\u0435\u043d\u0438\u044f":"1 \u043c\u0438\u043d\u0443\u0442\u0430"},"schema":{"@context":"https:\/\/schema.org","@graph":[{"@type":"WebPage","@id":"https:\/\/beautyinstitute.ee\/toode\/pearly-peel\/","url":"https:\/\/beautyinstitute.ee\/toode\/pearly-peel\/","name":"Mop Pearly Peel - Beauty Institute","isPartOf":{"@id":"https:\/\/beautyinstitute.ee\/#website"},"primaryImageOfPage":{"@id":"https:\/\/beautyinstitute.ee\/toode\/pearly-peel\/#primaryimage"},"image":{"@id":"https:\/\/beautyinstitute.ee\/toode\/pearly-peel\/#primaryimage"},"thumbnailUrl":"https:\/\/beautyinstitute.ee\/wp-content\/uploads\/2019\/01\/pearly-peel.jpg","datePublished":"2019-01-25T19:37:24+00:00","dateModified":"2026-04-27T12:40:52+00:00","breadcrumb":{"@id":"https:\/\/beautyinstitute.ee\/toode\/pearly-peel\/#breadcrumb"},"inLanguage":"ru-RU","potentialAction":[{"@type":"ReadAction","target":["https:\/\/beautyinstitute.ee\/toode\/pearly-peel\/"]}]},{"@type":"ImageObject","inLanguage":"ru-RU","@id":"https:\/\/beautyinstitute.ee\/toode\/pearly-peel\/#primaryimage","url":"https:\/\/beautyinstitute.ee\/wp-content\/uploads\/2019\/01\/pearly-peel.jpg","contentUrl":"https:\/\/beautyinstitute.ee\/wp-content\/uploads\/2019\/01\/pearly-peel.jpg","width":2480,"height":2333},{"@type":"BreadcrumbList","@id":"https:\/\/beautyinstitute.ee\/toode\/pearly-peel\/#breadcrumb","itemListElement":[{"@type":"ListItem","position":1,"name":"Home","item":"https:\/\/beautyinstitute.ee\/ru\/"},{"@type":"ListItem","position":2,"name":"E-pood","item":"https:\/\/beautyinstitute.ee\/e-pood\/"},{"@type":"ListItem","position":3,"name":"Mop Pearly Peel"}]},{"@type":"WebSite","@id":"https:\/\/beautyinstitute.ee\/#website","url":"https:\/\/beautyinstitute.ee\/","name":"Beauty Institute","description":"CNC Cosmetic ametlik maaletooja ja edasim\u00fc\u00fcja Eestis, Soomes, L\u00e4tis. Aparaadikosmeetika, koolitused, kosmeetikatooted.","potentialAction":[{"@type":"SearchAction","target":{"@type":"EntryPoint","urlTemplate":"https:\/\/beautyinstitute.ee\/?s={search_term_string}"},"query-input":{"@type":"PropertyValueSpecification","valueRequired":true,"valueName":"search_term_string"}}],"inLanguage":"ru-RU"}]}},"_links":{"self":[{"href":"https:\/\/beautyinstitute.ee\/ru\/wp-json\/wp\/v2\/product\/3195","targetHints":{"allow":["GET"]}}],"collection":[{"href":"https:\/\/beautyinstitute.ee\/ru\/wp-json\/wp\/v2\/product"}],"about":[{"href":"https:\/\/beautyinstitute.ee\/ru\/wp-json\/wp\/v2\/types\/product"}],"wp:featuredmedia":[{"embeddable":true,"href":"https:\/\/beautyinstitute.ee\/ru\/wp-json\/wp\/v2\/media\/12175"}],"wp:attachment":[{"href":"https:\/\/beautyinstitute.ee\/ru\/wp-json\/wp\/v2\/media?parent=3195"}],"wp:term":[{"taxonomy":"product_cat","embeddable":true,"href":"https:\/\/beautyinstitute.ee\/ru\/wp-json\/wp\/v2\/product_cat?post=3195"},{"taxonomy":"product_tag","embeddable":true,"href":"https:\/\/beautyinstitute.ee\/ru\/wp-json\/wp\/v2\/product_tag?post=3195"}],"curies":[{"name":"wp","href":"https:\/\/api.w.org\/{rel}","templated":true}]}}