{"id":32006,"date":"2024-12-17T11:24:44","date_gmt":"2024-12-17T09:24:44","guid":{"rendered":"https:\/\/beautyinstitute.ee\/?post_type=product&#038;p=32006"},"modified":"2026-02-19T14:21:56","modified_gmt":"2026-02-19T12:21:56","slug":"mask-rasusele-ja-kombineeritud-nahale-150-ml","status":"publish","type":"product","link":"https:\/\/beautyinstitute.ee\/ru\/toode\/mask-rasusele-ja-kombineeritud-nahale-150-ml\/","title":{"rendered":"Mask Rasusele Ja Kombineeritud Nahale 150 Ml"},"content":{"rendered":"<p>Probleemid ebapuhta naha ja liigse rasutootmisega?<\/p>\n<p>Kaoliin on matistava toimega ja imab liigset rasu.<\/p>\n<p>Titaandioksiid ja tsinkoksiid parandavad jume ja muudavad naha s\u00e4ravaks. Erinevatel taimeekstraktidel on puhastavad omadused. Salits\u00fc\u00fclhape soodustab surnud naharakkude eemaldamist ja v\u00e4hendab ja ennetab ummistusi (ntks komedoonid) .<\/p>\n<p>&nbsp;<\/p>\n<p>Kasutamine: Kandke \u00fchtlane kiht puhastatud nahale. V\u00f5ib kasutada ka lokaalselt ebapuhaste piirkondade puhul (v\u00e4ltige silma\u00fcmbruse piirkonda). J\u00e4tke mask m\u00f5juma 10 minutiks ja eemaldada niiske svammiga.<\/p>\n","protected":false},"excerpt":{"rendered":"<p>Probleemid ebapuhta naha ja liigse rasutootmisega? Kaoliin on matistava toimega ja imab liigset rasu. Titaandioksiid ja tsinkoksiid parandavad jume ja muudavad naha s\u00e4ravaks. Erinevatel taimeekstraktidel on puhastavad omadused. Salits\u00fc\u00fclhape soodustab surnud naharakkude eemaldamist ja v\u00e4hendab ja ennetab ummistusi (ntks komedoonid) . &nbsp; Kasutamine: Kandke \u00fchtlane kiht puhastatud nahale. V\u00f5ib kasutada ka lokaalselt ebapuhaste piirkondade puhul [&hellip;]<\/p>\n","protected":false},"featured_media":32007,"template":"","meta":{"_acf_changed":false},"product_cat":[291,248,147],"product_tag":[],"class_list":["post-32006","product","type-product","status-publish","has-post-thumbnail","hentry","product_cat-baehr-cosmetic","product_cat-maskid-2","product_cat-kreemmaskid"],"acf":[],"yoast_head":"<!-- This site is optimized with the Yoast SEO plugin v25.4 - https:\/\/yoast.com\/wordpress\/plugins\/seo\/ -->\n<title>Mask Rasusele Ja Kombineeritud Nahale 150 Ml - Beauty Institute<\/title>\n<meta name=\"robots\" content=\"index, follow, max-snippet:-1, max-image-preview:large, max-video-preview:-1\" \/>\n<link rel=\"canonical\" href=\"https:\/\/beautyinstitute.ee\/toode\/mask-rasusele-ja-kombineeritud-nahale-150-ml\/\" \/>\n<meta property=\"og:locale\" content=\"ru_RU\" \/>\n<meta property=\"og:type\" content=\"article\" \/>\n<meta property=\"og:title\" content=\"Mask Rasusele Ja Kombineeritud Nahale 150 Ml - Beauty Institute\" \/>\n<meta property=\"og:description\" content=\"Probleemid ebapuhta naha ja liigse rasutootmisega? Kaoliin on matistava toimega ja imab liigset rasu. Titaandioksiid ja tsinkoksiid parandavad jume ja muudavad naha s\u00e4ravaks. Erinevatel taimeekstraktidel on puhastavad omadused. Salits\u00fc\u00fclhape soodustab surnud naharakkude eemaldamist ja v\u00e4hendab ja ennetab ummistusi (ntks komedoonid) . &nbsp; Kasutamine: Kandke \u00fchtlane kiht puhastatud nahale. V\u00f5ib kasutada ka lokaalselt ebapuhaste piirkondade puhul [&hellip;]\" \/>\n<meta property=\"og:url\" content=\"https:\/\/beautyinstitute.ee\/toode\/mask-rasusele-ja-kombineeritud-nahale-150-ml\/\" \/>\n<meta property=\"og:site_name\" content=\"Beauty Institute\" \/>\n<meta property=\"article:modified_time\" content=\"2026-02-19T12:21:56+00:00\" \/>\n<meta property=\"og:image\" content=\"https:\/\/beautyinstitute.ee\/wp-content\/uploads\/2024\/12\/maske-fettige-und-mischhaut_25122_800x800.webp\" \/>\n\t<meta property=\"og:image:width\" content=\"800\" \/>\n\t<meta property=\"og:image:height\" content=\"800\" \/>\n\t<meta property=\"og:image:type\" content=\"image\/webp\" \/>\n<meta name=\"twitter:card\" content=\"summary_large_image\" \/>\n<meta name=\"twitter:site\" content=\"@Beauty_Eesti\" \/>\n<meta name=\"twitter:label1\" content=\"\u041f\u0440\u0438\u043c\u0435\u0440\u043d\u043e\u0435 \u0432\u0440\u0435\u043c\u044f \u0434\u043b\u044f \u0447\u0442\u0435\u043d\u0438\u044f\" \/>\n\t<meta name=\"twitter:data1\" content=\"1 \u043c\u0438\u043d\u0443\u0442\u0430\" \/>\n<script type=\"application\/ld+json\" class=\"yoast-schema-graph\">{\"@context\":\"https:\/\/schema.org\",\"@graph\":[{\"@type\":\"WebPage\",\"@id\":\"https:\/\/beautyinstitute.ee\/toode\/mask-rasusele-ja-kombineeritud-nahale-150-ml\/\",\"url\":\"https:\/\/beautyinstitute.ee\/toode\/mask-rasusele-ja-kombineeritud-nahale-150-ml\/\",\"name\":\"Mask Rasusele Ja Kombineeritud Nahale 150 Ml - Beauty Institute\",\"isPartOf\":{\"@id\":\"https:\/\/beautyinstitute.ee\/#website\"},\"primaryImageOfPage\":{\"@id\":\"https:\/\/beautyinstitute.ee\/toode\/mask-rasusele-ja-kombineeritud-nahale-150-ml\/#primaryimage\"},\"image\":{\"@id\":\"https:\/\/beautyinstitute.ee\/toode\/mask-rasusele-ja-kombineeritud-nahale-150-ml\/#primaryimage\"},\"thumbnailUrl\":\"https:\/\/beautyinstitute.ee\/wp-content\/uploads\/2024\/12\/maske-fettige-und-mischhaut_25122_800x800.webp\",\"datePublished\":\"2024-12-17T09:24:44+00:00\",\"dateModified\":\"2026-02-19T12:21:56+00:00\",\"breadcrumb\":{\"@id\":\"https:\/\/beautyinstitute.ee\/toode\/mask-rasusele-ja-kombineeritud-nahale-150-ml\/#breadcrumb\"},\"inLanguage\":\"ru-RU\",\"potentialAction\":[{\"@type\":\"ReadAction\",\"target\":[\"https:\/\/beautyinstitute.ee\/toode\/mask-rasusele-ja-kombineeritud-nahale-150-ml\/\"]}]},{\"@type\":\"ImageObject\",\"inLanguage\":\"ru-RU\",\"@id\":\"https:\/\/beautyinstitute.ee\/toode\/mask-rasusele-ja-kombineeritud-nahale-150-ml\/#primaryimage\",\"url\":\"https:\/\/beautyinstitute.ee\/wp-content\/uploads\/2024\/12\/maske-fettige-und-mischhaut_25122_800x800.webp\",\"contentUrl\":\"https:\/\/beautyinstitute.ee\/wp-content\/uploads\/2024\/12\/maske-fettige-und-mischhaut_25122_800x800.webp\",\"width\":800,\"height\":800},{\"@type\":\"BreadcrumbList\",\"@id\":\"https:\/\/beautyinstitute.ee\/toode\/mask-rasusele-ja-kombineeritud-nahale-150-ml\/#breadcrumb\",\"itemListElement\":[{\"@type\":\"ListItem\",\"position\":1,\"name\":\"Home\",\"item\":\"https:\/\/beautyinstitute.ee\/ru\/\"},{\"@type\":\"ListItem\",\"position\":2,\"name\":\"E-pood\",\"item\":\"https:\/\/beautyinstitute.ee\/e-pood\/\"},{\"@type\":\"ListItem\",\"position\":3,\"name\":\"Mask Rasusele Ja Kombineeritud Nahale 150 Ml\"}]},{\"@type\":\"WebSite\",\"@id\":\"https:\/\/beautyinstitute.ee\/#website\",\"url\":\"https:\/\/beautyinstitute.ee\/\",\"name\":\"Beauty Institute\",\"description\":\"CNC Cosmetic ametlik maaletooja ja edasim\u00fc\u00fcja Eestis, Soomes, L\u00e4tis. Aparaadikosmeetika, koolitused, kosmeetikatooted.\",\"potentialAction\":[{\"@type\":\"SearchAction\",\"target\":{\"@type\":\"EntryPoint\",\"urlTemplate\":\"https:\/\/beautyinstitute.ee\/?s={search_term_string}\"},\"query-input\":{\"@type\":\"PropertyValueSpecification\",\"valueRequired\":true,\"valueName\":\"search_term_string\"}}],\"inLanguage\":\"ru-RU\"}]}<\/script>\n<!-- \/ Yoast SEO plugin. -->","yoast_head_json":{"title":"Mask Rasusele Ja Kombineeritud Nahale 150 Ml - Beauty Institute","robots":{"index":"index","follow":"follow","max-snippet":"max-snippet:-1","max-image-preview":"max-image-preview:large","max-video-preview":"max-video-preview:-1"},"canonical":"https:\/\/beautyinstitute.ee\/toode\/mask-rasusele-ja-kombineeritud-nahale-150-ml\/","og_locale":"ru_RU","og_type":"article","og_title":"Mask Rasusele Ja Kombineeritud Nahale 150 Ml - Beauty Institute","og_description":"Probleemid ebapuhta naha ja liigse rasutootmisega? Kaoliin on matistava toimega ja imab liigset rasu. Titaandioksiid ja tsinkoksiid parandavad jume ja muudavad naha s\u00e4ravaks. Erinevatel taimeekstraktidel on puhastavad omadused. Salits\u00fc\u00fclhape soodustab surnud naharakkude eemaldamist ja v\u00e4hendab ja ennetab ummistusi (ntks komedoonid) . &nbsp; Kasutamine: Kandke \u00fchtlane kiht puhastatud nahale. V\u00f5ib kasutada ka lokaalselt ebapuhaste piirkondade puhul [&hellip;]","og_url":"https:\/\/beautyinstitute.ee\/toode\/mask-rasusele-ja-kombineeritud-nahale-150-ml\/","og_site_name":"Beauty Institute","article_modified_time":"2026-02-19T12:21:56+00:00","og_image":[{"width":800,"height":800,"url":"https:\/\/beautyinstitute.ee\/wp-content\/uploads\/2024\/12\/maske-fettige-und-mischhaut_25122_800x800.webp","type":"image\/webp"}],"twitter_card":"summary_large_image","twitter_site":"@Beauty_Eesti","twitter_misc":{"\u041f\u0440\u0438\u043c\u0435\u0440\u043d\u043e\u0435 \u0432\u0440\u0435\u043c\u044f \u0434\u043b\u044f \u0447\u0442\u0435\u043d\u0438\u044f":"1 \u043c\u0438\u043d\u0443\u0442\u0430"},"schema":{"@context":"https:\/\/schema.org","@graph":[{"@type":"WebPage","@id":"https:\/\/beautyinstitute.ee\/toode\/mask-rasusele-ja-kombineeritud-nahale-150-ml\/","url":"https:\/\/beautyinstitute.ee\/toode\/mask-rasusele-ja-kombineeritud-nahale-150-ml\/","name":"Mask Rasusele Ja Kombineeritud Nahale 150 Ml - Beauty Institute","isPartOf":{"@id":"https:\/\/beautyinstitute.ee\/#website"},"primaryImageOfPage":{"@id":"https:\/\/beautyinstitute.ee\/toode\/mask-rasusele-ja-kombineeritud-nahale-150-ml\/#primaryimage"},"image":{"@id":"https:\/\/beautyinstitute.ee\/toode\/mask-rasusele-ja-kombineeritud-nahale-150-ml\/#primaryimage"},"thumbnailUrl":"https:\/\/beautyinstitute.ee\/wp-content\/uploads\/2024\/12\/maske-fettige-und-mischhaut_25122_800x800.webp","datePublished":"2024-12-17T09:24:44+00:00","dateModified":"2026-02-19T12:21:56+00:00","breadcrumb":{"@id":"https:\/\/beautyinstitute.ee\/toode\/mask-rasusele-ja-kombineeritud-nahale-150-ml\/#breadcrumb"},"inLanguage":"ru-RU","potentialAction":[{"@type":"ReadAction","target":["https:\/\/beautyinstitute.ee\/toode\/mask-rasusele-ja-kombineeritud-nahale-150-ml\/"]}]},{"@type":"ImageObject","inLanguage":"ru-RU","@id":"https:\/\/beautyinstitute.ee\/toode\/mask-rasusele-ja-kombineeritud-nahale-150-ml\/#primaryimage","url":"https:\/\/beautyinstitute.ee\/wp-content\/uploads\/2024\/12\/maske-fettige-und-mischhaut_25122_800x800.webp","contentUrl":"https:\/\/beautyinstitute.ee\/wp-content\/uploads\/2024\/12\/maske-fettige-und-mischhaut_25122_800x800.webp","width":800,"height":800},{"@type":"BreadcrumbList","@id":"https:\/\/beautyinstitute.ee\/toode\/mask-rasusele-ja-kombineeritud-nahale-150-ml\/#breadcrumb","itemListElement":[{"@type":"ListItem","position":1,"name":"Home","item":"https:\/\/beautyinstitute.ee\/ru\/"},{"@type":"ListItem","position":2,"name":"E-pood","item":"https:\/\/beautyinstitute.ee\/e-pood\/"},{"@type":"ListItem","position":3,"name":"Mask Rasusele Ja Kombineeritud Nahale 150 Ml"}]},{"@type":"WebSite","@id":"https:\/\/beautyinstitute.ee\/#website","url":"https:\/\/beautyinstitute.ee\/","name":"Beauty Institute","description":"CNC Cosmetic ametlik maaletooja ja edasim\u00fc\u00fcja Eestis, Soomes, L\u00e4tis. Aparaadikosmeetika, koolitused, kosmeetikatooted.","potentialAction":[{"@type":"SearchAction","target":{"@type":"EntryPoint","urlTemplate":"https:\/\/beautyinstitute.ee\/?s={search_term_string}"},"query-input":{"@type":"PropertyValueSpecification","valueRequired":true,"valueName":"search_term_string"}}],"inLanguage":"ru-RU"}]}},"_links":{"self":[{"href":"https:\/\/beautyinstitute.ee\/ru\/wp-json\/wp\/v2\/product\/32006","targetHints":{"allow":["GET"]}}],"collection":[{"href":"https:\/\/beautyinstitute.ee\/ru\/wp-json\/wp\/v2\/product"}],"about":[{"href":"https:\/\/beautyinstitute.ee\/ru\/wp-json\/wp\/v2\/types\/product"}],"wp:featuredmedia":[{"embeddable":true,"href":"https:\/\/beautyinstitute.ee\/ru\/wp-json\/wp\/v2\/media\/32007"}],"wp:attachment":[{"href":"https:\/\/beautyinstitute.ee\/ru\/wp-json\/wp\/v2\/media?parent=32006"}],"wp:term":[{"taxonomy":"product_cat","embeddable":true,"href":"https:\/\/beautyinstitute.ee\/ru\/wp-json\/wp\/v2\/product_cat?post=32006"},{"taxonomy":"product_tag","embeddable":true,"href":"https:\/\/beautyinstitute.ee\/ru\/wp-json\/wp\/v2\/product_tag?post=32006"}],"curies":[{"name":"wp","href":"https:\/\/api.w.org\/{rel}","templated":true}]}}