{"id":3207,"date":"2019-01-25T21:51:33","date_gmt":"2019-01-25T21:51:33","guid":{"rendered":"https:\/\/beautyinstitute.ee\/?post_type=product&#038;p=3207"},"modified":"2026-04-28T12:56:48","modified_gmt":"2026-04-28T09:56:48","slug":"stay-fresh","status":"publish","type":"product","link":"https:\/\/beautyinstitute.ee\/ru\/toode\/stay-fresh\/","title":{"rendered":"Mop Stay Fresh"},"content":{"rendered":"<p><strong>Intensiivselt toitev kreem, mis varustab nahka niiskusega 24 tundi.<\/strong><\/p>\n<p>Sisaldab v\u00e4\u00e4rtuslikke looduslikke \u00f5lisid ja uuenduslike aktiivainete komplekse (h\u00fcaluroonhapet, vetikaekstrakti ja p\u00e4rliekstrakti). Toode on spetsiaalselt v\u00e4lja t\u00f6\u00f6tatud deh\u00fcdreerunud nahale kuid sobib ka kombineeritud ja rasusele nahale. Toode on dermatoloogiliselt testitud on nahas\u00f5bralik. Optimaalse tulemuse saavutamiseks kanna kreem puhastatud n\u00e4ole ja kaelale hommikul ja \u00f5htul.<\/p>\n<p><strong>Eelised:<\/strong><\/p>\n<ul>\n<li>tugevdab naha kaitsekihti, kaitseb v\u00e4lism\u00f5jude eest: UV-valgus, mikroobid v\u00f5i saasteained<\/li>\n<li>ergutab rakkude ainevahetust<\/li>\n<li>nahk on niisutatud<\/li>\n<\/ul>\n<p><strong>Sobilik:<\/strong> v\u00e4hese niiskusega, kombineeritud v\u00f5i rasune nahk.<\/p>\n<p><strong>Toimeained:<\/strong> karrageen, pika- ja l\u00fchikese ahelaga h\u00fcaluroonhape, bisabolool, allantoiin, makadaamiap\u00e4hkli\u00f5li, skvalaan, p\u00e4rliekstrakt, h\u00f5lmikpuu ekstrakt.<\/p>\n<p>&nbsp;<\/p>\n","protected":false},"excerpt":{"rendered":"<p>Intensiivselt toitev kreem, mis varustab nahka niiskusega 24 tundi. Sisaldab v\u00e4\u00e4rtuslikke looduslikke \u00f5lisid ja uuenduslike aktiivainete komplekse (h\u00fcaluroonhapet, vetikaekstrakti ja p\u00e4rliekstrakti). Toode on spetsiaalselt v\u00e4lja t\u00f6\u00f6tatud deh\u00fcdreerunud nahale kuid sobib ka kombineeritud ja rasusele nahale. Toode on dermatoloogiliselt testitud on nahas\u00f5bralik. Optimaalse tulemuse saavutamiseks kanna kreem puhastatud n\u00e4ole ja kaelale hommikul ja \u00f5htul. Eelised: tugevdab [&hellip;]<\/p>\n","protected":false},"featured_media":12172,"template":"","meta":{"_acf_changed":false},"product_cat":[250,114,129],"product_tag":[],"class_list":["post-3207","product","type-product","status-publish","has-post-thumbnail","hentry","product_cat-naokreemid","product_cat-tootesarjad","product_cat-moments-of-pearl"],"acf":[],"yoast_head":"<!-- This site is optimized with the Yoast SEO plugin v25.4 - https:\/\/yoast.com\/wordpress\/plugins\/seo\/ -->\n<title>Mop Stay Fresh - Beauty Institute<\/title>\n<meta name=\"robots\" content=\"index, follow, max-snippet:-1, max-image-preview:large, max-video-preview:-1\" \/>\n<link rel=\"canonical\" href=\"https:\/\/beautyinstitute.ee\/toode\/stay-fresh\/\" \/>\n<meta property=\"og:locale\" content=\"ru_RU\" \/>\n<meta property=\"og:type\" content=\"article\" \/>\n<meta property=\"og:title\" content=\"Mop Stay Fresh - Beauty Institute\" \/>\n<meta property=\"og:description\" content=\"Intensiivselt toitev kreem, mis varustab nahka niiskusega 24 tundi. Sisaldab v\u00e4\u00e4rtuslikke looduslikke \u00f5lisid ja uuenduslike aktiivainete komplekse (h\u00fcaluroonhapet, vetikaekstrakti ja p\u00e4rliekstrakti). Toode on spetsiaalselt v\u00e4lja t\u00f6\u00f6tatud deh\u00fcdreerunud nahale kuid sobib ka kombineeritud ja rasusele nahale. Toode on dermatoloogiliselt testitud on nahas\u00f5bralik. Optimaalse tulemuse saavutamiseks kanna kreem puhastatud n\u00e4ole ja kaelale hommikul ja \u00f5htul. Eelised: tugevdab [&hellip;]\" \/>\n<meta property=\"og:url\" content=\"https:\/\/beautyinstitute.ee\/toode\/stay-fresh\/\" \/>\n<meta property=\"og:site_name\" content=\"Beauty Institute\" \/>\n<meta property=\"article:modified_time\" content=\"2026-04-28T09:56:48+00:00\" \/>\n<meta property=\"og:image\" content=\"https:\/\/beautyinstitute.ee\/wp-content\/uploads\/2019\/01\/stay-fresh.jpg\" \/>\n\t<meta property=\"og:image:width\" content=\"2480\" \/>\n\t<meta property=\"og:image:height\" content=\"2333\" \/>\n\t<meta property=\"og:image:type\" content=\"image\/jpeg\" \/>\n<meta name=\"twitter:card\" content=\"summary_large_image\" \/>\n<meta name=\"twitter:site\" content=\"@Beauty_Eesti\" \/>\n<meta name=\"twitter:label1\" content=\"\u041f\u0440\u0438\u043c\u0435\u0440\u043d\u043e\u0435 \u0432\u0440\u0435\u043c\u044f \u0434\u043b\u044f \u0447\u0442\u0435\u043d\u0438\u044f\" \/>\n\t<meta name=\"twitter:data1\" content=\"1 \u043c\u0438\u043d\u0443\u0442\u0430\" \/>\n<script type=\"application\/ld+json\" class=\"yoast-schema-graph\">{\"@context\":\"https:\/\/schema.org\",\"@graph\":[{\"@type\":\"WebPage\",\"@id\":\"https:\/\/beautyinstitute.ee\/toode\/stay-fresh\/\",\"url\":\"https:\/\/beautyinstitute.ee\/toode\/stay-fresh\/\",\"name\":\"Mop Stay Fresh - Beauty Institute\",\"isPartOf\":{\"@id\":\"https:\/\/beautyinstitute.ee\/#website\"},\"primaryImageOfPage\":{\"@id\":\"https:\/\/beautyinstitute.ee\/toode\/stay-fresh\/#primaryimage\"},\"image\":{\"@id\":\"https:\/\/beautyinstitute.ee\/toode\/stay-fresh\/#primaryimage\"},\"thumbnailUrl\":\"https:\/\/beautyinstitute.ee\/wp-content\/uploads\/2019\/01\/stay-fresh.jpg\",\"datePublished\":\"2019-01-25T21:51:33+00:00\",\"dateModified\":\"2026-04-28T09:56:48+00:00\",\"breadcrumb\":{\"@id\":\"https:\/\/beautyinstitute.ee\/toode\/stay-fresh\/#breadcrumb\"},\"inLanguage\":\"ru-RU\",\"potentialAction\":[{\"@type\":\"ReadAction\",\"target\":[\"https:\/\/beautyinstitute.ee\/toode\/stay-fresh\/\"]}]},{\"@type\":\"ImageObject\",\"inLanguage\":\"ru-RU\",\"@id\":\"https:\/\/beautyinstitute.ee\/toode\/stay-fresh\/#primaryimage\",\"url\":\"https:\/\/beautyinstitute.ee\/wp-content\/uploads\/2019\/01\/stay-fresh.jpg\",\"contentUrl\":\"https:\/\/beautyinstitute.ee\/wp-content\/uploads\/2019\/01\/stay-fresh.jpg\",\"width\":2480,\"height\":2333},{\"@type\":\"BreadcrumbList\",\"@id\":\"https:\/\/beautyinstitute.ee\/toode\/stay-fresh\/#breadcrumb\",\"itemListElement\":[{\"@type\":\"ListItem\",\"position\":1,\"name\":\"Home\",\"item\":\"https:\/\/beautyinstitute.ee\/ru\/\"},{\"@type\":\"ListItem\",\"position\":2,\"name\":\"E-pood\",\"item\":\"https:\/\/beautyinstitute.ee\/e-pood\/\"},{\"@type\":\"ListItem\",\"position\":3,\"name\":\"Mop Stay Fresh\"}]},{\"@type\":\"WebSite\",\"@id\":\"https:\/\/beautyinstitute.ee\/#website\",\"url\":\"https:\/\/beautyinstitute.ee\/\",\"name\":\"Beauty Institute\",\"description\":\"CNC Cosmetic ametlik maaletooja ja edasim\u00fc\u00fcja Eestis, Soomes, L\u00e4tis. Aparaadikosmeetika, koolitused, kosmeetikatooted.\",\"potentialAction\":[{\"@type\":\"SearchAction\",\"target\":{\"@type\":\"EntryPoint\",\"urlTemplate\":\"https:\/\/beautyinstitute.ee\/?s={search_term_string}\"},\"query-input\":{\"@type\":\"PropertyValueSpecification\",\"valueRequired\":true,\"valueName\":\"search_term_string\"}}],\"inLanguage\":\"ru-RU\"}]}<\/script>\n<!-- \/ Yoast SEO plugin. -->","yoast_head_json":{"title":"Mop Stay Fresh - Beauty Institute","robots":{"index":"index","follow":"follow","max-snippet":"max-snippet:-1","max-image-preview":"max-image-preview:large","max-video-preview":"max-video-preview:-1"},"canonical":"https:\/\/beautyinstitute.ee\/toode\/stay-fresh\/","og_locale":"ru_RU","og_type":"article","og_title":"Mop Stay Fresh - Beauty Institute","og_description":"Intensiivselt toitev kreem, mis varustab nahka niiskusega 24 tundi. Sisaldab v\u00e4\u00e4rtuslikke looduslikke \u00f5lisid ja uuenduslike aktiivainete komplekse (h\u00fcaluroonhapet, vetikaekstrakti ja p\u00e4rliekstrakti). Toode on spetsiaalselt v\u00e4lja t\u00f6\u00f6tatud deh\u00fcdreerunud nahale kuid sobib ka kombineeritud ja rasusele nahale. Toode on dermatoloogiliselt testitud on nahas\u00f5bralik. Optimaalse tulemuse saavutamiseks kanna kreem puhastatud n\u00e4ole ja kaelale hommikul ja \u00f5htul. Eelised: tugevdab [&hellip;]","og_url":"https:\/\/beautyinstitute.ee\/toode\/stay-fresh\/","og_site_name":"Beauty Institute","article_modified_time":"2026-04-28T09:56:48+00:00","og_image":[{"width":2480,"height":2333,"url":"https:\/\/beautyinstitute.ee\/wp-content\/uploads\/2019\/01\/stay-fresh.jpg","type":"image\/jpeg"}],"twitter_card":"summary_large_image","twitter_site":"@Beauty_Eesti","twitter_misc":{"\u041f\u0440\u0438\u043c\u0435\u0440\u043d\u043e\u0435 \u0432\u0440\u0435\u043c\u044f \u0434\u043b\u044f \u0447\u0442\u0435\u043d\u0438\u044f":"1 \u043c\u0438\u043d\u0443\u0442\u0430"},"schema":{"@context":"https:\/\/schema.org","@graph":[{"@type":"WebPage","@id":"https:\/\/beautyinstitute.ee\/toode\/stay-fresh\/","url":"https:\/\/beautyinstitute.ee\/toode\/stay-fresh\/","name":"Mop Stay Fresh - Beauty Institute","isPartOf":{"@id":"https:\/\/beautyinstitute.ee\/#website"},"primaryImageOfPage":{"@id":"https:\/\/beautyinstitute.ee\/toode\/stay-fresh\/#primaryimage"},"image":{"@id":"https:\/\/beautyinstitute.ee\/toode\/stay-fresh\/#primaryimage"},"thumbnailUrl":"https:\/\/beautyinstitute.ee\/wp-content\/uploads\/2019\/01\/stay-fresh.jpg","datePublished":"2019-01-25T21:51:33+00:00","dateModified":"2026-04-28T09:56:48+00:00","breadcrumb":{"@id":"https:\/\/beautyinstitute.ee\/toode\/stay-fresh\/#breadcrumb"},"inLanguage":"ru-RU","potentialAction":[{"@type":"ReadAction","target":["https:\/\/beautyinstitute.ee\/toode\/stay-fresh\/"]}]},{"@type":"ImageObject","inLanguage":"ru-RU","@id":"https:\/\/beautyinstitute.ee\/toode\/stay-fresh\/#primaryimage","url":"https:\/\/beautyinstitute.ee\/wp-content\/uploads\/2019\/01\/stay-fresh.jpg","contentUrl":"https:\/\/beautyinstitute.ee\/wp-content\/uploads\/2019\/01\/stay-fresh.jpg","width":2480,"height":2333},{"@type":"BreadcrumbList","@id":"https:\/\/beautyinstitute.ee\/toode\/stay-fresh\/#breadcrumb","itemListElement":[{"@type":"ListItem","position":1,"name":"Home","item":"https:\/\/beautyinstitute.ee\/ru\/"},{"@type":"ListItem","position":2,"name":"E-pood","item":"https:\/\/beautyinstitute.ee\/e-pood\/"},{"@type":"ListItem","position":3,"name":"Mop Stay Fresh"}]},{"@type":"WebSite","@id":"https:\/\/beautyinstitute.ee\/#website","url":"https:\/\/beautyinstitute.ee\/","name":"Beauty Institute","description":"CNC Cosmetic ametlik maaletooja ja edasim\u00fc\u00fcja Eestis, Soomes, L\u00e4tis. Aparaadikosmeetika, koolitused, kosmeetikatooted.","potentialAction":[{"@type":"SearchAction","target":{"@type":"EntryPoint","urlTemplate":"https:\/\/beautyinstitute.ee\/?s={search_term_string}"},"query-input":{"@type":"PropertyValueSpecification","valueRequired":true,"valueName":"search_term_string"}}],"inLanguage":"ru-RU"}]}},"_links":{"self":[{"href":"https:\/\/beautyinstitute.ee\/ru\/wp-json\/wp\/v2\/product\/3207","targetHints":{"allow":["GET"]}}],"collection":[{"href":"https:\/\/beautyinstitute.ee\/ru\/wp-json\/wp\/v2\/product"}],"about":[{"href":"https:\/\/beautyinstitute.ee\/ru\/wp-json\/wp\/v2\/types\/product"}],"wp:featuredmedia":[{"embeddable":true,"href":"https:\/\/beautyinstitute.ee\/ru\/wp-json\/wp\/v2\/media\/12172"}],"wp:attachment":[{"href":"https:\/\/beautyinstitute.ee\/ru\/wp-json\/wp\/v2\/media?parent=3207"}],"wp:term":[{"taxonomy":"product_cat","embeddable":true,"href":"https:\/\/beautyinstitute.ee\/ru\/wp-json\/wp\/v2\/product_cat?post=3207"},{"taxonomy":"product_tag","embeddable":true,"href":"https:\/\/beautyinstitute.ee\/ru\/wp-json\/wp\/v2\/product_tag?post=3207"}],"curies":[{"name":"wp","href":"https:\/\/api.w.org\/{rel}","templated":true}]}}