{"id":3214,"date":"2019-01-25T21:59:25","date_gmt":"2019-01-25T21:59:25","guid":{"rendered":"https:\/\/beautyinstitute.ee\/?post_type=product&#038;p=3214"},"modified":"2026-04-06T14:31:45","modified_gmt":"2026-04-06T11:31:45","slug":"time-out","status":"publish","type":"product","link":"https:\/\/beautyinstitute.ee\/ru\/toode\/time-out\/","title":{"rendered":"Mop Time Out"},"content":{"rendered":"<p><strong>Intensiivselt toitev ja niisutav mask.<\/strong><\/p>\n<p>Sisaldab uuenduslike aktiivaineid : h\u00fcaluroonhapet, vetika- ja p\u00e4rliekstrakti. Mask on spetsiaalselt v\u00e4lja t\u00f6\u00f6tatud deh\u00fcdreerunud nahale, kuid sobib ka kombineeritud ja rasusele nahale. Tagab intensiivse niisutuse 24h. Toode on dermatoloogiliselt testitud ja on nahas\u00f5bralik. Optimaalse tulemuse saavutamiseks kanna mask puhastatud n\u00e4ole ja kaelale (v\u00e4ltides silmade \u00fcmbrust) ja lase tal m\u00f5juda 15-20 minutit. Loputada leige veega v\u00f5i eemaldada niiskete puhastussvammidega ( 1-2x n\u00e4dalas ).<\/p>\n<p><strong>Eelised:<\/strong><\/p>\n<ul>\n<li>tugevdab naha kaitsebarj\u00e4\u00e4ri<\/li>\n<li>kaitseb nahka keskkonnam\u00f5jude eest<\/li>\n<li>varustab nahka p\u00fcsiva niiskusega<\/li>\n<li>soodustab mikrotsirkulatsiooni<\/li>\n<\/ul>\n<p><strong>Sobilik: <\/strong>deh\u00fcdreeritud, kombineeritud ja rasune nahk.<strong><br \/>\n<\/strong><\/p>\n<p><strong>Toimeained:<\/strong> karrageen, pika ja l\u00fchikese ahelaga h\u00fcaluroonhape, aloe vera, bisabolool, p\u00e4rliekstrakt, ginkgo biloba ekstrakt.<\/p>\n","protected":false},"excerpt":{"rendered":"<p>Intensiivselt toitev ja niisutav mask. Sisaldab uuenduslike aktiivaineid : h\u00fcaluroonhapet, vetika- ja p\u00e4rliekstrakti. Mask on spetsiaalselt v\u00e4lja t\u00f6\u00f6tatud deh\u00fcdreerunud nahale, kuid sobib ka kombineeritud ja rasusele nahale. Tagab intensiivse niisutuse 24h. Toode on dermatoloogiliselt testitud ja on nahas\u00f5bralik. Optimaalse tulemuse saavutamiseks kanna mask puhastatud n\u00e4ole ja kaelale (v\u00e4ltides silmade \u00fcmbrust) ja lase tal m\u00f5juda 15-20 [&hellip;]<\/p>\n","protected":false},"featured_media":12169,"template":"","meta":{"_acf_changed":false},"product_cat":[248,147,114,129],"product_tag":[],"class_list":["post-3214","product","type-product","status-publish","has-post-thumbnail","hentry","product_cat-maskid-2","product_cat-kreemmaskid","product_cat-tootesarjad","product_cat-moments-of-pearl"],"acf":[],"yoast_head":"<!-- This site is optimized with the Yoast SEO plugin v25.4 - https:\/\/yoast.com\/wordpress\/plugins\/seo\/ -->\n<title>Mop Time Out - Beauty Institute<\/title>\n<meta name=\"robots\" content=\"index, follow, max-snippet:-1, max-image-preview:large, max-video-preview:-1\" \/>\n<link rel=\"canonical\" href=\"https:\/\/beautyinstitute.ee\/toode\/time-out\/\" \/>\n<meta property=\"og:locale\" content=\"ru_RU\" \/>\n<meta property=\"og:type\" content=\"article\" \/>\n<meta property=\"og:title\" content=\"Mop Time Out - Beauty Institute\" \/>\n<meta property=\"og:description\" content=\"Intensiivselt toitev ja niisutav mask. Sisaldab uuenduslike aktiivaineid : h\u00fcaluroonhapet, vetika- ja p\u00e4rliekstrakti. Mask on spetsiaalselt v\u00e4lja t\u00f6\u00f6tatud deh\u00fcdreerunud nahale, kuid sobib ka kombineeritud ja rasusele nahale. Tagab intensiivse niisutuse 24h. Toode on dermatoloogiliselt testitud ja on nahas\u00f5bralik. Optimaalse tulemuse saavutamiseks kanna mask puhastatud n\u00e4ole ja kaelale (v\u00e4ltides silmade \u00fcmbrust) ja lase tal m\u00f5juda 15-20 [&hellip;]\" \/>\n<meta property=\"og:url\" content=\"https:\/\/beautyinstitute.ee\/toode\/time-out\/\" \/>\n<meta property=\"og:site_name\" content=\"Beauty Institute\" \/>\n<meta property=\"article:modified_time\" content=\"2026-04-06T11:31:45+00:00\" \/>\n<meta property=\"og:image\" content=\"https:\/\/beautyinstitute.ee\/wp-content\/uploads\/2019\/01\/time-out.jpg\" \/>\n\t<meta property=\"og:image:width\" content=\"2480\" \/>\n\t<meta property=\"og:image:height\" content=\"2333\" \/>\n\t<meta property=\"og:image:type\" content=\"image\/jpeg\" \/>\n<meta name=\"twitter:card\" content=\"summary_large_image\" \/>\n<meta name=\"twitter:site\" content=\"@Beauty_Eesti\" \/>\n<meta name=\"twitter:label1\" content=\"\u041f\u0440\u0438\u043c\u0435\u0440\u043d\u043e\u0435 \u0432\u0440\u0435\u043c\u044f \u0434\u043b\u044f \u0447\u0442\u0435\u043d\u0438\u044f\" \/>\n\t<meta name=\"twitter:data1\" content=\"1 \u043c\u0438\u043d\u0443\u0442\u0430\" \/>\n<script type=\"application\/ld+json\" class=\"yoast-schema-graph\">{\"@context\":\"https:\/\/schema.org\",\"@graph\":[{\"@type\":\"WebPage\",\"@id\":\"https:\/\/beautyinstitute.ee\/toode\/time-out\/\",\"url\":\"https:\/\/beautyinstitute.ee\/toode\/time-out\/\",\"name\":\"Mop Time Out - Beauty Institute\",\"isPartOf\":{\"@id\":\"https:\/\/beautyinstitute.ee\/#website\"},\"primaryImageOfPage\":{\"@id\":\"https:\/\/beautyinstitute.ee\/toode\/time-out\/#primaryimage\"},\"image\":{\"@id\":\"https:\/\/beautyinstitute.ee\/toode\/time-out\/#primaryimage\"},\"thumbnailUrl\":\"https:\/\/beautyinstitute.ee\/wp-content\/uploads\/2019\/01\/time-out.jpg\",\"datePublished\":\"2019-01-25T21:59:25+00:00\",\"dateModified\":\"2026-04-06T11:31:45+00:00\",\"breadcrumb\":{\"@id\":\"https:\/\/beautyinstitute.ee\/toode\/time-out\/#breadcrumb\"},\"inLanguage\":\"ru-RU\",\"potentialAction\":[{\"@type\":\"ReadAction\",\"target\":[\"https:\/\/beautyinstitute.ee\/toode\/time-out\/\"]}]},{\"@type\":\"ImageObject\",\"inLanguage\":\"ru-RU\",\"@id\":\"https:\/\/beautyinstitute.ee\/toode\/time-out\/#primaryimage\",\"url\":\"https:\/\/beautyinstitute.ee\/wp-content\/uploads\/2019\/01\/time-out.jpg\",\"contentUrl\":\"https:\/\/beautyinstitute.ee\/wp-content\/uploads\/2019\/01\/time-out.jpg\",\"width\":2480,\"height\":2333},{\"@type\":\"BreadcrumbList\",\"@id\":\"https:\/\/beautyinstitute.ee\/toode\/time-out\/#breadcrumb\",\"itemListElement\":[{\"@type\":\"ListItem\",\"position\":1,\"name\":\"Home\",\"item\":\"https:\/\/beautyinstitute.ee\/ru\/\"},{\"@type\":\"ListItem\",\"position\":2,\"name\":\"E-pood\",\"item\":\"https:\/\/beautyinstitute.ee\/e-pood\/\"},{\"@type\":\"ListItem\",\"position\":3,\"name\":\"Mop Time Out\"}]},{\"@type\":\"WebSite\",\"@id\":\"https:\/\/beautyinstitute.ee\/#website\",\"url\":\"https:\/\/beautyinstitute.ee\/\",\"name\":\"Beauty Institute\",\"description\":\"CNC Cosmetic ametlik maaletooja ja edasim\u00fc\u00fcja Eestis, Soomes, L\u00e4tis. Aparaadikosmeetika, koolitused, kosmeetikatooted.\",\"potentialAction\":[{\"@type\":\"SearchAction\",\"target\":{\"@type\":\"EntryPoint\",\"urlTemplate\":\"https:\/\/beautyinstitute.ee\/?s={search_term_string}\"},\"query-input\":{\"@type\":\"PropertyValueSpecification\",\"valueRequired\":true,\"valueName\":\"search_term_string\"}}],\"inLanguage\":\"ru-RU\"}]}<\/script>\n<!-- \/ Yoast SEO plugin. -->","yoast_head_json":{"title":"Mop Time Out - Beauty Institute","robots":{"index":"index","follow":"follow","max-snippet":"max-snippet:-1","max-image-preview":"max-image-preview:large","max-video-preview":"max-video-preview:-1"},"canonical":"https:\/\/beautyinstitute.ee\/toode\/time-out\/","og_locale":"ru_RU","og_type":"article","og_title":"Mop Time Out - Beauty Institute","og_description":"Intensiivselt toitev ja niisutav mask. Sisaldab uuenduslike aktiivaineid : h\u00fcaluroonhapet, vetika- ja p\u00e4rliekstrakti. Mask on spetsiaalselt v\u00e4lja t\u00f6\u00f6tatud deh\u00fcdreerunud nahale, kuid sobib ka kombineeritud ja rasusele nahale. Tagab intensiivse niisutuse 24h. Toode on dermatoloogiliselt testitud ja on nahas\u00f5bralik. Optimaalse tulemuse saavutamiseks kanna mask puhastatud n\u00e4ole ja kaelale (v\u00e4ltides silmade \u00fcmbrust) ja lase tal m\u00f5juda 15-20 [&hellip;]","og_url":"https:\/\/beautyinstitute.ee\/toode\/time-out\/","og_site_name":"Beauty Institute","article_modified_time":"2026-04-06T11:31:45+00:00","og_image":[{"width":2480,"height":2333,"url":"https:\/\/beautyinstitute.ee\/wp-content\/uploads\/2019\/01\/time-out.jpg","type":"image\/jpeg"}],"twitter_card":"summary_large_image","twitter_site":"@Beauty_Eesti","twitter_misc":{"\u041f\u0440\u0438\u043c\u0435\u0440\u043d\u043e\u0435 \u0432\u0440\u0435\u043c\u044f \u0434\u043b\u044f \u0447\u0442\u0435\u043d\u0438\u044f":"1 \u043c\u0438\u043d\u0443\u0442\u0430"},"schema":{"@context":"https:\/\/schema.org","@graph":[{"@type":"WebPage","@id":"https:\/\/beautyinstitute.ee\/toode\/time-out\/","url":"https:\/\/beautyinstitute.ee\/toode\/time-out\/","name":"Mop Time Out - Beauty Institute","isPartOf":{"@id":"https:\/\/beautyinstitute.ee\/#website"},"primaryImageOfPage":{"@id":"https:\/\/beautyinstitute.ee\/toode\/time-out\/#primaryimage"},"image":{"@id":"https:\/\/beautyinstitute.ee\/toode\/time-out\/#primaryimage"},"thumbnailUrl":"https:\/\/beautyinstitute.ee\/wp-content\/uploads\/2019\/01\/time-out.jpg","datePublished":"2019-01-25T21:59:25+00:00","dateModified":"2026-04-06T11:31:45+00:00","breadcrumb":{"@id":"https:\/\/beautyinstitute.ee\/toode\/time-out\/#breadcrumb"},"inLanguage":"ru-RU","potentialAction":[{"@type":"ReadAction","target":["https:\/\/beautyinstitute.ee\/toode\/time-out\/"]}]},{"@type":"ImageObject","inLanguage":"ru-RU","@id":"https:\/\/beautyinstitute.ee\/toode\/time-out\/#primaryimage","url":"https:\/\/beautyinstitute.ee\/wp-content\/uploads\/2019\/01\/time-out.jpg","contentUrl":"https:\/\/beautyinstitute.ee\/wp-content\/uploads\/2019\/01\/time-out.jpg","width":2480,"height":2333},{"@type":"BreadcrumbList","@id":"https:\/\/beautyinstitute.ee\/toode\/time-out\/#breadcrumb","itemListElement":[{"@type":"ListItem","position":1,"name":"Home","item":"https:\/\/beautyinstitute.ee\/ru\/"},{"@type":"ListItem","position":2,"name":"E-pood","item":"https:\/\/beautyinstitute.ee\/e-pood\/"},{"@type":"ListItem","position":3,"name":"Mop Time Out"}]},{"@type":"WebSite","@id":"https:\/\/beautyinstitute.ee\/#website","url":"https:\/\/beautyinstitute.ee\/","name":"Beauty Institute","description":"CNC Cosmetic ametlik maaletooja ja edasim\u00fc\u00fcja Eestis, Soomes, L\u00e4tis. Aparaadikosmeetika, koolitused, kosmeetikatooted.","potentialAction":[{"@type":"SearchAction","target":{"@type":"EntryPoint","urlTemplate":"https:\/\/beautyinstitute.ee\/?s={search_term_string}"},"query-input":{"@type":"PropertyValueSpecification","valueRequired":true,"valueName":"search_term_string"}}],"inLanguage":"ru-RU"}]}},"_links":{"self":[{"href":"https:\/\/beautyinstitute.ee\/ru\/wp-json\/wp\/v2\/product\/3214","targetHints":{"allow":["GET"]}}],"collection":[{"href":"https:\/\/beautyinstitute.ee\/ru\/wp-json\/wp\/v2\/product"}],"about":[{"href":"https:\/\/beautyinstitute.ee\/ru\/wp-json\/wp\/v2\/types\/product"}],"wp:featuredmedia":[{"embeddable":true,"href":"https:\/\/beautyinstitute.ee\/ru\/wp-json\/wp\/v2\/media\/12169"}],"wp:attachment":[{"href":"https:\/\/beautyinstitute.ee\/ru\/wp-json\/wp\/v2\/media?parent=3214"}],"wp:term":[{"taxonomy":"product_cat","embeddable":true,"href":"https:\/\/beautyinstitute.ee\/ru\/wp-json\/wp\/v2\/product_cat?post=3214"},{"taxonomy":"product_tag","embeddable":true,"href":"https:\/\/beautyinstitute.ee\/ru\/wp-json\/wp\/v2\/product_tag?post=3214"}],"curies":[{"name":"wp","href":"https:\/\/api.w.org\/{rel}","templated":true}]}}