{"id":3221,"date":"2019-01-25T22:03:48","date_gmt":"2019-01-25T22:03:48","guid":{"rendered":"https:\/\/beautyinstitute.ee\/?post_type=product&#038;p=3221"},"modified":"2026-04-28T14:14:34","modified_gmt":"2026-04-28T11:14:34","slug":"eye-like","status":"publish","type":"product","link":"https:\/\/beautyinstitute.ee\/ru\/toode\/eye-like\/","title":{"rendered":"Mop Eye Like"},"content":{"rendered":"<p><strong>Toitev geel emulsioon, mis sisaldab v\u00e4\u00e4rtuslikku p\u00e4rliekstrakti.<\/strong><\/p>\n<p>Geel imendub kiiresti ja ei j\u00e4ta nahka l\u00e4ikivaks. Niisutab intensiivselt silma\u00fcmbrust ja v\u00e4hendab tumedaid r\u00f5ngaid silmade all. Ideaalne deh\u00fcdreerunud nahale, kuid sobib ka kombineeritud ja rasusele nahale. Toode on dermatoloogiliselt testitud on nahas\u00f5bralik. Optimaalse tulemuse saavutamiseks kanna geeli silma piirkonda igal hommikul ja \u00f5htul.<\/p>\n<p><strong>Eelised:<\/strong><\/p>\n<ul>\n<li>imendub kiiresti, j\u00e4tmata rasvast l\u00e4iget<\/li>\n<li>v\u00e4rske, s\u00e4rava v\u00e4limuse saamiseks<\/li>\n<li>regenereeriva toimega<\/li>\n<\/ul>\n<p><strong>Sobilik:<\/strong> deh\u00fcdreeritud nahk, rasune nahk ja kombineeritud nahk.<\/p>\n<p><strong>Toimeained:<\/strong> niisutav heteropol\u00fcsahhariidkile, pika- ja l\u00fchikese ahelaga h\u00fcaluroonhape, bisabolool, allantoiin, makadamiini p\u00e4hkli\u00f5li, skvalaan, p\u00e4rliekstrakt, ginko biloba ekstrakt.<\/p>\n","protected":false},"excerpt":{"rendered":"<p>Toitev geel emulsioon, mis sisaldab v\u00e4\u00e4rtuslikku p\u00e4rliekstrakti. Geel imendub kiiresti ja ei j\u00e4ta nahka l\u00e4ikivaks. Niisutab intensiivselt silma\u00fcmbrust ja v\u00e4hendab tumedaid r\u00f5ngaid silmade all. Ideaalne deh\u00fcdreerunud nahale, kuid sobib ka kombineeritud ja rasusele nahale. Toode on dermatoloogiliselt testitud on nahas\u00f5bralik. Optimaalse tulemuse saavutamiseks kanna geeli silma piirkonda igal hommikul ja \u00f5htul. Eelised: imendub kiiresti, j\u00e4tmata [&hellip;]<\/p>\n","protected":false},"featured_media":12163,"template":"","meta":{"_acf_changed":false},"product_cat":[251,114,129],"product_tag":[],"class_list":["post-3221","product","type-product","status-publish","has-post-thumbnail","hentry","product_cat-silmakreemid","product_cat-tootesarjad","product_cat-moments-of-pearl"],"acf":[],"yoast_head":"<!-- This site is optimized with the Yoast SEO plugin v25.4 - https:\/\/yoast.com\/wordpress\/plugins\/seo\/ -->\n<title>Mop Eye Like - Beauty Institute<\/title>\n<meta name=\"robots\" content=\"index, follow, max-snippet:-1, max-image-preview:large, max-video-preview:-1\" \/>\n<link rel=\"canonical\" href=\"https:\/\/beautyinstitute.ee\/toode\/eye-like\/\" \/>\n<meta property=\"og:locale\" content=\"ru_RU\" \/>\n<meta property=\"og:type\" content=\"article\" \/>\n<meta property=\"og:title\" content=\"Mop Eye Like - Beauty Institute\" \/>\n<meta property=\"og:description\" content=\"Toitev geel emulsioon, mis sisaldab v\u00e4\u00e4rtuslikku p\u00e4rliekstrakti. Geel imendub kiiresti ja ei j\u00e4ta nahka l\u00e4ikivaks. Niisutab intensiivselt silma\u00fcmbrust ja v\u00e4hendab tumedaid r\u00f5ngaid silmade all. Ideaalne deh\u00fcdreerunud nahale, kuid sobib ka kombineeritud ja rasusele nahale. Toode on dermatoloogiliselt testitud on nahas\u00f5bralik. Optimaalse tulemuse saavutamiseks kanna geeli silma piirkonda igal hommikul ja \u00f5htul. Eelised: imendub kiiresti, j\u00e4tmata [&hellip;]\" \/>\n<meta property=\"og:url\" content=\"https:\/\/beautyinstitute.ee\/toode\/eye-like\/\" \/>\n<meta property=\"og:site_name\" content=\"Beauty Institute\" \/>\n<meta property=\"article:modified_time\" content=\"2026-04-28T11:14:34+00:00\" \/>\n<meta property=\"og:image\" content=\"https:\/\/beautyinstitute.ee\/wp-content\/uploads\/2019\/01\/eye-like.jpg\" \/>\n\t<meta property=\"og:image:width\" content=\"2480\" \/>\n\t<meta property=\"og:image:height\" content=\"2333\" \/>\n\t<meta property=\"og:image:type\" content=\"image\/jpeg\" \/>\n<meta name=\"twitter:card\" content=\"summary_large_image\" \/>\n<meta name=\"twitter:site\" content=\"@Beauty_Eesti\" \/>\n<meta name=\"twitter:label1\" content=\"\u041f\u0440\u0438\u043c\u0435\u0440\u043d\u043e\u0435 \u0432\u0440\u0435\u043c\u044f \u0434\u043b\u044f \u0447\u0442\u0435\u043d\u0438\u044f\" \/>\n\t<meta name=\"twitter:data1\" content=\"1 \u043c\u0438\u043d\u0443\u0442\u0430\" \/>\n<script type=\"application\/ld+json\" class=\"yoast-schema-graph\">{\"@context\":\"https:\/\/schema.org\",\"@graph\":[{\"@type\":\"WebPage\",\"@id\":\"https:\/\/beautyinstitute.ee\/toode\/eye-like\/\",\"url\":\"https:\/\/beautyinstitute.ee\/toode\/eye-like\/\",\"name\":\"Mop Eye Like - Beauty Institute\",\"isPartOf\":{\"@id\":\"https:\/\/beautyinstitute.ee\/#website\"},\"primaryImageOfPage\":{\"@id\":\"https:\/\/beautyinstitute.ee\/toode\/eye-like\/#primaryimage\"},\"image\":{\"@id\":\"https:\/\/beautyinstitute.ee\/toode\/eye-like\/#primaryimage\"},\"thumbnailUrl\":\"https:\/\/beautyinstitute.ee\/wp-content\/uploads\/2019\/01\/eye-like.jpg\",\"datePublished\":\"2019-01-25T22:03:48+00:00\",\"dateModified\":\"2026-04-28T11:14:34+00:00\",\"breadcrumb\":{\"@id\":\"https:\/\/beautyinstitute.ee\/toode\/eye-like\/#breadcrumb\"},\"inLanguage\":\"ru-RU\",\"potentialAction\":[{\"@type\":\"ReadAction\",\"target\":[\"https:\/\/beautyinstitute.ee\/toode\/eye-like\/\"]}]},{\"@type\":\"ImageObject\",\"inLanguage\":\"ru-RU\",\"@id\":\"https:\/\/beautyinstitute.ee\/toode\/eye-like\/#primaryimage\",\"url\":\"https:\/\/beautyinstitute.ee\/wp-content\/uploads\/2019\/01\/eye-like.jpg\",\"contentUrl\":\"https:\/\/beautyinstitute.ee\/wp-content\/uploads\/2019\/01\/eye-like.jpg\",\"width\":2480,\"height\":2333},{\"@type\":\"BreadcrumbList\",\"@id\":\"https:\/\/beautyinstitute.ee\/toode\/eye-like\/#breadcrumb\",\"itemListElement\":[{\"@type\":\"ListItem\",\"position\":1,\"name\":\"Home\",\"item\":\"https:\/\/beautyinstitute.ee\/ru\/\"},{\"@type\":\"ListItem\",\"position\":2,\"name\":\"E-pood\",\"item\":\"https:\/\/beautyinstitute.ee\/e-pood\/\"},{\"@type\":\"ListItem\",\"position\":3,\"name\":\"Mop Eye Like\"}]},{\"@type\":\"WebSite\",\"@id\":\"https:\/\/beautyinstitute.ee\/#website\",\"url\":\"https:\/\/beautyinstitute.ee\/\",\"name\":\"Beauty Institute\",\"description\":\"CNC Cosmetic ametlik maaletooja ja edasim\u00fc\u00fcja Eestis, Soomes, L\u00e4tis. Aparaadikosmeetika, koolitused, kosmeetikatooted.\",\"potentialAction\":[{\"@type\":\"SearchAction\",\"target\":{\"@type\":\"EntryPoint\",\"urlTemplate\":\"https:\/\/beautyinstitute.ee\/?s={search_term_string}\"},\"query-input\":{\"@type\":\"PropertyValueSpecification\",\"valueRequired\":true,\"valueName\":\"search_term_string\"}}],\"inLanguage\":\"ru-RU\"}]}<\/script>\n<!-- \/ Yoast SEO plugin. -->","yoast_head_json":{"title":"Mop Eye Like - Beauty Institute","robots":{"index":"index","follow":"follow","max-snippet":"max-snippet:-1","max-image-preview":"max-image-preview:large","max-video-preview":"max-video-preview:-1"},"canonical":"https:\/\/beautyinstitute.ee\/toode\/eye-like\/","og_locale":"ru_RU","og_type":"article","og_title":"Mop Eye Like - Beauty Institute","og_description":"Toitev geel emulsioon, mis sisaldab v\u00e4\u00e4rtuslikku p\u00e4rliekstrakti. Geel imendub kiiresti ja ei j\u00e4ta nahka l\u00e4ikivaks. Niisutab intensiivselt silma\u00fcmbrust ja v\u00e4hendab tumedaid r\u00f5ngaid silmade all. Ideaalne deh\u00fcdreerunud nahale, kuid sobib ka kombineeritud ja rasusele nahale. Toode on dermatoloogiliselt testitud on nahas\u00f5bralik. Optimaalse tulemuse saavutamiseks kanna geeli silma piirkonda igal hommikul ja \u00f5htul. Eelised: imendub kiiresti, j\u00e4tmata [&hellip;]","og_url":"https:\/\/beautyinstitute.ee\/toode\/eye-like\/","og_site_name":"Beauty Institute","article_modified_time":"2026-04-28T11:14:34+00:00","og_image":[{"width":2480,"height":2333,"url":"https:\/\/beautyinstitute.ee\/wp-content\/uploads\/2019\/01\/eye-like.jpg","type":"image\/jpeg"}],"twitter_card":"summary_large_image","twitter_site":"@Beauty_Eesti","twitter_misc":{"\u041f\u0440\u0438\u043c\u0435\u0440\u043d\u043e\u0435 \u0432\u0440\u0435\u043c\u044f \u0434\u043b\u044f \u0447\u0442\u0435\u043d\u0438\u044f":"1 \u043c\u0438\u043d\u0443\u0442\u0430"},"schema":{"@context":"https:\/\/schema.org","@graph":[{"@type":"WebPage","@id":"https:\/\/beautyinstitute.ee\/toode\/eye-like\/","url":"https:\/\/beautyinstitute.ee\/toode\/eye-like\/","name":"Mop Eye Like - Beauty Institute","isPartOf":{"@id":"https:\/\/beautyinstitute.ee\/#website"},"primaryImageOfPage":{"@id":"https:\/\/beautyinstitute.ee\/toode\/eye-like\/#primaryimage"},"image":{"@id":"https:\/\/beautyinstitute.ee\/toode\/eye-like\/#primaryimage"},"thumbnailUrl":"https:\/\/beautyinstitute.ee\/wp-content\/uploads\/2019\/01\/eye-like.jpg","datePublished":"2019-01-25T22:03:48+00:00","dateModified":"2026-04-28T11:14:34+00:00","breadcrumb":{"@id":"https:\/\/beautyinstitute.ee\/toode\/eye-like\/#breadcrumb"},"inLanguage":"ru-RU","potentialAction":[{"@type":"ReadAction","target":["https:\/\/beautyinstitute.ee\/toode\/eye-like\/"]}]},{"@type":"ImageObject","inLanguage":"ru-RU","@id":"https:\/\/beautyinstitute.ee\/toode\/eye-like\/#primaryimage","url":"https:\/\/beautyinstitute.ee\/wp-content\/uploads\/2019\/01\/eye-like.jpg","contentUrl":"https:\/\/beautyinstitute.ee\/wp-content\/uploads\/2019\/01\/eye-like.jpg","width":2480,"height":2333},{"@type":"BreadcrumbList","@id":"https:\/\/beautyinstitute.ee\/toode\/eye-like\/#breadcrumb","itemListElement":[{"@type":"ListItem","position":1,"name":"Home","item":"https:\/\/beautyinstitute.ee\/ru\/"},{"@type":"ListItem","position":2,"name":"E-pood","item":"https:\/\/beautyinstitute.ee\/e-pood\/"},{"@type":"ListItem","position":3,"name":"Mop Eye Like"}]},{"@type":"WebSite","@id":"https:\/\/beautyinstitute.ee\/#website","url":"https:\/\/beautyinstitute.ee\/","name":"Beauty Institute","description":"CNC Cosmetic ametlik maaletooja ja edasim\u00fc\u00fcja Eestis, Soomes, L\u00e4tis. Aparaadikosmeetika, koolitused, kosmeetikatooted.","potentialAction":[{"@type":"SearchAction","target":{"@type":"EntryPoint","urlTemplate":"https:\/\/beautyinstitute.ee\/?s={search_term_string}"},"query-input":{"@type":"PropertyValueSpecification","valueRequired":true,"valueName":"search_term_string"}}],"inLanguage":"ru-RU"}]}},"_links":{"self":[{"href":"https:\/\/beautyinstitute.ee\/ru\/wp-json\/wp\/v2\/product\/3221","targetHints":{"allow":["GET"]}}],"collection":[{"href":"https:\/\/beautyinstitute.ee\/ru\/wp-json\/wp\/v2\/product"}],"about":[{"href":"https:\/\/beautyinstitute.ee\/ru\/wp-json\/wp\/v2\/types\/product"}],"wp:featuredmedia":[{"embeddable":true,"href":"https:\/\/beautyinstitute.ee\/ru\/wp-json\/wp\/v2\/media\/12163"}],"wp:attachment":[{"href":"https:\/\/beautyinstitute.ee\/ru\/wp-json\/wp\/v2\/media?parent=3221"}],"wp:term":[{"taxonomy":"product_cat","embeddable":true,"href":"https:\/\/beautyinstitute.ee\/ru\/wp-json\/wp\/v2\/product_cat?post=3221"},{"taxonomy":"product_tag","embeddable":true,"href":"https:\/\/beautyinstitute.ee\/ru\/wp-json\/wp\/v2\/product_tag?post=3221"}],"curies":[{"name":"wp","href":"https:\/\/api.w.org\/{rel}","templated":true}]}}