{"id":3228,"date":"2019-01-25T22:09:10","date_gmt":"2019-01-25T22:09:10","guid":{"rendered":"https:\/\/beautyinstitute.ee\/?post_type=product&#038;p=3228"},"modified":"2025-10-20T15:14:03","modified_gmt":"2025-10-20T12:14:03","slug":"hurry-up","status":"publish","type":"product","link":"https:\/\/beautyinstitute.ee\/ru\/toode\/hurry-up\/","title":{"rendered":"Mop Hurry Up"},"content":{"rendered":"<p><strong>Rikkalikult niisutav kehav\u00f5i sametise pehme konsistentsiga ja v\u00e4\u00e4rtusliku p\u00e4rliekstraktiga.<\/strong><\/p>\n<p>Shea v\u00f5i ja makadaamiap\u00e4hkli \u00f5li j\u00e4tavad naha pehmeks ja elastseks. Toode on dermatoloogiliselt testitud ja on nahas\u00f5bralik. Optimaalse tulemuse saavutamiseks masseeri kreem \u00f5rnalt nahale p\u00e4rast igat pesukorda.<\/p>\n<p><strong>Eelised:<\/strong><\/p>\n<ul>\n<li>muudab naha pehmeks ja elastseks<\/li>\n<li>naha kiskuv tunne kaob<\/li>\n<\/ul>\n<p><strong>Sobilik:<\/strong> deh\u00fcdreeritud ja kuiv keha nahk.<\/p>\n<p><strong>Toimeained:<\/strong> sheav\u00f5i, makadaamiap\u00e4hkli\u00f5li, gl\u00fctseriin, p\u00e4rliekstrakt.<\/p>\n","protected":false},"excerpt":{"rendered":"<p>Rikkalikult niisutav kehav\u00f5i sametise pehme konsistentsiga ja v\u00e4\u00e4rtusliku p\u00e4rliekstraktiga. Shea v\u00f5i ja makadaamiap\u00e4hkli \u00f5li j\u00e4tavad naha pehmeks ja elastseks. Toode on dermatoloogiliselt testitud ja on nahas\u00f5bralik. Optimaalse tulemuse saavutamiseks masseeri kreem \u00f5rnalt nahale p\u00e4rast igat pesukorda. Eelised: muudab naha pehmeks ja elastseks naha kiskuv tunne kaob Sobilik: deh\u00fcdreeritud ja kuiv keha nahk. Toimeained: sheav\u00f5i, makadaamiap\u00e4hkli\u00f5li, [&hellip;]<\/p>\n","protected":false},"featured_media":12159,"template":"","meta":{"_acf_changed":false},"product_cat":[256,114,129],"product_tag":[],"class_list":["post-3228","product","type-product","status-publish","has-post-thumbnail","hentry","product_cat-kehahooldustooted","product_cat-tootesarjad","product_cat-moments-of-pearl"],"acf":[],"yoast_head":"<!-- This site is optimized with the Yoast SEO plugin v25.4 - https:\/\/yoast.com\/wordpress\/plugins\/seo\/ -->\n<title>Mop Hurry Up - Beauty Institute<\/title>\n<meta name=\"robots\" content=\"index, follow, max-snippet:-1, max-image-preview:large, max-video-preview:-1\" \/>\n<link rel=\"canonical\" href=\"https:\/\/beautyinstitute.ee\/toode\/hurry-up\/\" \/>\n<meta property=\"og:locale\" content=\"ru_RU\" \/>\n<meta property=\"og:type\" content=\"article\" \/>\n<meta property=\"og:title\" content=\"Mop Hurry Up - Beauty Institute\" \/>\n<meta property=\"og:description\" content=\"Rikkalikult niisutav kehav\u00f5i sametise pehme konsistentsiga ja v\u00e4\u00e4rtusliku p\u00e4rliekstraktiga. Shea v\u00f5i ja makadaamiap\u00e4hkli \u00f5li j\u00e4tavad naha pehmeks ja elastseks. Toode on dermatoloogiliselt testitud ja on nahas\u00f5bralik. Optimaalse tulemuse saavutamiseks masseeri kreem \u00f5rnalt nahale p\u00e4rast igat pesukorda. Eelised: muudab naha pehmeks ja elastseks naha kiskuv tunne kaob Sobilik: deh\u00fcdreeritud ja kuiv keha nahk. Toimeained: sheav\u00f5i, makadaamiap\u00e4hkli\u00f5li, [&hellip;]\" \/>\n<meta property=\"og:url\" content=\"https:\/\/beautyinstitute.ee\/toode\/hurry-up\/\" \/>\n<meta property=\"og:site_name\" content=\"Beauty Institute\" \/>\n<meta property=\"article:modified_time\" content=\"2025-10-20T12:14:03+00:00\" \/>\n<meta property=\"og:image\" content=\"https:\/\/beautyinstitute.ee\/wp-content\/uploads\/2019\/01\/hurry-up.jpg\" \/>\n\t<meta property=\"og:image:width\" content=\"2480\" \/>\n\t<meta property=\"og:image:height\" content=\"2333\" \/>\n\t<meta property=\"og:image:type\" content=\"image\/jpeg\" \/>\n<meta name=\"twitter:card\" content=\"summary_large_image\" \/>\n<meta name=\"twitter:site\" content=\"@Beauty_Eesti\" \/>\n<script type=\"application\/ld+json\" class=\"yoast-schema-graph\">{\"@context\":\"https:\/\/schema.org\",\"@graph\":[{\"@type\":\"WebPage\",\"@id\":\"https:\/\/beautyinstitute.ee\/toode\/hurry-up\/\",\"url\":\"https:\/\/beautyinstitute.ee\/toode\/hurry-up\/\",\"name\":\"Mop Hurry Up - Beauty Institute\",\"isPartOf\":{\"@id\":\"https:\/\/beautyinstitute.ee\/#website\"},\"primaryImageOfPage\":{\"@id\":\"https:\/\/beautyinstitute.ee\/toode\/hurry-up\/#primaryimage\"},\"image\":{\"@id\":\"https:\/\/beautyinstitute.ee\/toode\/hurry-up\/#primaryimage\"},\"thumbnailUrl\":\"https:\/\/beautyinstitute.ee\/wp-content\/uploads\/2019\/01\/hurry-up.jpg\",\"datePublished\":\"2019-01-25T22:09:10+00:00\",\"dateModified\":\"2025-10-20T12:14:03+00:00\",\"breadcrumb\":{\"@id\":\"https:\/\/beautyinstitute.ee\/toode\/hurry-up\/#breadcrumb\"},\"inLanguage\":\"ru-RU\",\"potentialAction\":[{\"@type\":\"ReadAction\",\"target\":[\"https:\/\/beautyinstitute.ee\/toode\/hurry-up\/\"]}]},{\"@type\":\"ImageObject\",\"inLanguage\":\"ru-RU\",\"@id\":\"https:\/\/beautyinstitute.ee\/toode\/hurry-up\/#primaryimage\",\"url\":\"https:\/\/beautyinstitute.ee\/wp-content\/uploads\/2019\/01\/hurry-up.jpg\",\"contentUrl\":\"https:\/\/beautyinstitute.ee\/wp-content\/uploads\/2019\/01\/hurry-up.jpg\",\"width\":2480,\"height\":2333},{\"@type\":\"BreadcrumbList\",\"@id\":\"https:\/\/beautyinstitute.ee\/toode\/hurry-up\/#breadcrumb\",\"itemListElement\":[{\"@type\":\"ListItem\",\"position\":1,\"name\":\"Home\",\"item\":\"https:\/\/beautyinstitute.ee\/ru\/\"},{\"@type\":\"ListItem\",\"position\":2,\"name\":\"E-pood\",\"item\":\"https:\/\/beautyinstitute.ee\/e-pood\/\"},{\"@type\":\"ListItem\",\"position\":3,\"name\":\"Mop Hurry Up\"}]},{\"@type\":\"WebSite\",\"@id\":\"https:\/\/beautyinstitute.ee\/#website\",\"url\":\"https:\/\/beautyinstitute.ee\/\",\"name\":\"Beauty Institute\",\"description\":\"CNC Cosmetic ametlik maaletooja ja edasim\u00fc\u00fcja Eestis, Soomes, L\u00e4tis. Aparaadikosmeetika, koolitused, kosmeetikatooted.\",\"potentialAction\":[{\"@type\":\"SearchAction\",\"target\":{\"@type\":\"EntryPoint\",\"urlTemplate\":\"https:\/\/beautyinstitute.ee\/?s={search_term_string}\"},\"query-input\":{\"@type\":\"PropertyValueSpecification\",\"valueRequired\":true,\"valueName\":\"search_term_string\"}}],\"inLanguage\":\"ru-RU\"}]}<\/script>\n<!-- \/ Yoast SEO plugin. -->","yoast_head_json":{"title":"Mop Hurry Up - Beauty Institute","robots":{"index":"index","follow":"follow","max-snippet":"max-snippet:-1","max-image-preview":"max-image-preview:large","max-video-preview":"max-video-preview:-1"},"canonical":"https:\/\/beautyinstitute.ee\/toode\/hurry-up\/","og_locale":"ru_RU","og_type":"article","og_title":"Mop Hurry Up - Beauty Institute","og_description":"Rikkalikult niisutav kehav\u00f5i sametise pehme konsistentsiga ja v\u00e4\u00e4rtusliku p\u00e4rliekstraktiga. Shea v\u00f5i ja makadaamiap\u00e4hkli \u00f5li j\u00e4tavad naha pehmeks ja elastseks. Toode on dermatoloogiliselt testitud ja on nahas\u00f5bralik. Optimaalse tulemuse saavutamiseks masseeri kreem \u00f5rnalt nahale p\u00e4rast igat pesukorda. Eelised: muudab naha pehmeks ja elastseks naha kiskuv tunne kaob Sobilik: deh\u00fcdreeritud ja kuiv keha nahk. Toimeained: sheav\u00f5i, makadaamiap\u00e4hkli\u00f5li, [&hellip;]","og_url":"https:\/\/beautyinstitute.ee\/toode\/hurry-up\/","og_site_name":"Beauty Institute","article_modified_time":"2025-10-20T12:14:03+00:00","og_image":[{"width":2480,"height":2333,"url":"https:\/\/beautyinstitute.ee\/wp-content\/uploads\/2019\/01\/hurry-up.jpg","type":"image\/jpeg"}],"twitter_card":"summary_large_image","twitter_site":"@Beauty_Eesti","schema":{"@context":"https:\/\/schema.org","@graph":[{"@type":"WebPage","@id":"https:\/\/beautyinstitute.ee\/toode\/hurry-up\/","url":"https:\/\/beautyinstitute.ee\/toode\/hurry-up\/","name":"Mop Hurry Up - Beauty Institute","isPartOf":{"@id":"https:\/\/beautyinstitute.ee\/#website"},"primaryImageOfPage":{"@id":"https:\/\/beautyinstitute.ee\/toode\/hurry-up\/#primaryimage"},"image":{"@id":"https:\/\/beautyinstitute.ee\/toode\/hurry-up\/#primaryimage"},"thumbnailUrl":"https:\/\/beautyinstitute.ee\/wp-content\/uploads\/2019\/01\/hurry-up.jpg","datePublished":"2019-01-25T22:09:10+00:00","dateModified":"2025-10-20T12:14:03+00:00","breadcrumb":{"@id":"https:\/\/beautyinstitute.ee\/toode\/hurry-up\/#breadcrumb"},"inLanguage":"ru-RU","potentialAction":[{"@type":"ReadAction","target":["https:\/\/beautyinstitute.ee\/toode\/hurry-up\/"]}]},{"@type":"ImageObject","inLanguage":"ru-RU","@id":"https:\/\/beautyinstitute.ee\/toode\/hurry-up\/#primaryimage","url":"https:\/\/beautyinstitute.ee\/wp-content\/uploads\/2019\/01\/hurry-up.jpg","contentUrl":"https:\/\/beautyinstitute.ee\/wp-content\/uploads\/2019\/01\/hurry-up.jpg","width":2480,"height":2333},{"@type":"BreadcrumbList","@id":"https:\/\/beautyinstitute.ee\/toode\/hurry-up\/#breadcrumb","itemListElement":[{"@type":"ListItem","position":1,"name":"Home","item":"https:\/\/beautyinstitute.ee\/ru\/"},{"@type":"ListItem","position":2,"name":"E-pood","item":"https:\/\/beautyinstitute.ee\/e-pood\/"},{"@type":"ListItem","position":3,"name":"Mop Hurry Up"}]},{"@type":"WebSite","@id":"https:\/\/beautyinstitute.ee\/#website","url":"https:\/\/beautyinstitute.ee\/","name":"Beauty Institute","description":"CNC Cosmetic ametlik maaletooja ja edasim\u00fc\u00fcja Eestis, Soomes, L\u00e4tis. Aparaadikosmeetika, koolitused, kosmeetikatooted.","potentialAction":[{"@type":"SearchAction","target":{"@type":"EntryPoint","urlTemplate":"https:\/\/beautyinstitute.ee\/?s={search_term_string}"},"query-input":{"@type":"PropertyValueSpecification","valueRequired":true,"valueName":"search_term_string"}}],"inLanguage":"ru-RU"}]}},"_links":{"self":[{"href":"https:\/\/beautyinstitute.ee\/ru\/wp-json\/wp\/v2\/product\/3228","targetHints":{"allow":["GET"]}}],"collection":[{"href":"https:\/\/beautyinstitute.ee\/ru\/wp-json\/wp\/v2\/product"}],"about":[{"href":"https:\/\/beautyinstitute.ee\/ru\/wp-json\/wp\/v2\/types\/product"}],"wp:featuredmedia":[{"embeddable":true,"href":"https:\/\/beautyinstitute.ee\/ru\/wp-json\/wp\/v2\/media\/12159"}],"wp:attachment":[{"href":"https:\/\/beautyinstitute.ee\/ru\/wp-json\/wp\/v2\/media?parent=3228"}],"wp:term":[{"taxonomy":"product_cat","embeddable":true,"href":"https:\/\/beautyinstitute.ee\/ru\/wp-json\/wp\/v2\/product_cat?post=3228"},{"taxonomy":"product_tag","embeddable":true,"href":"https:\/\/beautyinstitute.ee\/ru\/wp-json\/wp\/v2\/product_tag?post=3228"}],"curies":[{"name":"wp","href":"https:\/\/api.w.org\/{rel}","templated":true}]}}