{"id":3235,"date":"2019-01-25T22:15:01","date_gmt":"2019-01-25T22:15:01","guid":{"rendered":"https:\/\/beautyinstitute.ee\/?post_type=product&#038;p=3235"},"modified":"2026-04-27T14:47:17","modified_gmt":"2026-04-27T11:47:17","slug":"curvy-princess","status":"publish","type":"product","link":"https:\/\/beautyinstitute.ee\/ru\/toode\/curvy-princess\/","title":{"rendered":"Mop Curvy Princess"},"content":{"rendered":"<p><strong>Pinguldav, meeldivalt v\u00e4rskendav kehahooldus kreem.<\/strong><\/p>\n<p>Kehakreem on v\u00e4\u00e4rtusliku p\u00e4rliekstraktiga, mis silmn\u00e4htavalt parandab naha tekstuuri, lagundab tselluliiti. Uuenduslikud taimsed ekstraktid aktiveerivas rasvade lagunemine ja aitavad v\u00e4ljutada rakkudest j\u00e4\u00e4kaineid. Naha probleemsed piirkonnad on taaselustatud, silutud ja trimmitud. Toode on dermatoloogiliselt testitud ja on nahas\u00f5bralik . Optimaalsete tulemuse saavutamiseks masseeri \u00f5rnalt nahale igal hommikul ja \u00f5htul. V\u00e4ltida kontakti silmade ja limaskestaga.<\/p>\n<p><strong>Eelised:<\/strong><\/p>\n<ul>\n<li>naha struktuuri n\u00e4htav paranemine<\/li>\n<\/ul>\n<p><strong>Sobilik:<\/strong> probleemsetele piirkondadele.<\/p>\n<p><strong>Toimeained:<\/strong> kofeiin, Candida Saitoana ekstrakt, sarapuu juureekstrakt, chondrus crispuse ekstrakt, Globularia Cordifolia t\u00fcvirakkude ekstrakt, pika ahelaga h\u00fcaluroonhape, makadamiini p\u00e4hkli\u00f5li, p\u00e4rliekstrakt.<\/p>\n","protected":false},"excerpt":{"rendered":"<p>Pinguldav, meeldivalt v\u00e4rskendav kehahooldus kreem. Kehakreem on v\u00e4\u00e4rtusliku p\u00e4rliekstraktiga, mis silmn\u00e4htavalt parandab naha tekstuuri, lagundab tselluliiti. Uuenduslikud taimsed ekstraktid aktiveerivas rasvade lagunemine ja aitavad v\u00e4ljutada rakkudest j\u00e4\u00e4kaineid. Naha probleemsed piirkonnad on taaselustatud, silutud ja trimmitud. Toode on dermatoloogiliselt testitud ja on nahas\u00f5bralik . Optimaalsete tulemuse saavutamiseks masseeri \u00f5rnalt nahale igal hommikul ja \u00f5htul. V\u00e4ltida kontakti [&hellip;]<\/p>\n","protected":false},"featured_media":12137,"template":"","meta":{"_acf_changed":false},"product_cat":[256,114,129],"product_tag":[],"class_list":["post-3235","product","type-product","status-publish","has-post-thumbnail","hentry","product_cat-kehahooldustooted","product_cat-tootesarjad","product_cat-moments-of-pearl"],"acf":[],"yoast_head":"<!-- This site is optimized with the Yoast SEO plugin v25.4 - https:\/\/yoast.com\/wordpress\/plugins\/seo\/ -->\n<title>Mop Curvy Princess - Beauty Institute<\/title>\n<meta name=\"robots\" content=\"index, follow, max-snippet:-1, max-image-preview:large, max-video-preview:-1\" \/>\n<link rel=\"canonical\" href=\"https:\/\/beautyinstitute.ee\/toode\/curvy-princess\/\" \/>\n<meta property=\"og:locale\" content=\"ru_RU\" \/>\n<meta property=\"og:type\" content=\"article\" \/>\n<meta property=\"og:title\" content=\"Mop Curvy Princess - Beauty Institute\" \/>\n<meta property=\"og:description\" content=\"Pinguldav, meeldivalt v\u00e4rskendav kehahooldus kreem. Kehakreem on v\u00e4\u00e4rtusliku p\u00e4rliekstraktiga, mis silmn\u00e4htavalt parandab naha tekstuuri, lagundab tselluliiti. Uuenduslikud taimsed ekstraktid aktiveerivas rasvade lagunemine ja aitavad v\u00e4ljutada rakkudest j\u00e4\u00e4kaineid. Naha probleemsed piirkonnad on taaselustatud, silutud ja trimmitud. Toode on dermatoloogiliselt testitud ja on nahas\u00f5bralik . Optimaalsete tulemuse saavutamiseks masseeri \u00f5rnalt nahale igal hommikul ja \u00f5htul. V\u00e4ltida kontakti [&hellip;]\" \/>\n<meta property=\"og:url\" content=\"https:\/\/beautyinstitute.ee\/toode\/curvy-princess\/\" \/>\n<meta property=\"og:site_name\" content=\"Beauty Institute\" \/>\n<meta property=\"article:modified_time\" content=\"2026-04-27T11:47:17+00:00\" \/>\n<meta property=\"og:image\" content=\"https:\/\/beautyinstitute.ee\/wp-content\/uploads\/2019\/01\/curvy-princess.jpg\" \/>\n\t<meta property=\"og:image:width\" content=\"2480\" \/>\n\t<meta property=\"og:image:height\" content=\"2333\" \/>\n\t<meta property=\"og:image:type\" content=\"image\/jpeg\" \/>\n<meta name=\"twitter:card\" content=\"summary_large_image\" \/>\n<meta name=\"twitter:site\" content=\"@Beauty_Eesti\" \/>\n<script type=\"application\/ld+json\" class=\"yoast-schema-graph\">{\"@context\":\"https:\/\/schema.org\",\"@graph\":[{\"@type\":\"WebPage\",\"@id\":\"https:\/\/beautyinstitute.ee\/toode\/curvy-princess\/\",\"url\":\"https:\/\/beautyinstitute.ee\/toode\/curvy-princess\/\",\"name\":\"Mop Curvy Princess - Beauty Institute\",\"isPartOf\":{\"@id\":\"https:\/\/beautyinstitute.ee\/#website\"},\"primaryImageOfPage\":{\"@id\":\"https:\/\/beautyinstitute.ee\/toode\/curvy-princess\/#primaryimage\"},\"image\":{\"@id\":\"https:\/\/beautyinstitute.ee\/toode\/curvy-princess\/#primaryimage\"},\"thumbnailUrl\":\"https:\/\/beautyinstitute.ee\/wp-content\/uploads\/2019\/01\/curvy-princess.jpg\",\"datePublished\":\"2019-01-25T22:15:01+00:00\",\"dateModified\":\"2026-04-27T11:47:17+00:00\",\"breadcrumb\":{\"@id\":\"https:\/\/beautyinstitute.ee\/toode\/curvy-princess\/#breadcrumb\"},\"inLanguage\":\"ru-RU\",\"potentialAction\":[{\"@type\":\"ReadAction\",\"target\":[\"https:\/\/beautyinstitute.ee\/toode\/curvy-princess\/\"]}]},{\"@type\":\"ImageObject\",\"inLanguage\":\"ru-RU\",\"@id\":\"https:\/\/beautyinstitute.ee\/toode\/curvy-princess\/#primaryimage\",\"url\":\"https:\/\/beautyinstitute.ee\/wp-content\/uploads\/2019\/01\/curvy-princess.jpg\",\"contentUrl\":\"https:\/\/beautyinstitute.ee\/wp-content\/uploads\/2019\/01\/curvy-princess.jpg\",\"width\":2480,\"height\":2333},{\"@type\":\"BreadcrumbList\",\"@id\":\"https:\/\/beautyinstitute.ee\/toode\/curvy-princess\/#breadcrumb\",\"itemListElement\":[{\"@type\":\"ListItem\",\"position\":1,\"name\":\"Home\",\"item\":\"https:\/\/beautyinstitute.ee\/ru\/\"},{\"@type\":\"ListItem\",\"position\":2,\"name\":\"E-pood\",\"item\":\"https:\/\/beautyinstitute.ee\/e-pood\/\"},{\"@type\":\"ListItem\",\"position\":3,\"name\":\"Mop Curvy Princess\"}]},{\"@type\":\"WebSite\",\"@id\":\"https:\/\/beautyinstitute.ee\/#website\",\"url\":\"https:\/\/beautyinstitute.ee\/\",\"name\":\"Beauty Institute\",\"description\":\"CNC Cosmetic ametlik maaletooja ja edasim\u00fc\u00fcja Eestis, Soomes, L\u00e4tis. Aparaadikosmeetika, koolitused, kosmeetikatooted.\",\"potentialAction\":[{\"@type\":\"SearchAction\",\"target\":{\"@type\":\"EntryPoint\",\"urlTemplate\":\"https:\/\/beautyinstitute.ee\/?s={search_term_string}\"},\"query-input\":{\"@type\":\"PropertyValueSpecification\",\"valueRequired\":true,\"valueName\":\"search_term_string\"}}],\"inLanguage\":\"ru-RU\"}]}<\/script>\n<!-- \/ Yoast SEO plugin. -->","yoast_head_json":{"title":"Mop Curvy Princess - Beauty Institute","robots":{"index":"index","follow":"follow","max-snippet":"max-snippet:-1","max-image-preview":"max-image-preview:large","max-video-preview":"max-video-preview:-1"},"canonical":"https:\/\/beautyinstitute.ee\/toode\/curvy-princess\/","og_locale":"ru_RU","og_type":"article","og_title":"Mop Curvy Princess - Beauty Institute","og_description":"Pinguldav, meeldivalt v\u00e4rskendav kehahooldus kreem. Kehakreem on v\u00e4\u00e4rtusliku p\u00e4rliekstraktiga, mis silmn\u00e4htavalt parandab naha tekstuuri, lagundab tselluliiti. Uuenduslikud taimsed ekstraktid aktiveerivas rasvade lagunemine ja aitavad v\u00e4ljutada rakkudest j\u00e4\u00e4kaineid. Naha probleemsed piirkonnad on taaselustatud, silutud ja trimmitud. Toode on dermatoloogiliselt testitud ja on nahas\u00f5bralik . Optimaalsete tulemuse saavutamiseks masseeri \u00f5rnalt nahale igal hommikul ja \u00f5htul. V\u00e4ltida kontakti [&hellip;]","og_url":"https:\/\/beautyinstitute.ee\/toode\/curvy-princess\/","og_site_name":"Beauty Institute","article_modified_time":"2026-04-27T11:47:17+00:00","og_image":[{"width":2480,"height":2333,"url":"https:\/\/beautyinstitute.ee\/wp-content\/uploads\/2019\/01\/curvy-princess.jpg","type":"image\/jpeg"}],"twitter_card":"summary_large_image","twitter_site":"@Beauty_Eesti","schema":{"@context":"https:\/\/schema.org","@graph":[{"@type":"WebPage","@id":"https:\/\/beautyinstitute.ee\/toode\/curvy-princess\/","url":"https:\/\/beautyinstitute.ee\/toode\/curvy-princess\/","name":"Mop Curvy Princess - Beauty Institute","isPartOf":{"@id":"https:\/\/beautyinstitute.ee\/#website"},"primaryImageOfPage":{"@id":"https:\/\/beautyinstitute.ee\/toode\/curvy-princess\/#primaryimage"},"image":{"@id":"https:\/\/beautyinstitute.ee\/toode\/curvy-princess\/#primaryimage"},"thumbnailUrl":"https:\/\/beautyinstitute.ee\/wp-content\/uploads\/2019\/01\/curvy-princess.jpg","datePublished":"2019-01-25T22:15:01+00:00","dateModified":"2026-04-27T11:47:17+00:00","breadcrumb":{"@id":"https:\/\/beautyinstitute.ee\/toode\/curvy-princess\/#breadcrumb"},"inLanguage":"ru-RU","potentialAction":[{"@type":"ReadAction","target":["https:\/\/beautyinstitute.ee\/toode\/curvy-princess\/"]}]},{"@type":"ImageObject","inLanguage":"ru-RU","@id":"https:\/\/beautyinstitute.ee\/toode\/curvy-princess\/#primaryimage","url":"https:\/\/beautyinstitute.ee\/wp-content\/uploads\/2019\/01\/curvy-princess.jpg","contentUrl":"https:\/\/beautyinstitute.ee\/wp-content\/uploads\/2019\/01\/curvy-princess.jpg","width":2480,"height":2333},{"@type":"BreadcrumbList","@id":"https:\/\/beautyinstitute.ee\/toode\/curvy-princess\/#breadcrumb","itemListElement":[{"@type":"ListItem","position":1,"name":"Home","item":"https:\/\/beautyinstitute.ee\/ru\/"},{"@type":"ListItem","position":2,"name":"E-pood","item":"https:\/\/beautyinstitute.ee\/e-pood\/"},{"@type":"ListItem","position":3,"name":"Mop Curvy Princess"}]},{"@type":"WebSite","@id":"https:\/\/beautyinstitute.ee\/#website","url":"https:\/\/beautyinstitute.ee\/","name":"Beauty Institute","description":"CNC Cosmetic ametlik maaletooja ja edasim\u00fc\u00fcja Eestis, Soomes, L\u00e4tis. Aparaadikosmeetika, koolitused, kosmeetikatooted.","potentialAction":[{"@type":"SearchAction","target":{"@type":"EntryPoint","urlTemplate":"https:\/\/beautyinstitute.ee\/?s={search_term_string}"},"query-input":{"@type":"PropertyValueSpecification","valueRequired":true,"valueName":"search_term_string"}}],"inLanguage":"ru-RU"}]}},"_links":{"self":[{"href":"https:\/\/beautyinstitute.ee\/ru\/wp-json\/wp\/v2\/product\/3235","targetHints":{"allow":["GET"]}}],"collection":[{"href":"https:\/\/beautyinstitute.ee\/ru\/wp-json\/wp\/v2\/product"}],"about":[{"href":"https:\/\/beautyinstitute.ee\/ru\/wp-json\/wp\/v2\/types\/product"}],"wp:featuredmedia":[{"embeddable":true,"href":"https:\/\/beautyinstitute.ee\/ru\/wp-json\/wp\/v2\/media\/12137"}],"wp:attachment":[{"href":"https:\/\/beautyinstitute.ee\/ru\/wp-json\/wp\/v2\/media?parent=3235"}],"wp:term":[{"taxonomy":"product_cat","embeddable":true,"href":"https:\/\/beautyinstitute.ee\/ru\/wp-json\/wp\/v2\/product_cat?post=3235"},{"taxonomy":"product_tag","embeddable":true,"href":"https:\/\/beautyinstitute.ee\/ru\/wp-json\/wp\/v2\/product_tag?post=3235"}],"curies":[{"name":"wp","href":"https:\/\/api.w.org\/{rel}","templated":true}]}}