{"id":32865,"date":"2025-03-11T14:19:25","date_gmt":"2025-03-11T12:19:25","guid":{"rendered":"https:\/\/beautyinstitute.ee\/?post_type=product&#038;p=32865"},"modified":"2026-04-17T12:00:41","modified_gmt":"2026-04-17T09:00:41","slug":"ampullid-night-repair-vetikaekastakt-astaxanthin-10-x-2-ml","status":"publish","type":"product","link":"https:\/\/beautyinstitute.ee\/ru\/toode\/ampullid-night-repair-vetikaekastakt-astaxanthin-10-x-2-ml\/","title":{"rendered":"Ampullid Night Repair &#8220;Vetikaekastakt &#038; Astaxanthin&#8221;, 10 X 2 Ml"},"content":{"rendered":"<p><strong>Kirjeldus:<\/strong> T\u00f5hus naha taastamine \u00f6\u00f6sel. Vetikaekstrakt ja astaksantiini kompleks on v\u00f5imsad \u00f6ised parandusens\u00fc\u00fcmid, mis taastavad ja parandavad rakkude t\u00f6\u00f6d ja\u00a0 maksimeerivad\u00a0 DNA parandamise v\u00f5imet une ajal.<\/p>\n<p><strong>M\u00f5ju:<\/strong> Kiirendab stressist, keskkonnasaastest ja vananemisilmingutest p\u00f5hjustatud kahjustuste taastumist. V\u00e4hendab kortsude teket, parandab naha vastupanuv\u00f5imet ja tagab \u00fchtlaselt s\u00e4rava nahatooni.<\/p>\n<p><strong>Sobib:<\/strong><\/p>\n<p>T\u00f5hus naha taastamine une ajal, eriti kui nahal on olnud liiga palju stressi, nagu suurenenud UV-kiirgus, stress jne.<\/p>\n<p><strong>Eelised:<\/strong><\/p>\n<ul>\n<li>Maksimeerib DNA parandamise v\u00f5imet<\/li>\n<li>Toetab katkenud DNA \u00fchenduste kiirel paranemist<\/li>\n<li>DNA oks\u00fcdatsiooni v\u00e4hendamine juba 1 tunni p\u00e4rast<\/li>\n<li>Stimuleerib immuuns\u00fcsteemi<\/li>\n<li>P\u00f5hjalikud regeneratiivsed vananemisvastased omadused<\/li>\n<li>Tugevdab meie DNA parandamise ja antioks\u00fcdantide kaitse mehhanisme<\/li>\n<\/ul>\n<p><strong>Kasutamine:<\/strong> Raputage klaasampulli ja murdke see ettevaatlikult ampulliavaja v\u00f5i n\u00e4or\u00e4tikuga lahti. Kandke hoolikalt puhastatud ja tooniseeritud nahale ning patsutage \u00f5rnalt. Seej\u00e4rel j\u00e4tkake oma tavap\u00e4rase p\u00e4eva- v\u00f5i \u00f6\u00f6kreemiga. V\u00f5ib kasutada koos ultraheliga.<\/p>\n<p><strong>Peamised toimeained:<\/strong><\/p>\n<p>TOIMEAINEKOMPLEKS: HAEMATOCOCCUS PLUVIALISE\u00a0 Magevee vetikas e. verevihmavetikas JA CHLORELLA VULGARIS EKSTRAKT Rohelise mikrovetika klorof\u00fcll<\/p>\n<p><strong>Oluline M\u00c4RKUS<\/strong>. \u00c4rge laske tootel silma sattuda. \u00c4rge avage ampulle paljaste k\u00e4tega. Ampullid tuleb kasutada kohe p\u00e4rast avamist.<\/p>\n<p>&nbsp;<\/p>\n","protected":false},"excerpt":{"rendered":"<p>Kirjeldus: T\u00f5hus naha taastamine \u00f6\u00f6sel. Vetikaekstrakt ja astaksantiini kompleks on v\u00f5imsad \u00f6ised parandusens\u00fc\u00fcmid, mis taastavad ja parandavad rakkude t\u00f6\u00f6d ja\u00a0 maksimeerivad\u00a0 DNA parandamise v\u00f5imet une ajal. M\u00f5ju: Kiirendab stressist, keskkonnasaastest ja vananemisilmingutest p\u00f5hjustatud kahjustuste taastumist. V\u00e4hendab kortsude teket, parandab naha vastupanuv\u00f5imet ja tagab \u00fchtlaselt s\u00e4rava nahatooni. Sobib: T\u00f5hus naha taastamine une ajal, eriti kui nahal [&hellip;]<\/p>\n","protected":false},"featured_media":32867,"template":"","meta":{"_acf_changed":false},"product_cat":[278,150],"product_tag":[],"class_list":["post-32865","product","type-product","status-publish","has-post-thumbnail","hentry","product_cat-cnc","product_cat-ampullikontsentraadid"],"acf":[],"yoast_head":"<!-- This site is optimized with the Yoast SEO plugin v25.4 - https:\/\/yoast.com\/wordpress\/plugins\/seo\/ -->\n<title>Ampullid Night Repair &quot;Vetikaekastakt &amp; Astaxanthin&quot;, 10 X 2 Ml - Beauty Institute<\/title>\n<meta name=\"robots\" content=\"index, follow, max-snippet:-1, max-image-preview:large, max-video-preview:-1\" \/>\n<link rel=\"canonical\" href=\"https:\/\/beautyinstitute.ee\/toode\/ampullid-night-repair-vetikaekastakt-astaxanthin-10-x-2-ml\/\" \/>\n<meta property=\"og:locale\" content=\"ru_RU\" \/>\n<meta property=\"og:type\" content=\"article\" \/>\n<meta property=\"og:title\" content=\"Ampullid Night Repair &quot;Vetikaekastakt &amp; Astaxanthin&quot;, 10 X 2 Ml - Beauty Institute\" \/>\n<meta property=\"og:description\" content=\"Kirjeldus: T\u00f5hus naha taastamine \u00f6\u00f6sel. Vetikaekstrakt ja astaksantiini kompleks on v\u00f5imsad \u00f6ised parandusens\u00fc\u00fcmid, mis taastavad ja parandavad rakkude t\u00f6\u00f6d ja\u00a0 maksimeerivad\u00a0 DNA parandamise v\u00f5imet une ajal. M\u00f5ju: Kiirendab stressist, keskkonnasaastest ja vananemisilmingutest p\u00f5hjustatud kahjustuste taastumist. V\u00e4hendab kortsude teket, parandab naha vastupanuv\u00f5imet ja tagab \u00fchtlaselt s\u00e4rava nahatooni. Sobib: T\u00f5hus naha taastamine une ajal, eriti kui nahal [&hellip;]\" \/>\n<meta property=\"og:url\" content=\"https:\/\/beautyinstitute.ee\/toode\/ampullid-night-repair-vetikaekastakt-astaxanthin-10-x-2-ml\/\" \/>\n<meta property=\"og:site_name\" content=\"Beauty Institute\" \/>\n<meta property=\"article:modified_time\" content=\"2026-04-17T09:00:41+00:00\" \/>\n<meta property=\"og:image\" content=\"https:\/\/beautyinstitute.ee\/wp-content\/uploads\/2025\/03\/night-repair.jpg\" \/>\n\t<meta property=\"og:image:width\" content=\"1920\" \/>\n\t<meta property=\"og:image:height\" content=\"1920\" \/>\n\t<meta property=\"og:image:type\" content=\"image\/jpeg\" \/>\n<meta name=\"twitter:card\" content=\"summary_large_image\" \/>\n<meta name=\"twitter:site\" content=\"@Beauty_Eesti\" \/>\n<meta name=\"twitter:label1\" content=\"\u041f\u0440\u0438\u043c\u0435\u0440\u043d\u043e\u0435 \u0432\u0440\u0435\u043c\u044f \u0434\u043b\u044f \u0447\u0442\u0435\u043d\u0438\u044f\" \/>\n\t<meta name=\"twitter:data1\" content=\"1 \u043c\u0438\u043d\u0443\u0442\u0430\" \/>\n<script type=\"application\/ld+json\" class=\"yoast-schema-graph\">{\"@context\":\"https:\/\/schema.org\",\"@graph\":[{\"@type\":\"WebPage\",\"@id\":\"https:\/\/beautyinstitute.ee\/toode\/ampullid-night-repair-vetikaekastakt-astaxanthin-10-x-2-ml\/\",\"url\":\"https:\/\/beautyinstitute.ee\/toode\/ampullid-night-repair-vetikaekastakt-astaxanthin-10-x-2-ml\/\",\"name\":\"Ampullid Night Repair \\\"Vetikaekastakt & Astaxanthin\\\", 10 X 2 Ml - Beauty Institute\",\"isPartOf\":{\"@id\":\"https:\/\/beautyinstitute.ee\/#website\"},\"primaryImageOfPage\":{\"@id\":\"https:\/\/beautyinstitute.ee\/toode\/ampullid-night-repair-vetikaekastakt-astaxanthin-10-x-2-ml\/#primaryimage\"},\"image\":{\"@id\":\"https:\/\/beautyinstitute.ee\/toode\/ampullid-night-repair-vetikaekastakt-astaxanthin-10-x-2-ml\/#primaryimage\"},\"thumbnailUrl\":\"https:\/\/beautyinstitute.ee\/wp-content\/uploads\/2025\/03\/night-repair.jpg\",\"datePublished\":\"2025-03-11T12:19:25+00:00\",\"dateModified\":\"2026-04-17T09:00:41+00:00\",\"breadcrumb\":{\"@id\":\"https:\/\/beautyinstitute.ee\/toode\/ampullid-night-repair-vetikaekastakt-astaxanthin-10-x-2-ml\/#breadcrumb\"},\"inLanguage\":\"ru-RU\",\"potentialAction\":[{\"@type\":\"ReadAction\",\"target\":[\"https:\/\/beautyinstitute.ee\/toode\/ampullid-night-repair-vetikaekastakt-astaxanthin-10-x-2-ml\/\"]}]},{\"@type\":\"ImageObject\",\"inLanguage\":\"ru-RU\",\"@id\":\"https:\/\/beautyinstitute.ee\/toode\/ampullid-night-repair-vetikaekastakt-astaxanthin-10-x-2-ml\/#primaryimage\",\"url\":\"https:\/\/beautyinstitute.ee\/wp-content\/uploads\/2025\/03\/night-repair.jpg\",\"contentUrl\":\"https:\/\/beautyinstitute.ee\/wp-content\/uploads\/2025\/03\/night-repair.jpg\",\"width\":1920,\"height\":1920},{\"@type\":\"BreadcrumbList\",\"@id\":\"https:\/\/beautyinstitute.ee\/toode\/ampullid-night-repair-vetikaekastakt-astaxanthin-10-x-2-ml\/#breadcrumb\",\"itemListElement\":[{\"@type\":\"ListItem\",\"position\":1,\"name\":\"Home\",\"item\":\"https:\/\/beautyinstitute.ee\/ru\/\"},{\"@type\":\"ListItem\",\"position\":2,\"name\":\"E-pood\",\"item\":\"https:\/\/beautyinstitute.ee\/e-pood\/\"},{\"@type\":\"ListItem\",\"position\":3,\"name\":\"Ampullid Night Repair &#8220;Vetikaekastakt &#038; Astaxanthin&#8221;, 10 X 2 Ml\"}]},{\"@type\":\"WebSite\",\"@id\":\"https:\/\/beautyinstitute.ee\/#website\",\"url\":\"https:\/\/beautyinstitute.ee\/\",\"name\":\"Beauty Institute\",\"description\":\"CNC Cosmetic ametlik maaletooja ja edasim\u00fc\u00fcja Eestis, Soomes, L\u00e4tis. Aparaadikosmeetika, koolitused, kosmeetikatooted.\",\"potentialAction\":[{\"@type\":\"SearchAction\",\"target\":{\"@type\":\"EntryPoint\",\"urlTemplate\":\"https:\/\/beautyinstitute.ee\/?s={search_term_string}\"},\"query-input\":{\"@type\":\"PropertyValueSpecification\",\"valueRequired\":true,\"valueName\":\"search_term_string\"}}],\"inLanguage\":\"ru-RU\"}]}<\/script>\n<!-- \/ Yoast SEO plugin. -->","yoast_head_json":{"title":"Ampullid Night Repair \"Vetikaekastakt & Astaxanthin\", 10 X 2 Ml - Beauty Institute","robots":{"index":"index","follow":"follow","max-snippet":"max-snippet:-1","max-image-preview":"max-image-preview:large","max-video-preview":"max-video-preview:-1"},"canonical":"https:\/\/beautyinstitute.ee\/toode\/ampullid-night-repair-vetikaekastakt-astaxanthin-10-x-2-ml\/","og_locale":"ru_RU","og_type":"article","og_title":"Ampullid Night Repair \"Vetikaekastakt & Astaxanthin\", 10 X 2 Ml - Beauty Institute","og_description":"Kirjeldus: T\u00f5hus naha taastamine \u00f6\u00f6sel. Vetikaekstrakt ja astaksantiini kompleks on v\u00f5imsad \u00f6ised parandusens\u00fc\u00fcmid, mis taastavad ja parandavad rakkude t\u00f6\u00f6d ja\u00a0 maksimeerivad\u00a0 DNA parandamise v\u00f5imet une ajal. M\u00f5ju: Kiirendab stressist, keskkonnasaastest ja vananemisilmingutest p\u00f5hjustatud kahjustuste taastumist. V\u00e4hendab kortsude teket, parandab naha vastupanuv\u00f5imet ja tagab \u00fchtlaselt s\u00e4rava nahatooni. Sobib: T\u00f5hus naha taastamine une ajal, eriti kui nahal [&hellip;]","og_url":"https:\/\/beautyinstitute.ee\/toode\/ampullid-night-repair-vetikaekastakt-astaxanthin-10-x-2-ml\/","og_site_name":"Beauty Institute","article_modified_time":"2026-04-17T09:00:41+00:00","og_image":[{"width":1920,"height":1920,"url":"https:\/\/beautyinstitute.ee\/wp-content\/uploads\/2025\/03\/night-repair.jpg","type":"image\/jpeg"}],"twitter_card":"summary_large_image","twitter_site":"@Beauty_Eesti","twitter_misc":{"\u041f\u0440\u0438\u043c\u0435\u0440\u043d\u043e\u0435 \u0432\u0440\u0435\u043c\u044f \u0434\u043b\u044f \u0447\u0442\u0435\u043d\u0438\u044f":"1 \u043c\u0438\u043d\u0443\u0442\u0430"},"schema":{"@context":"https:\/\/schema.org","@graph":[{"@type":"WebPage","@id":"https:\/\/beautyinstitute.ee\/toode\/ampullid-night-repair-vetikaekastakt-astaxanthin-10-x-2-ml\/","url":"https:\/\/beautyinstitute.ee\/toode\/ampullid-night-repair-vetikaekastakt-astaxanthin-10-x-2-ml\/","name":"Ampullid Night Repair \"Vetikaekastakt & Astaxanthin\", 10 X 2 Ml - Beauty Institute","isPartOf":{"@id":"https:\/\/beautyinstitute.ee\/#website"},"primaryImageOfPage":{"@id":"https:\/\/beautyinstitute.ee\/toode\/ampullid-night-repair-vetikaekastakt-astaxanthin-10-x-2-ml\/#primaryimage"},"image":{"@id":"https:\/\/beautyinstitute.ee\/toode\/ampullid-night-repair-vetikaekastakt-astaxanthin-10-x-2-ml\/#primaryimage"},"thumbnailUrl":"https:\/\/beautyinstitute.ee\/wp-content\/uploads\/2025\/03\/night-repair.jpg","datePublished":"2025-03-11T12:19:25+00:00","dateModified":"2026-04-17T09:00:41+00:00","breadcrumb":{"@id":"https:\/\/beautyinstitute.ee\/toode\/ampullid-night-repair-vetikaekastakt-astaxanthin-10-x-2-ml\/#breadcrumb"},"inLanguage":"ru-RU","potentialAction":[{"@type":"ReadAction","target":["https:\/\/beautyinstitute.ee\/toode\/ampullid-night-repair-vetikaekastakt-astaxanthin-10-x-2-ml\/"]}]},{"@type":"ImageObject","inLanguage":"ru-RU","@id":"https:\/\/beautyinstitute.ee\/toode\/ampullid-night-repair-vetikaekastakt-astaxanthin-10-x-2-ml\/#primaryimage","url":"https:\/\/beautyinstitute.ee\/wp-content\/uploads\/2025\/03\/night-repair.jpg","contentUrl":"https:\/\/beautyinstitute.ee\/wp-content\/uploads\/2025\/03\/night-repair.jpg","width":1920,"height":1920},{"@type":"BreadcrumbList","@id":"https:\/\/beautyinstitute.ee\/toode\/ampullid-night-repair-vetikaekastakt-astaxanthin-10-x-2-ml\/#breadcrumb","itemListElement":[{"@type":"ListItem","position":1,"name":"Home","item":"https:\/\/beautyinstitute.ee\/ru\/"},{"@type":"ListItem","position":2,"name":"E-pood","item":"https:\/\/beautyinstitute.ee\/e-pood\/"},{"@type":"ListItem","position":3,"name":"Ampullid Night Repair &#8220;Vetikaekastakt &#038; Astaxanthin&#8221;, 10 X 2 Ml"}]},{"@type":"WebSite","@id":"https:\/\/beautyinstitute.ee\/#website","url":"https:\/\/beautyinstitute.ee\/","name":"Beauty Institute","description":"CNC Cosmetic ametlik maaletooja ja edasim\u00fc\u00fcja Eestis, Soomes, L\u00e4tis. Aparaadikosmeetika, koolitused, kosmeetikatooted.","potentialAction":[{"@type":"SearchAction","target":{"@type":"EntryPoint","urlTemplate":"https:\/\/beautyinstitute.ee\/?s={search_term_string}"},"query-input":{"@type":"PropertyValueSpecification","valueRequired":true,"valueName":"search_term_string"}}],"inLanguage":"ru-RU"}]}},"_links":{"self":[{"href":"https:\/\/beautyinstitute.ee\/ru\/wp-json\/wp\/v2\/product\/32865","targetHints":{"allow":["GET"]}}],"collection":[{"href":"https:\/\/beautyinstitute.ee\/ru\/wp-json\/wp\/v2\/product"}],"about":[{"href":"https:\/\/beautyinstitute.ee\/ru\/wp-json\/wp\/v2\/types\/product"}],"wp:featuredmedia":[{"embeddable":true,"href":"https:\/\/beautyinstitute.ee\/ru\/wp-json\/wp\/v2\/media\/32867"}],"wp:attachment":[{"href":"https:\/\/beautyinstitute.ee\/ru\/wp-json\/wp\/v2\/media?parent=32865"}],"wp:term":[{"taxonomy":"product_cat","embeddable":true,"href":"https:\/\/beautyinstitute.ee\/ru\/wp-json\/wp\/v2\/product_cat?post=32865"},{"taxonomy":"product_tag","embeddable":true,"href":"https:\/\/beautyinstitute.ee\/ru\/wp-json\/wp\/v2\/product_tag?post=32865"}],"curies":[{"name":"wp","href":"https:\/\/api.w.org\/{rel}","templated":true}]}}